{"id":35123,"date":"2025-07-02T17:09:17","date_gmt":"2025-07-03T01:09:17","guid":{"rendered":"https:\/\/tangooled.com\/?post_type=product&#038;p=35123"},"modified":"2026-01-26T01:19:17","modified_gmt":"2026-01-26T09:19:17","slug":"black-led-strip-light-channel-35x66mm-for-ceiling-hanging","status":"publish","type":"product","link":"https:\/\/tangooled.com\/de\/product\/black-led-strip-light-channel-35x66mm-for-ceiling-hanging\/","title":{"rendered":"35x66mm schwarzes LED-Profil zur Deckenh\u00e4ngung (Deep Series)"},"content":{"rendered":"<div class=\"wp-block-group is-vertical is-layout-flex wp-container-core-group-is-layout-d255d7c4 wp-block-group-is-layout-flex\" style=\"padding-top:var(--wp--preset--spacing--80);padding-bottom:var(--wp--preset--spacing--80)\">\n<p>Unser 35X66mm schwarzes LED-Kanal ist ein tiefgehendes Pendelprofil aus Aluminium. Diese h\u00e4ngende Lichtvorrichtung bietet Ihnen eine professionelle lineare Beleuchtung mit besserem Design und Funktion.<\/p>\n\n\n\n<p>The profile&#8217;s sophisticated design includes a movable middle&nbsp;tray dedicated to LED strip installation. This tray splits the profile into two parts: the top part contains the LED strip, while the bottom part is made to hold and hide the LED drivers and wiring. This eliminates the need for large external driver boxes, resulting in a clean, seamless appearance. The movable center tray is very important since it makes it easy to get to the LED strips and power supply modules for both installation and future maintenance.<\/p>\n\n\n\n<p>Der Kanal ist f\u00fcr LED-Streifen geeignet, die bis zu 20mm breit sind. Dieses Profil&nbsp;hat Metall-Endkappen und ist f\u00fcr die H\u00e4ngevorrichtung mit einem Stahldrahtset konzipiert, was ihm ein langlebiges und hochwertiges Aussehen verleiht. Das macht es zu einer ausgezeichneten Wahl f\u00fcr \u00f6ffentliche Orte, hochwertige B\u00fcros und Gesch\u00e4fte.<\/p>\n<\/div>\n\n\n\n<div class=\"wp-block-group has-background is-vertical is-layout-flex wp-container-core-group-is-layout-d255d7c4 wp-block-group-is-layout-flex\" style=\"background-color:#f1f1f1;padding-top:var(--wp--preset--spacing--80);padding-bottom:var(--wp--preset--spacing--80)\">\n<div class=\"wp-block-group is-vertical is-layout-flex wp-container-core-group-is-layout-8cf370e7 wp-block-group-is-layout-flex\">\n<h2 class=\"wp-block-heading\" style=\"padding-top:var(--wp--preset--spacing--40);padding-bottom:var(--wp--preset--spacing--40);font-size:25px;font-style:normal;font-weight:600;text-transform:capitalize\">Warum sollten Sie unser schwarzes LED-Streifenlichtkanal 35x66mm w\u00e4hlen?<\/h2>\n\n\n\n<ul class=\"wp-block-list\">\n<li>Dieser schwarze LED-Streifenlichtkanal besteht aus anodisiertem Aluminium 6063-T5 und fungiert als leistungsstarker K\u00fchlk\u00f6rper, um Ihre LED-Streifen k\u00fchl zu halten, was deren Lebensdauer verl\u00e4ngert.<\/li>\n\n\n\n<li>Platz f\u00fcr interne Treiber: Dank seiner tiefen Konstruktion bietet dieses Profil ausreichend Platz f\u00fcr integrierte LED-Treiber.<\/li>\n\n\n\n<li>Entwickelt, um ein Pendelleuchtenkanal zu sein, kommt er mit Deckenaufh\u00e4ngesets, wie Drahtaufh\u00e4ngesystemen und&nbsp;Kabel zum Licht.<\/li>\n\n\n\n<li>Wird mit einer satinierten Polycarbonat-Diffusorscheibe geliefert, die das Licht gleichm\u00e4\u00dfiger streut und Hotspots f\u00fcr eine gleichm\u00e4\u00dfige Beleuchtung beseitigt.<\/li>\n\n\n\n<li>Die Innenabmessung f\u00fcr den LED-Streifen betr\u00e4gt 21,5mm Breite, sodass Sie hochdichte LED-B\u00e4nder, wie COB-LED-Streifen oder doppelte Reihen, hinzuf\u00fcgen k\u00f6nnen, um das maximale Licht zu erzielen.<\/li>\n<\/ul>\n<\/div>\n<\/div>\n\n\n\n<div class=\"wp-block-group\" style=\"padding-top:var(--wp--preset--spacing--60);padding-bottom:var(--wp--preset--spacing--60)\"><div class=\"wp-block-group__inner-container is-layout-constrained wp-block-group-is-layout-constrained\">\n<div class=\"wp-block-media-text has-media-on-the-right is-stacked-on-mobile\"><div class=\"wp-block-media-text__content\">\n<h2 class=\"wp-block-heading\" style=\"font-size:25px;font-style:normal;font-weight:600;text-transform:capitalize\">Wie installiere ich?<\/h2>\n\n\n\n<ul class=\"wp-block-list\">\n<li>Verwenden Sie eine Hands\u00e4ge, um den Kanal auf die gew\u00fcnschte L\u00e4nge zuzuschneiden.<\/li>\n\n\n\n<li>Legen Sie hochwertige LED-Streifen in den Kanal ein.<\/li>\n\n\n\n<li>H\u00e4ngen Sie den Kanal mit Deckenaufh\u00e4ngesets, die damit kompatibel sind (separat erh\u00e4ltlich).<\/li>\n\n\n\n<li>Um die LEDs zu sch\u00fctzen und sicherzustellen, dass das Licht gleichm\u00e4\u00dfig ist, klicken Sie die satinierte Diffusorscheibe ein.<\/li>\n\n\n\n<li>Setzen Sie Endkappen auf, um es ansprechend aussehen zu lassen.<\/li>\n\n\n\n<li>Verwenden Sie ein 24V-Gleichstromnetzteil mit wahlweise dimmbaren Treibern oder Smart-Home-Integrationsmodulen wie Lutron oder Philips Hue, um eine Stromverbindung herzustellen.<\/li>\n<\/ul>\n<\/div><figure class=\"wp-block-media-text__media\"><img loading=\"lazy\" decoding=\"async\" width=\"500\" height=\"500\" src=\"https:\/\/tangooled.com\/wp-content\/uploads\/2025\/07\/sg3566-ins.webp\" alt=\"schwarzer LED-Streifen Lichtkanal 35x66mm f\u00fcr die Deckenmontage\" class=\"wp-image-41089 size-full\" srcset=\"https:\/\/tangooled.com\/wp-content\/uploads\/2025\/07\/sg3566-ins.webp 500w, https:\/\/tangooled.com\/wp-content\/uploads\/2025\/07\/sg3566-ins-300x300.webp 300w, https:\/\/tangooled.com\/wp-content\/uploads\/2025\/07\/sg3566-ins-150x150.webp 150w\" sizes=\"auto, (max-width: 500px) 100vw, 500px\" \/><\/figure><\/div>\n<\/div><\/div>\n\n\n\n<div class=\"wp-block-group has-background\" style=\"background-color:#f1f1f1;padding-top:var(--wp--preset--spacing--80);padding-bottom:var(--wp--preset--spacing--80)\"><div class=\"wp-block-group__inner-container is-layout-constrained wp-block-group-is-layout-constrained\">\n<h2 class=\"wp-block-heading\" style=\"font-size:25px;font-style:normal;font-weight:600;text-transform:capitalize\">What\u2019s in the kit?<\/h2>\n\n\n\n<ul class=\"wp-block-list\">\n<li>Aluminiumprofil: 1 Stk., ma\u00dfgeschneiderte L\u00e4nge.<\/li>\n\n\n\n<li>Aluminium-Mittelst\u00fcck\/Tablett: 1 Stk., ma\u00dfgeschneiderte L\u00e4nge.<\/li>\n\n\n\n<li>Polycarbonat (PC) Diffusor: 1 Stk., ma\u00dfgeschneiderte L\u00e4nge.<\/li>\n\n\n\n<li>Metall-Endkappen: 2 Stk. (1 Paar).<\/li>\n\n\n\n<li>Wandmontage-Haken.<\/li>\n\n\n\n<li>Aufh\u00e4ngeset: 1 Satz (einschlie\u00dflich Dr\u00e4hte, D\u00fcbel und Befestigungen).<\/li>\n<\/ul>\n<\/div><\/div>\n\n\n\n<div class=\"wp-block-group is-vertical is-layout-flex wp-container-core-group-is-layout-d255d7c4 wp-block-group-is-layout-flex\" style=\"padding-top:var(--wp--preset--spacing--80);padding-bottom:var(--wp--preset--spacing--80)\">\n<h2 class=\"wp-block-heading\" style=\"padding-top:var(--wp--preset--spacing--40);padding-bottom:var(--wp--preset--spacing--40);font-size:25px;font-style:normal;font-weight:600;text-transform:capitalize\">Ideale Nutzungsszenarien<\/h2>\n\n\n\n<ul class=\"wp-block-list\">\n<li>Ambientebeleuchtung und Stimmungslicht: Schaffen Sie sanfte, moderne Ambientebeleuchtung f\u00fcr Wohnzimmer, K\u00fcchen oder Aufenthaltsr\u00e4ume.<\/li>\n\n\n\n<li>Architektonische Akzentbeleuchtung: Verwenden Sie elegante schwarze lineare Leuchten, um Aufmerksamkeit auf Decken, W\u00e4nde und Schr\u00e4nke zu lenken.<\/li>\n\n\n\n<li>F\u00fcr B\u00fcros und Gesch\u00e4fte verwenden Sie sie als Pendelleuchten in B\u00fcros, Konferenzr\u00e4umen, Auslagen und Empfangstresen.<\/li>\n\n\n\n<li>H\u00e4ngende lineare Lichter f\u00fcr Privathaushalte: Ideal f\u00fcr moderne Wohnr\u00e4ume, K\u00fcchen und Essbereiche mit hohen Decken.<\/li>\n\n\n\n<li>Allgemeine Beleuchtung: Verwenden Sie hoch-CRI-LED-Streifen, um Farben auf nat\u00fcrliche Weise besser aussehen zu lassen mit guten Farbtemperatur (CCT)-Optionen.<\/li>\n<\/ul>\n<\/div>\n\n\n\n<div class=\"wp-block-group has-background\" style=\"background-color:#f1f1f1;padding-top:var(--wp--preset--spacing--80);padding-bottom:var(--wp--preset--spacing--80)\"><div class=\"wp-block-group__inner-container is-layout-constrained wp-block-group-is-layout-constrained\">\n<h2 class=\"wp-block-heading\" style=\"font-size:25px;font-style:normal;font-weight:600\">Verwandte Produkte, die Ihnen gefallen k\u00f6nnten<\/h2>\n\n\n\n<ul class=\"wp-block-list\">\n<li><a href=\"https:\/\/tangooled.com\/de\/product\/black-led-profile-with-black-diffuser-for-10mm-led-strip-light\/\"><mark style=\"background-color:rgba(0, 0, 0, 0)\" class=\"has-inline-color has-vivid-red-color\">Schwarzes LED-Profil mit schwarzem Diffusor f\u00fcr 10mm LED-Streifen<\/mark><\/a><\/li>\n\n\n\n<li><a href=\"https:\/\/tangooled.com\/de\/product\/black-led-diffuser-aluminum-channel-for-12mm-tape-lights\/\"><mark style=\"background-color:rgba(0, 0, 0, 0)\" class=\"has-inline-color has-vivid-red-color\">Schwarzes LED-Diffusor-Aluminiumprofil f\u00fcr 12 mm Tape-Lights<\/mark><\/a><\/li>\n\n\n\n<li><a href=\"https:\/\/tangooled.com\/de\/product\/surface-mount-led-profile-with-frosted-diffuser-for-10mm-rope-lights\/\"><mark style=\"background-color:rgba(0, 0, 0, 0)\" class=\"has-inline-color has-vivid-red-color\">Oberfl\u00e4chenmontage-LED-Profil mit mattem Diffusor f\u00fcr 10mm Seillichter<\/mark><\/a><\/li>\n\n\n\n<li><a href=\"https:\/\/tangooled.com\/de\/product\/black-aluminum-u-channel-profile-for-10mm-led-strips\/\"><mark style=\"background-color:rgba(0, 0, 0, 0)\" class=\"has-inline-color has-vivid-red-color\">Schwarzes Aluminium-U-Profil f\u00fcr 10-mm-LED-Streifen<\/mark><\/a><\/li>\n<\/ul>\n<\/div><\/div>\n\n\n\n<div class=\"wp-block-group\" style=\"padding-top:var(--wp--preset--spacing--80);padding-bottom:var(--wp--preset--spacing--80)\"><div class=\"wp-block-group__inner-container is-layout-constrained wp-block-group-is-layout-constrained\">\n<h2 class=\"wp-block-heading\" style=\"padding-top:var(--wp--preset--spacing--40);padding-bottom:var(--wp--preset--spacing--40);font-size:25px;font-style:normal;font-weight:600;text-transform:capitalize\">Zusammenfassung<\/h2>\n\n\n\n<p>Our black led channel 35x66mm for ceiling hanging is a stylish, sturdy choice to build suspended LED linear lights. The matte black finish, durable aluminum extrusion, and frosted diffuser create dotless LED strip lighting that fits multiple scenarios\u2014from residential kitchens, commercial offices, to retail environments.<\/p>\n\n\n\n<p>Dieser Kanal erm\u00f6glicht eine einfache Installation, hervorragende W\u00e4rmeableitung und perfekte Lichtdiffusion. Er unterst\u00fctzt viele LED-Streifentypen und f\u00fcgt sich wundersch\u00f6n in moderne architektonische Beleuchtungsdesigns mit Pendelaufh\u00e4ngung ein.<\/p>\n\n\n\n<p>Elevate your lighting project with our black led strip light channel 35x66mm\u2014engineered for performance, designed for style.<\/p>\n\n\n\n<p style=\"font-size:25px\"><\/p>\n<\/div><\/div>","protected":false},"featured_media":16248,"template":"","meta":{"_acf_changed":true,"_seopress_robots_primary_cat":"none","_seopress_titles_title":"35x66mm Black LED Channel | Deep-Cavity Pendant Aluminum Profile | TANGOOLED","_seopress_titles_desc":"This 35x66mm black led channel for ceiling hanging features a deep-profile design, ensuring a dot-free glow and providing space for internal drivers. Ideal for sleek, modern office lighting.","_seopress_robots_index":""},"pcb-width":[229],"product-cat":[192,194],"class_list":{"0":"post-35123","1":"product","2":"type-product","3":"status-publish","4":"has-post-thumbnail","6":"pcb-width-15-20mm","7":"product-cat-surface-led-profile","8":"product-cat-suspended-profile"},"acf":[],"_links":{"self":[{"href":"https:\/\/tangooled.com\/de\/wp-json\/wp\/v2\/product\/35123","targetHints":{"allow":["GET"]}}],"collection":[{"href":"https:\/\/tangooled.com\/de\/wp-json\/wp\/v2\/product"}],"about":[{"href":"https:\/\/tangooled.com\/de\/wp-json\/wp\/v2\/types\/product"}],"wp:featuredmedia":[{"embeddable":true,"href":"https:\/\/tangooled.com\/de\/wp-json\/wp\/v2\/media\/16248"}],"wp:attachment":[{"href":"https:\/\/tangooled.com\/de\/wp-json\/wp\/v2\/media?parent=35123"}],"wp:term":[{"taxonomy":"pcb-width","embeddable":true,"href":"https:\/\/tangooled.com\/de\/wp-json\/wp\/v2\/pcb-width?post=35123"},{"taxonomy":"product-cat","embeddable":true,"href":"https:\/\/tangooled.com\/de\/wp-json\/wp\/v2\/product-cat?post=35123"}],"curies":[{"name":"wp","href":"https:\/\/api.w.org\/{rel}","templated":true}]}}