{"id":35122,"date":"2025-07-02T17:06:40","date_gmt":"2025-07-03T01:06:40","guid":{"rendered":"https:\/\/tangooled.com\/?post_type=product&#038;p=35122"},"modified":"2026-01-26T01:02:59","modified_gmt":"2026-01-26T09:02:59","slug":"pendant-light-aluminum-led-channel-35x40mm-with-flat-light-cover","status":"publish","type":"product","link":"https:\/\/tangooled.com\/de\/product\/pendant-light-aluminum-led-channel-35x40mm-with-flat-light-cover\/","title":{"rendered":"35x40mm Pendel-LED-Kanal aus Aluminium mit flachem Lichtabdeckung"},"content":{"rendered":"<div class=\"wp-block-group\" style=\"padding-top:var(--wp--preset--spacing--80);padding-bottom:var(--wp--preset--spacing--80)\"><div class=\"wp-block-group__inner-container is-layout-constrained wp-block-group-is-layout-constrained\">\n<p>Erhellen Sie Ihren Raum mit unserem Pendel-LED-Kanal 35x40mm Aluminiumprofil mit flacher Lichtabdeckung. Dieses professionelle LED-Geh\u00e4use ist f\u00fcr den Gebrauch in modernen Wohnungen und Unternehmen konzipiert und perfekt f\u00fcr elegante, h\u00e4ngende Linienbeleuchtung. Es sorgt f\u00fcr eine hochwertige \u00c4sthetik und liefert hervorragende, gleichm\u00e4\u00dfig diffuse Beleuchtung. <\/p>\n\n\n\n<p>Der Pendel-LED-Aluminiumkanal hat eine Doppelkammerstruktur. Die obere Kammer ist so konzipiert, dass sie die LED-Streifenlichter sicher montiert, die von dem Polycarbonat (PC) Diffusor \u00fcberdeckt werden, um eine glatte, punktfreie Beleuchtung zu gew\u00e4hrleisten. Die separierte untere Kammer ist speziell f\u00fcr die Unterbringung der Stromversorgung gedacht, wodurch der Platz optimiert und die Installation vereinfacht wird.<\/p>\n\n\n\n<p>Dieser h\u00e4ngende Kanal verf\u00fcgt \u00fcber Metall-Endkappen, Aufh\u00e4ngedraht-Kits, Verbinder f\u00fcr durchgehende Installationen und integrierte Schnallen f\u00fcr eine sichere Montage. Dieses vielseitige Profil unterst\u00fctzt sowohl die Pendelinstallation als auch die versenkte Montage und bietet flexible Designl\u00f6sungen f\u00fcr Wohnh\u00e4user, B\u00fcros und Einzelhandelsfl\u00e4chen.<\/p>\n<\/div><\/div>\n\n\n\n<div class=\"wp-block-group has-background is-vertical is-layout-flex wp-container-core-group-is-layout-d255d7c4 wp-block-group-is-layout-flex\" style=\"background-color:#f1f1f1;padding-top:var(--wp--preset--spacing--80);padding-bottom:var(--wp--preset--spacing--80)\">\n<div class=\"wp-block-group is-vertical is-layout-flex wp-container-core-group-is-layout-8cf370e7 wp-block-group-is-layout-flex\">\n<h2 class=\"wp-block-heading\" style=\"padding-top:var(--wp--preset--spacing--40);padding-bottom:var(--wp--preset--spacing--40);font-size:25px;font-style:normal;font-weight:600;text-transform:capitalize\">Warum unser 35x40mm Pendel-LED-Kanal w\u00e4hlen?<\/h2>\n\n\n\n<ul class=\"wp-block-list\">\n<li>Made of durable 6063-T5 anodized aluminum that won&#8217;t rust.<\/li>\n\n\n\n<li>Funktioniert mit LED-Streifen, die 16 bis 20 mm breit sind, wie SMD 2835, 5050 oder COB-Streifen.<\/li>\n\n\n\n<li>Kommt mit einem flachen, satinierten Polycarbonat-Diffusor, der das Licht sanft und gleichm\u00e4\u00dfig macht.<\/li>\n\n\n\n<li>Kann als Pendelleuchte oder wand- und deckenmontiert verwendet werden.<\/li>\n\n\n\n<li>Kommt mit Endkappen, Montageschnallen und Aufh\u00e4ngekits, um die Einrichtung zu erleichtern.<\/li>\n\n\n\n<li>Funktioniert mit vielen verschiedenen Arten von Beleuchtung, wie architektonischer Beleuchtung, Arbeitsbeleuchtung, Umgebungsbeleuchtung und linearer Beleuchtung.<\/li>\n<\/ul>\n<\/div>\n<\/div>\n\n\n\n<div class=\"wp-block-group\" style=\"padding-top:var(--wp--preset--spacing--60);padding-bottom:var(--wp--preset--spacing--60)\"><div class=\"wp-block-group__inner-container is-layout-constrained wp-block-group-is-layout-constrained\">\n<div class=\"wp-block-media-text has-media-on-the-right is-stacked-on-mobile\"><div class=\"wp-block-media-text__content\">\n<h2 class=\"wp-block-heading\" style=\"font-size:25px;font-style:normal;font-weight:600;text-transform:capitalize\">Wie installiere ich?<\/h2>\n\n\n\n<ul class=\"wp-block-list\">\n<li>Verwenden Sie eine professionelle S\u00e4ge, um den Kanal und den Diffusor auf die gew\u00fcnschte L\u00e4nge zu schneiden.<\/li>\n\n\n\n<li>Befestigen Sie Schnallen oder Aufh\u00e4ngewire an Ihrer Wand oder Decke.<\/li>\n\n\n\n<li>Legen Sie Ihren LED-Streifen in den Kanal und stellen Sie sicher, dass er gut haftet.<\/li>\n\n\n\n<li>Verwenden Sie das Loch der Endkappe, um die LED-Streifen-Kabel mit dem Treiber zu verbinden.<\/li>\n\n\n\n<li>Setzen Sie die flache Abdeckung auf, um die LEDs zu sch\u00fctzen und das Licht weich zu machen.<\/li>\n\n\n\n<li>H\u00e4ngen oder installieren Sie den Kanal sicher und genie\u00dfen Sie Ihr neues Licht!<\/li>\n<\/ul>\n<\/div><figure class=\"wp-block-media-text__media\"><img loading=\"lazy\" decoding=\"async\" width=\"500\" height=\"500\" src=\"https:\/\/tangooled.com\/wp-content\/uploads\/2025\/07\/sg3540-ins.webp\" alt=\"pendant light aluminum led channel 35x40mm with flat light cover\" class=\"wp-image-41104 size-full\" srcset=\"https:\/\/tangooled.com\/wp-content\/uploads\/2025\/07\/sg3540-ins.webp 500w, https:\/\/tangooled.com\/wp-content\/uploads\/2025\/07\/sg3540-ins-300x300.webp 300w, https:\/\/tangooled.com\/wp-content\/uploads\/2025\/07\/sg3540-ins-150x150.webp 150w\" sizes=\"auto, (max-width: 500px) 100vw, 500px\" \/><\/figure><\/div>\n<\/div><\/div>\n\n\n\n<div class=\"wp-block-group has-background\" style=\"background-color:#f1f1f1;padding-top:var(--wp--preset--spacing--80);padding-bottom:var(--wp--preset--spacing--80)\"><div class=\"wp-block-group__inner-container is-layout-constrained wp-block-group-is-layout-constrained\">\n<h2 class=\"wp-block-heading\" style=\"padding-top:var(--wp--preset--spacing--40);padding-bottom:var(--wp--preset--spacing--40);font-size:25px;font-style:normal;font-weight:600;text-transform:capitalize\">What&#8217;s inside the box?<\/h2>\n\n\n\n<ul class=\"wp-block-list\">\n<li>1x 35x40mm LED-Kanal-Pendel (L\u00e4nge nach Wunsch)<\/li>\n\n\n\n<li>1x Flache satinierte Polycarbonat-Abdeckung f\u00fcr den Diffusor<\/li>\n\n\n\n<li>Zwei Metall-Endkappen (ohne L\u00f6cher)<\/li>\n\n\n\n<li>Ein Aufh\u00e4ngewire-Kit, Versenkungs-Schnallen oder Wandmontageschnalle (je nach Installation)<\/li>\n<\/ul>\n<\/div><\/div>\n\n\n\n<div class=\"wp-block-group is-vertical is-layout-flex wp-container-core-group-is-layout-d255d7c4 wp-block-group-is-layout-flex\" style=\"padding-top:var(--wp--preset--spacing--80);padding-bottom:var(--wp--preset--spacing--80)\">\n<h2 class=\"wp-block-heading\" style=\"padding-top:var(--wp--preset--spacing--40);padding-bottom:var(--wp--preset--spacing--40);font-size:25px;font-style:normal;font-weight:600;text-transform:capitalize\">Wo kann dieser Pendel-LED-Kanal 35x40mm verwendet werden?<\/h2>\n\n\n\n<p>This aluminum LED channel is ideal for making pendant lights that hang from the ceiling. This is what it&#8217;s best for:<\/p>\n\n\n\n<ul class=\"wp-block-list\">\n<li>K\u00fccheninseln: gleichm\u00e4\u00dfiges Licht f\u00fcr Ihren Kochbereich<\/li>\n\n\n\n<li>B\u00fcrobeleuchtung: helles, gleichm\u00e4\u00dfiges Licht f\u00fcr Schreibtische und Besprechungsr\u00e4ume<\/li>\n\n\n\n<li>Einzelhandelsanzeigen: klare, helle Lichtlinien nutzen, um Produkte hervorzuheben<\/li>\n\n\n\n<li>Heimwerkst\u00e4tten: starke, blendfreie Arbeitsbeleuchtung<\/li>\n\n\n\n<li>Gastgewerbe: stilvolle Beleuchtung f\u00fcr Kneipen, Hotels und Restaurants<\/li>\n<\/ul>\n<\/div>\n\n\n\n<div class=\"wp-block-group has-background\" style=\"background-color:#f1f1f1f2;padding-top:var(--wp--preset--spacing--80);padding-bottom:var(--wp--preset--spacing--80)\"><div class=\"wp-block-group__inner-container is-layout-constrained wp-block-group-is-layout-constrained\">\n<h2 class=\"wp-block-heading\" style=\"font-size:25px;font-style:normal;font-weight:600;text-transform:capitalize\">\u00c4hnliches Produkt, das Ihnen gefallen k\u00f6nnte<\/h2>\n\n\n\n<ul class=\"wp-block-list\">\n<li>Erfahren Sie mehr \u00fcber <a href=\"http:\/\/black led strip light channel 35x66mm for ceiling hanging\"><mark style=\"background-color:rgba(0, 0, 0, 0)\" class=\"has-inline-color has-vivid-red-color\">schwarzer LED-Streifen Lichtkanal 35x66mm f\u00fcr die Deckenmontage<\/mark><\/a><\/li>\n\n\n\n<li>Jetzt ansehen <a href=\"https:\/\/tangooled.com\/de\/product\/aluminum-base-with-opal-square-light-cover-for-suspension\/\"><mark style=\"background-color:rgba(0, 0, 0, 0)\" class=\"has-inline-color has-vivid-red-color\">Aluminium-Basis mit opaler quadratischer Lichtabdeckung f\u00fcr die Aufh\u00e4ngung<\/mark><\/a><\/li>\n\n\n\n<li>Entdecken Sie verschiedene <a href=\"https:\/\/tangooled.com\/de\/led-profiles\/\"><mark style=\"background-color:rgba(0, 0, 0, 0)\" class=\"has-inline-color has-vivid-red-color\">LED-Aluminiumprofile<\/mark><\/a> auf unserer Produktseite<\/li>\n<\/ul>\n<\/div><\/div>\n\n\n\n<div class=\"wp-block-group\" style=\"padding-top:var(--wp--preset--spacing--80);padding-bottom:var(--wp--preset--spacing--80)\"><div class=\"wp-block-group__inner-container is-layout-constrained wp-block-group-is-layout-constrained\">\n<h2 class=\"wp-block-heading\" style=\"padding-top:var(--wp--preset--spacing--40);padding-bottom:var(--wp--preset--spacing--40);font-size:25px;font-style:normal;font-weight:600;text-transform:capitalize\">Zusammenfassung<\/h2>\n\n\n\n<p>Wenn Sie hochwertige und erstklassige Aluminiumgeh\u00e4use f\u00fcr moderne Pendelleuchten w\u00fcnschen, ist unser TG-SG3540 Pendel-LED-Kanal 35x40mm die beste Wahl. Er funktioniert gut mit LED-Streifen, bietet punktfreies, blendfreies Licht und passt in viele Innenumgebungen, wie H\u00e4user, Unternehmen und Gesch\u00e4fte. Verwenden Sie dieses architekturgerechte Aluminiumprofil und die flache satinierte Diffusorkappe, um Ihre Leuchten hervorzuheben.<\/p>\n\n\n\n<p><\/p>\n<\/div><\/div>","protected":false},"featured_media":33395,"template":"","meta":{"_acf_changed":true,"_seopress_robots_primary_cat":"none","_seopress_titles_title":"35x40mm Pendant LED Channel | Flat Cover Linear Aluminum Profile | TANGOOLED","_seopress_titles_desc":"This 35x40mm pendant led channel is designed with a sleek flat light cover. The aluminum linear profile offers a minimalist design and seamless light distribution for modern office and residential interiors.","_seopress_robots_index":""},"pcb-width":[229],"product-cat":[194],"class_list":{"0":"post-35122","1":"product","2":"type-product","3":"status-publish","4":"has-post-thumbnail","6":"pcb-width-15-20mm","7":"product-cat-suspended-profile"},"acf":[],"_links":{"self":[{"href":"https:\/\/tangooled.com\/de\/wp-json\/wp\/v2\/product\/35122","targetHints":{"allow":["GET"]}}],"collection":[{"href":"https:\/\/tangooled.com\/de\/wp-json\/wp\/v2\/product"}],"about":[{"href":"https:\/\/tangooled.com\/de\/wp-json\/wp\/v2\/types\/product"}],"wp:featuredmedia":[{"embeddable":true,"href":"https:\/\/tangooled.com\/de\/wp-json\/wp\/v2\/media\/33395"}],"wp:attachment":[{"href":"https:\/\/tangooled.com\/de\/wp-json\/wp\/v2\/media?parent=35122"}],"wp:term":[{"taxonomy":"pcb-width","embeddable":true,"href":"https:\/\/tangooled.com\/de\/wp-json\/wp\/v2\/pcb-width?post=35122"},{"taxonomy":"product-cat","embeddable":true,"href":"https:\/\/tangooled.com\/de\/wp-json\/wp\/v2\/product-cat?post=35122"}],"curies":[{"name":"wp","href":"https:\/\/api.w.org\/{rel}","templated":true}]}}