{"id":35118,"date":"2025-07-02T17:00:18","date_gmt":"2025-07-03T01:00:18","guid":{"rendered":"https:\/\/tangooled.com\/?post_type=product&#038;p=35118"},"modified":"2026-01-29T23:46:12","modified_gmt":"2026-01-30T07:46:12","slug":"35mm-aluminum-base-opal-square-light-cover-sg3535c","status":"publish","type":"product","link":"https:\/\/tangooled.com\/de\/product\/35mm-aluminum-base-opal-square-light-cover-sg3535c\/","title":{"rendered":"SG3535C: 35 mm Aluminium LED-Profil mit opalem quadratischen Cover"},"content":{"rendered":"<div class=\"wp-block-group is-vertical is-layout-flex wp-container-core-group-is-layout-d255d7c4 wp-block-group-is-layout-flex\" style=\"padding-top:var(--wp--preset--spacing--80);padding-bottom:var(--wp--preset--spacing--80)\">\n<p>Unsere hochwertige Aluminiumbasis mit opalem quadratischen Lichtcover wird Ihr Zimmer erhellen. Diese elegante lineare Lichtleuchte hat die Ma\u00dfe 35 x 35 mm und eignet sich perfekt f\u00fcr gehobene R\u00e4ume wie K\u00fcchen und B\u00fcros. Ihre robuste Struktur besteht aus extrudiertem Aluminium, das eine gute W\u00e4rmeableitung erm\u00f6glicht. Das bedeutet, dass Ihre LED-Streifen l\u00e4nger halten und zuverl\u00e4ssiger arbeiten.<\/p>\n\n\n\n<p>Das Profil ist mit einem beeindruckenden quadratischen opalen Diffusor ausgestattet. Diese Funktion macht das Licht weniger hart, sodass keine Blendung auftritt und das Licht gleichm\u00e4\u00dfig verteilt wird. Sie erhalten ein professionelles, punktfreies Lichtbild, das das Sehen angenehmer macht und daf\u00fcr sorgt, dass das Licht gleichm\u00e4\u00dfig in Ihrem Raum verteilt wird.<\/p>\n\n\n\n<p>Bei der Installation ist unser quadratisches LED-Profil \u00e4u\u00dferst anpassungsf\u00e4hig. Sie k\u00f6nnen es entweder sicher auf einer Oberfl\u00e4che montieren oder die Aufh\u00e4ngedraht-Kits verwenden, um es zu h\u00e4ngen. Metallendkappen und Montageclips sind zwei wichtige Zubeh\u00f6rteile, die im Set enthalten sind. Verwenden Sie diesen 35 x 35 mm Kanal, um einzigartige, moderne Lichtinstallationen f\u00fcr jeden Raum zu schaffen.<\/p>\n<\/div>\n\n\n\n<div class=\"wp-block-group has-background is-vertical is-layout-flex wp-container-core-group-is-layout-d255d7c4 wp-block-group-is-layout-flex\" style=\"background-color:#f1f1f1;padding-top:var(--wp--preset--spacing--80);padding-bottom:var(--wp--preset--spacing--80)\">\n<div class=\"wp-block-group is-vertical is-layout-flex wp-container-core-group-is-layout-8cf370e7 wp-block-group-is-layout-flex\">\n<h2 class=\"wp-block-heading\" style=\"padding-top:var(--wp--preset--spacing--40);padding-bottom:var(--wp--preset--spacing--40);font-size:25px;font-style:normal;font-weight:600;text-transform:capitalize\">Warum sollten Sie unsere 35 mm Aluminiumbasis mit opalem quadratischen Lichtcover w\u00e4hlen?<\/h2>\n\n\n\n<ul class=\"wp-block-list\">\n<li>Stark und leicht: Die Basis besteht aus architektonischem Aluminium, das hilft, die LED-Lampen \u00fcber l\u00e4ngere Zeit k\u00fchl zu halten.<\/li>\n\n\n\n<li>Opaler quadratischer Diffusor: Hergestellt aus polycarbonat (PC) mit hoher Transmission, sorgt er f\u00fcr eine weiche und gleichm\u00e4\u00dfige Beleuchtung, ohne Blendung oder harte Stellen.<\/li>\n\n\n\n<li>Verstellbare Aufh\u00e4ngung: Wird mit einem Aufh\u00e4ngungs-Kit f\u00fcr Flugzeugkabel geliefert, das eine einfache H\u00f6hen\u00e4nderung erm\u00f6glicht und einen sauberen, modernen Look bietet.<\/li>\n\n\n\n<li>Einfach zu installieren: Wird mit Montageclips und einem passenden Deckenaufh\u00e4ngungs-Kit geliefert, sodass es sowohl mit flachen als auch mit geneigten Decken funktioniert.<\/li>\n\n\n\n<li>Funktioniert an vielen Orten: Ideal f\u00fcr K\u00fcchen, Esszimmer, Konferenzr\u00e4ume, Verkaufsfl\u00e4chen und B\u00fcros im offenen Stil.<\/li>\n<\/ul>\n<\/div>\n<\/div>\n\n\n\n<div class=\"wp-block-group\" style=\"padding-top:var(--wp--preset--spacing--60);padding-bottom:var(--wp--preset--spacing--60)\"><div class=\"wp-block-group__inner-container is-layout-constrained wp-block-group-is-layout-constrained\">\n<h2 class=\"wp-block-heading\" style=\"font-size:25px;font-style:normal;font-weight:600;text-transform:capitalize\">Beste Anwendungen f\u00fcr diese Aluminiumbasis mit opalem quadratischen Lichtcover<\/h2>\n\n\n\n<div class=\"wp-block-media-text has-media-on-the-right is-stacked-on-mobile\"><div class=\"wp-block-media-text__content\">\n<ul class=\"wp-block-list\">\n<li>Beleuchtung f\u00fcr die K\u00fccheninsel: helles, gleichm\u00e4\u00dfiges Licht ohne Blendung.<\/li>\n\n\n\n<li>Pendelleuchte f\u00fcr das Esszimmer: l\u00e4sst den Raum warm und modern wirken.<\/li>\n\n\n\n<li>B\u00fcroarbeitspl\u00e4tze: Klare nat\u00fcrliche Beleuchtung hilft Ihnen, sich zu konzentrieren und verringert die Augenbelastung.<\/li>\n\n\n\n<li>Konferenzr\u00e4ume: Ein schickes, modernes Design mit voller Kontrolle \u00fcber die Beleuchtung.<\/li>\n\n\n\n<li>Verkaufsr\u00e4ume: Pr\u00e4sentieren Sie Produkte im hellen, klaren Licht.<\/li>\n\n\n\n<li>Empfangsbereiche und Lobbys: Besucher werden von einer eleganten, beeindruckenden Beleuchtung empfangen.<\/li>\n<\/ul>\n<\/div><figure class=\"wp-block-media-text__media\"><img loading=\"lazy\" decoding=\"async\" width=\"500\" height=\"500\" src=\"https:\/\/tangooled.com\/wp-content\/uploads\/2025\/07\/sg3535c-ins.webp\" alt=\"Aluminium-Basis mit opaler quadratischer Lichtabdeckung f\u00fcr die Aufh\u00e4ngung\" class=\"wp-image-41107 size-full\" srcset=\"https:\/\/tangooled.com\/wp-content\/uploads\/2025\/07\/sg3535c-ins.webp 500w, https:\/\/tangooled.com\/wp-content\/uploads\/2025\/07\/sg3535c-ins-300x300.webp 300w, https:\/\/tangooled.com\/wp-content\/uploads\/2025\/07\/sg3535c-ins-150x150.webp 150w\" sizes=\"auto, (max-width: 500px) 100vw, 500px\" \/><\/figure><\/div>\n<\/div><\/div>\n\n\n\n<div class=\"wp-block-group has-background\" style=\"background-color:#f1f1f1;padding-top:var(--wp--preset--spacing--80);padding-bottom:var(--wp--preset--spacing--80)\"><div class=\"wp-block-group__inner-container is-layout-constrained wp-block-group-is-layout-constrained\">\n<h2 class=\"wp-block-heading\" style=\"font-size:25px;font-style:normal;font-weight:600;text-transform:capitalize\">Was Sie beim Kauf erhalten<\/h2>\n\n\n\n<ul class=\"wp-block-list\">\n<li>H\u00e4ngender Aluminiumkanal<\/li>\n\n\n\n<li>Opales quadratisches Lichtcover<\/li>\n\n\n\n<li>Zwei Metall-Endkappen<\/li>\n\n\n\n<li>Verstellbare Aufh\u00e4ngung mit Montagematerial<\/li>\n<\/ul>\n<\/div><\/div>\n\n\n\n<div class=\"wp-block-group\" style=\"padding-top:var(--wp--preset--spacing--80);padding-bottom:var(--wp--preset--spacing--80)\"><div class=\"wp-block-group__inner-container is-layout-constrained wp-block-group-is-layout-constrained\">\n<h2 class=\"wp-block-heading\" style=\"padding-top:0;padding-bottom:0;font-size:25px;font-style:normal;font-weight:600;text-transform:capitalize\">Verwandte Produkte, die Ihnen gefallen k\u00f6nnten<\/h2>\n\n\n\n<ul class=\"wp-block-list\">\n<li><a href=\"https:\/\/tangooled.com\/de\/product\/black-led-diffuser-aluminum-channel-for-12mm-tape-lights\/\"><mark style=\"background-color:rgba(0, 0, 0, 0)\" class=\"has-inline-color has-vivid-red-color\">Schwarzes LED-Diffusor-Aluminiumprofil f\u00fcr 12 mm LED-Band<\/mark><\/a><\/li>\n\n\n\n<li><mark style=\"background-color:rgba(0, 0, 0, 0)\" class=\"has-inline-color has-vivid-red-color\"><a href=\"https:\/\/tangooled.com\/de\/product\/25x14m-surface-mounted-led-light-aluminum-profile\/\">25x14mm Oberfl\u00e4chen-mounted LED-Licht Aluminium-Profil<\/a><\/mark><\/li>\n\n\n\n<li><a href=\"https:\/\/tangooled.com\/de\/product\/square-led-diffuser-channel-with-hidden-mounting-clips-for-surface-mounting\/\"><mark style=\"background-color:rgba(0, 0, 0, 0)\" class=\"has-inline-color has-vivid-red-color\">Quadratischer LED-Diffusor-Kanal mit versteckten Montageclips f\u00fcr die Oberfl\u00e4chenmontage<\/mark><\/a><\/li>\n\n\n\n<li><a href=\"https:\/\/tangooled.com\/de\/product\/aluminum-u-channel-with-curved-led-diffuser-inner-16mm\/\"><mark style=\"background-color:rgba(0, 0, 0, 0)\" class=\"has-inline-color has-vivid-red-color\">Aluminium U-Profil mit gebogenem LED-Diffusor Innenseite 16 mm<\/mark><\/a><\/li>\n<\/ul>\n<\/div><\/div>\n\n\n\n<div class=\"wp-block-group has-background\" style=\"background-color:#f1f1f1;padding-top:var(--wp--preset--spacing--80);padding-bottom:var(--wp--preset--spacing--80)\"><div class=\"wp-block-group__inner-container is-layout-constrained wp-block-group-is-layout-constrained\">\n<h2 class=\"wp-block-heading\" style=\"padding-top:var(--wp--preset--spacing--40);padding-bottom:var(--wp--preset--spacing--40);font-size:25px;font-style:normal;font-weight:600;text-transform:capitalize\">Zusammenfassung<\/h2>\n\n\n\n<p style=\"padding-right:var(--wp--preset--spacing--50);padding-left:var(--wp--preset--spacing--50);font-size:20px\">Our aluminum base with opal square light cover is a modern suspension fixture that has clean lines and no glare. The adjustable suspension and sturdy aluminum channel make it a great choice for homes and businesses alike. It&#8217;s great for offices, kitchens, and more. Check out our other <a href=\"https:\/\/tangooled.com\/de\/led-profiles\/\"><mark style=\"background-color:rgba(0, 0, 0, 0)\" class=\"has-inline-color has-vivid-red-color\">Aluminium LED-Profile<\/mark><\/a> f\u00fcr weitere intelligente Beleuchtungsoptionen an.<\/p>\n<\/div><\/div>","protected":false},"featured_media":14711,"template":"","meta":{"_acf_changed":true,"_seopress_robots_primary_cat":"none","_seopress_titles_title":"35mm Aluminum Base with Opal Square Light Cover | SG3535C Profile","_seopress_titles_desc":"The SG3535C features a 35mm aluminum base with a premium opal square light cover. This suspended profile creates a unique 3-sided 3D lighting effect, ensuring soft, spotless illumination for modern interiors.","_seopress_robots_index":""},"pcb-width":[230],"product-cat":[192,194],"class_list":{"0":"post-35118","1":"product","2":"type-product","3":"status-publish","4":"has-post-thumbnail","6":"pcb-width-20-25mm","7":"product-cat-surface-led-profile","8":"product-cat-suspended-profile"},"acf":[],"_links":{"self":[{"href":"https:\/\/tangooled.com\/de\/wp-json\/wp\/v2\/product\/35118","targetHints":{"allow":["GET"]}}],"collection":[{"href":"https:\/\/tangooled.com\/de\/wp-json\/wp\/v2\/product"}],"about":[{"href":"https:\/\/tangooled.com\/de\/wp-json\/wp\/v2\/types\/product"}],"wp:featuredmedia":[{"embeddable":true,"href":"https:\/\/tangooled.com\/de\/wp-json\/wp\/v2\/media\/14711"}],"wp:attachment":[{"href":"https:\/\/tangooled.com\/de\/wp-json\/wp\/v2\/media?parent=35118"}],"wp:term":[{"taxonomy":"pcb-width","embeddable":true,"href":"https:\/\/tangooled.com\/de\/wp-json\/wp\/v2\/pcb-width?post=35118"},{"taxonomy":"product-cat","embeddable":true,"href":"https:\/\/tangooled.com\/de\/wp-json\/wp\/v2\/product-cat?post=35118"}],"curies":[{"name":"wp","href":"https:\/\/api.w.org\/{rel}","templated":true}]}}