{"id":35074,"date":"2025-07-02T01:55:05","date_gmt":"2025-07-02T09:55:05","guid":{"rendered":"https:\/\/tangooled.com\/?post_type=product&#038;p=35074"},"modified":"2026-01-29T23:43:08","modified_gmt":"2026-01-30T07:43:08","slug":"75x75mm-pendant-aluminum-led-channel-with-space-for-led-driver","status":"publish","type":"product","link":"https:\/\/tangooled.com\/de\/product\/75x75mm-pendant-aluminum-led-channel-with-space-for-led-driver\/","title":{"rendered":"Aluminium-LED-Kanal 75x75mm mit Platz f\u00fcr LED-Treiber"},"content":{"rendered":"<div class=\"wp-block-group is-vertical is-layout-flex wp-container-core-group-is-layout-d255d7c4 wp-block-group-is-layout-flex\" style=\"padding-top:var(--wp--preset--spacing--80);padding-bottom:var(--wp--preset--spacing--80)\">\n<p>Der Aluminium-LED-Kanal 75x75mm mit Treiberplatz hat einen starken und eleganten Stil, der Ihre R\u00e4ume heller macht. Dieses gro\u00dfe 75X75MM Aluminium-LED-Profil wurde f\u00fcr Architekten, Elektriker und Designer entwickelt, die einen dramatischen Stil, schnelle Installation und eine sanfte Beleuchtung w\u00fcnschen, ohne dass sichtbare Treiberboxen erforderlich sind. Die robuste Struktur hat eine gro\u00dfe Innenhohlheit, die speziell entworfen wurde, um LED-Treiber und eine Stromversorgung sicher zu verbergen, sodass keine externen Teile ben\u00f6tigt werden.<\/p>\n\n\n\n<p>Dieser flexible lineare Kanal eignet sich hervorragend f\u00fcr Beleuchtungsinstallationen in gro\u00dfen B\u00fcros und Unternehmen. Die LED-Streifen sind auf einem abnehmbaren und verstellbaren Innenrahmen montiert, was die Positionierung und Reinigung erleichtert. Die Installation ist \u00e4u\u00dferst flexibel, da der LED-Kanal sowohl an der Decke als auch an der Wand montiert werden kann. Dies erm\u00f6glicht es Designern, sch\u00f6ne lineare Leuchten zu gestalten, die helles Licht bieten und sauber und professionell aussehen.<\/p>\n<\/div>\n\n\n\n<div class=\"wp-block-group has-background is-vertical is-layout-flex wp-container-core-group-is-layout-d255d7c4 wp-block-group-is-layout-flex\" style=\"background-color:#f1f1f1;padding-top:var(--wp--preset--spacing--80);padding-bottom:var(--wp--preset--spacing--80)\">\n<div class=\"wp-block-group is-vertical is-layout-flex wp-container-core-group-is-layout-8cf370e7 wp-block-group-is-layout-flex\">\n<h2 class=\"wp-block-heading\" style=\"padding-top:var(--wp--preset--spacing--40);padding-bottom:var(--wp--preset--spacing--40);font-size:25px;font-style:normal;font-weight:600;text-transform:capitalize\">Warum unser 75x75mm H\u00e4ngender LED-Kanal mit Treiberplatz w\u00e4hlen?<\/h2>\n\n\n\n<ul class=\"wp-block-list\">\n<li>All-in-one-Design: Der Innenraum ist gro\u00df genug, um den LED-Treiber unterzubringen. Keine Boxen mehr an W\u00e4nden oder Decken.<\/li>\n\n\n\n<li>Stark und leicht: Dies besteht aus anodisiertem Aluminium 6063-T5, einem hochwertigen Material. Ein guter K\u00fchlk\u00f6rper hilft, die Lebensdauer der LED zu verl\u00e4ngern.<\/li>\n\n\n\n<li>Gro\u00dfe Abmessungen f\u00fcr helles Licht: Die Gr\u00f6\u00dfe von 75mm x 75mm erm\u00f6glicht die Verwendung von breiten LED-Streifen oder sogar mehreren Streifen, um helles, gleichm\u00e4\u00dfiges Licht zu erzeugen.<\/li>\n\n\n\n<li>Easy to hang: It&#8217;s a pendant style that hangs from cables, which looks wonderful and makes it easy to change the height.<\/li>\n\n\n\n<li>Sanftes Licht: Der mitgelieferte opale Polycarbonat-Diffusor sorgt f\u00fcr weiches, punktfreies Licht.<\/li>\n\n\n\n<li>Ma\u00dfgeschneiderte Farben und L\u00e4ngen: Sie k\u00f6nnen genau das erhalten, was Sie ben\u00f6tigen, indem Sie aus pulverbeschichteten Oberfl\u00e4chen oder ma\u00dfgeschneiderten Zuschnitten w\u00e4hlen.<\/li>\n<\/ul>\n<\/div>\n<\/div>\n\n\n\n<div class=\"wp-block-group\" style=\"padding-top:var(--wp--preset--spacing--60);padding-bottom:var(--wp--preset--spacing--60)\"><div class=\"wp-block-group__inner-container is-layout-constrained wp-block-group-is-layout-constrained\">\n<div class=\"wp-block-media-text has-media-on-the-right is-stacked-on-mobile\"><div class=\"wp-block-media-text__content\">\n<h2 class=\"wp-block-heading\" style=\"font-size:25px;font-style:normal;font-weight:600;text-transform:capitalize\">Installationstipps<\/h2>\n\n\n\n<ul class=\"wp-block-list\">\n<li>H\u00e4ngt an verstellbaren Dr\u00e4hten, sodass die H\u00f6he ge\u00e4ndert werden kann.<\/li>\n\n\n\n<li>W\u00e4hlen Sie die richtigen LED-Treiber, die zum Platz f\u00fcr den internen Treiber passen. Dies erleichtert die Verkabelung.<\/li>\n\n\n\n<li>If you&#8217;re building a long run of lights, add mounting clips or joiners.<\/li>\n\n\n\n<li>Schlie\u00dfen Sie die Enden des Profils mit Metall-Endkappen ab, um ein fertiges Aussehen zu erzielen.<\/li>\n<\/ul>\n<\/div><figure class=\"wp-block-media-text__media\"><img loading=\"lazy\" decoding=\"async\" width=\"500\" height=\"500\" src=\"https:\/\/tangooled.com\/wp-content\/uploads\/2025\/07\/s7575-ins.webp\" alt=\"75x75mm pendant aluminum led channel with space for led driver\" class=\"wp-image-41110 size-full\" srcset=\"https:\/\/tangooled.com\/wp-content\/uploads\/2025\/07\/s7575-ins.webp 500w, https:\/\/tangooled.com\/wp-content\/uploads\/2025\/07\/s7575-ins-300x300.webp 300w, https:\/\/tangooled.com\/wp-content\/uploads\/2025\/07\/s7575-ins-150x150.webp 150w\" sizes=\"auto, (max-width: 500px) 100vw, 500px\" \/><\/figure><\/div>\n<\/div><\/div>\n\n\n\n<div class=\"wp-block-group has-background\" style=\"background-color:#f1f1f1;padding-top:var(--wp--preset--spacing--80);padding-bottom:var(--wp--preset--spacing--80)\"><div class=\"wp-block-group__inner-container is-layout-constrained wp-block-group-is-layout-constrained\">\n<h2 class=\"wp-block-heading\" style=\"padding-top:var(--wp--preset--spacing--40);padding-bottom:var(--wp--preset--spacing--40);font-size:25px;font-style:normal;font-weight:600;text-transform:capitalize\">Anwendungen f\u00fcr den 75mm H\u00e4ngenden LED-Kanal mit Treiberplatz<\/h2>\n\n\n\n<p>Dieser 75mm h\u00e4ngende Aluminium-LED-Kanal eignet sich f\u00fcr eine Vielzahl von Anwendungen.<\/p>\n\n\n\n<ul class=\"wp-block-list\">\n<li>B\u00fcros: Verwenden Sie elegante lineare Pendelleuchten, um Konferenzr\u00e4ume und Schreibtische zu erhellen.<\/li>\n\n\n\n<li>H\u00e4user: Ideal f\u00fcr K\u00fccheninseln oder Esszimmer mit attraktiven Pendelleuchten.<\/li>\n\n\n\n<li>Einzelhandel und Ausstellungen: Pr\u00e4sentieren Sie Ihre Produkte in hellem, gleichm\u00e4\u00dfigem Licht ohne sichtbare Kabel.<\/li>\n\n\n\n<li>Hotels oder Restaurants: Lassen Sie die Beleuchtung in der Lobby oder der Bar angenehm und professionell wirken.<\/li>\n\n\n\n<li>Arbeits- und Ambientebeleuchtung: Mit einer Leuchte k\u00f6nnen Sie entweder helles Arbeitslicht oder sanftes Umgebungslicht schaffen.<\/li>\n<\/ul>\n<\/div><\/div>\n\n\n\n<div class=\"wp-block-group\" style=\"padding-top:var(--wp--preset--spacing--80);padding-bottom:var(--wp--preset--spacing--80)\"><div class=\"wp-block-group__inner-container is-layout-constrained wp-block-group-is-layout-constrained\">\n<h2 class=\"wp-block-heading\" style=\"padding-top:var(--wp--preset--spacing--40);padding-bottom:var(--wp--preset--spacing--40);font-size:25px;font-style:normal;font-weight:600;text-transform:capitalize\">Was Sie in einem Set erhalten k\u00f6nnen<\/h2>\n\n\n\n<ul class=\"wp-block-list\">\n<li>Extrudierter Aluminiumkanal (silbern, wei\u00df oder schwarz)<\/li>\n\n\n\n<li>Opal polycarbonat LED-Diffusor<\/li>\n\n\n\n<li>Metall-Endkappen<\/li>\n\n\n\n<li>Aufh\u00e4ngedraht-Set (f\u00fcr Pendelverwendung)<\/li>\n\n\n\n<li>Eingelassene Schnalle (f\u00fcr eingelassene Nutzung)<\/li>\n\n\n\n<li>Montageclips (f\u00fcr Oberfl\u00e4chenmontage)<\/li>\n\n\n\n<li>Verbinder zum Erstellen von Formen oder langen Reihen <\/li>\n<\/ul>\n<\/div><\/div>\n\n\n\n<div class=\"wp-block-group\" style=\"padding-top:var(--wp--preset--spacing--80);padding-bottom:var(--wp--preset--spacing--80)\"><div class=\"wp-block-group__inner-container is-layout-constrained wp-block-group-is-layout-constrained\">\n<h2 class=\"wp-block-heading\" style=\"padding-top:var(--wp--preset--spacing--40);padding-bottom:var(--wp--preset--spacing--40);font-size:25px;font-style:normal;font-weight:600;text-transform:capitalize\">Zusammenfassung<\/h2>\n\n\n\n<p>Der 75mm h\u00e4ngende LED-Kanal mit Treiberplatz ist eine smarte, langlebige und stilvolle Wahl f\u00fcr jeden, der exquisite und leistungsstarke Pendelleuchten schaffen m\u00f6chte. Der gro\u00dfe Aluminiumkanal verbirgt Ihren LED-Treiber im All-in-One-Design. Der robuste K\u00fchlk\u00f6rper und der satinierte\/opale Diffusor lassen das Licht lange halten und sanft sein. Er eignet sich f\u00fcr breite LED-Streifen und ist einfach aufzuh\u00e4ngen. Ideal f\u00fcr H\u00e4user, B\u00fcros, Gesch\u00e4fte oder Gastgewerbe.<\/p>\n\n\n\n<p>\u00dcberpr\u00fcfen Sie unser komplettes Sortiment an LED-Aluminiumprofilen und Diffusoren, um Ihr Beleuchtungssystem zu vervollst\u00e4ndigen:<\/p>\n\n\n\n<ul class=\"wp-block-list\">\n<li><a href=\"https:\/\/tangooled.com\/de\/product\/black-aluminum-u-channel-profile-for-10mm-led-strips\/\"><mark style=\"background-color:rgba(0, 0, 0, 0)\" class=\"has-inline-color has-vivid-red-color\">Schwarzes Aluminium-U-Kanal-Profil f\u00fcr 10mm LED-Streifen<\/mark><\/a><\/li>\n\n\n\n<li><a href=\"https:\/\/tangooled.com\/de\/product\/led-strip-light-channel-aluminum-profile-with-diffused-cover-6mm-height\/\"><mark style=\"background-color:rgba(0, 0, 0, 0)\" class=\"has-inline-color has-vivid-red-color\">Aluminiumprofil f\u00fcr LED-Streifen mit diffundierender Abdeckung, H\u00f6he 6 mm<\/mark><\/a><\/li>\n\n\n\n<li><a href=\"https:\/\/tangooled.com\/de\/product\/25mm-u-shape-led-mounting-channel-for-15mm-double-row-led-strip-lights\/\"><mark style=\"background-color:rgba(0, 0, 0, 0)\" class=\"has-inline-color has-vivid-red-color\">25mm U-f\u00f6rmiger LED-Montagekanal f\u00fcr 15mm doppelte LED-Streifenlichter<\/mark><\/a><\/li>\n<\/ul>\n<\/div><\/div>","protected":false},"featured_media":33392,"template":"","meta":{"_acf_changed":true,"_seopress_robots_primary_cat":"none","_seopress_titles_title":"75x75mm Pendant LED Channel | Large Profile with Driver Space | TANGOOLED","_seopress_titles_desc":"This 75x75mm pendant led channel featuring a built-in space for LED drivers. This large square aluminum profile provides high-output, dot-free lighting for commercial offices and retail spaces.","_seopress_robots_index":""},"pcb-width":[232],"product-cat":[192,194],"class_list":{"0":"post-35074","1":"product","2":"type-product","3":"status-publish","4":"has-post-thumbnail","6":"pcb-width-35-45mm","7":"product-cat-surface-led-profile","8":"product-cat-suspended-profile"},"acf":[],"_links":{"self":[{"href":"https:\/\/tangooled.com\/de\/wp-json\/wp\/v2\/product\/35074","targetHints":{"allow":["GET"]}}],"collection":[{"href":"https:\/\/tangooled.com\/de\/wp-json\/wp\/v2\/product"}],"about":[{"href":"https:\/\/tangooled.com\/de\/wp-json\/wp\/v2\/types\/product"}],"wp:featuredmedia":[{"embeddable":true,"href":"https:\/\/tangooled.com\/de\/wp-json\/wp\/v2\/media\/33392"}],"wp:attachment":[{"href":"https:\/\/tangooled.com\/de\/wp-json\/wp\/v2\/media?parent=35074"}],"wp:term":[{"taxonomy":"pcb-width","embeddable":true,"href":"https:\/\/tangooled.com\/de\/wp-json\/wp\/v2\/pcb-width?post=35074"},{"taxonomy":"product-cat","embeddable":true,"href":"https:\/\/tangooled.com\/de\/wp-json\/wp\/v2\/product-cat?post=35074"}],"curies":[{"name":"wp","href":"https:\/\/api.w.org\/{rel}","templated":true}]}}