{"id":35071,"date":"2025-07-02T01:51:20","date_gmt":"2025-07-02T09:51:20","guid":{"rendered":"https:\/\/tangooled.com\/?post_type=product&#038;p=35071"},"modified":"2026-01-26T00:43:01","modified_gmt":"2026-01-26T08:43:01","slug":"75x35mm-ceiling-hanging-light-led-channel-aluminum-extrusion","status":"publish","type":"product","link":"https:\/\/tangooled.com\/de\/product\/75x35mm-ceiling-hanging-light-led-channel-aluminum-extrusion\/","title":{"rendered":"75x35mm Deckenh\u00e4ngelicht LED-Kanal Aluminium-Extrusion"},"content":{"rendered":"<div class=\"wp-block-group is-vertical is-layout-flex wp-container-core-group-is-layout-d255d7c4 wp-block-group-is-layout-flex\" style=\"padding-top:var(--wp--preset--spacing--80);padding-bottom:var(--wp--preset--spacing--80)\">\n<p>Unsere 75x35mm Deckenh\u00e4ngelicht LED-Kanal Aluminium-Extrusion ist perfekt f\u00fcr Architekten, Lichtdesigner und Auftragnehmer, die schlanke, hochwertige lineare Beleuchtung w\u00fcnschen. Die hochwertige 6063-T5 Aluminiumlegierung, die zur Herstellung dieses Profils verwendet wird, macht es unglaublich stark und hilft, dass Ihre LED-Streifen l\u00e4nger halten, indem sie k\u00fchl gehalten werden.<\/p>\n\n\n\n<p>Diese langlebige Licht-Extrusion ist perfekt f\u00fcr breite LED-Streifenlichter. Sie hat einen Polycarbonat (PC) Diffusor, der das Licht gleichm\u00e4\u00dfig und punktfrei ausgibt. Dies macht sie perfekt f\u00fcr Anwendungen mit hoher Helligkeit in gro\u00dfen Bereichen. Sie kann auf verschiedene Arten installiert werden, einschlie\u00dflich der H\u00e4ngemontage von der Decke (Aufh\u00e4ngung) und der Montage auf einer Oberfl\u00e4che.<\/p>\n\n\n\n<p>The complete 75&#215;35 mm system includes all necessary components for a seamless setup. It has rigid metal end caps for a clean finish, suspension wires for adjustable hanging, and mounting clips for solid surface attachment. This profile is great for making the lighting look better in businesses, stores, hotels, and modern houses.<\/p>\n<\/div>\n\n\n\n<div class=\"wp-block-group has-background is-vertical is-layout-flex wp-container-core-group-is-layout-d255d7c4 wp-block-group-is-layout-flex\" style=\"background-color:#f1f1f1;padding-top:var(--wp--preset--spacing--80);padding-bottom:var(--wp--preset--spacing--80)\">\n<div class=\"wp-block-group is-vertical is-layout-flex wp-container-core-group-is-layout-8cf370e7 wp-block-group-is-layout-flex\">\n<h2 class=\"wp-block-heading\" style=\"padding-top:var(--wp--preset--spacing--40);padding-bottom:var(--wp--preset--spacing--40);font-size:25px;font-style:normal;font-weight:600;text-transform:capitalize\">Why Choose Our 75x35mm Ceiling Hanging LED Channel\uff1f<\/h2>\n\n\n\n<ul class=\"wp-block-list\">\n<li>Hergestellt aus hochwertigem 6063-T5 Aluminium, das gut darin ist, Ihre LEDs k\u00fchl zu halten und sie l\u00e4nger haltbar zu machen.<\/li>\n\n\n\n<li>Hergestellt, um von der Decke als Pendelprofil zu h\u00e4ngen, damit Sie Ihre eigenen linearen Lichter gestalten k\u00f6nnen.<\/li>\n\n\n\n<li>Gro\u00df genug, um LED-Treiber und LED-Streifen von bis zu 50mm Breite zu halten.<\/li>\n\n\n\n<li>Kommt mit einem schnappbaren PC&nbsp;opal Diffusor, der das Licht weich, gleichm\u00e4\u00dfig und punktlos macht.<\/li>\n\n\n\n<li>Erh\u00e4ltlich in eloxiertem Silber, schwarz und pulverbeschichteten Oberfl\u00e4chen, um jeden Stil zu passen.<\/li>\n\n\n\n<li>Funktioniert mit Zubeh\u00f6r, einschlie\u00dflich Aufh\u00e4nges\u00e4tzen, Endkappen und Verbindungsst\u00fccken, die separat angeboten werden.<\/li>\n<\/ul>\n<\/div>\n<\/div>\n\n\n\n<div class=\"wp-block-group\" style=\"padding-top:var(--wp--preset--spacing--60);padding-bottom:var(--wp--preset--spacing--60)\"><div class=\"wp-block-group__inner-container is-layout-constrained wp-block-group-is-layout-constrained\">\n<div class=\"wp-block-media-text has-media-on-the-right is-stacked-on-mobile\"><div class=\"wp-block-media-text__content\">\n<h2 class=\"wp-block-heading\" style=\"padding-top:var(--wp--preset--spacing--40);padding-bottom:var(--wp--preset--spacing--40);font-size:25px;font-style:normal;font-weight:600;text-transform:capitalize\">Zubeh\u00f6r des Kanals f\u00fcr einfache Installation<\/h2>\n\n\n\n<p>Um Ihr individuelles Beleuchtungssystem zu vervollst\u00e4ndigen, verwenden Sie kompatibles Zubeh\u00f6r:<\/p>\n\n\n\n<ul class=\"wp-block-list\">\n<li>Aufh\u00e4ngesatz: Verstellbare Aufh\u00e4ngung mit Drahtseil<\/li>\n\n\n\n<li>Endkappen: Feste oder Drahtloch-Kappen f\u00fcr einen sauberen Abschluss<\/li>\n\n\n\n<li>Einfassungen: Decken-Einbauinstallation verwenden<\/li>\n\n\n\n<li>Montagehalterung: Oberfl\u00e4chenmontage verwenden<\/li>\n\n\n\n<li>Lineare Verbinder: F\u00fcr nahtlose Verbindungen zwischen mehreren Profilen<\/li>\n<\/ul>\n<\/div><figure class=\"wp-block-media-text__media\"><img loading=\"lazy\" decoding=\"async\" width=\"500\" height=\"500\" src=\"https:\/\/tangooled.com\/wp-content\/uploads\/2025\/07\/s7535-ins-3.webp\" alt=\"75x35mm ceiling hanging light led channel aluminum extrusion\" class=\"wp-image-41117 size-full\" srcset=\"https:\/\/tangooled.com\/wp-content\/uploads\/2025\/07\/s7535-ins-3.webp 500w, https:\/\/tangooled.com\/wp-content\/uploads\/2025\/07\/s7535-ins-3-300x300.webp 300w, https:\/\/tangooled.com\/wp-content\/uploads\/2025\/07\/s7535-ins-3-150x150.webp 150w\" sizes=\"auto, (max-width: 500px) 100vw, 500px\" \/><\/figure><\/div>\n<\/div><\/div>\n\n\n\n<div class=\"wp-block-group has-background\" style=\"background-color:#f1f1f1;padding-top:var(--wp--preset--spacing--80);padding-bottom:var(--wp--preset--spacing--80)\"><div class=\"wp-block-group__inner-container is-layout-constrained wp-block-group-is-layout-constrained\">\n<h2 class=\"wp-block-heading\" style=\"padding-top:var(--wp--preset--spacing--40);padding-bottom:var(--wp--preset--spacing--40);font-size:25px;font-style:normal;font-weight:600;text-transform:capitalize\">what\u2018s in a kit?<\/h2>\n\n\n\n<ul class=\"wp-block-list\">\n<li>Eloxierter Aluminiumkanal mit Flansch<\/li>\n\n\n\n<li>Opal PC LED-Diffusor<\/li>\n\n\n\n<li>Zwei Metall-Endkappen<\/li>\n\n\n\n<li>Verborgene Montageclips, Aufh\u00e4ngesatz, Einfassungen (abh\u00e4ngig von der Installation)<\/li>\n<\/ul>\n<\/div><\/div>\n\n\n\n<div class=\"wp-block-group\" style=\"padding-top:var(--wp--preset--spacing--80);padding-bottom:var(--wp--preset--spacing--80)\"><div class=\"wp-block-group__inner-container is-layout-constrained wp-block-group-is-layout-constrained\">\n<h2 class=\"wp-block-heading\" style=\"padding-top:var(--wp--preset--spacing--40);padding-bottom:var(--wp--preset--spacing--40);font-size:25px;font-style:normal;font-weight:600;text-transform:capitalize\">75x35mm ceiling hanging led channel &#8211; applications<\/h2>\n\n\n\n<ul class=\"wp-block-list\">\n<li>Beleuchtung von Verkaufsdisplays: Schafft auff\u00e4llige Displays, die die Aufmerksamkeit der Verbraucher auf sich ziehen.<\/li>\n\n\n\n<li>Beleuchtung unter K\u00fcchenschr\u00e4nken: Beleuchten Sie Ihre Arbeitsplatten, um das Kochen und Vorbereiten zu erleichtern.<\/li>\n\n\n\n<li>Beleuchtung von Kleiderschr\u00e4nken und Schr\u00e4nken: Beleuchten Sie den Raum f\u00fcr bessere Sichtbarkeit und Organisation.<\/li>\n\n\n\n<li>Wohnraumbeleuchtung: Schafft klare Linien von Akzentlicht in Wohnzimmern und Schlafzimmern.<\/li>\n\n\n\n<li>Integration in Gewerbefl\u00e4chen: Eine vielseitige Beleuchtungsoption f\u00fcr B\u00fcros, Lobbys und Showrooms.<\/li>\n\n\n\n<li>Architectural feature enhancement: Highlights a building&#8217;s unique and interesting design features.<\/li>\n<\/ul>\n<\/div><\/div>\n\n\n\n<div class=\"wp-block-group has-background\" style=\"background-color:#f1f1f1;padding-top:var(--wp--preset--spacing--80);padding-bottom:var(--wp--preset--spacing--80)\"><div class=\"wp-block-group__inner-container is-layout-constrained wp-block-group-is-layout-constrained\">\n<h2 class=\"wp-block-heading\" style=\"padding-top:var(--wp--preset--spacing--40);padding-bottom:var(--wp--preset--spacing--40);font-size:25px;font-style:normal;font-weight:600;text-transform:capitalize\">Halten Sie Ihre Beleuchtung auf dem neuesten Stand mit dem 75x35mm Deckenh\u00e4ngelicht LED-Kanal<\/h2>\n\n\n\n<p>Der 75x35mm Deckenh\u00e4ngelicht LED-Kanal hilft Ihnen, Ihr Lichtdesign ordentlich und modern zu halten.<br>Get your professional 75x35mm LED channel for ceiling hanging lights&nbsp;today. It&#8217;s the best choice for your next lighting project, whether it&#8217;s for a building, an office, or a store.<br>Dieses Produkt erf\u00fcllt die neuesten Branchenstandards. Es besteht aus 6063-T5 Aluminium in Architekturbauqualit\u00e4t und hat professionelle Oberfl\u00e4chen, sodass es mit jeder Art von LED-Streifenlicht funktioniert.<br>Please don&#8217;t hesitate to get in touch with our sales staff if you have any special needs or inquiries.<\/p>\n\n\n\n<p>Schauen Sie sich die gesamte Palette von <a href=\"https:\/\/tangooled.com\/de\/led-profiles\/\"><mark style=\"background-color:rgba(0, 0, 0, 0)\" class=\"has-inline-color has-vivid-red-color\">LED-Aluminiumkan\u00e4le<\/mark><\/a> an, um weitere Optionen, Komponenten und Zubeh\u00f6r zu finden.<\/p>\n<\/div><\/div>\n\n\n\n<p><\/p>","protected":false},"featured_media":33390,"template":"","meta":{"_acf_changed":true,"_seopress_robots_primary_cat":"none","_seopress_titles_title":"75x35mm Ceiling Hanging LED Channel | Wide Aluminum Linear Profile | TANGOOLED","_seopress_titles_desc":"This 75x35mm ceiling hanging led channel is wide-span aluminum extrusion that supports multiple LED strips for high-output lighting. It's ideal for large offices and retail showrooms.","_seopress_robots_index":""},"pcb-width":[233],"product-cat":[192,194],"class_list":{"0":"post-35071","1":"product","2":"type-product","3":"status-publish","4":"has-post-thumbnail","6":"pcb-width-50-90mm","7":"product-cat-surface-led-profile","8":"product-cat-suspended-profile"},"acf":[],"_links":{"self":[{"href":"https:\/\/tangooled.com\/de\/wp-json\/wp\/v2\/product\/35071","targetHints":{"allow":["GET"]}}],"collection":[{"href":"https:\/\/tangooled.com\/de\/wp-json\/wp\/v2\/product"}],"about":[{"href":"https:\/\/tangooled.com\/de\/wp-json\/wp\/v2\/types\/product"}],"wp:featuredmedia":[{"embeddable":true,"href":"https:\/\/tangooled.com\/de\/wp-json\/wp\/v2\/media\/33390"}],"wp:attachment":[{"href":"https:\/\/tangooled.com\/de\/wp-json\/wp\/v2\/media?parent=35071"}],"wp:term":[{"taxonomy":"pcb-width","embeddable":true,"href":"https:\/\/tangooled.com\/de\/wp-json\/wp\/v2\/pcb-width?post=35071"},{"taxonomy":"product-cat","embeddable":true,"href":"https:\/\/tangooled.com\/de\/wp-json\/wp\/v2\/product-cat?post=35071"}],"curies":[{"name":"wp","href":"https:\/\/api.w.org\/{rel}","templated":true}]}}