{"id":35070,"date":"2025-07-02T01:42:00","date_gmt":"2025-07-02T09:42:00","guid":{"rendered":"https:\/\/tangooled.com\/?post_type=product&#038;p=35070"},"modified":"2026-01-29T23:40:11","modified_gmt":"2026-01-30T07:40:11","slug":"54x70-black-pendant-led-light-channel","status":"publish","type":"product","link":"https:\/\/tangooled.com\/de\/product\/54x70-black-pendant-led-light-channel\/","title":{"rendered":"54x70mm Schwarzes Aluminium Pendel-LED-Profil"},"content":{"rendered":"<div class=\"wp-block-group is-vertical is-layout-flex wp-container-core-group-is-layout-d255d7c4 wp-block-group-is-layout-flex\" style=\"padding-top:var(--wp--preset--spacing--80);padding-bottom:var(--wp--preset--spacing--80)\">\n<p>Our 54&#215;70 black pendant LED profile offers flexibility for a range of architectural lighting applications. It can be suspended from a ceiling, fixed directly to a surface, or recessed&nbsp;into a wall or ceiling.<\/p>\n\n\n\n<p>The channel&#8217;s design stands out due to its movable central mounting plate. This plate is 34mm wide, allowing for quick installation and mounting of LED strips. Another important feature of the profile is the interior chamber, which is 30mm deep and located beneath the central plate. This enclosure is designed to house LED drivers, providing a clean and seamless aesthetic without the need for external driver boxes.<\/p>\n\n\n\n<p>This black pendant profile\u2019s large dimensions allow for multiple LED strips, ensuring strong, even, and reliable illumination. This technique is well-suited for modern office lighting, retail businesses, and architectural projects, where flexibility and seamless integration are paramount.<\/p>\n<\/div>\n\n\n\n<div class=\"wp-block-group has-background\" style=\"background-color:#f1f1f1;padding-top:var(--wp--preset--spacing--80);padding-bottom:var(--wp--preset--spacing--80)\"><div class=\"wp-block-group__inner-container is-layout-constrained wp-block-group-is-layout-constrained\">\n<div class=\"wp-block-group\"><div class=\"wp-block-group__inner-container is-layout-constrained wp-block-group-is-layout-constrained\">\n<h2 class=\"wp-block-heading\" style=\"padding-top:var(--wp--preset--spacing--40);padding-bottom:var(--wp--preset--spacing--40);font-size:25px;font-style:normal;font-weight:600;text-transform:capitalize\">Why Choose Our 54&#215;70 Black Pendant LED Profile?<\/h2>\n\n\n\n<ul class=\"wp-block-list\">\n<li>W\u00e4hlen Sie Ihren LED-Lichtstreifen: W\u00e4hlen Sie SMD- oder COB-LED-Streifen kompatible Optionen f\u00fcr jede Farbtemperatur (2700K warmwei\u00df bis 6500K neutralwei\u00df) und hohen CRI (90+).<\/li>\n\n\n\n<li>Erstellen Sie Abw\u00e4rtsbeleuchtungseinheiten: F\u00fcgen Sie LED-Streifen an der Unterseite f\u00fcr die Arbeitsbeleuchtung hinzu.<\/li>\n\n\n\n<li>Ma\u00dfgeschneiderte L\u00e4ngen und Anschl\u00fcsse: Verwenden Sie ein kontinuierliches LED-System mit geraden, 90-Grad-Ecken und T-Kreuz-Anschl\u00fcssen f\u00fcr lange Reihen oder Formen.<\/li>\n\n\n\n<li>Helligkeit steuern: Verwenden Sie es mit DALI, 0-10V Dimmer-Netzteilen oder intelligenten Systemen wie Casambi f\u00fcr perfekte Lichteinstellungen.<\/li>\n\n\n\n<li>Einfache Wartung: Ersetzen Sie LED-Streifen jederzeit, ohne die gesamte Leuchte wechseln zu m\u00fcssen.<\/li>\n<\/ul>\n<\/div><\/div>\n<\/div><\/div>\n\n\n\n<div class=\"wp-block-group\" style=\"padding-top:var(--wp--preset--spacing--80);padding-bottom:var(--wp--preset--spacing--80)\"><div class=\"wp-block-group__inner-container is-layout-constrained wp-block-group-is-layout-constrained\">\n<div class=\"wp-block-media-text has-media-on-the-right is-stacked-on-mobile\" style=\"grid-template-columns:auto 40%\"><div class=\"wp-block-media-text__content\">\n<h2 class=\"wp-block-heading\" style=\"padding-top:var(--wp--preset--spacing--40);padding-bottom:var(--wp--preset--spacing--40);font-size:25px;font-style:normal;font-weight:600;text-transform:capitalize\">what&#8217;s included in the kit<\/h2>\n\n\n\n<ul class=\"wp-block-list\">\n<li>Das schwarz eloxierte Aluminiumprofil<\/li>\n\n\n\n<li>Opal-PC-Diffusorabdeckung<\/li>\n\n\n\n<li>Zwei Metall-Endkappen<\/li>\n\n\n\n<li>Aufh\u00e4ngeset (als optionale Erg\u00e4nzung erh\u00e4ltlich).<\/li>\n<\/ul>\n<\/div><figure class=\"wp-block-media-text__media\"><img loading=\"lazy\" decoding=\"async\" width=\"500\" height=\"500\" src=\"https:\/\/tangooled.com\/wp-content\/uploads\/2025\/07\/s5470-ins.webp\" alt=\"54x70mm black aluminum profile pendant led light channel\" class=\"wp-image-43155 size-full\" srcset=\"https:\/\/tangooled.com\/wp-content\/uploads\/2025\/07\/s5470-ins.webp 500w, https:\/\/tangooled.com\/wp-content\/uploads\/2025\/07\/s5470-ins-300x300.webp 300w, https:\/\/tangooled.com\/wp-content\/uploads\/2025\/07\/s5470-ins-150x150.webp 150w\" sizes=\"auto, (max-width: 500px) 100vw, 500px\" \/><\/figure><\/div>\n<\/div><\/div>\n\n\n\n<div class=\"wp-block-group has-background\" style=\"background-color:#f1f1f1f2;padding-top:var(--wp--preset--spacing--80);padding-bottom:var(--wp--preset--spacing--80)\"><div class=\"wp-block-group__inner-container is-layout-constrained wp-block-group-is-layout-constrained\">\n<h2 class=\"wp-block-heading\" style=\"padding-top:var(--wp--preset--spacing--40);padding-bottom:var(--wp--preset--spacing--40);font-size:25px;font-style:normal;font-weight:600\">Where to Use the 54&#215;70 Black Pendant LED Channel?<\/h2>\n\n\n\n<p>This 54&#215;70 black LED channel works for many places where a strong linear suspended lighting fixture with modern looks is needed:<\/p>\n\n\n\n<ul class=\"wp-block-list\">\n<li>B\u00fcro-Tagungslicht und Beleuchtung f\u00fcr Konferenztische.<\/li>\n\n\n\n<li>Pendelleuchten f\u00fcr K\u00fccheninseln oder Esszimmerleuchten.<\/li>\n\n\n\n<li>Akzent- und Arbeitsbeleuchtung f\u00fcr Einzelhandelsfl\u00e4chen und Ausstellungsr\u00e4ume.<\/li>\n\n\n\n<li>Der Hotellobby und Empfangstresen sind mit auff\u00e4lliger Beleuchtung beleuchtet.<\/li>\n\n\n\n<li>Eine Beleuchtungsl\u00f6sung, die f\u00fcr Schulen, Bibliotheken und Universit\u00e4ten konzipiert ist.<\/li>\n<\/ul>\n<\/div><\/div>\n\n\n\n<div class=\"wp-block-group\" style=\"padding-top:var(--wp--preset--spacing--80);padding-bottom:var(--wp--preset--spacing--80)\"><div class=\"wp-block-group__inner-container is-layout-constrained wp-block-group-is-layout-constrained\">\n<h2 class=\"wp-block-heading\" style=\"padding-top:var(--wp--preset--spacing--40);padding-bottom:var(--wp--preset--spacing--40);font-size:25px;font-style:normal;font-weight:600;text-transform:capitalize\">Verwandte Produkte und Zubeh\u00f6r<\/h2>\n\n\n\n<ul class=\"wp-block-list\">\n<li><a href=\"https:\/\/tangooled.com\/de\/product\/black-led-diffuser-aluminum-channel-for-12mm-tape-lights\/\"><mark style=\"background-color:rgba(0, 0, 0, 0)\" class=\"has-inline-color has-vivid-red-color\">Schwarzes LED-Diffusor-Aluminiumprofil f\u00fcr 12 mm LED-Band<\/mark><\/a><\/li>\n\n\n\n<li><a href=\"https:\/\/tangooled.com\/de\/product\/surface-mount-led-profile-with-frosted-diffuser-for-10mm-rope-lights\/\"><mark style=\"background-color:rgba(0, 0, 0, 0)\" class=\"has-inline-color has-vivid-red-color\">Oberfl\u00e4chenmontierter LED-Profil mit mattiertem Diffusor f\u00fcr 10 mm LED-Lichterketten<\/mark><\/a><\/li>\n\n\n\n<li><a href=\"https:\/\/tangooled.com\/de\/product\/25x6mm-low-profile-led-strip-channel-for-10mm-led-strip-light\/\"><mark style=\"background-color:rgba(0, 0, 0, 0)\" class=\"has-inline-color has-vivid-red-color\">25x6mm Low-Profile LED-Streifenkanal f\u00fcr 10mm LED-Lichtstreifen<\/mark><\/a><\/li>\n\n\n\n<li><a href=\"https:\/\/tangooled.com\/de\/product\/18x9mm-led-tape-light-profile-for-surface-installation\/\"><mark style=\"background-color:rgba(0, 0, 0, 0)\" class=\"has-inline-color has-vivid-red-color\">18x9mm LED-Bandprofil f\u00fcr die Oberfl\u00e4chenmontage<\/mark><\/a><\/li>\n<\/ul>\n<\/div><\/div>","protected":false},"featured_media":16261,"template":"","meta":{"_acf_changed":true,"_seopress_robots_primary_cat":"none","_seopress_titles_title":"54x70 Black Pendant LED Channel | Large Architectural Linear Profile | TANGOOLED","_seopress_titles_desc":"The S5470 is a heavy-duty 54x70 black pendant led channel designed for professional commercial lighting. This wide aluminum profile features a deep housing for internal drivers and dot-free linear light. Ideal for high-end suspended installations.","_seopress_robots_index":""},"pcb-width":[231],"product-cat":[192,194],"class_list":{"0":"post-35070","1":"product","2":"type-product","3":"status-publish","4":"has-post-thumbnail","6":"pcb-width-25-35mm","7":"product-cat-surface-led-profile","8":"product-cat-suspended-profile"},"acf":[],"_links":{"self":[{"href":"https:\/\/tangooled.com\/de\/wp-json\/wp\/v2\/product\/35070","targetHints":{"allow":["GET"]}}],"collection":[{"href":"https:\/\/tangooled.com\/de\/wp-json\/wp\/v2\/product"}],"about":[{"href":"https:\/\/tangooled.com\/de\/wp-json\/wp\/v2\/types\/product"}],"wp:featuredmedia":[{"embeddable":true,"href":"https:\/\/tangooled.com\/de\/wp-json\/wp\/v2\/media\/16261"}],"wp:attachment":[{"href":"https:\/\/tangooled.com\/de\/wp-json\/wp\/v2\/media?parent=35070"}],"wp:term":[{"taxonomy":"pcb-width","embeddable":true,"href":"https:\/\/tangooled.com\/de\/wp-json\/wp\/v2\/pcb-width?post=35070"},{"taxonomy":"product-cat","embeddable":true,"href":"https:\/\/tangooled.com\/de\/wp-json\/wp\/v2\/product-cat?post=35070"}],"curies":[{"name":"wp","href":"https:\/\/api.w.org\/{rel}","templated":true}]}}