{"id":35044,"date":"2025-07-01T23:56:22","date_gmt":"2025-07-02T07:56:22","guid":{"rendered":"https:\/\/tangooled.com\/?post_type=product&#038;p=35044"},"modified":"2026-01-23T00:26:03","modified_gmt":"2026-01-23T08:26:03","slug":"extra-wide-trimless-led-profile-for-flush-mount-s7518","status":"publish","type":"product","link":"https:\/\/tangooled.com\/de\/product\/extra-wide-trimless-led-profile-for-flush-mount-s7518\/","title":{"rendered":"75x18mm Extra breites trimmloses LED-Profilkanal f\u00fcr den b\u00fcndigen Einbau"},"content":{"rendered":"<div class=\"wp-block-group is-vertical is-layout-flex wp-container-core-group-is-layout-d255d7c4 wp-block-group-is-layout-flex\" style=\"padding-top:var(--wp--preset--spacing--80);padding-bottom:var(--wp--preset--spacing--80)\">\n<p>This 75x18mm extra-wide trimless LED profile will light up your space in a clean and smooth way. This sleek, trimless channel features a 75mm width and a height of 18mm, making it a powerful lighting solution that doesn&#8217;t get in the way of your view.<\/p>\n\n\n\n<p>Das Profil ist so gestaltet, dass es gut in Trockenbau- oder Gipskartonplatten passt, was ihm ein sauberes, modernes Aussehen verleiht. Es versteckt hervorragend alle Kanten, sodass es aussieht, als k\u00e4me das Licht direkt aus der Wand oder Decke.&nbsp;Die Konstruktion dieses Profils&nbsp;ist d\u00fcnn und breit, was es perfekt macht, um gro\u00dfe Bereiche gleichm\u00e4\u00dfig und hell auszuleuchten.<\/p>\n\n\n\n<p>Das vollst\u00e4ndige Kit enth\u00e4lt alles, was Sie ben\u00f6tigen, wie Einbau-Befestigungen und Metall-Endkappen, um Ihrem Projekt ein professionelles Finish zu verleihen. Dieses Profil ist ideal f\u00fcr Architekten und Designer, die starkes, nahezu unsichtbares lineares Licht w\u00fcnschen.<\/p>\n<\/div>\n\n\n\n<div class=\"wp-block-group has-background\" style=\"background-color:#f1f1f1;padding-top:var(--wp--preset--spacing--80);padding-bottom:var(--wp--preset--spacing--80)\"><div class=\"wp-block-group__inner-container is-layout-constrained wp-block-group-is-layout-constrained\">\n<div class=\"wp-block-group is-vertical is-layout-flex wp-container-core-group-is-layout-8cf370e7 wp-block-group-is-layout-flex\">\n<h2 class=\"wp-block-heading\" style=\"padding-top:var(--wp--preset--spacing--40);padding-bottom:var(--wp--preset--spacing--40);font-size:25px;font-style:normal;font-weight:600;text-transform:capitalize\">Warum sollten Sie unser 75mm x 18mm extra breites trimmloses LED-Profil w\u00e4hlen?<\/h2>\n\n\n\n<ul class=\"wp-block-list\">\n<li>Es ist 75 mm breit und 18 mm tief, sodass es in W\u00e4nde und Decken passt und eine starke Lichtlinie bietet.<\/li>\n\n\n\n<li>Es besteht aus hochwertigem anodisiertem Aluminium und wirkt als K\u00fchlk\u00f6rper, um Ihre LED-Streifen k\u00fchl zu halten.<\/li>\n\n\n\n<li>Es hat einen PC-opal Diffusor, der das Licht klar und gleichm\u00e4\u00dfig macht, ohne Flecken oder Blendungen.<\/li>\n\n\n\n<li>Es funktioniert gut mit den meisten LED-Streifen, die bis zu 60mm breit sind, um eine brillante, gerade Linie zu erzeugen.<\/li>\n<\/ul>\n<\/div>\n<\/div><\/div>\n\n\n\n<div class=\"wp-block-group\" style=\"padding-top:var(--wp--preset--spacing--60);padding-bottom:var(--wp--preset--spacing--60)\"><div class=\"wp-block-group__inner-container is-layout-constrained wp-block-group-is-layout-constrained\">\n<div class=\"wp-block-media-text has-media-on-the-right is-stacked-on-mobile\" style=\"grid-template-columns:auto 40%\"><div class=\"wp-block-media-text__content\">\n<h2 class=\"wp-block-heading\" style=\"padding-top:var(--wp--preset--spacing--40);padding-bottom:var(--wp--preset--spacing--40);font-size:25px;font-style:normal;font-weight:600;text-transform:capitalize\">Installation vereinfacht<\/h2>\n\n\n\n<ul class=\"wp-block-list\">\n<li>Klicken Sie den Aluminiumkanal in die eingebauten Befestigungen, und befestigen Sie das Profil an St\u00e4nder oder Deckenbalken.<\/li>\n\n\n\n<li>Spachtelmasse und Putz: Verwenden Sie Trockenbaumasse oder Putz, um die Befestigungsflansche abzudecken.<\/li>\n\n\n\n<li>Sand and Paint\u2014Once the paint is dry, sand it until it is smooth. Color the surface to match the color of your room.<\/li>\n\n\n\n<li>Legen Sie den LED-Streifen hinein, schlie\u00dfen Sie die Stromversorgung an und klicken Sie dann den satinierten Diffusor auf.<\/li>\n<\/ul>\n<\/div><figure class=\"wp-block-media-text__media\"><img loading=\"lazy\" decoding=\"async\" width=\"500\" height=\"500\" src=\"https:\/\/tangooled.com\/wp-content\/uploads\/2025\/07\/s7518-ins.webp\" alt=\"75mmx18mm trimless led profile channel for flush mount\" class=\"wp-image-43546 size-full\" srcset=\"https:\/\/tangooled.com\/wp-content\/uploads\/2025\/07\/s7518-ins.webp 500w, https:\/\/tangooled.com\/wp-content\/uploads\/2025\/07\/s7518-ins-300x300.webp 300w, https:\/\/tangooled.com\/wp-content\/uploads\/2025\/07\/s7518-ins-150x150.webp 150w\" sizes=\"auto, (max-width: 500px) 100vw, 500px\" \/><\/figure><\/div>\n<\/div><\/div>\n\n\n\n<div class=\"wp-block-group has-background is-vertical is-layout-flex wp-container-core-group-is-layout-b429018a wp-block-group-is-layout-flex\" style=\"background-color:#f1f1f1f2;padding-top:var(--wp--preset--spacing--70);padding-bottom:var(--wp--preset--spacing--70)\">\n<h2 class=\"wp-block-heading\" style=\"padding-top:var(--wp--preset--spacing--40);padding-bottom:var(--wp--preset--spacing--40);font-size:25px;font-style:normal;font-weight:600\">Perfekte Anwendungen f\u00fcr das 75x18mm eingelassene trimmloses LED-Profil<\/h2>\n\n\n\n<ul class=\"wp-block-list\">\n<li>Ceiling Cove and Reveal Lighting: Add architectural reveal lighting that doesn&#8217;t have any frames that can be seen.<\/li>\n\n\n\n<li>Residential Rooms\u2014Great for kitchens, living rooms, hallways, or bathrooms with ceilings constructed of drywall or plasterboard.<\/li>\n\n\n\n<li>Gewerbliche R\u00e4ume: Verwenden Sie nahtlose lineare Beleuchtung, um Arbeitspl\u00e4tze, Konferenzr\u00e4ume, Schaufenster oder G\u00e4stebereiche aufzuhellen.<\/li>\n\n\n\n<li>Ambient- und Aufgabenbeleuchtung: Verwenden Sie es, um Regale oder Arbeitsbereiche heller oder sanfter zu machen.<\/li>\n<\/ul>\n<\/div>\n\n\n\n<div class=\"wp-block-group is-vertical is-layout-flex wp-container-core-group-is-layout-d255d7c4 wp-block-group-is-layout-flex\" style=\"padding-top:var(--wp--preset--spacing--80);padding-bottom:var(--wp--preset--spacing--80)\">\n<h2 class=\"wp-block-heading\" style=\"padding-top:var(--wp--preset--spacing--40);padding-bottom:var(--wp--preset--spacing--40);font-size:25px;font-style:normal;font-weight:600;text-transform:capitalize\">Verwandte Produkte<\/h2>\n\n\n\n<ul class=\"wp-block-list\">\n<li><a href=\"https:\/\/tangooled.com\/de\/product\/black-led-profile-with-black-diffuser-for-10mm-led-strip-light\/\"><mark style=\"background-color:rgba(0, 0, 0, 0)\" class=\"has-inline-color has-vivid-red-color\">Schwarzes LED-Profil mit schwarzem Diffusor f\u00fcr 10mm LED-Streifen <\/mark><\/a>\u2013 A sleek alternative for smaller LED strips.<\/li>\n\n\n\n<li><a href=\"https:\/\/tangooled.com\/de\/product\/led-strip-light-channel-aluminum-profile-with-diffused-cover-6mm-height\/\"><mark style=\"background-color:rgba(0, 0, 0, 0)\" class=\"has-inline-color has-vivid-red-color\">Aluminiumprofil f\u00fcr LED-Streifen mit diffundierender Abdeckung, H\u00f6he 6 mm<\/mark><\/a> \u2013 For low-profile surface mount lighting.<\/li>\n\n\n\n<li><a href=\"https:\/\/tangooled.com\/de\/product\/surface-mount-led-profile-with-frosted-diffuser-for-10mm-rope-lights\/\"><mark style=\"background-color:rgba(0, 0, 0, 0)\" class=\"has-inline-color has-vivid-red-color\">Oberfl\u00e4chenmontierter LED-Profil mit mattiertem Diffusor f\u00fcr 10 mm LED-Lichterketten<\/mark><\/a> \u2013 Ideal for rope lighting installations.<\/li>\n\n\n\n<li><a href=\"https:\/\/tangooled.com\/de\/product\/black-led-diffuser-aluminum-channel-for-12mm-tape-lights\/\"><mark style=\"background-color:rgba(0, 0, 0, 0)\" class=\"has-inline-color has-vivid-red-color\">Schwarzes LED-Diffusor-Aluminiumprofil f\u00fcr 12 mm LED-Band<\/mark><\/a> \u2013 Perfect for medium width tape light installations.<\/li>\n\n\n\n<li><a href=\"https:\/\/tangooled.com\/de\/product\/black-aluminum-u-channel-profile-for-10mm-led-strips\/\"><mark style=\"background-color:rgba(0, 0, 0, 0)\" class=\"has-inline-color has-vivid-red-color\">Schwarzes Aluminium-U-Profil f\u00fcr 10mm LED-Streifen<\/mark><\/a> \u2013 A stylish alternative for surface mounting.<\/li>\n<\/ul>\n<\/div>\n\n\n\n<div class=\"wp-block-group has-background\" style=\"background-color:#f1f1f1;padding-top:var(--wp--preset--spacing--80);padding-bottom:var(--wp--preset--spacing--80)\"><div class=\"wp-block-group__inner-container is-layout-constrained wp-block-group-is-layout-constrained\">\n<h2 class=\"wp-block-heading\" style=\"padding-top:var(--wp--preset--spacing--40);padding-bottom:var(--wp--preset--spacing--40);font-size:25px;font-style:normal;font-weight:600;text-transform:capitalize\">Zusammenfassung<\/h2>\n\n\n\n<p style=\"padding-right:var(--wp--preset--spacing--50);padding-left:var(--wp--preset--spacing--50)\">Das 75x18mm trimmlos LED-Profil bietet ein elegantes, modernes Erscheinungsbild, da es b\u00fcndig ohne Rahmen eingelassen ist. Das anodisierte Aluminiumgeh\u00e4use, die gro\u00dfe 75mm Licht\u00f6ffnung und die fleckenfreie diffuse Abdeckung machen es ideal f\u00fcr sowohl Wohn- als auch gewerbliche architektonische Beleuchtungsprojekte. Es passt perfekt zu Ihren W\u00e4nden oder Decken und ist f\u00fcr Gipskarton und Trockenbau geeignet. Diese starke, hochwertige Aluminiumextrusion f\u00fcr LED-Streifen hilft Ihnen, den besten minimalistischen linearen Beleuchtungseffekt in Ihren Umgebungen zu erzielen.<\/p>\n<\/div><\/div>\n\n\n\n<p><\/p>","protected":false},"featured_media":33360,"template":"","meta":{"_acf_changed":true,"_seopress_robots_primary_cat":"none","_seopress_titles_title":"Extra Wide Trimless LED Profile 75x18mm Flush Mount | TANGOOLED","_seopress_titles_desc":"Achieve a bold architectural statement with our 75x18mm extra wide trimless LED profile. Ideal for large-scale flush mount installations where a massive light-emitting surface is required.","_seopress_robots_index":""},"pcb-width":[233],"product-cat":[193],"class_list":{"0":"post-35044","1":"product","2":"type-product","3":"status-publish","4":"has-post-thumbnail","6":"pcb-width-50-90mm","7":"product-cat-recessed-profile"},"acf":[],"_links":{"self":[{"href":"https:\/\/tangooled.com\/de\/wp-json\/wp\/v2\/product\/35044","targetHints":{"allow":["GET"]}}],"collection":[{"href":"https:\/\/tangooled.com\/de\/wp-json\/wp\/v2\/product"}],"about":[{"href":"https:\/\/tangooled.com\/de\/wp-json\/wp\/v2\/types\/product"}],"wp:featuredmedia":[{"embeddable":true,"href":"https:\/\/tangooled.com\/de\/wp-json\/wp\/v2\/media\/33360"}],"wp:attachment":[{"href":"https:\/\/tangooled.com\/de\/wp-json\/wp\/v2\/media?parent=35044"}],"wp:term":[{"taxonomy":"pcb-width","embeddable":true,"href":"https:\/\/tangooled.com\/de\/wp-json\/wp\/v2\/pcb-width?post=35044"},{"taxonomy":"product-cat","embeddable":true,"href":"https:\/\/tangooled.com\/de\/wp-json\/wp\/v2\/product-cat?post=35044"}],"curies":[{"name":"wp","href":"https:\/\/api.w.org\/{rel}","templated":true}]}}