{"id":34993,"date":"2025-07-01T05:58:32","date_gmt":"2025-07-01T13:58:32","guid":{"rendered":"https:\/\/tangooled.com\/?post_type=product&#038;p=34993"},"modified":"2026-01-31T01:44:54","modified_gmt":"2026-01-31T09:44:54","slug":"4-inch-wide-led-profile-recessed-100mm-aluminum-channel-white","status":"publish","type":"product","link":"https:\/\/tangooled.com\/de\/product\/4-inch-wide-led-profile-recessed-100mm-aluminum-channel-white\/","title":{"rendered":"4 Zoll (100mm) breites eingelassenes LED-Profil \u2013 Wei\u00dfer Aluminium"},"content":{"rendered":"<div class=\"wp-block-group\" style=\"padding-top:var(--wp--preset--spacing--80);padding-bottom:var(--wp--preset--spacing--80)\"><div class=\"wp-block-group__inner-container is-layout-constrained wp-block-group-is-layout-constrained\">\n<p>Dieses 4-Zoll breite eingelassene LED-Profil ist darauf ausgelegt, lineare Beleuchtung nahtlos in jeden Raum zu integrieren. Es verf\u00fcgt \u00fcber eine innere Breite von 90 mm, eine H\u00f6he von 35 mm und 7,5 mm gro\u00dfe Flansche auf beiden Seiten. Die Flansche des Profils sind so gestaltet, dass sie in eine Wand oder Decke passen. Sie verbergen effektiv die L\u00fccken zwischen der Leuchte und der Wand- oder Deckenstruktur, wodurch der \u00dcbergang glatt und professionell aussieht.<\/p>\n\n\n\n<p>Die 90 mm breite Innenseite ist ideal f\u00fcr leistungsstarke Lichtquellen wie quad-row LED-Streifen. Diese Leistung sorgt f\u00fcr eine hohe Lumenleistung und ein angenehmes, helles Beleuchtungserlebnis.<\/p>\n\n\n\n<p>Der Diffusor f\u00fcr dieses 4 Zoll breite Profil verf\u00fcgt \u00fcber einen kraftvollen Verriegelungsmechanismus, der verhindert, dass er sich nach der Installation l\u00f6st oder herausf\u00e4llt. Dies l\u00f6st h\u00e4ufige Stabilit\u00e4ts- und Sicherheitsprobleme, die bei gro\u00dfen Profilen auftreten. Dieses Design ist sicher und gut durchdacht und gibt Licht ohne Blendung ab.<\/p>\n\n\n\n<p>Dieses 100 mm breite Aluminiumprofil ist ideal f\u00fcr die Allgemeinbeleuchtung in gro\u00dfen R\u00e4umen, in denen die Menschen viel helles, gleichm\u00e4\u00dfiges Licht ohne unangenehme Bereiche ben\u00f6tigen. Es eignet sich gut zur Schaffung des Hauptt\u00f6ne und der Helligkeit in R\u00e4umen wie offenen B\u00fcros, gro\u00dfen Konferenzr\u00e4umen und Gemeinschaftsr\u00e4umen in modernen Wohnh\u00e4usern.<\/p>\n<\/div><\/div>\n\n\n\n<div class=\"wp-block-group has-background\" style=\"background-color:#f1f1f1;padding-top:var(--wp--preset--spacing--80);padding-bottom:var(--wp--preset--spacing--80)\"><div class=\"wp-block-group__inner-container is-layout-constrained wp-block-group-is-layout-constrained\">\n<div class=\"wp-block-group is-vertical is-layout-flex wp-container-core-group-is-layout-8cf370e7 wp-block-group-is-layout-flex\">\n<h2 class=\"wp-block-heading\" style=\"padding-top:var(--wp--preset--spacing--40);padding-bottom:var(--wp--preset--spacing--40);font-size:25px;font-style:normal;font-weight:600;text-transform:capitalize\">Hauptmerkmale<\/h2>\n\n\n\n<ul class=\"wp-block-list\">\n<li>Die innere Breite von 90 mm erm\u00f6glicht es Ihnen, mehrere LED-Streifen nebeneinander zu platzieren.<\/li>\n\n\n\n<li>6063-T5 Aluminium sorgt daf\u00fcr, dass W\u00e4rme effektiv abgeleitet wird.<\/li>\n\n\n\n<li>Das pulverbeschichtete Finish in Wei\u00df passt gut zu vielen R\u00e4umen.&nbsp;<\/li>\n\n\n\n<li>Der opalene polycarbonat Diffusor verteilt das Licht gleichm\u00e4\u00dfig ohne Punkte.<\/li>\n\n\n\n<li>Es verf\u00fcgt \u00fcber eingelassene Schnallen f\u00fcr eine einfache, saubere Trockenbauinstallation.<\/li>\n\n\n\n<li>Kompatibel mit vielen verschiedenen LED-Streifen, wie RGB, COB und hochdichte SMD.<\/li>\n<\/ul>\n<\/div>\n<\/div><\/div>\n\n\n\n<div class=\"wp-block-group\" style=\"padding-top:var(--wp--preset--spacing--60);padding-bottom:var(--wp--preset--spacing--60)\"><div class=\"wp-block-group__inner-container is-layout-constrained wp-block-group-is-layout-constrained\">\n<div class=\"wp-block-media-text has-media-on-the-right is-stacked-on-mobile\" style=\"grid-template-columns:auto 40%\"><div class=\"wp-block-media-text__content\">\n<h2 class=\"wp-block-heading\" style=\"padding-top:var(--wp--preset--spacing--40);padding-bottom:var(--wp--preset--spacing--40);font-size:25px;font-style:normal;font-weight:600;text-transform:capitalize\">einfache Installation des 4 Zoll breiten eingelassenen LED-Profils<\/h2>\n\n\n\n<ul class=\"wp-block-list\">\n<li>Schneiden Sie das Trockenbau oder die Holzarbeit auf die richtige Gr\u00f6\u00dfe f\u00fcr den Aluminiumkanal (ca. 100 mm breit).<\/li>\n\n\n\n<li>Installieren Sie die eingelassenen Schnallen auf der R\u00fcckseite des Kanals und befestigen Sie den Aluminiumkanal im Trockenbau, wobei Sie sicherstellen, dass die Flansche auf den Kanten des Trockenbaus sitzen.<\/li>\n\n\n\n<li>Verputzen oder verfeinern Sie die Flansche, um eine Oberfl\u00e4chenbehandlung ohne Leiste zu schaffen.<\/li>\n\n\n\n<li>Legen Sie LED-Streifen, die bis zu 100 mm breit sind, in den Kanal.<\/li>\n\n\n\n<li>Legen Sie den matten Diffusordeckel auf.<\/li>\n<\/ul>\n<\/div><figure class=\"wp-block-media-text__media\"><img loading=\"lazy\" decoding=\"async\" width=\"500\" height=\"500\" src=\"https:\/\/tangooled.com\/wp-content\/uploads\/2025\/07\/rg10035-ins.webp\" alt=\"wide led profile recessed 100mm aluminum channel white\" class=\"wp-image-36688 size-full\" srcset=\"https:\/\/tangooled.com\/wp-content\/uploads\/2025\/07\/rg10035-ins.webp 500w, https:\/\/tangooled.com\/wp-content\/uploads\/2025\/07\/rg10035-ins-300x300.webp 300w, https:\/\/tangooled.com\/wp-content\/uploads\/2025\/07\/rg10035-ins-150x150.webp 150w\" sizes=\"auto, (max-width: 500px) 100vw, 500px\" \/><\/figure><\/div>\n<\/div><\/div>\n\n\n\n<div class=\"wp-block-group has-background\" style=\"background-color:#f2f2f2;padding-top:var(--wp--preset--spacing--80);padding-bottom:var(--wp--preset--spacing--80)\"><div class=\"wp-block-group__inner-container is-layout-constrained wp-block-group-is-layout-constrained\">\n<h2 class=\"wp-block-heading\" style=\"border-style:none;border-width:0px;padding-top:var(--wp--preset--spacing--40);padding-bottom:var(--wp--preset--spacing--40);font-size:25px;font-style:normal;font-weight:600;text-transform:capitalize\">What&#8217;s in the kit?<\/h2>\n\n\n\n<ul class=\"wp-block-list\">\n<li>100 mm breiter eingelassener Aluminiumkanal<\/li>\n\n\n\n<li>Opal LED-Lichtdiffusor<\/li>\n\n\n\n<li>Zwei Metall-Endkappen<\/li>\n\n\n\n<li>Eingelassene Schnallen<\/li>\n<\/ul>\n<\/div><\/div>\n\n\n\n<div class=\"wp-block-group\" style=\"padding-top:var(--wp--preset--spacing--80);padding-bottom:var(--wp--preset--spacing--80)\"><div class=\"wp-block-group__inner-container is-layout-constrained wp-block-group-is-layout-constrained\">\n<h2 class=\"wp-block-heading\" style=\"border-style:none;border-width:0px;padding-top:var(--wp--preset--spacing--40);padding-bottom:var(--wp--preset--spacing--40);font-size:25px;font-style:normal;font-weight:600;text-transform:capitalize\">Anwendungen<\/h2>\n\n\n\n<ul class=\"wp-block-list\">\n<li>B\u00fcroleuchten: helles, gleichm\u00e4\u00dfiges Licht f\u00fcr Schreibtische und Konferenzr\u00e4ume<\/li>\n\n\n\n<li>Einzelhandelsgesch\u00e4fte: Auslagen mit klaren Linien von hellem Licht&nbsp;<\/li>\n\n\n\n<li>K\u00fcchen und Keller: allgemeine breite Beleuchtung mit glattem Lichtdecke<\/li>\n\n\n\n<li>Gaming rooms and home theaters: cool, wide light that won&#8217;t detract<\/li>\n<\/ul>\n<\/div><\/div>\n\n\n\n<div class=\"wp-block-group has-background\" style=\"background-color:#f1f1f1;padding-top:var(--wp--preset--spacing--80);padding-bottom:var(--wp--preset--spacing--80)\"><div class=\"wp-block-group__inner-container is-layout-constrained wp-block-group-is-layout-constrained\">\n<h2 class=\"wp-block-heading\" style=\"padding-top:var(--wp--preset--spacing--40);padding-bottom:var(--wp--preset--spacing--40);font-size:25px;font-style:normal;font-weight:600;text-transform:capitalize\">Kompatible LED-Streifen<\/h2>\n\n\n\n<p>Dieses 4 Zoll breite LED-Profil erm\u00f6glicht:<\/p>\n\n\n\n<ul class=\"wp-block-list\">\n<li>Dieses 4 Zoll breite LED-Profil erm\u00f6glicht es Ihnen, viele Reihen von LED-Streifen nebeneinander anzuordnen (bis zu 8 Reihen).<\/li>\n\n\n\n<li>Hochdichte SMD-Streifen (2835\/5050).<\/li>\n\n\n\n<li>COB LED-Module f\u00fcr punktfreies Licht.<\/li>\n\n\n\n<li>RGBW- und farbwechselnde Streifen f\u00fcr Stimmungsbeleuchtung.<\/li>\n<\/ul>\n<\/div><\/div>\n\n\n\n<div class=\"wp-block-group\" style=\"padding-top:var(--wp--preset--spacing--80);padding-bottom:var(--wp--preset--spacing--80)\"><div class=\"wp-block-group__inner-container is-layout-constrained wp-block-group-is-layout-constrained\">\n<h2 class=\"wp-block-heading\" style=\"padding-top:var(--wp--preset--spacing--40);padding-bottom:var(--wp--preset--spacing--40);font-size:25px;font-style:normal;font-weight:600;text-transform:capitalize\">verwandte Produkte<\/h2>\n\n\n\n<ul class=\"wp-block-list\">\n<li>\u00dcberpr\u00fcfen Sie die <mark style=\"background-color:rgba(0, 0, 0, 0)\" class=\"has-inline-color has-vivid-red-color\"><a href=\"https:\/\/tangooled.com\/de\/product\/black-led-profile-with-black-diffuser-for-10mm-led-strip-light\/\">schwarzes LED-Profil mit schwarzem Diffusor f\u00fcr 10mm LED-Streifen<\/a><\/mark><a href=\"http:\/\/black led profile with black diffuser for 10mm led strip light\"><mark style=\"background-color:rgba(0, 0, 0, 0)\" class=\"has-inline-color has-vivid-red-color\"> <\/mark><\/a>f\u00fcr kompakte, schmale Profile.<\/li>\n\n\n\n<li>Entdecken Sie unser <a href=\"https:\/\/tangooled.com\/de\/product\/led-strip-light-channel-aluminum-profile-with-diffused-cover-6mm-height\/\"><mark style=\"background-color:rgba(0, 0, 0, 0)\" class=\"has-inline-color has-vivid-red-color\">Aluminiumprofil f\u00fcr LED-Streifen mit diffundierender Abdeckung, H\u00f6he 6 mm<\/mark><\/a> f\u00fcr flache Oberfl\u00e4chenmontageoptionen.<\/li>\n\n\n\n<li>F\u00fcr die Anforderungen der Oberfl\u00e4chenmontage-LEDs siehe <a href=\"https:\/\/tangooled.com\/de\/product\/surface-mount-led-profile-with-frosted-diffuser-for-10mm-rope-lights\/\"><mark style=\"background-color:rgba(0, 0, 0, 0)\" class=\"has-inline-color has-vivid-red-color\">Oberfl\u00e4chenmontage LED-Profil mit satiniertem Diffusor f\u00fcr 10mm Seilschn\u00fcre<\/mark><\/a>.<\/li>\n<\/ul>\n<\/div><\/div>\n\n\n\n<div class=\"wp-block-group\" style=\"padding-top:var(--wp--preset--spacing--80);padding-bottom:var(--wp--preset--spacing--80)\"><div class=\"wp-block-group__inner-container is-layout-constrained wp-block-group-is-layout-constrained\">\n<h2 class=\"wp-block-heading\" style=\"padding-top:var(--wp--preset--spacing--40);padding-bottom:var(--wp--preset--spacing--40);font-size:25px;font-style:normal;font-weight:600;text-transform:capitalize\">Warum dieses 4 Zoll breite LED-Profil w\u00e4hlen?<\/h2>\n\n\n\n<p>Mit dem 4-Zoll-LED-Profil k\u00f6nnen Sie helle und kontinuierliche Lichtlinien erstellen. Es hat einen extra breiten K\u00f6rper, sodass es viele LED-Streifen oder breite COB-LED-Streifen aufnehmen kann. Dadurch erhalten Sie helles, gleichm\u00e4\u00dfiges Licht ohne dunkle Bereiche.<\/p>\n\n\n\n<p>Der 6063-T5 Aluminiumkanal wirkt als W\u00e4rmeabsorber, um zu verhindern, dass Ihre LED-Streifen zu hei\u00df werden. Dies gew\u00e4hrleistet eine l\u00e4ngere Lebensdauer und bessere Leistung der Lichter. Das pulverbeschichtete Finish in Wei\u00df passt zu den meisten Innenr\u00e4umen, kann jedoch leicht lackiert werden, um Ihrem Stil zu entsprechen.<\/p>\n\n\n\n<p>Dieses Profil ist perfekt f\u00fcr die Beleuchtung in Wohnungen, Unternehmen, Gesch\u00e4ften, K\u00fcchen usw. Seine breite Form und der glatte Diffusor machen es sowohl f\u00fcr allgemeine als auch f\u00fcr Akzentbeleuchtung geeignet.<\/p>\n<\/div><\/div>\n\n\n\n<p><\/p>","protected":false},"featured_media":14734,"template":"","meta":{"_acf_changed":true,"_seopress_robots_primary_cat":"none","_seopress_titles_title":"4 Inch Wide Recessed LED Profile | 100mm Large Aluminum Channel | TANGOOLED","_seopress_titles_desc":"The R10035 is a professional 4 inch wide recessed LED profile (100mm). Designed for high-output commercial lighting, this large white aluminum channel supports multi-row strips for a powerful, seamless linear glow.","_seopress_robots_index":""},"pcb-width":[233],"product-cat":[193],"class_list":{"0":"post-34993","1":"product","2":"type-product","3":"status-publish","4":"has-post-thumbnail","6":"pcb-width-50-90mm","7":"product-cat-recessed-profile"},"acf":[],"_links":{"self":[{"href":"https:\/\/tangooled.com\/de\/wp-json\/wp\/v2\/product\/34993","targetHints":{"allow":["GET"]}}],"collection":[{"href":"https:\/\/tangooled.com\/de\/wp-json\/wp\/v2\/product"}],"about":[{"href":"https:\/\/tangooled.com\/de\/wp-json\/wp\/v2\/types\/product"}],"wp:featuredmedia":[{"embeddable":true,"href":"https:\/\/tangooled.com\/de\/wp-json\/wp\/v2\/media\/14734"}],"wp:attachment":[{"href":"https:\/\/tangooled.com\/de\/wp-json\/wp\/v2\/media?parent=34993"}],"wp:term":[{"taxonomy":"pcb-width","embeddable":true,"href":"https:\/\/tangooled.com\/de\/wp-json\/wp\/v2\/pcb-width?post=34993"},{"taxonomy":"product-cat","embeddable":true,"href":"https:\/\/tangooled.com\/de\/wp-json\/wp\/v2\/product-cat?post=34993"}],"curies":[{"name":"wp","href":"https:\/\/api.w.org\/{rel}","templated":true}]}}