{"id":34992,"date":"2025-07-01T05:57:33","date_gmt":"2025-07-01T13:57:33","guid":{"rendered":"https:\/\/tangooled.com\/?post_type=product&#038;p=34992"},"modified":"2026-01-25T22:40:30","modified_gmt":"2026-01-26T06:40:30","slug":"75x75mm-ceiling-recessed-led-profile-driver-space","status":"publish","type":"product","link":"https:\/\/tangooled.com\/de\/product\/75x75mm-ceiling-recessed-led-profile-driver-space\/","title":{"rendered":"75x75mm Decken eingelassenes LED-Profil mit integriertem Treiberraum"},"content":{"rendered":"<div class=\"wp-block-group\" style=\"padding-top:var(--wp--preset--spacing--80);padding-bottom:var(--wp--preset--spacing--80)\"><div class=\"wp-block-group__inner-container is-layout-constrained wp-block-group-is-layout-constrained\">\n<p>Dieser 75x75mm Decken-Einbau-LED-Kanal besteht aus hochwertigem 6063-T5-Aluminiumlegierung und hat einen integrierten Platz f\u00fcr einen Treiber. Er ist daf\u00fcr gedacht, in einen Eingeschr\u00e4gten Raum installiert zu werden. Er funktioniert mit vierr\u00e4drigen LED-Streifen oder starren LED-Streifen, die 50 mm breit oder weniger sind.<\/p>\n\n\n\n<p>What&#8217;s great about this LED channel is that it has a built-in place for an LED driver and a removable middle layer for LED strip lights. The space for the driver inside the channel makes the outside look clean. The movable layer allows for easier maintenance.<\/p>\n\n\n\n<p>Dieser 75mm eingebaute LED-Kanal wird mit Metall-Endkappen, U-Halterungen und verschiedenen Steckverbindern geliefert, die die Installation \u00e4u\u00dferst flexibel machen. Sie k\u00f6nnen diese Zubeh\u00f6rteile verwenden, um mehrere Kan\u00e4le nahtlos zu verbinden und um komplexe, ma\u00dfgeschneiderte Formen und geometrische Formen zusammenzuf\u00fcgen, die an jedes Design angepasst werden k\u00f6nnen.<\/p>\n\n\n\n<p>Dieser 75x75mm Aluminiumkanal wird h\u00e4ufig in der Wohnraumbeleuchtung und in kommerziellen Beleuchtungsprojekten wie Decken, K\u00fcchen, Esszimmer, B\u00fcros usw. verwendet.<\/p>\n<\/div><\/div>\n\n\n\n<div class=\"wp-block-group has-background is-vertical is-layout-flex wp-container-core-group-is-layout-d255d7c4 wp-block-group-is-layout-flex\" style=\"background-color:#f1f1f1;padding-top:var(--wp--preset--spacing--80);padding-bottom:var(--wp--preset--spacing--80)\">\n<div class=\"wp-block-group is-vertical is-layout-flex wp-container-core-group-is-layout-8cf370e7 wp-block-group-is-layout-flex\">\n<h2 class=\"wp-block-heading\" style=\"padding-top:var(--wp--preset--spacing--40);padding-bottom:var(--wp--preset--spacing--40);font-size:25px;font-style:normal;font-weight:600;text-transform:capitalize\">Was macht dieses 75x75mm Decken-Einbau-LED-Profil besonders?<\/h2>\n\n\n\n<ul class=\"wp-block-list\">\n<li>Integrated Driver Space: The power supply fits inside the channel since there is a built-in driver space. You don&#8217;t need to hide drivers in other boxes or places.<\/li>\n\n\n\n<li>Trimless, recessed installation: The channel&#8217;s flange fits beneath drywall or plaster for a smooth, mud-in finish that lets in light without showing any boundaries.<\/li>\n\n\n\n<li>Haltbare Aluminium-W\u00e4rmesenke: Diese W\u00e4rmesenke besteht aus hochwertigem ausgedr\u00fccktem Aluminium, was dazu beitr\u00e4gt, dass LED-Streifen l\u00e4nger halten, indem sie sie k\u00fchl h\u00e4lt.<\/li>\n\n\n\n<li>Blendfreies Diffusoren: Die drei verschiedenen Diffusoren f\u00fcr diesen Kanal bieten punktlose und blendfreie Beleuchtung.<\/li>\n\n\n\n<li>Funktioniert mit vielen LED-Streifen: Passt auf gro\u00dfe LED-Streifen, einschlie\u00dflich dualer und Philips Hue-Systeme.<\/li>\n<\/ul>\n<\/div>\n<\/div>\n\n\n\n<div class=\"wp-block-group\" style=\"padding-top:var(--wp--preset--spacing--60);padding-bottom:var(--wp--preset--spacing--60)\"><div class=\"wp-block-group__inner-container is-layout-constrained wp-block-group-is-layout-constrained\">\n<div class=\"wp-block-media-text has-media-on-the-right is-stacked-on-mobile\"><div class=\"wp-block-media-text__content\">\n<h2 class=\"wp-block-heading\" style=\"font-size:25px;font-style:normal;font-weight:600;text-transform:capitalize\">Wie man installiert<\/h2>\n\n\n\n<ul class=\"wp-block-list\">\n<li>Schneiden Sie den Aluminiumkanal und die mittlere Schublade auf die richtige L\u00e4nge.<\/li>\n\n\n\n<li>Kleben Sie die LED-Streifen in die abnehmbare Schublade und fixieren Sie die Schublade mit Schrauben im Kanal.<\/li>\n\n\n\n<li>Legen Sie den LED-Treiber in den bereits vorhandenen Raum unten.<\/li>\n\n\n\n<li>Verbinden und testen Sie den LED-Treiber und die Streifen.<\/li>\n\n\n\n<li>Bedecken Sie den Diffusor und befestigen Sie die Endkappen an beiden Seiten.<\/li>\n\n\n\n<li>Benutzen Sie U-Halterungen, um das Kanallicht in die Decke oder in den Trockenbau einzugraben.<\/li>\n<\/ul>\n<\/div><figure class=\"wp-block-media-text__media\"><img loading=\"lazy\" decoding=\"async\" width=\"500\" height=\"500\" src=\"https:\/\/tangooled.com\/wp-content\/uploads\/2025\/07\/r7572-ins.webp\" alt=\"75mm recessed aluminum led channel with built in driver space\" class=\"wp-image-41240 size-full\" srcset=\"https:\/\/tangooled.com\/wp-content\/uploads\/2025\/07\/r7572-ins.webp 500w, https:\/\/tangooled.com\/wp-content\/uploads\/2025\/07\/r7572-ins-300x300.webp 300w, https:\/\/tangooled.com\/wp-content\/uploads\/2025\/07\/r7572-ins-150x150.webp 150w\" sizes=\"auto, (max-width: 500px) 100vw, 500px\" \/><\/figure><\/div>\n<\/div><\/div>\n\n\n\n<div class=\"wp-block-group has-background\" style=\"background-color:#f1f1f1f2;padding-top:var(--wp--preset--spacing--80);padding-bottom:var(--wp--preset--spacing--80)\"><div class=\"wp-block-group__inner-container is-layout-constrained wp-block-group-is-layout-constrained\">\n<h2 class=\"wp-block-heading\" style=\"padding-top:var(--wp--preset--spacing--40);padding-bottom:var(--wp--preset--spacing--40);font-size:25px;font-style:normal;font-weight:600;text-transform:capitalize\">Was k\u00f6nnen Sie im Kit erhalten?<\/h2>\n\n\n\n<ul class=\"wp-block-list\">\n<li>Anodierter Aluminiumkanal und mittlere Schublade (auf Gr\u00f6\u00dfe geschnitten)<\/li>\n\n\n\n<li>Opal-, frostiger oder mikroprismatischer LED-Diffusor<\/li>\n\n\n\n<li>Zwei Metall-Endkappen<\/li>\n\n\n\n<li>Eingelassene Schnallen<\/li>\n\n\n\n<li>Steckverbinder<\/li>\n<\/ul>\n<\/div><\/div>\n\n\n\n<div class=\"wp-block-group\" style=\"padding-top:var(--wp--preset--spacing--80);padding-bottom:var(--wp--preset--spacing--80)\"><div class=\"wp-block-group__inner-container is-layout-constrained wp-block-group-is-layout-constrained\">\n<h2 class=\"wp-block-heading\" style=\"padding-top:var(--wp--preset--spacing--40);padding-bottom:var(--wp--preset--spacing--40);font-size:25px;font-style:normal;font-weight:600;text-transform:capitalize\">Wo kann dieser 75x75mm Decken-Einbau-LED-Kanal verwendet werden?<\/h2>\n\n\n\n<ul class=\"wp-block-list\">\n<li>Heime: Wohnzimmer und Heimkinos, wo Sie saubere, moderne Lichtlinien w\u00fcnschen.<\/li>\n\n\n\n<li>B\u00fcros: Flure und Konferenzr\u00e4ume mit eleganter Umgebungsbeleuchtung.<\/li>\n\n\n\n<li>Einzelhandel und Gastgewerbe: Verwenden Sie Akzentbeleuchtung oder Nischenbeleuchtung, um auf architektonische Details in Gesch\u00e4ften, Hotel-Lobbys und Restaurants aufmerksam zu machen.<\/li>\n\n\n\n<li>Architektonische Beleuchtung: Verwenden Sie eine starke, helle Lichtlinie, um W\u00e4nde, Decken und Ver\u00e4nderungen im Raum zu umrei\u00dfen.<\/li>\n<\/ul>\n<\/div><\/div>\n\n\n\n<div class=\"wp-block-group has-background\" style=\"background-color:#f1f1f1;padding-top:var(--wp--preset--spacing--80);padding-bottom:var(--wp--preset--spacing--80)\"><div class=\"wp-block-group__inner-container is-layout-constrained wp-block-group-is-layout-constrained\">\n<h2 class=\"wp-block-heading\" style=\"padding-top:var(--wp--preset--spacing--40);padding-bottom:var(--wp--preset--spacing--40);font-size:25px;font-style:normal;font-weight:600;text-transform:capitalize\">Zusammenfassung<\/h2>\n\n\n\n<p style=\"padding-right:var(--wp--preset--spacing--50);padding-left:var(--wp--preset--spacing--50)\">Dieses 75x75mm Decken-Einbau-LED-Profil mit integriertem Treiberplatz ist die beste LED-Extrusion f\u00fcr Menschen, die randloses, architektonisches Licht w\u00fcnschen, das leicht zu installieren ist. Es erzeugt ein starkes Linienlicht, das in flachem Trockenbau oder an der Decke passt und ein b\u00fcndiges Finish hat.<\/p>\n\n\n\n<p style=\"padding-right:var(--wp--preset--spacing--50);padding-left:var(--wp--preset--spacing--50)\">Es kann an verschiedenen Orten verwendet werden, von K\u00fcchen zu Hause \u00fcber Flure am Arbeitsplatz bis hin zu Verkaufsdisplays. Es hat snap-on Diffusoren, die das Licht glatt und punktlos machen, und es hat Platz f\u00fcr gro\u00dfe LED-Streifen.<\/p>\n<\/div><\/div>\n\n\n\n<p style=\"padding-top:var(--wp--preset--spacing--60);padding-bottom:var(--wp--preset--spacing--60)\">Entdecken Sie alle Optionen, von schlanken Profilen bis hin zu breiten Kan\u00e4len, sowie Zubeh\u00f6r wie Endkappen und Montagesets bei Tangooled:<\/p>\n\n\n\n<ul class=\"wp-block-list\">\n<li><mark style=\"background-color:rgba(0, 0, 0, 0)\" class=\"has-inline-color has-vivid-red-color\"><a href=\"https:\/\/tangooled.com\/de\/product\/black-led-profile-with-black-diffuser-for-10mm-led-strip-light\/\">Schwarzes LED-Profil mit schwarzem Diffusor<\/a><\/mark><\/li>\n\n\n\n<li><a href=\"https:\/\/tangooled.com\/de\/product\/25x6mm-low-profile-led-strip-channel-for-10mm-led-strip-light\/\"><mark style=\"background-color:rgba(0, 0, 0, 0)\" class=\"has-inline-color has-vivid-red-color\">25x6mm Flachprofil-LED-Kanal<\/mark><\/a><\/li>\n\n\n\n<li><a href=\"https:\/\/tangooled.com\/de\/product\/surface-mount-led-profile-with-frosted-diffuser-for-10mm-rope-lights\/\"><mark style=\"background-color:rgba(0, 0, 0, 0)\" class=\"has-inline-color has-vivid-red-color\">Oberfl\u00e4chenmontage LED-Profil mit mattiertem Diffusor<\/mark><\/a><\/li>\n<\/ul>\n\n\n\n<p><\/p>","protected":false},"featured_media":14737,"template":"","meta":{"_acf_changed":true,"_seopress_robots_primary_cat":"none","_seopress_titles_title":"75x75mm Ceiling Recessed LED Profile | Integrated Driver Space","_seopress_titles_desc":"Streamline your installation with our 75x75mm ceiling recessed LED profile. Featuring a large built-in driver space, this deep aluminum channel ensures a flawless, dot-free glow for commercial main lighting.","_seopress_robots_index":""},"pcb-width":[232],"product-cat":[193],"class_list":{"0":"post-34992","1":"product","2":"type-product","3":"status-publish","4":"has-post-thumbnail","6":"pcb-width-35-45mm","7":"product-cat-recessed-profile"},"acf":[],"_links":{"self":[{"href":"https:\/\/tangooled.com\/de\/wp-json\/wp\/v2\/product\/34992","targetHints":{"allow":["GET"]}}],"collection":[{"href":"https:\/\/tangooled.com\/de\/wp-json\/wp\/v2\/product"}],"about":[{"href":"https:\/\/tangooled.com\/de\/wp-json\/wp\/v2\/types\/product"}],"wp:featuredmedia":[{"embeddable":true,"href":"https:\/\/tangooled.com\/de\/wp-json\/wp\/v2\/media\/14737"}],"wp:attachment":[{"href":"https:\/\/tangooled.com\/de\/wp-json\/wp\/v2\/media?parent=34992"}],"wp:term":[{"taxonomy":"pcb-width","embeddable":true,"href":"https:\/\/tangooled.com\/de\/wp-json\/wp\/v2\/pcb-width?post=34992"},{"taxonomy":"product-cat","embeddable":true,"href":"https:\/\/tangooled.com\/de\/wp-json\/wp\/v2\/product-cat?post=34992"}],"curies":[{"name":"wp","href":"https:\/\/api.w.org\/{rel}","templated":true}]}}