{"id":34991,"date":"2025-07-01T05:50:39","date_gmt":"2025-07-01T13:50:39","guid":{"rendered":"https:\/\/tangooled.com\/?post_type=product&#038;p=34991"},"modified":"2026-01-25T22:19:17","modified_gmt":"2026-01-26T06:19:17","slug":"75mm-recessed-black-led-aluminum-channel-for-multi-led-strips","status":"publish","type":"product","link":"https:\/\/tangooled.com\/de\/product\/75mm-recessed-black-led-aluminum-channel-for-multi-led-strips\/","title":{"rendered":"75mm eingelassener schwarzer LED-Aluminiumkanal f\u00fcr mehrere LED-Streifen"},"content":{"rendered":"<div class=\"wp-block-group is-vertical is-layout-flex wp-container-core-group-is-layout-d255d7c4 wp-block-group-is-layout-flex\" style=\"padding-top:var(--wp--preset--spacing--80);padding-bottom:var(--wp--preset--spacing--80)\">\n<p>Unser 75 mm breiter, versenkt angebrachter schwarzer LED-Aluminiumkanal ist f\u00fcr eine nahtlose Integration konzipiert. Er verf\u00fcgt \u00fcber eine Innenbreite von 65 mm, eine H\u00f6he von 32 mm und 7 mm gro\u00dfe Flansche auf jeder Seite. Dieses Design ist f\u00fcr die versenkte Installation entwickelt, die die L\u00fccken zwischen der Leuchte und der Wand- oder Deckenstruktur verbirgt und den \u00dcbergang zwischen ihnen sanft gestaltet.<\/p>\n\n\n\n<p>Mit einer Innenbreite von 65 mm kann dieser schwarze LED-Kanal mehr als einen LED-Streifen oder einen breiten starren PCB-Streifen enthalten. Dieses wichtige Merkmal sorgt daf\u00fcr, dass die Lichtausgabe hoch und hell ist, w\u00e4hrend Sie dennoch ein helles Beleuchtungserlebnis genie\u00dfen.<\/p>\n\n\n\n<p>This 75&#215;32 recessed aluminum channel has diffusers that are opal, frosted, or micro-prismatic. This option gives you the choice between a dotless lighting effect and glare-free light, depending on what you need for your design.<\/p>\n<\/div>\n\n\n\n<div class=\"wp-block-group has-background is-vertical is-layout-flex wp-container-core-group-is-layout-d255d7c4 wp-block-group-is-layout-flex\" style=\"background-color:#f1f1f1;padding-top:var(--wp--preset--spacing--80);padding-bottom:var(--wp--preset--spacing--80)\">\n<div class=\"wp-block-group is-vertical is-layout-flex wp-container-core-group-is-layout-8cf370e7 wp-block-group-is-layout-flex\">\n<h2 class=\"wp-block-heading\" style=\"padding-top:var(--wp--preset--spacing--40);padding-bottom:var(--wp--preset--spacing--40);font-size:25px;font-style:normal;font-weight:600;text-transform:capitalize\">Warum unseren 75 mm breiten versenkten schwarzen LED-Kanal w\u00e4hlen?<\/h2>\n\n\n\n<ul class=\"wp-block-list\">\n<li>The wide size of 75mm \u00d7 32mm lets you put multiple LED strips inside.<\/li>\n\n\n\n<li>Das versenkte Design erm\u00f6glicht es Ihnen, den Kanal in Ihrer Wand oder Decke zu verbergen. Es gibt keine unsch\u00f6nen Kanten, nur saubere Linien.<\/li>\n\n\n\n<li>Die matte schwarze Ausf\u00fchrung macht ihn perfekt f\u00fcr moderne Wohnr\u00e4ume, B\u00fcros und Gesch\u00e4fte, in denen Stil wichtig ist.<\/li>\n\n\n\n<li>Das Aluminiumgeh\u00e4use k\u00fchlt die LED-Streifen gut, was ihre Lebensdauer verl\u00e4ngert.<\/li>\n\n\n\n<li>Der matte LED-Diffusor sorgt f\u00fcr ein punkteloses, gleichm\u00e4\u00dfiges Licht, w\u00e4hrend der mikroprismatische Diffusor blendfrei ist.<\/li>\n\n\n\n<li>It&#8217;s a great choice for high-output lighting in homes, offices, or stores.<\/li>\n<\/ul>\n<\/div>\n<\/div>\n\n\n\n<div class=\"wp-block-group\" style=\"padding-top:var(--wp--preset--spacing--60);padding-bottom:var(--wp--preset--spacing--60)\"><div class=\"wp-block-group__inner-container is-layout-constrained wp-block-group-is-layout-constrained\">\n<div class=\"wp-block-media-text has-media-on-the-right is-stacked-on-mobile\"><div class=\"wp-block-media-text__content\">\n<h2 class=\"wp-block-heading\" style=\"padding-top:var(--wp--preset--spacing--40);padding-bottom:var(--wp--preset--spacing--40);font-size:25px;text-transform:capitalize\">Wie installiere ich?<\/h2>\n\n\n\n<ul class=\"wp-block-list\">\n<li>Schneiden Sie eine Nut in Trockenbauw\u00e4nden, Decken oder ma\u00dfgefertigten Holzplatten von etwa 75 mm Breite und 32 mm Tiefe.<\/li>\n\n\n\n<li>Kleben Sie die LED-Streifen in den Kanal.<\/li>\n\n\n\n<li>Klicken Sie die Diffusor-Abdeckung auf und befestigen Sie die Endkappen f\u00fcr ein fertiges Aussehen.<\/li>\n\n\n\n<li>Befestigen Sie die Versenkungsst\u00fctzen auf der R\u00fcckseite dieses Kanals.<\/li>\n\n\n\n<li>Setzen Sie den 75x32 mm versenkten schwarzen LED-Aluminiumkanal b\u00fcndig mit der Oberfl\u00e4che ein.<\/li>\n<\/ul>\n<\/div><figure class=\"wp-block-media-text__media\"><img loading=\"lazy\" decoding=\"async\" width=\"500\" height=\"500\" src=\"https:\/\/tangooled.com\/wp-content\/uploads\/2025\/07\/r7532-ins-c.webp\" alt=\"75x32mm recessed black led aluminum channel for multi led strips\" class=\"wp-image-41259 size-full\" srcset=\"https:\/\/tangooled.com\/wp-content\/uploads\/2025\/07\/r7532-ins-c.webp 500w, https:\/\/tangooled.com\/wp-content\/uploads\/2025\/07\/r7532-ins-c-300x300.webp 300w, https:\/\/tangooled.com\/wp-content\/uploads\/2025\/07\/r7532-ins-c-150x150.webp 150w\" sizes=\"auto, (max-width: 500px) 100vw, 500px\" \/><\/figure><\/div>\n<\/div><\/div>\n\n\n\n<div class=\"wp-block-group has-background\" style=\"background-color:#f1f1f1;padding-top:var(--wp--preset--spacing--80);padding-bottom:var(--wp--preset--spacing--80)\"><div class=\"wp-block-group__inner-container is-layout-constrained wp-block-group-is-layout-constrained\">\n<h2 class=\"wp-block-heading\" style=\"padding-top:var(--wp--preset--spacing--40);padding-bottom:var(--wp--preset--spacing--40);font-size:25px;font-style:normal;font-weight:600;text-transform:capitalize\">What&#8217;s in the kit?<\/h2>\n\n\n\n<ul class=\"wp-block-list\">\n<li>Schwarzes beschichtetes Aluminiumprofil<\/li>\n\n\n\n<li>Opal-PC-Lichtdiffusor<\/li>\n\n\n\n<li>Metall-Endkappen<\/li>\n\n\n\n<li>Federst\u00fctzen<\/li>\n<\/ul>\n<\/div><\/div>\n\n\n\n<div class=\"wp-block-group\" style=\"padding-top:var(--wp--preset--spacing--80);padding-bottom:var(--wp--preset--spacing--80)\"><div class=\"wp-block-group__inner-container is-layout-constrained wp-block-group-is-layout-constrained\">\n<h2 class=\"wp-block-heading\" style=\"padding-top:var(--wp--preset--spacing--40);padding-bottom:var(--wp--preset--spacing--40);font-size:25px;font-style:normal;font-weight:600;text-transform:capitalize\">Perfekt f\u00fcr diese Orte<\/h2>\n\n\n\n<ul class=\"wp-block-list\">\n<li>Gro\u00dfe B\u00fcros und Gesch\u00e4fte: Prim\u00e4rbeleuchtung f\u00fcr offene R\u00e4ume. Versenkt f\u00fcr helles, gleichm\u00e4\u00dfiges Licht ohne Blendung in Rechenzentren und Co-Working-Bereichen.<\/li>\n\n\n\n<li>\u00d6ffentliche und spezialisierte R\u00e4ume: Hochqualitative Beleuchtung f\u00fcr Bereiche wie Konferenzs\u00e4le, Ausstellungszentren, Krankenhausflure und gro\u00dfe Lobbys. Bietet breite, funktionale Lichtabdeckung.<\/li>\n\n\n\n<li>Einzelhandels- und Ausstellungsbereich: Eingebaute Akzentbeleuchtung f\u00fcr W\u00e4nde und Regale. Es strahlt sanftes, helles Licht aus, das Dinge in Ausstellungsr\u00e4umen und hochwertigen Gesch\u00e4ften hervorhebt.<\/li>\n\n\n\n<li>Elementbeleuchtung f\u00fcr hochwertige Bereiche. Erzeugt Lichtlinien, die immer an sind und in Hotel-Lobbys und Fluren ge\u00e4ndert werden k\u00f6nnen, um Besucher zu leiten und die Atmosph\u00e4re zu verbessern.<\/li>\n<\/ul>\n<\/div><\/div>\n\n\n\n<div class=\"wp-block-group has-background\" style=\"background-color:#f1f1f1;padding-top:var(--wp--preset--spacing--80);padding-bottom:var(--wp--preset--spacing--80)\"><div class=\"wp-block-group__inner-container is-layout-constrained wp-block-group-is-layout-constrained\">\n<h2 class=\"wp-block-heading\" style=\"padding-top:var(--wp--preset--spacing--40);padding-bottom:var(--wp--preset--spacing--40);font-size:25px;font-style:normal;font-weight:600;text-transform:capitalize\">Entsprechende Produkte f\u00fcr unterschiedliche Bed\u00fcrfnisse<\/h2>\n\n\n\n<p style=\"padding-right:var(--wp--preset--spacing--50);padding-left:var(--wp--preset--spacing--50)\">F\u00fcr Varianten mit Aufputzmontage siehe das Aufputz-LED-Profil mit mattem Diffusor f\u00fcr 10 mm Seillichter.<mark style=\"background-color:rgba(0, 0, 0, 0)\" class=\"has-inline-color has-vivid-red-color\"> <a href=\"https:\/\/tangooled.com\/de\/product\/surface-mount-led-profile-with-frosted-diffuser-for-10mm-rope-lights\/\">hier<\/a>.<\/mark> Wenn Sie einen U-f\u00f6rmigen Kanal ben\u00f6tigen, probieren Sie das schwarze Aluminium-U-Profil f\u00fcr 10 mm LED-Streifen. <a href=\"https:\/\/tangooled.com\/de\/product\/black-aluminum-u-channel-profile-for-10mm-led-strips\/\"><mark style=\"background-color:rgba(0, 0, 0, 0)\" class=\"has-inline-color has-vivid-red-color\">Link<\/mark><\/a>. F\u00fcr doppelte LED-Streifen in schmaleren Profilen pr\u00fcfen Sie den Kabinet LED-Streifen Kanal mit Diffusor f\u00fcr doppelte LED-Streifen. <a href=\"https:\/\/tangooled.com\/de\/product\/cabinet-led-strip-channel-with-diffuser-for-double-led-strips\/\"><mark style=\"background-color:rgba(0, 0, 0, 0)\" class=\"has-inline-color has-vivid-red-color\">Seite<\/mark><\/a>.<\/p>\n<\/div><\/div>\n\n\n\n<div class=\"wp-block-group\" style=\"padding-top:var(--wp--preset--spacing--80);padding-bottom:var(--wp--preset--spacing--80)\"><div class=\"wp-block-group__inner-container is-layout-constrained wp-block-group-is-layout-constrained\">\n<h2 class=\"wp-block-heading\" style=\"padding-top:var(--wp--preset--spacing--40);padding-bottom:var(--wp--preset--spacing--40);font-size:25px;text-transform:capitalize\">Zusammenfassung<\/h2>\n\n\n\n<p>Wenn Sie ein gro\u00dfes, b\u00fcndig montiertes, in Schwarz gehaltenes LED-Geh\u00e4use aus anodisiertem Aluminium ben\u00f6tigen, ist unser 75x32 mm versenkter schwarzer LED-Aluminiumkanal f\u00fcr mehrere LED-Streifen die beste L\u00f6sung. Er funktioniert mit vielen verschiedenen Arten von LED-Streifen und hilft Ihnen, eine Beleuchtung zu schaffen, die sauber, hell und elegant f\u00fcr jeden Raum ist.<\/p>\n<\/div><\/div>\n\n\n\n<p><\/p>","protected":false},"featured_media":14746,"template":"","meta":{"_acf_changed":true,"_seopress_robots_primary_cat":"none","_seopress_titles_title":"75mm Wide Recessed LED Channel | Dot-Free Profile | TANGOOLED","_seopress_titles_desc":"The R7532 is a premium 75mm wide recessed LED channel with 32mm depth for a perfect dot-free finish. Ideal for multi-row LED strips in commercial and office lighting projects.","_seopress_robots_index":""},"pcb-width":[233],"product-cat":[193],"class_list":{"0":"post-34991","1":"product","2":"type-product","3":"status-publish","4":"has-post-thumbnail","6":"pcb-width-50-90mm","7":"product-cat-recessed-profile"},"acf":[],"_links":{"self":[{"href":"https:\/\/tangooled.com\/de\/wp-json\/wp\/v2\/product\/34991","targetHints":{"allow":["GET"]}}],"collection":[{"href":"https:\/\/tangooled.com\/de\/wp-json\/wp\/v2\/product"}],"about":[{"href":"https:\/\/tangooled.com\/de\/wp-json\/wp\/v2\/types\/product"}],"wp:featuredmedia":[{"embeddable":true,"href":"https:\/\/tangooled.com\/de\/wp-json\/wp\/v2\/media\/14746"}],"wp:attachment":[{"href":"https:\/\/tangooled.com\/de\/wp-json\/wp\/v2\/media?parent=34991"}],"wp:term":[{"taxonomy":"pcb-width","embeddable":true,"href":"https:\/\/tangooled.com\/de\/wp-json\/wp\/v2\/pcb-width?post=34991"},{"taxonomy":"product-cat","embeddable":true,"href":"https:\/\/tangooled.com\/de\/wp-json\/wp\/v2\/product-cat?post=34991"}],"curies":[{"name":"wp","href":"https:\/\/api.w.org\/{rel}","templated":true}]}}