{"id":34990,"date":"2025-07-01T05:43:20","date_gmt":"2025-07-01T13:43:20","guid":{"rendered":"https:\/\/tangooled.com\/?post_type=product&#038;p=34990"},"modified":"2026-02-02T22:23:03","modified_gmt":"2026-02-03T06:23:03","slug":"inner-66mm-recessed-led-channel-for-led-strip-lighting","status":"publish","type":"product","link":"https:\/\/tangooled.com\/de\/product\/inner-66mm-recessed-led-channel-for-led-strip-lighting\/","title":{"rendered":"Innere 66mm eingelassene LED-Kan\u00e4le f\u00fcr LED-Streifenbeleuchtung"},"content":{"rendered":"<div class=\"wp-block-group is-vertical is-layout-flex wp-container-core-group-is-layout-d255d7c4 wp-block-group-is-layout-flex\" style=\"padding-top:var(--wp--preset--spacing--80);padding-bottom:var(--wp--preset--spacing--80)\">\n<p>Das Profil des inneren 66mm eingelassenen LED-Kanals ist f\u00fcr Beleuchtungsl\u00f6sungen konzipiert, die brillant und ganzheitlich sind. Es hat eine gro\u00dfe H\u00f6he von 18mm und eine breite Innenfl\u00e4che von 66mm, sodass es viele mehrreihige LED-Streifen aufnehmen kann und mehr Licht abgibt.<\/p>\n\n\n\n<p>Dieser breite, flache Aluminiumkanal mit Flanschen ist daf\u00fcr gedacht, nahtlos montiert zu werden. Wie im Installationsdiagramm gezeigt, wird es sicher an Decken mit Federunterst\u00fctzung befestigt. Das Hinzuf\u00fcgen einer PC-Diffusorabdeckung zum Profil bietet Ihnen einen breiteren, sanfteren Beleuchtungseffekt, der professioneller aussieht, indem er harte Schatten und Hotspots reduziert.<\/p>\n\n\n\n<p> .<\/p>\n<\/div>\n\n\n\n<div class=\"wp-block-group has-background\" style=\"background-color:#f1f1f1;padding-top:var(--wp--preset--spacing--80);padding-bottom:var(--wp--preset--spacing--80)\"><div class=\"wp-block-group__inner-container is-layout-constrained wp-block-group-is-layout-constrained\">\n<div class=\"wp-block-group is-vertical is-layout-flex wp-container-core-group-is-layout-8cf370e7 wp-block-group-is-layout-flex\">\n<h2 class=\"wp-block-heading\" style=\"padding-top:var(--wp--preset--spacing--40);padding-bottom:var(--wp--preset--spacing--40);font-size:25px;font-style:normal;font-weight:600;text-transform:capitalize\">Warum unser innerer 66mm eingelassener LED-Kanal?<\/h2>\n\n\n\n<ul class=\"wp-block-list\">\n<li>Die 66mm Innenbreite passen zu vielen LED-Streifenlichtern oder doppelte Row-Streifenlichtern.<\/li>\n\n\n\n<li>Gut geeignet f\u00fcr die Beleuchtung von Geb\u00e4uden, W\u00e4nden und dem Raum unter Schr\u00e4nken.<\/li>\n\n\n\n<li>Hilft bei der W\u00e4rmeableitung, indem es als K\u00fchlk\u00f6rper f\u00fcr die LEDs wirkt, was die Lebensdauer des Lichts verl\u00e4ngert.&nbsp;<\/li>\n\n\n\n<li>Einfach zu installieren mit Federunterst\u00fctzung oder Putzflanschen f\u00fcr einen trimmlosen Look.<\/li>\n\n\n\n<li>Funktioniert mit LED-Streifen bis zu 65mm Breite.<\/li>\n\n\n\n<li>Verwenden Sie es zur Beleuchtung von Gesch\u00e4ften, f\u00fcr Arbeitsaufgaben oder sogar zur Gestaltung von B\u00fcrobeleuchtung.<\/li>\n<\/ul>\n<\/div>\n<\/div><\/div>\n\n\n\n<div class=\"wp-block-group\" style=\"padding-top:var(--wp--preset--spacing--60);padding-bottom:var(--wp--preset--spacing--60)\"><div class=\"wp-block-group__inner-container is-layout-constrained wp-block-group-is-layout-constrained\">\n<div class=\"wp-block-media-text has-media-on-the-right is-stacked-on-mobile\" style=\"grid-template-columns:auto 40%\"><div class=\"wp-block-media-text__content\">\n<h2 class=\"wp-block-heading\" style=\"padding-top:var(--wp--preset--spacing--40);padding-bottom:var(--wp--preset--spacing--40);font-size:25px;font-style:normal;font-weight:600;text-transform:capitalize\">Wie man den inneren 66mm eingelassenen LED-Kanal benutzt<\/h2>\n\n\n\n<ul class=\"wp-block-list\">\n<li>Schneiden Sie eine Nut in das Trockenbau- oder Gipskartonbrett, die die gleiche Gr\u00f6\u00dfe wie der Kanal hat.<\/li>\n\n\n\n<li>Verwenden Sie Federclips, um den Kanal an Ort und Stelle zu halten, oder verwenden Sie den Putzflansch, um ihn direkt einzusetzen.<\/li>\n\n\n\n<li>Verputzen Sie die Flansche f\u00fcr eine glatte, trimmlosen Oberfl\u00e4che.<\/li>\n\n\n\n<li>Setzen Sie Ihre LED-Streifen in den Kanal ein.<\/li>\n\n\n\n<li>Setzen Sie den satinierten Diffusor auf, um eine klare Lichtlinie ohne Hotspots zu erhalten.<\/li>\n<\/ul>\n<\/div><figure class=\"wp-block-media-text__media\"><img loading=\"lazy\" decoding=\"async\" width=\"500\" height=\"500\" src=\"https:\/\/tangooled.com\/wp-content\/uploads\/2025\/07\/r7518-ins.webp\" alt=\"inner 66mm recessed led channel for led strip lighting\" class=\"wp-image-41888 size-full\" srcset=\"https:\/\/tangooled.com\/wp-content\/uploads\/2025\/07\/r7518-ins.webp 500w, https:\/\/tangooled.com\/wp-content\/uploads\/2025\/07\/r7518-ins-300x300.webp 300w, https:\/\/tangooled.com\/wp-content\/uploads\/2025\/07\/r7518-ins-150x150.webp 150w\" sizes=\"auto, (max-width: 500px) 100vw, 500px\" \/><\/figure><\/div>\n<\/div><\/div>\n\n\n\n<div class=\"wp-block-group has-background is-vertical is-layout-flex wp-container-core-group-is-layout-b429018a wp-block-group-is-layout-flex\" style=\"background-color:#f1f1f1f2;padding-top:var(--wp--preset--spacing--70);padding-bottom:var(--wp--preset--spacing--70)\">\n<h2 class=\"wp-block-heading\" style=\"padding-top:var(--wp--preset--spacing--40);padding-bottom:var(--wp--preset--spacing--40);font-size:25px;font-style:normal;font-weight:600\">Ideal f\u00fcr diese Beleuchtungsprojekte<\/h2>\n\n\n\n<ul class=\"wp-block-list\">\n<li>Architektonische Beleuchtung: Erstellen Sie eine lange lineare Deckenbeleuchtung mit modernem Look.<\/li>\n\n\n\n<li>Wandbew\u00e4sserung: Heben Sie Texturen an W\u00e4nden und anderen Oberfl\u00e4chen hervor.<\/li>\n\n\n\n<li>Beleuchtung hinter Schr\u00e4nken: Ideal f\u00fcr K\u00fcchen oder Arbeitspl\u00e4tze.<\/li>\n\n\n\n<li>Beleuchtung f\u00fcr Gesch\u00e4fte und Galerien: Helles, gleichm\u00e4\u00dfiges Licht wird Kunst oder Artikel zur Geltung bringen.<\/li>\n\n\n\n<li>B\u00fcrobeleuchtungsdesign: Stellen Sie sicher, dass Arbeitsbereiche \u00fcber sauberes, gleichm\u00e4\u00dfiges Licht verf\u00fcgen, damit die Menschen sich besser konzentrieren k\u00f6nnen.<\/li>\n<\/ul>\n<\/div>\n\n\n\n<div class=\"wp-block-group\" style=\"padding-top:var(--wp--preset--spacing--80);padding-bottom:var(--wp--preset--spacing--80)\"><div class=\"wp-block-group__inner-container is-layout-constrained wp-block-group-is-layout-constrained\">\n<h2 class=\"wp-block-heading\" style=\"padding-top:var(--wp--preset--spacing--40);padding-bottom:var(--wp--preset--spacing--40);font-size:25px;font-style:normal;font-weight:600;text-transform:capitalize\">What\u2019s in the box?<\/h2>\n\n\n\n<ul class=\"wp-block-list\">\n<li>Innerer 66mm LED-Kanal mit Flansch<\/li>\n\n\n\n<li>Satiniertes Lichtdiffusor<\/li>\n\n\n\n<li>Metall-Endkappen<\/li>\n\n\n\n<li>Federunterst\u00fctzung<\/li>\n<\/ul>\n<\/div><\/div>\n\n\n\n<div class=\"wp-block-group has-background\" style=\"background-color:#f1f1f1;padding-top:var(--wp--preset--spacing--80);padding-bottom:var(--wp--preset--spacing--80)\"><div class=\"wp-block-group__inner-container is-layout-constrained wp-block-group-is-layout-constrained\">\n<h2 class=\"wp-block-heading\" style=\"padding-top:var(--wp--preset--spacing--40);padding-bottom:var(--wp--preset--spacing--40);font-size:25px;font-style:normal;font-weight:600;text-transform:capitalize\">Mehr erfahren und verwandte Produkte sehen<\/h2>\n\n\n\n<ul class=\"wp-block-list\">\n<li>\u00dcberpr\u00fcfen Sie unsere <a href=\"https:\/\/tangooled.com\/de\/product\/black-led-profile-with-black-diffuser-for-10mm-led-strip-light\/\"><mark style=\"background-color:rgba(0, 0, 0, 0)\" class=\"has-inline-color has-vivid-red-color\">schwarzes LED-Profil mit schwarzem Diffusor f\u00fcr 10mm LED-Streifen<\/mark><\/a> f\u00fcr eine elegantere, kleinere Option.<\/li>\n\n\n\n<li>Entdecken Sie das <a href=\"https:\/\/tangooled.com\/de\/product\/surface-mount-led-profile-with-frosted-diffuser-for-10mm-rope-lights\/\"><mark style=\"background-color:rgba(0, 0, 0, 0)\" class=\"has-inline-color has-vivid-red-color\">Oberfl\u00e4chenmontage LED-Profil mit satiniertem Diffusor f\u00fcr 10mm Seilschn\u00fcre<\/mark><\/a> f\u00fcr eine einfache Oberfl\u00e4cheninstallation.<\/li>\n\n\n\n<li>Sehen Sie die <a href=\"https:\/\/tangooled.com\/de\/product\/led-strip-light-channel-aluminum-profile-with-diffused-cover-6mm-height\/\"><mark style=\"background-color:rgba(0, 0, 0, 0)\" class=\"has-inline-color has-vivid-red-color\">Aluminiumprofil f\u00fcr LED-Streifen mit diffundierender Abdeckung, H\u00f6he 6 mm<\/mark><\/a> f\u00fcr eine flache eingelassene L\u00f6sung.<\/li>\n\n\n\n<li>Entdecken <a href=\"https:\/\/tangooled.com\/de\/product\/black-aluminum-u-channel-profile-for-10mm-led-strips\/\"><mark style=\"background-color:rgba(0, 0, 0, 0)\" class=\"has-inline-color has-vivid-red-color\">schwarzes Aluminium-U-Profil f\u00fcr 10 mm LED-Streifen<\/mark><\/a> f\u00fcr einfache, elegante Montageprofile.<\/li>\n<\/ul>\n<\/div><\/div>\n\n\n\n<div class=\"wp-block-group\" style=\"padding-top:var(--wp--preset--spacing--80);padding-bottom:var(--wp--preset--spacing--80)\"><div class=\"wp-block-group__inner-container is-layout-constrained wp-block-group-is-layout-constrained\">\n<h2 class=\"wp-block-heading\" style=\"padding-top:var(--wp--preset--spacing--40);padding-bottom:var(--wp--preset--spacing--40);font-size:25px;font-style:normal;font-weight:600;text-transform:capitalize\">Zusammenfassung<\/h2>\n\n\n\n<p>Unser innerer 66mm eingelassener LED-Kanal ist die perfekte Wahl f\u00fcr architektonische lineare Beleuchtung. Er verf\u00fcgt \u00fcber eine breite Innenbreite, die die Verwendung mit hochdichten LED-Streifen erleichtert, und bildet eine Lichtlinie ohne Punkte. Der eloxierte Aluminiumboden ist von hoher Qualit\u00e4t und hilft, die LEDs k\u00fchl zu halten. Er passt gut in Trockenbau- oder Gipskartonplatten und bietet Ihnen ein sauberes, modernes Aussehen ohne Verkleidung. Sie k\u00f6nnen ihn f\u00fcr allgemeine Beleuchtung, Wandbew\u00e4sserung oder Unterbauleuchten sowohl in Unternehmen als auch in Privathaushalten verwenden.<\/p>\n<\/div><\/div>\n\n\n\n<p><\/p>","protected":false},"featured_media":14754,"template":"","meta":{"_acf_changed":true,"_seopress_robots_primary_cat":"none","_seopress_titles_title":"Inner 66mm Recessed LED Channel Aluminum Profile | TANGOOLED","_seopress_titles_desc":"The R7518 features a spacious 66mm inner width, perfect for multi-row LED strips. This wide recessed channel provides high-output linear lighting and superior heat management for LED lighting.","_seopress_robots_index":""},"pcb-width":[233],"product-cat":[193],"class_list":{"0":"post-34990","1":"product","2":"type-product","3":"status-publish","4":"has-post-thumbnail","6":"pcb-width-50-90mm","7":"product-cat-recessed-profile"},"acf":[],"_links":{"self":[{"href":"https:\/\/tangooled.com\/de\/wp-json\/wp\/v2\/product\/34990","targetHints":{"allow":["GET"]}}],"collection":[{"href":"https:\/\/tangooled.com\/de\/wp-json\/wp\/v2\/product"}],"about":[{"href":"https:\/\/tangooled.com\/de\/wp-json\/wp\/v2\/types\/product"}],"wp:featuredmedia":[{"embeddable":true,"href":"https:\/\/tangooled.com\/de\/wp-json\/wp\/v2\/media\/14754"}],"wp:attachment":[{"href":"https:\/\/tangooled.com\/de\/wp-json\/wp\/v2\/media?parent=34990"}],"wp:term":[{"taxonomy":"pcb-width","embeddable":true,"href":"https:\/\/tangooled.com\/de\/wp-json\/wp\/v2\/pcb-width?post=34990"},{"taxonomy":"product-cat","embeddable":true,"href":"https:\/\/tangooled.com\/de\/wp-json\/wp\/v2\/product-cat?post=34990"}],"curies":[{"name":"wp","href":"https:\/\/api.w.org\/{rel}","templated":true}]}}