{"id":34989,"date":"2025-07-01T05:39:58","date_gmt":"2025-07-01T13:39:58","guid":{"rendered":"https:\/\/tangooled.com\/?post_type=product&#038;p=34989"},"modified":"2026-01-31T01:37:49","modified_gmt":"2026-01-31T09:37:49","slug":"13mm-thin-large-recessed-75mm-width-led-profile","status":"publish","type":"product","link":"https:\/\/tangooled.com\/de\/product\/13mm-thin-large-recessed-75mm-width-led-profile\/","title":{"rendered":"13mm d\u00fcnnes, gro\u00dfes, eingelassenes 75mm breites LED-Profil"},"content":{"rendered":"<div class=\"wp-block-group is-vertical is-layout-flex wp-container-core-group-is-layout-d255d7c4 wp-block-group-is-layout-flex\" style=\"padding-top:var(--wp--preset--spacing--80);padding-bottom:var(--wp--preset--spacing--80)\">\n<p>The R7513 is\u00a0a 13mm thin, 75mm wide\u00a0recessed LED profile\u00a0made for high-output, flush-mount lighting. This profile&#8217;s low height of 13mm and large inner size of 63.7mm make it perfect for holding multiple rows of LED strips, ensuring maximum light while staying minimal.<\/p>\n\n\n\n<p>Dieses Aluminiumprofil ist so gefertigt, dass es perfekt in W\u00e4nde oder Decken passt, ohne sichtbare Fugen. Das Installationsdiagramm zeigt, dass der Kanal durch Federunterst\u00fctzungen in Position gehalten wird. Ein PC-Diffusor sorgt daf\u00fcr, dass das LED-Licht noch weicher, gleichm\u00e4\u00dfiger verteilt wird und Blendung verringert wird, was einen sauberen, professionellen Effekt erzeugt.<\/p>\n\n\n\n<p>Dieses anpassbare, hochleistungsf\u00e4hige Profil eignet sich hervorragend f\u00fcr viele Innenbeleuchtungsprojekte, einschlie\u00dflich allgemeiner und Akzentbeleuchtung in professionellen Umgebungen wie B\u00fcros, Fabriken, Superm\u00e4rkten, gewerblichen R\u00e4umen und architektonischen Innenr\u00e4umen.<\/p>\n<\/div>\n\n\n\n<div class=\"wp-block-group has-background\" style=\"background-color:#f1f1f1;padding-top:var(--wp--preset--spacing--80);padding-bottom:var(--wp--preset--spacing--80)\"><div class=\"wp-block-group__inner-container is-layout-constrained wp-block-group-is-layout-constrained\">\n<div class=\"wp-block-group\"><div class=\"wp-block-group__inner-container is-layout-constrained wp-block-group-is-layout-constrained\">\n<h2 class=\"wp-block-heading\" style=\"padding-top:var(--wp--preset--spacing--40);padding-bottom:var(--wp--preset--spacing--40);font-size:25px;font-style:normal;font-weight:600;text-transform:capitalize\">Warum unser 75x13mm eingelassenes LED-Profil w\u00e4hlen?<\/h2>\n\n\n\n<ul class=\"wp-block-list\">\n<li>Das ultrad\u00fcnne 13mm-Profil passt in d\u00fcnne W\u00e4nde oder Decken.<\/li>\n\n\n\n<li>Die 75mm breite \u00d6ffnung l\u00e4sst mehrere LED-Streifen hinein, wodurch das Licht stark und punktfrei wird.<\/li>\n\n\n\n<li>Hergestellt aus hochwertigem, anodisiertem Aluminium 6063-T5, das sich hervorragend als W\u00e4rmeableiter eignet.&nbsp;<\/li>\n\n\n\n<li>Verf\u00fcgt \u00fcber einen schnappbaren opalen Diffusor, der das Licht gleichm\u00e4\u00dfig und weich macht, ohne Hotspots.<\/li>\n<\/ul>\n<\/div><\/div>\n<\/div><\/div>\n\n\n\n<div class=\"wp-block-group\" style=\"padding-top:var(--wp--preset--spacing--60);padding-bottom:var(--wp--preset--spacing--60)\"><div class=\"wp-block-group__inner-container is-layout-constrained wp-block-group-is-layout-constrained\">\n<div class=\"wp-block-media-text has-media-on-the-right is-stacked-on-mobile\" style=\"grid-template-columns:auto 40%\"><div class=\"wp-block-media-text__content\">\n<h2 class=\"wp-block-heading\" style=\"padding-top:var(--wp--preset--spacing--40);padding-bottom:var(--wp--preset--spacing--40);font-size:25px;font-style:normal;font-weight:600;text-transform:capitalize\">Einfache Installation<\/h2>\n\n\n\n<ul class=\"wp-block-list\">\n<li>Schneiden Sie die Trockenbau- oder Gipskartonplatte so zu, dass das Profil hineinpasse.&nbsp;<\/li>\n\n\n\n<li>Befestigen Sie das Profil an den St\u00e4ndern oder Deckenbalken.&nbsp;<\/li>\n\n\n\n<li>Tragen Sie Trockenbaum\u00f6rtel \u00fcber die L\u00f6cher auf (M\u00f6rtel-Einbau).&nbsp;<\/li>\n\n\n\n<li>Lackieren und abschlie\u00dfen f\u00fcr ein glattes, trimless Aussehen.&nbsp;<\/li>\n\n\n\n<li>Setzen Sie Ihr LED-Streifenlicht ein.&nbsp;<\/li>\n\n\n\n<li>Snappen Sie den Diffusor auf, um Ihre eingelassene LED-Extrusion zu beenden.<\/li>\n<\/ul>\n<\/div><figure class=\"wp-block-media-text__media\"><img loading=\"lazy\" decoding=\"async\" width=\"500\" height=\"500\" src=\"https:\/\/tangooled.com\/wp-content\/uploads\/2025\/07\/r7513-ins.webp\" alt=\"13mm thin large recessed 75mm width led profile\" class=\"wp-image-41879 size-full\" srcset=\"https:\/\/tangooled.com\/wp-content\/uploads\/2025\/07\/r7513-ins.webp 500w, https:\/\/tangooled.com\/wp-content\/uploads\/2025\/07\/r7513-ins-300x300.webp 300w, https:\/\/tangooled.com\/wp-content\/uploads\/2025\/07\/r7513-ins-150x150.webp 150w\" sizes=\"auto, (max-width: 500px) 100vw, 500px\" \/><\/figure><\/div>\n<\/div><\/div>\n\n\n\n<div class=\"wp-block-group has-background is-vertical is-layout-flex wp-container-core-group-is-layout-d255d7c4 wp-block-group-is-layout-flex\" style=\"background-color:#f1f1f1;padding-top:var(--wp--preset--spacing--80);padding-bottom:var(--wp--preset--spacing--80)\">\n<h2 class=\"wp-block-heading\" style=\"padding-top:var(--wp--preset--spacing--40);padding-bottom:var(--wp--preset--spacing--40);font-size:25px;font-style:normal;font-weight:600;text-transform:capitalize\">Ideal f\u00fcr diese Anwendungen<\/h2>\n\n\n\n<ul class=\"wp-block-list\">\n<li>Architektonische LED-Extrusion f\u00fcr moderne W\u00e4nde und Decken.&nbsp;<\/li>\n\n\n\n<li>Allgemeine Beleuchtung f\u00fcr Wohnh\u00e4user, Unternehmen und Gesch\u00e4fte.&nbsp;<\/li>\n\n\n\n<li>Einzelhandelsbeleuchtung, um das Produkt hervorzuheben.<\/li>\n\n\n\n<li>Akzentbeleuchtung unter Schr\u00e4nken.<\/li>\n<\/ul>\n<\/div>\n\n\n\n<div class=\"wp-block-group\" style=\"padding-top:var(--wp--preset--spacing--80);padding-bottom:var(--wp--preset--spacing--80)\"><div class=\"wp-block-group__inner-container is-layout-constrained wp-block-group-is-layout-constrained\">\n<h2 class=\"wp-block-heading\" style=\"padding-top:var(--wp--preset--spacing--40);padding-bottom:var(--wp--preset--spacing--40);font-size:25px;font-style:normal;font-weight:600;text-transform:capitalize\">Ideal f\u00fcr diese Anwendungen<\/h2>\n\n\n\n<ul class=\"wp-block-list\">\n<li>Architektonische LED-Extrusion f\u00fcr moderne W\u00e4nde und Decken.&nbsp;<\/li>\n\n\n\n<li>Allgemeine Beleuchtung f\u00fcr Wohnh\u00e4user, Unternehmen und Gesch\u00e4fte.&nbsp;<\/li>\n\n\n\n<li>Einzelhandelsbeleuchtung, um das Produkt hervorzuheben.<\/li>\n\n\n\n<li>Akzentbeleuchtung unter Schr\u00e4nken.<\/li>\n<\/ul>\n<\/div><\/div>\n\n\n\n<div class=\"wp-block-group has-background\" style=\"background-color:#f1f1f1;padding-top:var(--wp--preset--spacing--80);padding-bottom:var(--wp--preset--spacing--80)\"><div class=\"wp-block-group__inner-container is-layout-constrained wp-block-group-is-layout-constrained\">\n<h2 class=\"wp-block-heading\" style=\"padding-top:var(--wp--preset--spacing--40);padding-bottom:var(--wp--preset--spacing--40);font-size:25px;font-style:normal;font-weight:600;text-transform:capitalize\">F\u00fcr weitere Optionen zu anderen Profilen besuchen Sie:<\/h2>\n\n\n\n<ul class=\"wp-block-list\">\n<li><a href=\"https:\/\/tangooled.com\/de\/product\/black-led-diffuser-aluminum-channel-for-12mm-tape-lights\/\"><mark style=\"background-color:rgba(0, 0, 0, 0)\" class=\"has-inline-color has-vivid-red-color\">Schwarzes LED-Diffusor-Aluminiumprofil f\u00fcr 12 mm LED-Band<\/mark><\/a><\/li>\n\n\n\n<li><a href=\"https:\/\/tangooled.com\/de\/product\/led-light-diffuser-channel-aluminum-15x12mm-for-10mm-led-strips\/\"><mark style=\"background-color:rgba(0, 0, 0, 0)\" class=\"has-inline-color has-vivid-red-color\">LED-Lichtdiffusor-Kanal aus Aluminium 15x12mm f\u00fcr 10mm LED-Streifen<\/mark><\/a><\/li>\n\n\n\n<li><a href=\"https:\/\/tangooled.com\/de\/product\/surface-mount-30mm-led-diffuser-channel-for-two-led-strips\/\"><mark style=\"background-color:rgba(0, 0, 0, 0)\" class=\"has-inline-color has-vivid-red-color\">Oberfl\u00e4chenmontage 30mm LED-Diffusor-Kanal f\u00fcr zwei LED-Streifen<\/mark><\/a><\/li>\n<\/ul>\n<\/div><\/div>\n\n\n\n<div class=\"wp-block-group\" style=\"padding-top:var(--wp--preset--spacing--80);padding-bottom:var(--wp--preset--spacing--80)\"><div class=\"wp-block-group__inner-container is-layout-constrained wp-block-group-is-layout-constrained\">\n<h2 class=\"wp-block-heading\" style=\"padding-top:var(--wp--preset--spacing--40);padding-bottom:var(--wp--preset--spacing--40);font-size:25px;font-style:normal;font-weight:600;text-transform:capitalize\">Zusammenfassung<\/h2>\n\n\n\n<p style=\"padding-right:var(--wp--preset--spacing--50);padding-left:var(--wp--preset--spacing--50)\">Das 75mm breite, 13mm d\u00fcnne eingelassene LED-Profil ist eine gro\u00dfartige M\u00f6glichkeit, viel eingelassene LED-Beleuchtung in einen modernen Raum zu integrieren. Es ist einfach zu installieren und erm\u00f6glicht eine trimless lineare Beleuchtung mit punktfreier Beleuchtung, da es klein ist und eine gro\u00dfe \u00d6ffnung hat. Hergestellt aus anodisiertem Aluminium, sorgt es daf\u00fcr, dass Ihre LEDs gut gek\u00fchlt werden, was ihre Lebensdauer verl\u00e4ngert.&nbsp;<\/p>\n<\/div><\/div>\n\n\n\n<p><\/p>","protected":false},"featured_media":14757,"template":"","meta":{"_acf_changed":true,"_seopress_robots_primary_cat":"none","_seopress_titles_title":"75mm Wide Recessed LED Profile | 13mm Thin Aluminum Lighting Channel","_seopress_titles_desc":"Shop our R7513, a 75x13mm recessed led profile designed for wide-span linear lighting. This ultra-thin 13mm profile is perfect for shallow ceilings, providing a massive light surface without requiring deep cutouts.","_seopress_robots_index":""},"pcb-width":[233],"product-cat":[193],"class_list":{"0":"post-34989","1":"product","2":"type-product","3":"status-publish","4":"has-post-thumbnail","6":"pcb-width-50-90mm","7":"product-cat-recessed-profile"},"acf":[],"_links":{"self":[{"href":"https:\/\/tangooled.com\/de\/wp-json\/wp\/v2\/product\/34989","targetHints":{"allow":["GET"]}}],"collection":[{"href":"https:\/\/tangooled.com\/de\/wp-json\/wp\/v2\/product"}],"about":[{"href":"https:\/\/tangooled.com\/de\/wp-json\/wp\/v2\/types\/product"}],"wp:featuredmedia":[{"embeddable":true,"href":"https:\/\/tangooled.com\/de\/wp-json\/wp\/v2\/media\/14757"}],"wp:attachment":[{"href":"https:\/\/tangooled.com\/de\/wp-json\/wp\/v2\/media?parent=34989"}],"wp:term":[{"taxonomy":"pcb-width","embeddable":true,"href":"https:\/\/tangooled.com\/de\/wp-json\/wp\/v2\/pcb-width?post=34989"},{"taxonomy":"product-cat","embeddable":true,"href":"https:\/\/tangooled.com\/de\/wp-json\/wp\/v2\/product-cat?post=34989"}],"curies":[{"name":"wp","href":"https:\/\/api.w.org\/{rel}","templated":true}]}}