{"id":34986,"date":"2025-07-01T05:33:13","date_gmt":"2025-07-01T13:33:13","guid":{"rendered":"https:\/\/tangooled.com\/?post_type=product&#038;p=34986"},"modified":"2026-01-31T01:33:09","modified_gmt":"2026-01-31T09:33:09","slug":"54mm-recessed-black-ceiling-led-profile-deep-channel","status":"publish","type":"product","link":"https:\/\/tangooled.com\/de\/product\/54mm-recessed-black-ceiling-led-profile-deep-channel\/","title":{"rendered":"54 mm tiefes, schwarzes LED-Profil f\u00fcr Deckenkan\u00e4le"},"content":{"rendered":"<div class=\"wp-block-group is-vertical is-layout-flex wp-container-core-group-is-layout-d255d7c4 wp-block-group-is-layout-flex\" style=\"padding-top:var(--wp--preset--spacing--80);padding-bottom:var(--wp--preset--spacing--80)\">\n<p>Dieses 54 mm tief eingesetzte schwarze LED-Profil ist eine flexible Beleuchtungsl\u00f6sung, die gut zur Decke passt. Der Sockel ist 54 mm breit und 32 mm hoch, sodass er viele mittel- bis gro\u00dfformatige LED-Streifen wie COB und hochdichte SMD-Streifen halten kann.<\/p>\n\n\n\n<p>Dieses Profil besteht aus einer starken Aluminiumlegierung, die hervorragend W\u00e4rme ableitet. Dies tr\u00e4gt dazu bei, dass die LED-Streifen l\u00e4nger halten. Die mitgelieferten Federklammern und Metallendkappen erleichtern die sichere Anbringung an Decken aus Gipskarton oder Trockenbau, wie im Diagramm gezeigt.<\/p>\n\n\n\n<p>Dieses Profil eignet sich hervorragend f\u00fcr gewerbliche und architektonische Beleuchtungsanwendungen, die eine saubere, gerade Lichtlinie ben\u00f6tigen. Einige Beispiele sind Wohnh\u00e4user, B\u00fcror\u00e4ume, Konferenzr\u00e4ume, Verkaufsstellen und Flure.<\/p>\n<\/div>\n\n\n\n<div class=\"wp-block-group has-background is-vertical is-layout-flex wp-container-core-group-is-layout-d255d7c4 wp-block-group-is-layout-flex\" style=\"background-color:#f1f1f1;padding-top:var(--wp--preset--spacing--80);padding-bottom:var(--wp--preset--spacing--80)\">\n<div class=\"wp-block-group is-vertical is-layout-flex wp-container-core-group-is-layout-8cf370e7 wp-block-group-is-layout-flex\">\n<h2 class=\"wp-block-heading\" style=\"padding-top:var(--wp--preset--spacing--40);padding-bottom:var(--wp--preset--spacing--40);font-size:25px;font-style:normal;font-weight:600;text-transform:capitalize\">Warum unser 54 mm tief eingesetztes schwarzes LED-Profil w\u00e4hlen?<\/h2>\n\n\n\n<ul class=\"wp-block-list\">\n<li>Installation ohne Verkleidung oder Vertiefung: Das Profil passt in Gipskarton- oder Putzdecken und verdeckt die Kanten. Dies l\u00e4sst es so aussehen, als k\u00e4me das Licht aus der Decke, anstatt auf ihr zu sitzen.<\/li>\n\n\n\n<li>Starke Aluminiumkonstruktion: Die 6063-T5-Aluminiumlegierung fungiert als K\u00fchlk\u00f6rper und sch\u00fctzt die LED-Streifen vor Hitze.<\/li>\n\n\n\n<li>Die tiefschwarze, matte Oberfl\u00e4che passt gut zu vielen modernen Stilen und schwarzen LED-Streuwerten.<\/li>\n\n\n\n<li>The opal diffuser clicks into place and makes the light softer and more even, so there aren&#8217;t any glaring spots or LED dots.<\/li>\n\n\n\n<li>Einfach zu verwenden: Das gesamte Kit wird mit einem Diffusorobjektiv und Endkappen geliefert, was die Montage erleichtert.<\/li>\n<\/ul>\n<\/div>\n<\/div>\n\n\n\n<div class=\"wp-block-group\" style=\"padding-top:var(--wp--preset--spacing--60);padding-bottom:var(--wp--preset--spacing--60)\"><div class=\"wp-block-group__inner-container is-layout-constrained wp-block-group-is-layout-constrained\">\n<div class=\"wp-block-media-text has-media-on-the-right is-stacked-on-mobile\" style=\"grid-template-columns:auto 40%\"><div class=\"wp-block-media-text__content\">\n<h2 class=\"wp-block-heading\" style=\"padding-top:var(--wp--preset--spacing--40);padding-bottom:var(--wp--preset--spacing--40);font-size:25px;font-style:normal;font-weight:600;text-transform:capitalize\">Installationshinweise<\/h2>\n\n\n\n<ul class=\"wp-block-list\">\n<li>Sie k\u00f6nnen den Gips direkt \u00fcber den Putzflansch auftragen. Wenn Sie es anmalen, sieht das Profil aus, als w\u00e4re es in Ihre Decke eingearbeitet.<\/li>\n\n\n\n<li>Verwenden Sie separat erh\u00e4ltliche Federst\u00fctzen, um sicherzustellen, dass sie gut sitzen.<\/li>\n\n\n\n<li>Funktioniert gut f\u00fcr gro\u00dfe Distanzen, wenn Sie mehrere Profile hintereinander anschlie\u00dfen.<\/li>\n\n\n\n<li>Kompatibel mit mehreren Arten von dimmbaren LED-Streifen, einschlie\u00dflich COB, RGBW und einstellbaren wei\u00dfen B\u00e4ndern.<\/li>\n<\/ul>\n<\/div><figure class=\"wp-block-media-text__media\"><img loading=\"lazy\" decoding=\"async\" width=\"500\" height=\"500\" src=\"https:\/\/tangooled.com\/wp-content\/uploads\/2025\/07\/r5432-ins.webp\" alt=\"54mm recessed black led aluminum profile for ceiling\" class=\"wp-image-41866 size-full\" srcset=\"https:\/\/tangooled.com\/wp-content\/uploads\/2025\/07\/r5432-ins.webp 500w, https:\/\/tangooled.com\/wp-content\/uploads\/2025\/07\/r5432-ins-300x300.webp 300w, https:\/\/tangooled.com\/wp-content\/uploads\/2025\/07\/r5432-ins-150x150.webp 150w\" sizes=\"auto, (max-width: 500px) 100vw, 500px\" \/><\/figure><\/div>\n<\/div><\/div>\n\n\n\n<div class=\"wp-block-group has-background is-vertical is-layout-flex wp-container-core-group-is-layout-b429018a wp-block-group-is-layout-flex\" style=\"background-color:#f1f1f1f2;padding-top:var(--wp--preset--spacing--70);padding-bottom:var(--wp--preset--spacing--70)\">\n<h2 class=\"wp-block-heading\" style=\"padding-top:var(--wp--preset--spacing--40);padding-bottom:var(--wp--preset--spacing--40);font-size:25px;font-style:normal;font-weight:600;text-transform:capitalize\">what&#8217;s in the kit?<\/h2>\n\n\n\n<ul class=\"wp-block-list\">\n<li>1x schwarzes eingelassenes Aluminium-LED-Profil<\/li>\n\n\n\n<li>1x opaler LED-Diffusor<\/li>\n\n\n\n<li>Zwei Metall-Endkappen <\/li>\n\n\n\n<li>Federunterst\u00fctzung<\/li>\n<\/ul>\n<\/div>\n\n\n\n<div class=\"wp-block-group is-vertical is-layout-flex wp-container-core-group-is-layout-d255d7c4 wp-block-group-is-layout-flex\" style=\"padding-top:var(--wp--preset--spacing--80);padding-bottom:var(--wp--preset--spacing--80)\">\n<h2 class=\"wp-block-heading\" style=\"padding-top:var(--wp--preset--spacing--40);padding-bottom:var(--wp--preset--spacing--40);font-size:25px;font-style:normal;font-weight:600;text-transform:capitalize\">Wof\u00fcr k\u00f6nnen Sie dieses 54 mm tief eingesetzte schwarze Decken-LED-Profil verwenden?<\/h2>\n\n\n\n<p>Dieses schwarze Aluminium-LED-Deckenprofil eignet sich perfekt f\u00fcr viele Orte<\/p>\n\n\n\n<ul class=\"wp-block-list\">\n<li>B\u00fcros und Konferenzr\u00e4ume: Verleiht Schreibtischen und Tischen f\u00fcr Besprechungen schlanke, moderne Lichtlinien.<\/li>\n\n\n\n<li>Verwenden Sie sanftes, helles Licht, um Produkte in Gesch\u00e4ften und Showrooms zu pr\u00e4sentieren.<\/li>\n\n\n\n<li>K\u00fcchen und Wohnbereiche: Bietet Arbeitsfl\u00e4chen und Inseln gleichm\u00e4\u00dfiges und breites Licht.<\/li>\n\n\n\n<li>Hotels und Lobbys: Es verleiht dem Raum einen eleganten und einladenden Look.<\/li>\n<\/ul>\n<\/div>\n\n\n\n<div class=\"wp-block-group has-background is-vertical is-layout-flex wp-container-core-group-is-layout-b429018a wp-block-group-is-layout-flex\" style=\"background-color:#f1f1f1f2;padding-top:var(--wp--preset--spacing--70);padding-bottom:var(--wp--preset--spacing--70)\">\n<h2 class=\"wp-block-heading\" style=\"padding-top:var(--wp--preset--spacing--40);padding-bottom:var(--wp--preset--spacing--40);font-size:25px;font-style:normal;font-weight:600;text-transform:capitalize\">Verwandte Produkte, die Ihnen gefallen k\u00f6nnten<\/h2>\n\n\n\n<ul class=\"wp-block-list\">\n<li><a href=\"https:\/\/tangooled.com\/de\/product\/black-led-diffuser-aluminum-channel-for-12mm-tape-lights\/\"><mark style=\"background-color:rgba(0, 0, 0, 0)\" class=\"has-inline-color has-vivid-red-color\">Schwarzes LED-Diffusor-Aluminiumprofil f\u00fcr 12 mm LED-Band<\/mark><\/a><\/li>\n\n\n\n<li><a href=\"https:\/\/tangooled.com\/de\/product\/aluminum-profile-with-60-degree-lens-led-diffuser\/\"><mark style=\"background-color:rgba(0, 0, 0, 0)\" class=\"has-inline-color has-vivid-red-color\">Aluminium-LED-Profil mit 60-Grad-Linsen-LED-Diffusor<\/mark><\/a><\/li>\n\n\n\n<li><a href=\"https:\/\/tangooled.com\/de\/product\/surface-mount-led-profile-with-frosted-diffuser-for-10mm-rope-lights\/\"><mark style=\"background-color:rgba(0, 0, 0, 0)\" class=\"has-inline-color has-vivid-red-color\">Oberfl\u00e4chenmontierter LED-Profil mit mattiertem Diffusor f\u00fcr 10 mm LED-Lichterketten<\/mark><\/a><\/li>\n\n\n\n<li><a href=\"https:\/\/tangooled.com\/de\/product\/recessed-aluminum-channel-with-ceiling-buckle-for-led-10mm-strip-light\/\"><mark style=\"background-color:rgba(0, 0, 0, 0)\" class=\"has-inline-color has-vivid-red-color\">Einbau-LED-Aluminiumprofil mit Deckenanker<\/mark><\/a><\/li>\n<\/ul>\n<\/div>\n\n\n\n<p><\/p>","protected":false},"featured_media":14771,"template":"","meta":{"_acf_changed":true,"_seopress_robots_primary_cat":"none","_seopress_titles_title":"54mm Recessed Black Ceiling LED Profile | TANGOOLED","_seopress_titles_desc":"The R5432 is a premium 54mm recessed black ceiling LED profile. Its 32mm depth ensures a flawless, dot-free glow, while the sleek black finish blends perfectly with modern architectural designs.","_seopress_robots_index":""},"pcb-width":[232],"product-cat":[193],"class_list":{"0":"post-34986","1":"product","2":"type-product","3":"status-publish","4":"has-post-thumbnail","6":"pcb-width-35-45mm","7":"product-cat-recessed-profile"},"acf":[],"_links":{"self":[{"href":"https:\/\/tangooled.com\/de\/wp-json\/wp\/v2\/product\/34986","targetHints":{"allow":["GET"]}}],"collection":[{"href":"https:\/\/tangooled.com\/de\/wp-json\/wp\/v2\/product"}],"about":[{"href":"https:\/\/tangooled.com\/de\/wp-json\/wp\/v2\/types\/product"}],"wp:featuredmedia":[{"embeddable":true,"href":"https:\/\/tangooled.com\/de\/wp-json\/wp\/v2\/media\/14771"}],"wp:attachment":[{"href":"https:\/\/tangooled.com\/de\/wp-json\/wp\/v2\/media?parent=34986"}],"wp:term":[{"taxonomy":"pcb-width","embeddable":true,"href":"https:\/\/tangooled.com\/de\/wp-json\/wp\/v2\/pcb-width?post=34986"},{"taxonomy":"product-cat","embeddable":true,"href":"https:\/\/tangooled.com\/de\/wp-json\/wp\/v2\/product-cat?post=34986"}],"curies":[{"name":"wp","href":"https:\/\/api.w.org\/{rel}","templated":true}]}}