{"id":34983,"date":"2025-07-01T05:20:00","date_gmt":"2025-07-01T13:20:00","guid":{"rendered":"https:\/\/tangooled.com\/?post_type=product&#038;p=34983"},"modified":"2026-01-25T20:19:34","modified_gmt":"2026-01-26T04:19:34","slug":"54x18mm-recessed-trim-led-tape-light-channel","status":"publish","type":"product","link":"https:\/\/tangooled.com\/de\/product\/54x18mm-recessed-trim-led-tape-light-channel\/","title":{"rendered":"54x18mm Einbau-Trimm-LED-Bandlichtkanal"},"content":{"rendered":"<div class=\"wp-block-group is-vertical is-layout-flex wp-container-core-group-is-layout-d255d7c4 wp-block-group-is-layout-flex\" style=\"padding-top:var(--wp--preset--spacing--80);padding-bottom:var(--wp--preset--spacing--80)\">\n<p>Der 54x18mm Einbau-Trimm-LED-Kanal ist eine ideale Wahl f\u00fcr nahtlose, hochhellige lineare Beleuchtung. Dieser Kanal hat eine flache Tiefe von 18mm und eine breite Innenbreite von 45mm. Er eignet sich hervorragend zum Halten breiter LED-Streifen oder mehrerer B\u00e4nder, um eine bessere Lumen-Ausgabe zu erzielen.<\/p>\n\n\n\n<p>Dieser Trimm-LED-Kanal ist so konzipiert, dass er mit eingebauten Schnallen schnell und sicher an Decken montiert werden kann, wodurch er eine saubere, schlanke Optik erh\u00e4lt. Der breite Aluminiumkanal sorgt daf\u00fcr, dass die W\u00e4rme gleichm\u00e4\u00dfig verteilt wird, was die Lebensdauer Ihrer LEDs verl\u00e4ngert und Ihnen ein gleichm\u00e4\u00dfiges, punktfreies Licht bietet.<\/p>\n\n\n\n<p>Dieser 54mm Einbaukanal eignet sich hervorragend f\u00fcr hochentwickelte Architektur-, Gewerbe- und Wohnanwendungen, wie z.B. indirekte Beleuchtung in Fluren, Verkaufsbereichen, B\u00fcros und modernen K\u00fcchen.<\/p>\n<\/div>\n\n\n\n<div class=\"wp-block-group has-background is-vertical is-layout-flex wp-container-core-group-is-layout-d255d7c4 wp-block-group-is-layout-flex\" style=\"background-color:#f1f1f1;padding-top:var(--wp--preset--spacing--80);padding-bottom:var(--wp--preset--spacing--80)\">\n<div class=\"wp-block-group is-vertical is-layout-flex wp-container-core-group-is-layout-8cf370e7 wp-block-group-is-layout-flex\">\n<h2 class=\"wp-block-heading\" style=\"padding-top:var(--wp--preset--spacing--40);padding-bottom:var(--wp--preset--spacing--40);font-size:25px;font-style:normal;font-weight:600;text-transform:capitalize\">Warum unser 54x18mm Einbau-Trimm-LED-Kanal w\u00e4hlen?<\/h2>\n\n\n\n<ul class=\"wp-block-list\">\n<li>The wide inner width (45mm) allows for generous width\u00a0or multiple LED strips<\/li>\n\n\n\n<li>Trimm-Design, das in die Wand passt f\u00fcr eine saubere Installation von Trockenbau oder Holz<\/li>\n\n\n\n<li>Ein Aluminium-W\u00e4rmesenker, um die Lichter k\u00fchl zu halten und ihre Lebensdauer zu verl\u00e4ngern<\/li>\n\n\n\n<li>Kommt mit einem satinierten Diffusor, um Punkte zu verdecken und das Licht gleichm\u00e4\u00dfig zu streuen<\/li>\n\n\n\n<li>Einfach zu montieren mit vollem Zubeh\u00f6r wie Endkappen und Federclips<\/li>\n<\/ul>\n<\/div>\n<\/div>\n\n\n\n<div class=\"wp-block-group\" style=\"padding-top:var(--wp--preset--spacing--80);padding-bottom:var(--wp--preset--spacing--80)\"><div class=\"wp-block-group__inner-container is-layout-constrained wp-block-group-is-layout-constrained\">\n<div class=\"wp-block-media-text has-media-on-the-right is-stacked-on-mobile\" style=\"grid-template-columns:auto 40%\"><div class=\"wp-block-media-text__content\">\n<h2 class=\"wp-block-heading\" style=\"padding-top:var(--wp--preset--spacing--40);padding-bottom:var(--wp--preset--spacing--40);font-size:25px;font-style:normal;font-weight:600;text-transform:capitalize\">So installieren Sie Ihren 54x18mm Einbau-Trimm-LED-Kanal<\/h2>\n\n\n\n<ul class=\"wp-block-list\">\n<li>Machen Sie eine Nut in Trockenbau oder Holz, die die richtige Gr\u00f6\u00dfe hat.<\/li>\n\n\n\n<li>Setzen Sie den 54x18mm Einbau-Trimm-LED-Kanal in die Nut ein.<\/li>\n\n\n\n<li>Verwenden Sie Federclips oder Kleber, um ihn an Ort und Stelle zu halten.<\/li>\n\n\n\n<li>Legen Sie Ihren LED-Streifen in den 45mm breiten Kanal.<\/li>\n\n\n\n<li>Setzen Sie den satinierten Diffusor auf, um weiches, gleichm\u00e4\u00dfiges Licht zu erhalten.<\/li>\n\n\n\n<li>Setzen Sie die Endkappen auf, um den Look zu vervollst\u00e4ndigen und die Kabel sicher zu halten.<\/li>\n<\/ul>\n\n\n\n<p>Tipps: F\u00fcr einen b\u00fcndigen Look ohne Trimm, erkunden Sie unsere trimmlosen Putz-LED-Kan\u00e4le wie <a href=\"https:\/\/tangooled.com\/de\/product\/plaster-drywall-aluminum-skirting-board-for-12mm-led-strip-sk12\/\"><mark style=\"background-color:rgba(0, 0, 0, 0)\" class=\"has-inline-color has-vivid-red-color\">Gips Trockenbau LED Sockelleiste<\/mark><\/a><\/p>\n<\/div><figure class=\"wp-block-media-text__media\"><img loading=\"lazy\" decoding=\"async\" width=\"500\" height=\"500\" src=\"https:\/\/tangooled.com\/wp-content\/uploads\/2025\/07\/r5418-ins.webp\" alt=\"54x18mm recessed trim led tape light channel inner width 45mm\" class=\"wp-image-41862 size-full\" srcset=\"https:\/\/tangooled.com\/wp-content\/uploads\/2025\/07\/r5418-ins.webp 500w, https:\/\/tangooled.com\/wp-content\/uploads\/2025\/07\/r5418-ins-300x300.webp 300w, https:\/\/tangooled.com\/wp-content\/uploads\/2025\/07\/r5418-ins-150x150.webp 150w\" sizes=\"auto, (max-width: 500px) 100vw, 500px\" \/><\/figure><\/div>\n<\/div><\/div>\n\n\n\n<div class=\"wp-block-group has-background\" style=\"background-color:#f1f1f1;padding-top:var(--wp--preset--spacing--80);padding-bottom:var(--wp--preset--spacing--80)\"><div class=\"wp-block-group__inner-container is-layout-constrained wp-block-group-is-layout-constrained\">\n<h2 class=\"wp-block-heading\" style=\"padding-top:var(--wp--preset--spacing--40);padding-bottom:var(--wp--preset--spacing--40);font-size:25px;font-style:normal;font-weight:600;text-transform:capitalize\">What\u2019s Included?<\/h2>\n\n\n\n<ul class=\"wp-block-list\">\n<li>Aluminium Einbaukanal (54x18mm)<\/li>\n\n\n\n<li>Snap-on satinierten Diffusor<\/li>\n\n\n\n<li>Zwei Metall-Endkappen<\/li>\n\n\n\n<li>Federclips<\/li>\n<\/ul>\n<\/div><\/div>\n\n\n\n<div class=\"wp-block-group\" style=\"padding-top:var(--wp--preset--spacing--80);padding-bottom:var(--wp--preset--spacing--80)\"><div class=\"wp-block-group__inner-container is-layout-constrained wp-block-group-is-layout-constrained\">\n<h2 class=\"wp-block-heading\" style=\"padding-top:var(--wp--preset--spacing--40);padding-bottom:var(--wp--preset--spacing--40);font-size:25px;font-style:normal;font-weight:600;text-transform:capitalize\">Wo kann man diesen LED-Kanal verwenden?<\/h2>\n\n\n\n<ul class=\"wp-block-list\">\n<li>Decken- und Wandflutlicht: Installieren Sie ihn im Trockenbau, um eine breite, gleichm\u00e4\u00dfige Lichtstreuung zu erreichen.<\/li>\n\n\n\n<li>K\u00fcchen- und Schrankbeleuchtung: Ideal f\u00fcr unter Schr\u00e4nken und Regalen.<\/li>\n\n\n\n<li>Individuelle architektonische Designs sind ideal, um gerade Linien in H\u00e4user, Gesch\u00e4fte und L\u00e4den zu bringen.<\/li>\n\n\n\n<li>Arbeits- und Akzentbeleuchtung: Helles, gleichm\u00e4\u00dfiges Licht f\u00fcr Arbeitsbereiche oder dekorative Akzente.<\/li>\n<\/ul>\n<\/div><\/div>\n\n\n\n<p><\/p>","protected":false},"featured_media":14777,"template":"","meta":{"_acf_changed":true,"_seopress_robots_primary_cat":"none","_seopress_titles_title":"54x18mm Recessed LED Channel | Wide Trim Aluminum Lighting Profile | TANGOOLED","_seopress_titles_desc":"Upgrade to high-output linear lighting with our 54x18mm recessed LED channel. This wide-trim aluminum profile is designed for professional architectural installations, offering superior diffusion and heat management.","_seopress_robots_index":""},"pcb-width":[232],"product-cat":[193],"class_list":{"0":"post-34983","1":"product","2":"type-product","3":"status-publish","4":"has-post-thumbnail","6":"pcb-width-35-45mm","7":"product-cat-recessed-profile"},"acf":[],"_links":{"self":[{"href":"https:\/\/tangooled.com\/de\/wp-json\/wp\/v2\/product\/34983","targetHints":{"allow":["GET"]}}],"collection":[{"href":"https:\/\/tangooled.com\/de\/wp-json\/wp\/v2\/product"}],"about":[{"href":"https:\/\/tangooled.com\/de\/wp-json\/wp\/v2\/types\/product"}],"wp:featuredmedia":[{"embeddable":true,"href":"https:\/\/tangooled.com\/de\/wp-json\/wp\/v2\/media\/14777"}],"wp:attachment":[{"href":"https:\/\/tangooled.com\/de\/wp-json\/wp\/v2\/media?parent=34983"}],"wp:term":[{"taxonomy":"pcb-width","embeddable":true,"href":"https:\/\/tangooled.com\/de\/wp-json\/wp\/v2\/pcb-width?post=34983"},{"taxonomy":"product-cat","embeddable":true,"href":"https:\/\/tangooled.com\/de\/wp-json\/wp\/v2\/product-cat?post=34983"}],"curies":[{"name":"wp","href":"https:\/\/api.w.org\/{rel}","templated":true}]}}