{"id":34982,"date":"2025-07-01T05:15:02","date_gmt":"2025-07-01T13:15:02","guid":{"rendered":"https:\/\/tangooled.com\/?post_type=product&#038;p=34982"},"modified":"2026-01-25T20:09:23","modified_gmt":"2026-01-26T04:09:23","slug":"50mm-wide-recessed-led-channel-13mm-depth","status":"publish","type":"product","link":"https:\/\/tangooled.com\/de\/product\/50mm-wide-recessed-led-channel-13mm-depth\/","title":{"rendered":"50 mm breiter eingelassener LED-Kanal mit 13 mm flachem Profil"},"content":{"rendered":"<div class=\"wp-block-group is-vertical is-layout-flex wp-container-core-group-is-layout-d255d7c4 wp-block-group-is-layout-flex\" style=\"padding-top:var(--wp--preset--spacing--80);padding-bottom:var(--wp--preset--spacing--80)\">\n<p>Dieser 50 mm breite eingelassene LED-Kanal ist f\u00fcr eine einfache, integrierte lineare Beleuchtung konzipiert. Das Profil ist 50 mm breit, sodass es einen gro\u00dfen, hellen Streifen gleichm\u00e4\u00dfigen Lichts abgibt, anstatt nur einer kleinen Linie. Die geringe Tiefe von 13 mm erm\u00f6glicht eine schnelle und saubere Installation und passt angenehm in d\u00fcnne Decken oder W\u00e4nde.<\/p>\n\n\n\n<p>Der eloxierte Aluminiumkanal l\u00e4sst W\u00e4rme gut entweichen, was die LEDs k\u00fchl h\u00e4lt und deren Lebensdauer verl\u00e4ngert. Der opale oder satinierten Polycarbonat-Diffusor verbirgt auch die LED-Quellenpunkte gut, sodass der Lichtausgang gleichm\u00e4\u00dfig und sanft ist. Eingelassene Schnappverschl\u00fcsse (Federklammern) erleichtern die Installation des Profils, da sie es erm\u00f6glichen, schnell und sicher an Decken oder Trockenbauw\u00e4nden befestigt zu werden, um ein glattes Erscheinungsbild zu erhalten.<\/p>\n\n\n\n<p>Diese Leuchte eignet sich ideal f\u00fcr Arbeits-, Akzent- oder Umgebungsbeleuchtung in hochwertigen Wohnh\u00e4usern, modernen B\u00fcros oder Fachgesch\u00e4ften.<\/p>\n<\/div>\n\n\n\n<div class=\"wp-block-group has-background is-vertical is-layout-flex wp-container-core-group-is-layout-d255d7c4 wp-block-group-is-layout-flex\" style=\"background-color:#f1f1f1;padding-top:var(--wp--preset--spacing--80);padding-bottom:var(--wp--preset--spacing--80)\">\n<div class=\"wp-block-group is-vertical is-layout-flex wp-container-core-group-is-layout-8cf370e7 wp-block-group-is-layout-flex\">\n<h2 class=\"wp-block-heading\" style=\"padding-top:var(--wp--preset--spacing--40);padding-bottom:var(--wp--preset--spacing--40);font-size:25px;font-style:normal;font-weight:600;text-transform:capitalize\">Was unterscheidet unseren 50 mm breiten eingelassenen LED-Kanal?<\/h2>\n\n\n\n<ul class=\"wp-block-list\">\n<li>Breite von 50 mm f\u00fcr mutige, architektonische Lichtlinien<\/li>\n\n\n\n<li>Er ist einfach zu installieren oder mit Holzarbeiten zu kombinieren, da er nur 13 mm tief ist.<\/li>\n\n\n\n<li>Der punktfreie opale\/satinierten Diffusor gibt Licht ab, das weich und gleichm\u00e4\u00dfig ist.<\/li>\n\n\n\n<li>Die breite Innenbreite (ca. 43 mm) ist gut f\u00fcr LED-Streifen geeignet, die ziemlich breit sind oder viele Reihen haben.<\/li>\n\n\n\n<li>Fl\u00e4chenb\u00fcndige eingelassene Montage mit einem Putzflansch f\u00fcr ein sauberes Aussehen.<\/li>\n<\/ul>\n<\/div>\n<\/div>\n\n\n\n<div class=\"wp-block-group\" style=\"padding-top:var(--wp--preset--spacing--60);padding-bottom:var(--wp--preset--spacing--60)\"><div class=\"wp-block-group__inner-container is-layout-constrained wp-block-group-is-layout-constrained\">\n<div class=\"wp-block-media-text has-media-on-the-right is-stacked-on-mobile\" style=\"grid-template-columns:auto 40%\"><div class=\"wp-block-media-text__content\">\n<h2 class=\"wp-block-heading\" style=\"padding-top:var(--wp--preset--spacing--40);padding-bottom:var(--wp--preset--spacing--40);font-size:25px;font-style:normal;font-weight:600;text-transform:capitalize\">Wie man den 50 mm eingelassenen LED-Kanal installiert<\/h2>\n\n\n\n<ul class=\"wp-block-list\">\n<li>Machen Sie eine Nut in der Decke oder Trockenbauwand, die die gleiche Gr\u00f6\u00dfe wie den Kanalboden hat.<\/li>\n\n\n\n<li>Legen Sie Ihr LED-Bandlicht in den Aluminiumkanal.<\/li>\n\n\n\n<li>Befestigen Sie die Endkappen und den Diffusor.<\/li>\n\n\n\n<li>Verwenden Sie die Federst\u00fctze, um das Kanallicht in der Nut zu halten.<\/li>\n\n\n\n<li>Schlie\u00dfen Sie die richtigen Strom- und Steuerger\u00e4te an.<\/li>\n<\/ul>\n<\/div><figure class=\"wp-block-media-text__media\"><img loading=\"lazy\" decoding=\"async\" width=\"500\" height=\"500\" src=\"https:\/\/tangooled.com\/wp-content\/uploads\/2025\/07\/r5413-ins.webp\" alt=\"50x13mm recessed led channel \u2013 wide, slim, and built to last\" class=\"wp-image-41857 size-full\" srcset=\"https:\/\/tangooled.com\/wp-content\/uploads\/2025\/07\/r5413-ins.webp 500w, https:\/\/tangooled.com\/wp-content\/uploads\/2025\/07\/r5413-ins-300x300.webp 300w, https:\/\/tangooled.com\/wp-content\/uploads\/2025\/07\/r5413-ins-150x150.webp 150w\" sizes=\"auto, (max-width: 500px) 100vw, 500px\" \/><\/figure><\/div>\n<\/div><\/div>\n\n\n\n<div class=\"wp-block-group has-background\" style=\"background-color:#f1f1f1;padding-top:var(--wp--preset--spacing--80);padding-bottom:var(--wp--preset--spacing--80)\"><div class=\"wp-block-group__inner-container is-layout-constrained wp-block-group-is-layout-constrained\">\n<h2 class=\"wp-block-heading\" style=\"padding-top:var(--wp--preset--spacing--40);padding-bottom:var(--wp--preset--spacing--40);font-size:25px;font-style:normal;font-weight:600;text-transform:capitalize\">What\u2019s in the kit?<\/h2>\n\n\n\n<ul class=\"wp-block-list\">\n<li>54 x 13 mm Querschnitt eingelassener Aluminiumkanal<\/li>\n\n\n\n<li>Ein opaler LED-Diffusor<\/li>\n\n\n\n<li>Metall-Endkappen<\/li>\n\n\n\n<li>Federst\u00fctzen f\u00fcr eine einfache Einrichtung.<\/li>\n<\/ul>\n<\/div><\/div>\n\n\n\n<div class=\"wp-block-group is-vertical is-layout-flex wp-container-core-group-is-layout-d255d7c4 wp-block-group-is-layout-flex\" style=\"padding-top:var(--wp--preset--spacing--80);padding-bottom:var(--wp--preset--spacing--80)\">\n<h2 class=\"wp-block-heading\" style=\"padding-top:var(--wp--preset--spacing--40);padding-bottom:var(--wp--preset--spacing--40);font-size:25px;font-style:normal;font-weight:600;text-transform:capitalize\">Wo Sie Ihren 50 mm eingelassenen LED-Kanal verwenden k\u00f6nnen<\/h2>\n\n\n\n<p>Dieser eingelassene LED-Kanal hat die Ma\u00dfe 50 x 13 mm und eignet sich f\u00fcr:<\/p>\n\n\n\n<ul class=\"wp-block-list\">\n<li>Trockenbaudecken und -w\u00e4nde: Perfekt, um breite, durchgehende lineare Lichter zu erzeugen, sollte der Flansch b\u00fcndig mit der Oberfl\u00e4che sein und verputzt werden f\u00fcr ein sauberes, rahmenloses Aussehen.<\/li>\n\n\n\n<li>Ausstellungsorte f\u00fcr Unternehmen und Gesch\u00e4fte: Ideal f\u00fcr die Allgemeinbeleuchtung oder um gro\u00dfe Produktpr\u00e4sentationen mit breitgef\u00e4chertem, gleichm\u00e4\u00dfigem Licht hervorzuheben.<\/li>\n\n\n\n<li>In B\u00fcros und Unternehmen sind sie daf\u00fcr ausgelegt, breite, schattenfreie Ambiente- oder Arbeitsbeleuchtung in offenen Arbeitspl\u00e4tzen, Konferenzr\u00e4umen und Fluren bereitzustellen.<\/li>\n\n\n\n<li>Beleuchtung f\u00fcr architektonische Merkmale: Diese Art von Beleuchtung eignet sich hervorragend f\u00fcr Lobbys, Flure und \u00f6ffentliche R\u00e4ume, die eine hochleistungsf\u00e4hige lineare Beleuchtung ben\u00f6tigen.<\/li>\n<\/ul>\n<\/div>\n\n\n\n<div class=\"wp-block-group has-background is-vertical is-layout-flex wp-container-core-group-is-layout-b429018a wp-block-group-is-layout-flex\" style=\"background-color:#f1f1f1f2;padding-top:var(--wp--preset--spacing--70);padding-bottom:var(--wp--preset--spacing--70)\">\n<h2 class=\"wp-block-heading\" style=\"padding-top:var(--wp--preset--spacing--40);padding-bottom:var(--wp--preset--spacing--40);font-size:25px;font-style:normal;font-weight:600\">Verwandte Produkte, die Ihnen gefallen k\u00f6nnten<\/h2>\n\n\n\n<ul class=\"wp-block-list\">\n<li>Entdecken Sie unser <a href=\"https:\/\/tangooled.com\/de\/product\/black-led-diffuser-aluminum-channel-for-12mm-tape-lights\/\"><mark style=\"background-color:rgba(0, 0, 0, 0)\" class=\"has-inline-color has-vivid-red-color\">Schwarzes LED-Diffusor-Aluminiumprofil f\u00fcr 12 mm Tape-Lights<\/mark><\/a> f\u00fcr eine schmale Profiloption.<\/li>\n\n\n\n<li>\u00dcberpr\u00fcfen Sie die <a href=\"https:\/\/tangooled.com\/de\/product\/surface-mount-led-profile-with-frosted-diffuser-for-10mm-rope-lights\/\"><mark style=\"background-color:rgba(0, 0, 0, 0)\" class=\"has-inline-color has-vivid-red-color\">Oberfl\u00e4chenmontage-LED-Profil mit mattem Diffusor f\u00fcr 10mm Seillichter<\/mark><\/a> falls Sie eine Oberfl\u00e4chenmontage anstelle einer eingelassenen w\u00fcnschen.<\/li>\n\n\n\n<li>Ben\u00f6tigen Sie ein kleineres eingelassenes Profil? Sehen Sie <a href=\"https:\/\/tangooled.com\/de\/product\/recessed-15x12mm-black-light-diffuser-aluminum-channel-for-10mm-led-strips\/\"><mark style=\"background-color:rgba(0, 0, 0, 0)\" class=\"has-inline-color has-vivid-red-color\">Eingelassener 15 x 12 mm schwarzer Lichtdiffusor-Aluminiumkanal f\u00fcr 10 mm LED-Streifen<\/mark><\/a><\/li>\n\n\n\n<li>F\u00fcr rahmenlose Trockenbau-markierte LED-Installationen, siehe <a href=\"https:\/\/tangooled.com\/de\/product\/trimless-drywall-led-channel-for-15mm-led-strip-lights\/\"><mark style=\"background-color:rgba(0, 0, 0, 0)\" class=\"has-inline-color has-vivid-red-color\">Randloses Trockenbau-LED-Profil f\u00fcr 15 mm LED-Streifen<\/mark><\/a><\/li>\n<\/ul>\n<\/div>\n\n\n\n<div class=\"wp-block-group is-vertical is-layout-flex wp-container-core-group-is-layout-d255d7c4 wp-block-group-is-layout-flex\" style=\"padding-top:var(--wp--preset--spacing--80);padding-bottom:var(--wp--preset--spacing--80)\">\n<h2 class=\"wp-block-heading\" style=\"padding-top:var(--wp--preset--spacing--40);padding-bottom:var(--wp--preset--spacing--40);font-size:25px;font-style:normal;font-weight:600;text-transform:capitalize\">Zusammenfassung<\/h2>\n\n\n\n<p>The 50mm recessed LED channel features a sleek design that is simple to install and performs well in large architectural lighting areas. It fits in places like drywall or ceilings and gives forth smooth, bright light without any spots. It features a robust anodized aluminum body and a lot of different diffuser options, so it&#8217;s perfect for modern homes, offices, and retailers.<\/p>\n<\/div>\n\n\n\n<p><\/p>","protected":false},"featured_media":14782,"template":"","meta":{"_acf_changed":true,"_seopress_robots_primary_cat":"none","_seopress_titles_title":"50mm Wide Recessed LED Channel 13mm Depth | TANGOOLED","_seopress_titles_desc":"Create bold light ribbons with our 50mm wide recessed LED channel. Featuring a slim 13mm depth, this flanged aluminum profile is perfect for wide-angle linear lighting in shallow ceilings and modern offices.","_seopress_robots_index":""},"pcb-width":[232],"product-cat":[193],"class_list":{"0":"post-34982","1":"product","2":"type-product","3":"status-publish","4":"has-post-thumbnail","6":"pcb-width-35-45mm","7":"product-cat-recessed-profile"},"acf":[],"_links":{"self":[{"href":"https:\/\/tangooled.com\/de\/wp-json\/wp\/v2\/product\/34982","targetHints":{"allow":["GET"]}}],"collection":[{"href":"https:\/\/tangooled.com\/de\/wp-json\/wp\/v2\/product"}],"about":[{"href":"https:\/\/tangooled.com\/de\/wp-json\/wp\/v2\/types\/product"}],"wp:featuredmedia":[{"embeddable":true,"href":"https:\/\/tangooled.com\/de\/wp-json\/wp\/v2\/media\/14782"}],"wp:attachment":[{"href":"https:\/\/tangooled.com\/de\/wp-json\/wp\/v2\/media?parent=34982"}],"wp:term":[{"taxonomy":"pcb-width","embeddable":true,"href":"https:\/\/tangooled.com\/de\/wp-json\/wp\/v2\/pcb-width?post=34982"},{"taxonomy":"product-cat","embeddable":true,"href":"https:\/\/tangooled.com\/de\/wp-json\/wp\/v2\/product-cat?post=34982"}],"curies":[{"name":"wp","href":"https:\/\/api.w.org\/{rel}","templated":true}]}}