{"id":34981,"date":"2025-07-01T05:13:13","date_gmt":"2025-07-01T13:13:13","guid":{"rendered":"https:\/\/tangooled.com\/?post_type=product&#038;p=34981"},"modified":"2026-01-25T20:01:49","modified_gmt":"2026-01-26T04:01:49","slug":"35x35mm-recessed-led-strip-profile-with-driver-space","status":"publish","type":"product","link":"https:\/\/tangooled.com\/de\/product\/35x35mm-recessed-led-strip-profile-with-driver-space\/","title":{"rendered":"35x35mm eingelassenes LED-Streifenprofil mit Treiberraum"},"content":{"rendered":"<div class=\"wp-block-group is-vertical is-layout-flex wp-container-core-group-is-layout-d255d7c4 wp-block-group-is-layout-flex\" style=\"padding-top:var(--wp--preset--spacing--80);padding-bottom:var(--wp--preset--spacing--80)\">\n<p>This 35&#215;35 mm recessed LED strip profile with driver space is designed to hide both the LED strip and its power supply seamlessly within the ceiling. This 35x35mm LED profile features a removable middle tray, which is great for installing LED strips up to 21 mm wide. The rigid aluminum profile housing ensures excellent heat management, guaranteeing the long life of your lighting system.<\/p>\n\n\n\n<p>To install, simply attach the specialized recessed buckles to the profile&#8217;s back slots. This preparatory step is vital, as it allows the fixture to be securely pushed into the ceiling cutout, achieving a perfectly flush, trimless finish that integrates cleanly with the surrounding architecture.<\/p>\n\n\n\n<p>This 35&#215;35 mm recessed LED channel is ideally suited for impactful linear lighting in high-end commercial environments. This includes large-scale projects in offices, retail spaces, and hotel lobbies.<\/p>\n<\/div>\n\n\n\n<div class=\"wp-block-group has-background\" style=\"background-color:#f1f1f1;padding-top:var(--wp--preset--spacing--80);padding-bottom:var(--wp--preset--spacing--80)\"><div class=\"wp-block-group__inner-container is-layout-constrained wp-block-group-is-layout-constrained\">\n<div class=\"wp-block-group is-vertical is-layout-flex wp-container-core-group-is-layout-8cf370e7 wp-block-group-is-layout-flex\">\n<h2 class=\"wp-block-heading\" style=\"padding-top:var(--wp--preset--spacing--40);padding-bottom:var(--wp--preset--spacing--40);font-size:25px;font-style:normal;font-weight:600;text-transform:capitalize\">Warum unser 35x35 mm LED-Streifenprofil w\u00e4hlen?<\/h2>\n\n\n\n<ul class=\"wp-block-list\">\n<li>Integrierter Treiberplatz: Verf\u00fcgbar f\u00fcr einen sehr schlanken LED-Treiber und h\u00e4lt ihn verborgen im Profil, sodass keine klobigen K\u00e4sten sichtbar sind.<\/li>\n\n\n\n<li>Sanftes Licht ohne Punkte: Der opale Diffusor sorgt f\u00fcr ein gleichm\u00e4\u00dfiges Licht ohne Flecken oder Blendung.<\/li>\n\n\n\n<li>Hochwertiges Aluminium: Ein hervorragender K\u00fchlk\u00f6rper, der die LEDs k\u00fchl h\u00e4lt und ihre Lebensdauer verl\u00e4ngert.<\/li>\n\n\n\n<li>Trimmloses, eingelassenes Design: L\u00e4sst sich leicht verputzen und sorgt f\u00fcr eine glatte Lichtverteilung.<\/li>\n\n\n\n<li>Sie k\u00f6nnen es anpassen, indem Sie die L\u00e4nge, Oberfl\u00e4chenfarbe und Zubeh\u00f6r ausw\u00e4hlen, die am besten zu Ihrem Projekt passen.<\/li>\n<\/ul>\n<\/div>\n<\/div><\/div>\n\n\n\n<div class=\"wp-block-group\" style=\"padding-top:var(--wp--preset--spacing--60);padding-bottom:var(--wp--preset--spacing--60)\"><div class=\"wp-block-group__inner-container is-layout-constrained wp-block-group-is-layout-constrained\">\n<div class=\"wp-block-media-text has-media-on-the-right is-stacked-on-mobile\" style=\"grid-template-columns:auto 40%\"><div class=\"wp-block-media-text__content\">\n<h2 class=\"wp-block-heading\" style=\"padding-top:var(--wp--preset--spacing--40);padding-bottom:var(--wp--preset--spacing--40);font-size:25px;font-style:normal;font-weight:600;text-transform:capitalize\">Zubeh\u00f6r &amp; Installation<\/h2>\n\n\n\n<ul class=\"wp-block-list\">\n<li>Metall-Endkappen: Schlie\u00dfen die Enden ab, um ihnen ein sauberes Aussehen zu verleihen.<\/li>\n\n\n\n<li>Federunterst\u00fctzung: H\u00e4lt das Profil w\u00e4hrend der Installation an Ort und Stelle.<\/li>\n\n\n\n<li>LED-Band: Funktioniert mit B\u00e4ndern bis zu 21 mm Breite, einschlie\u00dflich COB-LED-Streifen mit hohem CRI.<\/li>\n\n\n\n<li>Treibereinheiten: Verwenden Sie ultra-schlanke 24V LED-Treiber, die in das Geh\u00e4use passen.<\/li>\n<\/ul>\n<\/div><figure class=\"wp-block-media-text__media\"><img loading=\"lazy\" decoding=\"async\" width=\"500\" height=\"500\" src=\"https:\/\/tangooled.com\/wp-content\/uploads\/2025\/07\/r3535-ins.webp\" alt=\"35x35mm recessed led tape profile with driver space\" class=\"wp-image-41854 size-full\" srcset=\"https:\/\/tangooled.com\/wp-content\/uploads\/2025\/07\/r3535-ins.webp 500w, https:\/\/tangooled.com\/wp-content\/uploads\/2025\/07\/r3535-ins-300x300.webp 300w, https:\/\/tangooled.com\/wp-content\/uploads\/2025\/07\/r3535-ins-150x150.webp 150w\" sizes=\"auto, (max-width: 500px) 100vw, 500px\" \/><\/figure><\/div>\n<\/div><\/div>\n\n\n\n<div class=\"wp-block-group has-background\" style=\"background-color:#f1f1f1;padding-top:var(--wp--preset--spacing--80);padding-bottom:var(--wp--preset--spacing--80)\"><div class=\"wp-block-group__inner-container is-layout-constrained wp-block-group-is-layout-constrained\">\n<h2 class=\"wp-block-heading\" style=\"padding-top:var(--wp--preset--spacing--40);padding-bottom:var(--wp--preset--spacing--40);font-size:25px;font-style:normal;font-weight:600;text-transform:capitalize\">Wo das 35x35 mm eingelassene LED-Profil verwendet werden kann<\/h2>\n\n\n\n<ul class=\"wp-block-list\">\n<li>Decken und W\u00e4nde: Verwenden Sie das Profil, um saubere, moderne Lichtlinien in Trockenbau oder Putz zu erstellen.<\/li>\n\n\n\n<li>Cove-Beleuchtung: Setzen Sie Lichter in Nischen, um sanftes, indirektes Licht zu erzeugen.<\/li>\n\n\n\n<li>Arbeitsbeleuchtung: Ideal f\u00fcr Schreibtische, Schr\u00e4nke oder Bereiche, die klares Licht ben\u00f6tigen.<\/li>\n\n\n\n<li>Einzelhandel und Gastgewerbe: Moderne Beleuchtung in Gesch\u00e4ften, Hotels oder B\u00fcros sorgt f\u00fcr ein modernes Erscheinungsbild.<\/li>\n<\/ul>\n<\/div><\/div>\n\n\n\n<div class=\"wp-block-group\" style=\"padding-top:var(--wp--preset--spacing--80);padding-bottom:var(--wp--preset--spacing--80)\"><div class=\"wp-block-group__inner-container is-layout-constrained wp-block-group-is-layout-constrained\">\n<h2 class=\"wp-block-heading\" style=\"padding-top:var(--wp--preset--spacing--40);padding-bottom:var(--wp--preset--spacing--40);font-size:25px;font-style:normal;font-weight:600;text-transform:capitalize\">Verwandte Produkte und Quellen<\/h2>\n\n\n\n<ul class=\"wp-block-list\">\n<li>Informieren Sie sich \u00fcber verschiedene lineare LED-Profile und Zubeh\u00f6r auf <a href=\"https:\/\/klusdesign.eu\/en\/profiles-recessed\"><mark style=\"background-color:rgba(0, 0, 0, 0)\" class=\"has-inline-color has-vivid-red-color\">Klus Design Profilseite<\/mark><\/a>.<\/li>\n\n\n\n<li>F\u00fcr halb-diffusierte Streifenlicht-Optionen siehe <a href=\"https:\/\/lsicorp.com\/lighting\/product\/linear-semi-diffused\/\">L<mark style=\"background-color:rgba(0, 0, 0, 0)\" class=\"has-inline-color has-vivid-red-color\">SI Industries halb-diffusiertes Produkt<\/mark><\/a>.<\/li>\n\n\n\n<li>Entdecken <a href=\"https:\/\/www.jescolighting.com\/portfolio\/ch-sm-32\/\"><mark style=\"background-color:rgba(0, 0, 0, 0)\" class=\"has-inline-color has-vivid-red-color\">Jesco Lighting\u2019s recessed profiles<\/mark><\/a> f\u00fcr verbesserte Designoptionen<\/li>\n<\/ul>\n<\/div><\/div>\n\n\n\n<div class=\"wp-block-group has-background\" style=\"background-color:#f1f1f1f2;padding-top:var(--wp--preset--spacing--80);padding-bottom:var(--wp--preset--spacing--80)\"><div class=\"wp-block-group__inner-container is-layout-constrained wp-block-group-is-layout-constrained\">\n<h2 class=\"wp-block-heading\" style=\"padding-top:var(--wp--preset--spacing--40);padding-bottom:var(--wp--preset--spacing--40);font-size:25px;font-style:normal;font-weight:600\">W\u00e4hlen Sie uns f\u00fcr Ihre LED-Profilbed\u00fcrfnisse<\/h2>\n\n\n\n<p style=\"padding-right:var(--wp--preset--spacing--50);padding-left:var(--wp--preset--spacing--50)\">Dieses 35x35 mm eingelassene LED-Bandprofil mit Platz f\u00fcr den Treiber ist eine ideale Architekturextrusion f\u00fcr Designer, die schlanke, trimmlos eingelassene Beleuchtung mit integriertem Stromversorgungsplatz w\u00fcnschen. Der Aluminiumk\u00f6rper 6063-T5 k\u00fchlt hochwertige LED-Bandlichter schnell und sorgt durch einen langlebigen PC-opalen Diffusor f\u00fcr einen sauberen, punktelosen Glanz. Es kann an Ihre Bed\u00fcrfnisse angepasst werden und ist einfach zusammenzubauen. Es funktioniert gut in Wohnungen, Unternehmen, Gesch\u00e4ften und Hotels. <\/p>\n<\/div><\/div>\n\n\n\n<p><\/p>","protected":false},"featured_media":14810,"template":"","meta":{"_acf_changed":true,"_seopress_robots_primary_cat":"none","_seopress_titles_title":"35x35mm Recessed LED Strip Profile with Driver Space | TANGOOLED","_seopress_titles_desc":"The R3535 is a 35x35mm recessed LED strip profile with internal driver space. This large-scale aluminum channel simplifies installation by housing the power supply inside the profile.","_seopress_robots_index":""},"pcb-width":[229],"product-cat":[193],"class_list":{"0":"post-34981","1":"product","2":"type-product","3":"status-publish","4":"has-post-thumbnail","6":"pcb-width-15-20mm","7":"product-cat-recessed-profile"},"acf":[],"_links":{"self":[{"href":"https:\/\/tangooled.com\/de\/wp-json\/wp\/v2\/product\/34981","targetHints":{"allow":["GET"]}}],"collection":[{"href":"https:\/\/tangooled.com\/de\/wp-json\/wp\/v2\/product"}],"about":[{"href":"https:\/\/tangooled.com\/de\/wp-json\/wp\/v2\/types\/product"}],"wp:featuredmedia":[{"embeddable":true,"href":"https:\/\/tangooled.com\/de\/wp-json\/wp\/v2\/media\/14810"}],"wp:attachment":[{"href":"https:\/\/tangooled.com\/de\/wp-json\/wp\/v2\/media?parent=34981"}],"wp:term":[{"taxonomy":"pcb-width","embeddable":true,"href":"https:\/\/tangooled.com\/de\/wp-json\/wp\/v2\/pcb-width?post=34981"},{"taxonomy":"product-cat","embeddable":true,"href":"https:\/\/tangooled.com\/de\/wp-json\/wp\/v2\/product-cat?post=34981"}],"curies":[{"name":"wp","href":"https:\/\/api.w.org\/{rel}","templated":true}]}}