{"id":34971,"date":"2025-07-01T02:43:16","date_gmt":"2025-07-01T10:43:16","guid":{"rendered":"https:\/\/tangooled.com\/?post_type=product&#038;p=34971"},"modified":"2026-01-25T19:53:34","modified_gmt":"2026-01-26T03:53:34","slug":"32mm-deep-recessed-led-strip-channel","status":"publish","type":"product","link":"https:\/\/tangooled.com\/de\/product\/32mm-deep-recessed-led-strip-channel\/","title":{"rendered":"32mm tief eingelassener LED-Streifenkanal"},"content":{"rendered":"<div class=\"wp-block-group is-vertical is-layout-flex wp-container-core-group-is-layout-d255d7c4 wp-block-group-is-layout-flex\" style=\"padding-top:var(--wp--preset--spacing--80);padding-bottom:var(--wp--preset--spacing--80)\">\n<p>Unser R3532-Profil ist ein 32 mm tiefer eingelassener LED-Kanal. Er bietet Ihnen gleichm\u00e4\u00dfiges, hochwertiges Licht. Der Fu\u00df dieses Profils ist nur 32 mm tief und 35 mm breit, kann jedoch LED-Streifen mit einer Breite von bis zu 25 mm tragen, um eine optimale Lichtverteilung zu gew\u00e4hrleisten.<\/p>\n\n\n\n<p>The aluminum frame isn&#8217;t just for looks; it&#8217;s also a high-performance heatsink that keeps the LED strips&nbsp;functioning smoothly for a long period. The&nbsp;installation process is easy, starting with&nbsp;inserting&nbsp;special&nbsp;recessed&nbsp;buckles&nbsp;into&nbsp;the&nbsp;channel&#8217;s&nbsp;back slot, then pressing the profile into the ceiling&nbsp;or&nbsp;drywall&nbsp;groove,&nbsp;leaving&nbsp;a&nbsp;perfect,&nbsp;trimless&nbsp;finish.<\/p>\n\n\n\n<p>Diese Leuchte eignet sich f\u00fcr moderne Architekturprojekte, da sie diskretes, kontinuierliches Licht bietet, das sich hervorragend f\u00fcr professionelle Umgebungen eignet, darunter Unternehmenslobbys, spezielle Ausstellungsr\u00e4ume und moderne B\u00fcros.<\/p>\n<\/div>\n\n\n\n<div class=\"wp-block-group has-background\" style=\"background-color:#f1f1f1;padding-top:var(--wp--preset--spacing--60);padding-bottom:var(--wp--preset--spacing--60)\"><div class=\"wp-block-group__inner-container is-layout-constrained wp-block-group-is-layout-constrained\">\n<div class=\"wp-block-group\" style=\"padding-top:var(--wp--preset--spacing--80);padding-bottom:var(--wp--preset--spacing--80)\"><div class=\"wp-block-group__inner-container is-layout-constrained wp-block-group-is-layout-constrained\">\n<h2 class=\"wp-block-heading\" style=\"padding-top:var(--wp--preset--spacing--40);padding-bottom:var(--wp--preset--spacing--40);font-size:25px;font-style:normal;font-weight:600;text-transform:capitalize\">Warum sollten Sie unseren 32 mm tiefen eingelassenen LED-Kanal w\u00e4hlen?<\/h2>\n\n\n\n<ul class=\"wp-block-list\">\n<li>Innere Breite von 25,6 mm: Dies passt zu LED-Streifenlichtern bis zu 25 mm Breite, einschlie\u00dflich hochdichter COB (Chip on Board) LEDs oder doppeltreihiger SMDs, die das hellste und gleichm\u00e4\u00dfigste Licht bieten.<\/li>\n\n\n\n<li>Gips-in-Design: Die eingebauten Flansche erleichtern die Installation in Trockenbau, sodass das LED-Geh\u00e4use unsichtbar bleibt.<\/li>\n\n\n\n<li>Glatte, punktfreie Streuung: Ausgestattet mit einem hochwertigen opalen PC-Diffusor, der eine gleichm\u00e4\u00dfige und blendfreie Lichtausgabe erm\u00f6glicht, ohne dass LED-Punkte oder Hotspots sichtbar sind.<\/li>\n\n\n\n<li>Hochwertiges Material: Anodisiertes Aluminium wird zur Herstellung dieses Kanals verwendet, was dazu beitr\u00e4gt, dass die LEDs l\u00e4nger halten und besser arbeiten, indem sie die W\u00e4rme gleichm\u00e4\u00dfig verteilen.<\/li>\n\n\n\n<li>Kann f\u00fcr verschiedene Anwendungen eingesetzt werden: Ideal f\u00fcr Zuhause, Unternehmen und architektonische Projekte, einschlie\u00dflich Nischenbeleuchtung, Unterbauleuchten, wandintegrierte Beleuchtung und ambientebeleuchtung auf der Decke.<\/li>\n<\/ul>\n<\/div><\/div>\n<\/div><\/div>\n\n\n\n<div class=\"wp-block-group\" style=\"padding-top:var(--wp--preset--spacing--60);padding-bottom:var(--wp--preset--spacing--60)\"><div class=\"wp-block-group__inner-container is-layout-constrained wp-block-group-is-layout-constrained\">\n<div class=\"wp-block-media-text has-media-on-the-right is-stacked-on-mobile\" style=\"grid-template-columns:auto 40%\"><div class=\"wp-block-media-text__content\">\n<h2 class=\"wp-block-heading\" style=\"padding-top:var(--wp--preset--spacing--40);padding-bottom:var(--wp--preset--spacing--40);font-size:25px;font-style:normal;font-weight:600;text-transform:capitalize\">Einfache Installation<\/h2>\n\n\n\n<ul class=\"wp-block-list\">\n<li>F\u00fchren Sie einen sauberen, geraden Schnitt in Ihrer Decke oder Trockenbauwand aus.<\/li>\n\n\n\n<li>Verwenden Sie die mit der Aluminium-Extrusion gelieferten eingelassenen Riegel, um sie sicher zu befestigen.<\/li>\n\n\n\n<li>Legen Sie Ihren LED-Streifen in den Kanal und verbinden Sie die Dr\u00e4hte.<\/li>\n\n\n\n<li>Setzen Sie den Diffusor ein, um sanftes, glattes Licht zu erhalten.<\/li>\n<\/ul>\n<\/div><figure class=\"wp-block-media-text__media\"><img loading=\"lazy\" decoding=\"async\" width=\"500\" height=\"500\" src=\"https:\/\/tangooled.com\/wp-content\/uploads\/2025\/07\/r3532-ins.webp\" alt=\"35mm recessed silver led strip light channel\" class=\"wp-image-41828 size-full\" srcset=\"https:\/\/tangooled.com\/wp-content\/uploads\/2025\/07\/r3532-ins.webp 500w, https:\/\/tangooled.com\/wp-content\/uploads\/2025\/07\/r3532-ins-300x300.webp 300w, https:\/\/tangooled.com\/wp-content\/uploads\/2025\/07\/r3532-ins-150x150.webp 150w\" sizes=\"auto, (max-width: 500px) 100vw, 500px\" \/><\/figure><\/div>\n<\/div><\/div>\n\n\n\n<div class=\"wp-block-group has-background is-vertical is-layout-flex wp-container-core-group-is-layout-b429018a wp-block-group-is-layout-flex\" style=\"background-color:#f1f1f1f2;padding-top:var(--wp--preset--spacing--70);padding-bottom:var(--wp--preset--spacing--70)\">\n<h2 class=\"wp-block-heading\" style=\"padding-top:var(--wp--preset--spacing--40);padding-bottom:var(--wp--preset--spacing--40);font-size:25px;font-style:normal;font-weight:600\">Was erhalten Sie beim Kauf?<\/h2>\n\n\n\n<ul class=\"wp-block-list\">\n<li>Ein 32 mm tiefer eingelassener Aluminiumkanal<\/li>\n\n\n\n<li>1 opales Polycarbonat-Diffusorabdeckung<\/li>\n\n\n\n<li>Zwei lackierbare Metall-Endkappen<\/li>\n\n\n\n<li>Eingelassene Riegel zur sicheren Befestigung des Kanals.<\/li>\n<\/ul>\n<\/div>\n\n\n\n<div class=\"wp-block-group\" style=\"padding-top:var(--wp--preset--spacing--80);padding-bottom:var(--wp--preset--spacing--80)\"><div class=\"wp-block-group__inner-container is-layout-constrained wp-block-group-is-layout-constrained\">\n<h2 class=\"wp-block-heading\" style=\"padding-top:var(--wp--preset--spacing--40);padding-bottom:var(--wp--preset--spacing--40);font-size:25px;font-style:normal;font-weight:600;text-transform:capitalize\">Ideale Nutzungsszenarien f\u00fcr unseren 32 mm tiefen eingelassenen LED-Kanal<\/h2>\n\n\n\n<ul class=\"wp-block-list\">\n<li>Architektonische Nischenbeleuchtung: Nutzen Sie die Decke, um Lichtstrahlen zu schaffen, die f\u00fcr eine wundersch\u00f6ne Beleuchtung sorgen.<\/li>\n\n\n\n<li>Wandintegrierte Beleuchtung: Ideal f\u00fcr Akzentw\u00e4nde und besondere Beleuchtung in Hotels, Arbeitspl\u00e4tzen und Einzelhandelsgesch\u00e4ften.<\/li>\n\n\n\n<li>Under-Cabinet and Shelf Lighting: This type of lighting makes it easier to see what you&#8217;re doing in kitchens and display cabinets.<\/li>\n\n\n\n<li>Gewerbliche R\u00e4ume: Ideal f\u00fcr die Beleuchtung von B\u00fcros, Hotel-Lobbys und hochwertigen Gesch\u00e4ften.<\/li>\n<\/ul>\n<\/div><\/div>\n\n\n\n<p><\/p>","protected":false},"featured_media":14815,"template":"","meta":{"_acf_changed":true,"_seopress_robots_primary_cat":"none","_seopress_titles_title":"32mm Deep Recessed LED Channel | Free-spot Aluminum Profile | TANGOOLED","_seopress_titles_desc":"Achieve flawless, dot-free lighting with our 32mm deep recessed LED channel. This extra-deep aluminum profile provides superior light diffusion for high-end architectural projects, ensuring a seamless linear glow.","_seopress_robots_index":""},"pcb-width":[230],"product-cat":[193],"class_list":{"0":"post-34971","1":"product","2":"type-product","3":"status-publish","4":"has-post-thumbnail","6":"pcb-width-20-25mm","7":"product-cat-recessed-profile"},"acf":[],"_links":{"self":[{"href":"https:\/\/tangooled.com\/de\/wp-json\/wp\/v2\/product\/34971","targetHints":{"allow":["GET"]}}],"collection":[{"href":"https:\/\/tangooled.com\/de\/wp-json\/wp\/v2\/product"}],"about":[{"href":"https:\/\/tangooled.com\/de\/wp-json\/wp\/v2\/types\/product"}],"wp:featuredmedia":[{"embeddable":true,"href":"https:\/\/tangooled.com\/de\/wp-json\/wp\/v2\/media\/14815"}],"wp:attachment":[{"href":"https:\/\/tangooled.com\/de\/wp-json\/wp\/v2\/media?parent=34971"}],"wp:term":[{"taxonomy":"pcb-width","embeddable":true,"href":"https:\/\/tangooled.com\/de\/wp-json\/wp\/v2\/pcb-width?post=34971"},{"taxonomy":"product-cat","embeddable":true,"href":"https:\/\/tangooled.com\/de\/wp-json\/wp\/v2\/product-cat?post=34971"}],"curies":[{"name":"wp","href":"https:\/\/api.w.org\/{rel}","templated":true}]}}