{"id":34970,"date":"2025-07-01T02:35:07","date_gmt":"2025-07-01T10:35:07","guid":{"rendered":"https:\/\/tangooled.com\/?post_type=product&#038;p=34970"},"modified":"2026-01-25T19:38:18","modified_gmt":"2026-01-26T03:38:18","slug":"18mm-recessed-led-low-profile-channel-35x18mm","status":"publish","type":"product","link":"https:\/\/tangooled.com\/de\/product\/18mm-recessed-led-low-profile-channel-35x18mm\/","title":{"rendered":"18mm eingelassener LED-Aluminiumkanal mit niedrigem Profil"},"content":{"rendered":"<div class=\"wp-block-group is-vertical is-layout-flex wp-container-core-group-is-layout-d255d7c4 wp-block-group-is-layout-flex\" style=\"padding-top:var(--wp--preset--spacing--80);padding-bottom:var(--wp--preset--spacing--80)\">\n<p>Dieser 18mm eingelassene LED-Kanal mit niedrigem Profil bietet eine gro\u00dfartige M\u00f6glichkeit, lineare Beleuchtung zu schaffen, die sauber, hell und integriert ist. Dieser geflanschte Aluminiumkanal ist f\u00fcr Installationen konzipiert, bei denen die Tiefe eine wichtige Rolle spielt. Er hat eine Basisbreite von 35mm und eine H\u00f6he von 18mm.<br>Die innere Breite dieses flachen Profils betr\u00e4gt 21mm, was ausreichend ist, um typische breite LED-B\u00e4nder oder hochdichte COB-B\u00e4nder zu halten. Dies ist entscheidend, um sicherzustellen, dass der Beleuchtungseffekt gleichm\u00e4\u00dfig ist und keine Punkte sichtbar sind. Die robuste Aluminiumprofilstruktur tr\u00e4gt au\u00dferdem dazu bei, dass die LED-B\u00e4nder l\u00e4nger halten, indem sie W\u00e4rme leicht abf\u00fchren l\u00e4sst.<br>It&#8217;s straightforward to set up: just fit the recessed buckle clips into the\u00a0channel\u2018s back\u00a0first, then set the profile in the cutout in the ceiling or drywall and hold it in place. This process ensures that the finished product appears neat and trimless, allowing the channel to blend in with its surroundings and look highly integrated.<\/p>\n<\/div>\n\n\n\n<div class=\"wp-block-group has-background is-vertical is-layout-flex wp-container-core-group-is-layout-d255d7c4 wp-block-group-is-layout-flex\" style=\"background-color:#f1f1f1;padding-top:var(--wp--preset--spacing--80);padding-bottom:var(--wp--preset--spacing--80)\">\n<div class=\"wp-block-group is-vertical is-layout-flex wp-container-core-group-is-layout-8cf370e7 wp-block-group-is-layout-flex\">\n<h2 class=\"wp-block-heading\" style=\"padding-top:var(--wp--preset--spacing--40);padding-bottom:var(--wp--preset--spacing--40);font-size:25px;font-style:normal;font-weight:600;text-transform:capitalize\">Warum den 18mm eingelassenen LED-Kanal mit niedrigem Profil w\u00e4hlen?<\/h2>\n\n\n\n<ul class=\"wp-block-list\">\n<li>Schlank und niedrig: Die H\u00f6he von 18mm passt in kleine R\u00e4ume wie Trockenbau-Nuten und Schr\u00e4nke.<\/li>\n\n\n\n<li>Gleichm\u00e4\u00dfiges Licht und punktfrei: Verwenden Sie opale Diffusoren und hochdichte LED-Streifen, um gleichm\u00e4\u00dfiges Licht zu erhalten.<\/li>\n\n\n\n<li>Robust und langlebig: Hergestellt aus eloxiertem Aluminium, das stark ist und Ihre LEDs k\u00fchl h\u00e4lt.<\/li>\n\n\n\n<li>Einfach zusammenzubauen: Das geflanschte Design verbirgt geschnittene Kanten f\u00fcr ein sauberes, b\u00fcndiges Finish.<\/li>\n\n\n\n<li>Vielseitige Anwendungen: Ideal f\u00fcr Beleuchtung in Decken, Regalen, Nischen, Ladenauslagen und W\u00e4nden.<\/li>\n<\/ul>\n<\/div>\n<\/div>\n\n\n\n<div class=\"wp-block-group\" style=\"padding-top:var(--wp--preset--spacing--60);padding-bottom:var(--wp--preset--spacing--60)\"><div class=\"wp-block-group__inner-container is-layout-constrained wp-block-group-is-layout-constrained\">\n<div class=\"wp-block-media-text has-media-on-the-right is-stacked-on-mobile\" style=\"grid-template-columns:auto 40%\"><div class=\"wp-block-media-text__content\">\n<h2 class=\"wp-block-heading\" style=\"padding-top:var(--wp--preset--spacing--40);padding-bottom:var(--wp--preset--spacing--40);font-size:25px;font-style:normal;font-weight:600;text-transform:capitalize\">Einfache Installationstipps<\/h2>\n\n\n\n<ul class=\"wp-block-list\">\n<li>Fertigen Sie eine Nut im Trockenbau, der Decke oder Holz an, wo Sie es platzieren m\u00f6chten.<\/li>\n\n\n\n<li>Setzen Sie den 18mm eingelassenen Kanal in die Nut ein.<\/li>\n\n\n\n<li>Benutzen Sie eingelassene Klemmen oder Klebeband, um ihn an Ort und Stelle zu halten.<\/li>\n\n\n\n<li>Legen Sie Ihr LED-Band in den Kanal.<\/li>\n\n\n\n<li>Setzen Sie den Diffusor auf, um weiches, gleichm\u00e4\u00dfiges Licht zu erhalten.<\/li>\n\n\n\n<li>Schlie\u00dfen Sie die richtige Strom- und Steuerger\u00e4te an.<\/li>\n<\/ul>\n<\/div><figure class=\"wp-block-media-text__media\"><img loading=\"lazy\" decoding=\"async\" width=\"500\" height=\"500\" src=\"https:\/\/tangooled.com\/wp-content\/uploads\/2025\/07\/r3518-ins.webp\" alt=\"35x18mm led low profile recessed channel\" class=\"wp-image-41825 size-full\" srcset=\"https:\/\/tangooled.com\/wp-content\/uploads\/2025\/07\/r3518-ins.webp 500w, https:\/\/tangooled.com\/wp-content\/uploads\/2025\/07\/r3518-ins-300x300.webp 300w, https:\/\/tangooled.com\/wp-content\/uploads\/2025\/07\/r3518-ins-150x150.webp 150w\" sizes=\"auto, (max-width: 500px) 100vw, 500px\" \/><\/figure><\/div>\n<\/div><\/div>\n\n\n\n<div class=\"wp-block-group has-background\" style=\"background-color:#f1f1f1f2;padding-top:var(--wp--preset--spacing--80);padding-bottom:var(--wp--preset--spacing--80)\"><div class=\"wp-block-group__inner-container is-layout-constrained wp-block-group-is-layout-constrained\">\n<h2 class=\"wp-block-heading\" style=\"padding-top:var(--wp--preset--spacing--40);padding-bottom:var(--wp--preset--spacing--40);font-size:25px;font-style:normal;font-weight:600\">Das Kit enth\u00e4lt<\/h2>\n\n\n\n<ul class=\"wp-block-list\">\n<li>1x eloxierter Aluminiumkanal<\/li>\n\n\n\n<li>1x passender Diffusor (opal, matt, klar oder individuell)<\/li>\n\n\n\n<li>2x Metall-Endkappen f\u00fcr ein sauberes Finish<\/li>\n\n\n\n<li>Eingelassene Klemmen f\u00fcr eine sichere Installation<\/li>\n<\/ul>\n<\/div><\/div>\n\n\n\n<div class=\"wp-block-group\" style=\"padding-top:var(--wp--preset--spacing--80);padding-bottom:var(--wp--preset--spacing--80)\"><div class=\"wp-block-group__inner-container is-layout-constrained wp-block-group-is-layout-constrained\">\n<h2 class=\"wp-block-heading\" style=\"padding-top:var(--wp--preset--spacing--40);padding-bottom:var(--wp--preset--spacing--40);font-size:25px;font-style:normal;font-weight:600;text-transform:capitalize\">Verwendungszwecke und Anwendungen<\/h2>\n\n\n\n<ul class=\"wp-block-list\">\n<li>Installation von LED-Bandlichtern in B\u00fcros, Wohnh\u00e4usern, Hotels und Einzelhandelsgesch\u00e4ften.<\/li>\n\n\n\n<li>Unterbau-Beleuchtung und ma\u00dfgefertigte Holzarbeiten f\u00fcr helles, ordentliches Arbeitslicht.<\/li>\n\n\n\n<li>Nischen- und indirekte Beleuchtung zur Schaffung einer Atmosph\u00e4re in Wohnh\u00e4usern oder Unternehmen.<\/li>\n\n\n\n<li>Low-profile closet and wardrobe lighting that doesn&#8217;t stand out when placed.<\/li>\n<\/ul>\n<\/div><\/div>\n\n\n\n<p><\/p>","protected":false},"featured_media":14828,"template":"","meta":{"_acf_changed":true,"_seopress_robots_primary_cat":"none","_seopress_titles_title":"18mm Recessed LED Low Profile Channel 35x18mm | TANGOOLED","_seopress_titles_desc":"Enhance your space with our 18mm recessed LED low profile channel 35x13mm. This thin and wide aluminum profile is designed for seamless integration in furniture and walls.","_seopress_robots_index":""},"pcb-width":[230],"product-cat":[193],"class_list":{"0":"post-34970","1":"product","2":"type-product","3":"status-publish","4":"has-post-thumbnail","6":"pcb-width-20-25mm","7":"product-cat-recessed-profile"},"acf":[],"_links":{"self":[{"href":"https:\/\/tangooled.com\/de\/wp-json\/wp\/v2\/product\/34970","targetHints":{"allow":["GET"]}}],"collection":[{"href":"https:\/\/tangooled.com\/de\/wp-json\/wp\/v2\/product"}],"about":[{"href":"https:\/\/tangooled.com\/de\/wp-json\/wp\/v2\/types\/product"}],"wp:featuredmedia":[{"embeddable":true,"href":"https:\/\/tangooled.com\/de\/wp-json\/wp\/v2\/media\/14828"}],"wp:attachment":[{"href":"https:\/\/tangooled.com\/de\/wp-json\/wp\/v2\/media?parent=34970"}],"wp:term":[{"taxonomy":"pcb-width","embeddable":true,"href":"https:\/\/tangooled.com\/de\/wp-json\/wp\/v2\/pcb-width?post=34970"},{"taxonomy":"product-cat","embeddable":true,"href":"https:\/\/tangooled.com\/de\/wp-json\/wp\/v2\/product-cat?post=34970"}],"curies":[{"name":"wp","href":"https:\/\/api.w.org\/{rel}","templated":true}]}}