{"id":34968,"date":"2025-07-01T02:31:49","date_gmt":"2025-07-01T10:31:49","guid":{"rendered":"https:\/\/tangooled.com\/?post_type=product&#038;p=34968"},"modified":"2026-01-31T01:17:00","modified_gmt":"2026-01-31T09:17:00","slug":"13mm-deep-recessed-flange-led-light-channel-35x13mm","status":"publish","type":"product","link":"https:\/\/tangooled.com\/de\/product\/13mm-deep-recessed-flange-led-light-channel-35x13mm\/","title":{"rendered":"13mm tief eingelassener Flansch-LED-Lichtkanal"},"content":{"rendered":"<div class=\"wp-block-group is-vertical is-layout-flex wp-container-core-group-is-layout-d255d7c4 wp-block-group-is-layout-flex\" style=\"padding-top:var(--wp--preset--spacing--80);padding-bottom:var(--wp--preset--spacing--80)\">\n<p>Unser 13 mm tiefer eingelassener LED-Lichtkanal ist eine einfache, flache M\u00f6glichkeit, Licht in einen Raum zu bringen. Dieser Kanal ist hervorragend f\u00fcr enge R\u00e4ume geeignet, da er nur 13 mm hoch und 35 mm breit an der Basis ist. Er verf\u00fcgt auch \u00fcber eine innere Breite von 21 mm, was bedeutet, dass Sie ein oder mehrere breite LED-Streifen nutzen k\u00f6nnen.<br>Der Aluminiumkanal f\u00fcr die LED-Bandbeleuchtung funktioniert gut als K\u00fchlk\u00f6rper, wodurch sie l\u00e4nger halten. Der Kanal hat Flansche und ist so konstruiert, dass er perfekt in Trockenbau oder Decken ohne L\u00fccken passt. Das Diagramm zeigt, wie die Installation einfach gemacht wird: Zuerst die eingelassenen Schnallen in den hinteren Schlitz befestigen und dann den Kanal sicher in die Aussparung dr\u00fccken.<br>Dieser flache Kanal ist perfekt, um indirektes Licht in modernen K\u00fcchen und Fluren sowie zur Akzentbeleuchtung in der Architektur, auf Regalen und in Vitrinen hinzuzuf\u00fcgen.<\/p>\n<\/div>\n\n\n\n<div class=\"wp-block-group has-background is-vertical is-layout-flex wp-container-core-group-is-layout-d255d7c4 wp-block-group-is-layout-flex\" style=\"background-color:#f1f1f1;padding-top:var(--wp--preset--spacing--80);padding-bottom:var(--wp--preset--spacing--80)\">\n<div class=\"wp-block-group is-vertical is-layout-flex wp-container-core-group-is-layout-8cf370e7 wp-block-group-is-layout-flex\">\n<h2 class=\"wp-block-heading\" style=\"padding-top:var(--wp--preset--spacing--40);padding-bottom:var(--wp--preset--spacing--40);font-size:25px;font-style:normal;font-weight:600;text-transform:capitalize\">Warum den 13 mm tief eingelassenen Aluminium-LED-Kanal w\u00e4hlen?<\/h2>\n\n\n\n<ul class=\"wp-block-list\">\n<li>Das falzmontierte Kanaldesign verleiht ihm ein sauberes, integriertes Aussehen.<\/li>\n\n\n\n<li>Starkes 6063-T5 eloxiertes Aluminium, um die LEDs k\u00fchl zu halten.<\/li>\n\n\n\n<li>Funktioniert mit vielen LED-Bandlichtern.<\/li>\n\n\n\n<li>Verf\u00fcgt \u00fcber eine opale Diffusorabdeckung, die das Licht weicher und gleichm\u00e4\u00dfiger macht.<\/li>\n\n\n\n<li>Einfache Installation f\u00fcr Trockenbau, Schr\u00e4nke, M\u00f6bel und mehr.<\/li>\n\n\n\n<li>Erh\u00e4ltlich in silber, schwarz und wei\u00df.<\/li>\n<\/ul>\n<\/div>\n<\/div>\n\n\n\n<div class=\"wp-block-group\" style=\"padding-top:var(--wp--preset--spacing--60);padding-bottom:var(--wp--preset--spacing--60)\"><div class=\"wp-block-group__inner-container is-layout-constrained wp-block-group-is-layout-constrained\">\n<div class=\"wp-block-media-text has-media-on-the-right is-stacked-on-mobile\" style=\"grid-template-columns:auto 40%\"><div class=\"wp-block-media-text__content\">\n<h2 class=\"wp-block-heading\" style=\"padding-top:var(--wp--preset--spacing--40);padding-bottom:var(--wp--preset--spacing--40);font-size:25px;font-style:normal;font-weight:600;text-transform:capitalize\">Wie man installiert<\/h2>\n\n\n\n<ul class=\"wp-block-list\">\n<li>Schneiden Sie eine Nut, die 35 mm breit und 13 mm tief ist, in Ihre Oberfl\u00e4che.<\/li>\n\n\n\n<li>Reinigen Sie die Nut und dr\u00fccken Sie den Aluminiumkanal vollst\u00e4ndig hinein. Der geflanschte Rand wird unebene Kanten verdecken.<\/li>\n\n\n\n<li>Verwenden Sie Schnallen oder starken Kleber, um ihn an Ort und Stelle zu halten.<\/li>\n\n\n\n<li>Setzen Sie Ihre LED-Streifenleuchte in den Kanal ein.<\/li>\n\n\n\n<li>Setzen Sie den mattierten Diffusor auf, um das Licht weicher und heller zu machen.<\/li>\n\n\n\n<li>F\u00fcgen Sie Endkappen hinzu, um das Projekt abzuschlie\u00dfen.<\/li>\n<\/ul>\n<\/div><figure class=\"wp-block-media-text__media\"><img loading=\"lazy\" decoding=\"async\" width=\"500\" height=\"500\" src=\"https:\/\/tangooled.com\/wp-content\/uploads\/2025\/07\/r3513-ins.webp\" alt=\"35x13mm recessed aluminum led light channel\" class=\"wp-image-41814 size-full\" srcset=\"https:\/\/tangooled.com\/wp-content\/uploads\/2025\/07\/r3513-ins.webp 500w, https:\/\/tangooled.com\/wp-content\/uploads\/2025\/07\/r3513-ins-300x300.webp 300w, https:\/\/tangooled.com\/wp-content\/uploads\/2025\/07\/r3513-ins-150x150.webp 150w\" sizes=\"auto, (max-width: 500px) 100vw, 500px\" \/><\/figure><\/div>\n<\/div><\/div>\n\n\n\n<div class=\"wp-block-group has-background is-vertical is-layout-flex wp-container-core-group-is-layout-b429018a wp-block-group-is-layout-flex\" style=\"background-color:#f1f1f1f2;padding-top:var(--wp--preset--spacing--70);padding-bottom:var(--wp--preset--spacing--70)\">\n<h2 class=\"wp-block-heading\" style=\"padding-top:var(--wp--preset--spacing--40);padding-bottom:var(--wp--preset--spacing--40);font-size:25px;font-style:normal;font-weight:600\">Was ist im Kit enthalten?<\/h2>\n\n\n\n<ul class=\"wp-block-list\">\n<li>1x eingelassener Aluminium-LED-Kanal<\/li>\n\n\n\n<li>1x opale Diffusorabdeckung f\u00fcr ein gleichm\u00e4\u00dfiges Licht<\/li>\n\n\n\n<li>2x Endkappen, um die Verkabelung ordentlich und sicher zu halten.<\/li>\n\n\n\n<li>Schnallen, die eingelassen sind, f\u00fcr einen starken Halt.<\/li>\n<\/ul>\n<\/div>\n\n\n\n<div class=\"wp-block-group is-vertical is-layout-flex wp-container-core-group-is-layout-d255d7c4 wp-block-group-is-layout-flex\" style=\"padding-top:var(--wp--preset--spacing--80);padding-bottom:var(--wp--preset--spacing--80)\">\n<h2 class=\"wp-block-heading\" style=\"padding-top:var(--wp--preset--spacing--40);padding-bottom:var(--wp--preset--spacing--40);font-size:25px;font-style:normal;font-weight:600;text-transform:capitalize\"> Ideal f\u00fcr diese Anwendungen<\/h2>\n\n\n\n<ul class=\"wp-block-list\">\n<li>Unterbau- und Regalbeleuchtung: Machen Sie K\u00fcchen, Schr\u00e4nke und Vitrinen heller.<\/li>\n\n\n\n<li>Cove- und architektonische Beleuchtung: Erzeugen Sie versteckte Lichtlinien in W\u00e4nden und Decken.<\/li>\n\n\n\n<li>Einzelhandel und gewerbliche Auslagen: Verwenden Sie helle, saubere LEDs, um Produkte zu pr\u00e4sentieren.<\/li>\n\n\n\n<li>M\u00f6bel- und Schrankleuchten: Eingebaute Lichter in Schr\u00e4nken und auf Regalen.<\/li>\n<\/ul>\n<\/div>\n\n\n\n<div class=\"wp-block-group has-background is-vertical is-layout-flex wp-container-core-group-is-layout-b429018a wp-block-group-is-layout-flex\" style=\"background-color:#f1f1f1f2;padding-top:var(--wp--preset--spacing--70);padding-bottom:var(--wp--preset--spacing--70)\">\n<h2 class=\"wp-block-heading\" style=\"padding-top:var(--wp--preset--spacing--40);padding-bottom:var(--wp--preset--spacing--40);font-size:25px;font-style:normal;font-weight:600;text-transform:capitalize\">Produkte, die Ihnen gefallen k\u00f6nnten.<\/h2>\n\n\n\n<ul class=\"wp-block-list\">\n<li><a href=\"https:\/\/tangooled.com\/de\/product\/black-led-diffuser-aluminum-channel-for-12mm-tape-lights\/\"><mark style=\"background-color:rgba(0, 0, 0, 0)\" class=\"has-inline-color has-vivid-red-color\">Schwarzes LED-Diffusor-Aluminiumprofil f\u00fcr 12 mm LED-Band<\/mark><\/a><\/li>\n\n\n\n<li><a href=\"https:\/\/tangooled.com\/de\/product\/25x14m-surface-mounted-led-light-aluminum-profile\/\"><mark style=\"background-color:rgba(0, 0, 0, 0)\" class=\"has-inline-color has-vivid-red-color\">25x14mm oberfl\u00e4chenmontierten LED-Licht-Aluminiumprofil<\/mark><\/a><\/li>\n\n\n\n<li><a href=\"https:\/\/tangooled.com\/de\/product\/led-strip-light-channel-aluminum-profile-with-diffused-cover-6mm-height\/\"><mark style=\"background-color:rgba(0, 0, 0, 0)\" class=\"has-inline-color has-vivid-red-color\">Aluminiumprofil f\u00fcr LED-Streifen mit diffundierender Abdeckung, H\u00f6he 6 mm<\/mark><\/a><\/li>\n\n\n\n<li><a href=\"https:\/\/tangooled.com\/de\/product\/recessed-led-aluminum-profile-up-and-down-lighting-channel-for-cabinet\/\"><mark style=\"background-color:rgba(0, 0, 0, 0)\" class=\"has-inline-color has-vivid-red-color\">Eingebauter LED Aluminiumprofil f\u00fcr oben und unten Beleuchtungskanal f\u00fcr Schr\u00e4nke<\/mark><\/a><\/li>\n<\/ul>\n<\/div>\n\n\n\n<p><\/p>","protected":false},"featured_media":14831,"template":"","meta":{"_acf_changed":true,"_seopress_robots_primary_cat":"none","_seopress_titles_title":"13mm Deep Recessed LED Channel Aluminum Lighting Profile | TANGOOLED","_seopress_titles_desc":"Experience smooth linear lighting with our 13mm deep recessed LED channel. This recessed aluminum profile is designed for a flush-mount finish, providing excellent heat dissipation for professional indoor projects.","_seopress_robots_index":""},"pcb-width":[229],"product-cat":[193],"class_list":{"0":"post-34968","1":"product","2":"type-product","3":"status-publish","4":"has-post-thumbnail","6":"pcb-width-15-20mm","7":"product-cat-recessed-profile"},"acf":[],"_links":{"self":[{"href":"https:\/\/tangooled.com\/de\/wp-json\/wp\/v2\/product\/34968","targetHints":{"allow":["GET"]}}],"collection":[{"href":"https:\/\/tangooled.com\/de\/wp-json\/wp\/v2\/product"}],"about":[{"href":"https:\/\/tangooled.com\/de\/wp-json\/wp\/v2\/types\/product"}],"wp:featuredmedia":[{"embeddable":true,"href":"https:\/\/tangooled.com\/de\/wp-json\/wp\/v2\/media\/14831"}],"wp:attachment":[{"href":"https:\/\/tangooled.com\/de\/wp-json\/wp\/v2\/media?parent=34968"}],"wp:term":[{"taxonomy":"pcb-width","embeddable":true,"href":"https:\/\/tangooled.com\/de\/wp-json\/wp\/v2\/pcb-width?post=34968"},{"taxonomy":"product-cat","embeddable":true,"href":"https:\/\/tangooled.com\/de\/wp-json\/wp\/v2\/product-cat?post=34968"}],"curies":[{"name":"wp","href":"https:\/\/api.w.org\/{rel}","templated":true}]}}