{"id":34967,"date":"2025-07-01T02:24:45","date_gmt":"2025-07-01T10:24:45","guid":{"rendered":"https:\/\/tangooled.com\/?post_type=product&#038;p=34967"},"modified":"2026-02-02T22:23:22","modified_gmt":"2026-02-03T06:23:22","slug":"inner-31mm-led-recessed-aluminum-profile-for-double-led-strips","status":"publish","type":"product","link":"https:\/\/tangooled.com\/de\/product\/inner-31mm-led-recessed-aluminum-profile-for-double-led-strips\/","title":{"rendered":"inner 31mm LED-Einbauprofil aus Aluminium f\u00fcr doppelte Streifen"},"content":{"rendered":"<div class=\"wp-block-group\" style=\"padding-top:var(--wp--preset--spacing--80);padding-bottom:var(--wp--preset--spacing--80)\"><div class=\"wp-block-group__inner-container is-layout-constrained wp-block-group-is-layout-constrained\">\n<p>Sie k\u00f6nnen Ihre Beleuchtung mit unserem inneren 31mm Einbauprofil aus Aluminium verbessern, das Platz f\u00fcr zwei LED-Streifen nebeneinander bietet. Hergestellt aus extrudiertem 6063-T5 Aluminiumlegierung und Polycarbonatabdeckung, sorgt dieses LED-Profil daf\u00fcr, dass Hochleistungs-LEDs nicht zu hei\u00df werden, w\u00e4hrend es das Licht gleichm\u00e4\u00dfig verteilt. Die Au\u00dfenma\u00dfe dieses Profils betragen 34,6mm x 25,8mm, und die Innenbreite betr\u00e4gt 31mm. Das gesamte System wird mit allen notwendigen Zubeh\u00f6rteilen geliefert und die Installation ist einfach, indem es mit Montagespangen in die Decken\u00f6ffnung befestigt und dann flach hineingeschoben wird. Dieses Design ist am besten f\u00fcr den Innenbereich geeignet und eignet sich hervorragend f\u00fcr hochlumen Anwendungen wie allgemeine Beleuchtung in Arbeitspl\u00e4tzen, Galerien, gro\u00dfen Einzelhandelsfl\u00e4chen oder modernen Wohnsettings, wo brillante, klare Lichtlinien ben\u00f6tigt werden.<\/p>\n<\/div><\/div>\n\n\n\n<div class=\"wp-block-group has-background is-vertical is-layout-flex wp-container-core-group-is-layout-d255d7c4 wp-block-group-is-layout-flex\" style=\"background-color:#f1f1f1;padding-top:var(--wp--preset--spacing--80);padding-bottom:var(--wp--preset--spacing--80)\">\n<div class=\"wp-block-group\"><div class=\"wp-block-group__inner-container is-layout-constrained wp-block-group-is-layout-constrained\">\n<h2 class=\"wp-block-heading\" style=\"padding-top:var(--wp--preset--spacing--40);padding-bottom:var(--wp--preset--spacing--40);font-size:25px;font-style:normal;font-weight:600;text-transform:capitalize\">Warum unser inneres 31mm Einbauprofil aus Aluminium w\u00e4hlen?<\/h2>\n\n\n\n<ul class=\"wp-block-list\">\n<li>31mm Innenbreite: ideal f\u00fcr zwei LED-Streifen, die jeweils bis zu 12mm breit sind. Mehr Licht und mehr Farben zur Auswahl.<\/li>\n\n\n\n<li>Eingebautes Design: Flanschen erm\u00f6glichen es Ihnen, das Licht b\u00fcndig mit Trockenbau oder Putz zu montieren, was ihm ein modernes, rahmenloses Aussehen verleiht.<\/li>\n\n\n\n<li>Robustes Material: Hergestellt aus hochwertigem anodisiertem 6063-T5 Aluminium. Es ist stark und absorbiert W\u00e4rme, um zu verhindern, dass die LEDs zu hei\u00df werden.<\/li>\n\n\n\n<li>Smooth Light Effect: Use with frosted or opal diffusers to provide light that is even and doesn&#8217;t cause glare.<\/li>\n\n\n\n<li>Vollst\u00e4ndiges Kit: Beinhaltet Montagespangen, Endkappen und einen Diffusor, um Ihr Projekt professionell aussehen zu lassen.<\/li>\n<\/ul>\n<\/div><\/div>\n<\/div>\n\n\n\n<div class=\"wp-block-group\" style=\"padding-top:var(--wp--preset--spacing--60);padding-bottom:var(--wp--preset--spacing--60)\"><div class=\"wp-block-group__inner-container is-layout-constrained wp-block-group-is-layout-constrained\">\n<div class=\"wp-block-media-text has-media-on-the-right is-stacked-on-mobile\" style=\"grid-template-columns:auto 40%\"><div class=\"wp-block-media-text__content\">\n<h2 class=\"wp-block-heading\" style=\"padding-top:var(--wp--preset--spacing--40);padding-bottom:var(--wp--preset--spacing--40);font-size:25px;font-style:normal;font-weight:600;text-transform:capitalize\">Komplettes, einfaches Installations-Kit<\/h2>\n\n\n\n<p>Wir haben alles, was Sie f\u00fcr eine professionelle Installation ben\u00f6tigen:<\/p>\n\n\n\n<ul class=\"wp-block-list\">\n<li>Starke Montagespangen<\/li>\n\n\n\n<li>Endkappen, die sauber aussehen (mit und ohne Drahtloch)<\/li>\n\n\n\n<li>Abdeckungen f\u00fcr Schnappdiffusoren<\/li>\n<\/ul>\n<\/div><figure class=\"wp-block-media-text__media\"><img loading=\"lazy\" decoding=\"async\" width=\"500\" height=\"500\" src=\"https:\/\/tangooled.com\/wp-content\/uploads\/2025\/07\/rp31-ins.webp\" alt=\"inner 31mm width recessed aluminum profile for double led strips\" class=\"wp-image-41792 size-full\" srcset=\"https:\/\/tangooled.com\/wp-content\/uploads\/2025\/07\/rp31-ins.webp 500w, https:\/\/tangooled.com\/wp-content\/uploads\/2025\/07\/rp31-ins-300x300.webp 300w, https:\/\/tangooled.com\/wp-content\/uploads\/2025\/07\/rp31-ins-150x150.webp 150w\" sizes=\"auto, (max-width: 500px) 100vw, 500px\" \/><\/figure><\/div>\n<\/div><\/div>\n\n\n\n<div class=\"wp-block-group\" style=\"padding-top:var(--wp--preset--spacing--80);padding-bottom:var(--wp--preset--spacing--80)\"><div class=\"wp-block-group__inner-container is-layout-constrained wp-block-group-is-layout-constrained\">\n<div class=\"wp-block-group has-background\" style=\"background-color:#f1f1f1;padding-top:var(--wp--preset--spacing--80);padding-bottom:var(--wp--preset--spacing--80)\"><div class=\"wp-block-group__inner-container is-layout-constrained wp-block-group-is-layout-constrained\">\n<h2 class=\"wp-block-heading\" style=\"font-size:25px;font-style:normal;font-weight:600;text-transform:capitalize\">Nutzungsszenarien<\/h2>\n\n\n\n<ul class=\"wp-block-list\">\n<li>Beleuchtung f\u00fcr das Zuhause: Beleuchtung f\u00fcr K\u00fcchen, Wohnzimmer, Flure und Schr\u00e4nke<\/li>\n\n\n\n<li>Beleuchtung f\u00fcr Unternehmen: B\u00fcros, Gesch\u00e4fte, Hotels, Galerien und Restaurants<\/li>\n\n\n\n<li>Beleuchtung f\u00fcr Geb\u00e4ude: Lichtbau, rahmenlose Deckenbeleuchtung und Hintergrundbeleuchtung f\u00fcr Einzelhandelsanzeigen<\/li>\n\n\n\n<li>Benutzerdefinierte Beleuchtung: Verwenden Sie zahlreiche Profile, um Pendelleuchten oder lineare Leuchten herzustellen.<\/li>\n<\/ul>\n<\/div><\/div>\n<\/div><\/div>\n\n\n\n<div class=\"wp-block-group\" style=\"padding-top:var(--wp--preset--spacing--80);padding-bottom:var(--wp--preset--spacing--80)\"><div class=\"wp-block-group__inner-container is-layout-constrained wp-block-group-is-layout-constrained\">\n<h2 class=\"wp-block-heading\" style=\"padding-top:var(--wp--preset--spacing--40);padding-bottom:var(--wp--preset--spacing--40);font-size:25px;font-style:normal;font-weight:600;text-transform:capitalize\">Zusammenfassung<\/h2>\n\n\n\n<p>Wenn Sie modernes, hochleistungsf\u00e4higes, glattes lineares Licht w\u00fcnschen, ist unser inneres 31mm Einbauprofil aus Aluminium f\u00fcr doppelte LED-Streifen die ideale Wahl. Sein eingelassenes Design f\u00fcgt sich perfekt in Trockenbau- oder Putzoberfl\u00e4chen ein. Egal, ob Ihr Projekt privat oder gewerblich, dekorativ oder funktional ist, dieses Profil hilft Ihnen, schlanke, professionelle Lichteffekte zu erzeugen.<\/p>\n<\/div><\/div>","protected":false},"featured_media":14320,"template":"","meta":{"_acf_changed":true,"_seopress_robots_primary_cat":"none","_seopress_titles_title":"31mm Inner Recessed LED Profile for Double Strips | TANGOOLED","_seopress_titles_desc":"The RP31 features 31mm inner width, making it the perfect recessed LED profile for high-output double row strips. Ideal for commercial primary lighting where maximum brightness is required.","_seopress_robots_index":""},"pcb-width":[228],"product-cat":[193],"class_list":{"0":"post-34967","1":"product","2":"type-product","3":"status-publish","4":"has-post-thumbnail","6":"pcb-width-6-12mm","7":"product-cat-recessed-profile"},"acf":[],"_links":{"self":[{"href":"https:\/\/tangooled.com\/de\/wp-json\/wp\/v2\/product\/34967","targetHints":{"allow":["GET"]}}],"collection":[{"href":"https:\/\/tangooled.com\/de\/wp-json\/wp\/v2\/product"}],"about":[{"href":"https:\/\/tangooled.com\/de\/wp-json\/wp\/v2\/types\/product"}],"wp:featuredmedia":[{"embeddable":true,"href":"https:\/\/tangooled.com\/de\/wp-json\/wp\/v2\/media\/14320"}],"wp:attachment":[{"href":"https:\/\/tangooled.com\/de\/wp-json\/wp\/v2\/media?parent=34967"}],"wp:term":[{"taxonomy":"pcb-width","embeddable":true,"href":"https:\/\/tangooled.com\/de\/wp-json\/wp\/v2\/pcb-width?post=34967"},{"taxonomy":"product-cat","embeddable":true,"href":"https:\/\/tangooled.com\/de\/wp-json\/wp\/v2\/product-cat?post=34967"}],"curies":[{"name":"wp","href":"https:\/\/api.w.org\/{rel}","templated":true}]}}