{"id":34966,"date":"2025-07-01T02:22:37","date_gmt":"2025-07-01T10:22:37","guid":{"rendered":"https:\/\/tangooled.com\/?post_type=product&#038;p=34966"},"modified":"2026-01-25T19:12:54","modified_gmt":"2026-01-26T03:12:54","slug":"recessed-25mm-led-aluminum-channel-for-double-row-led-strips","status":"publish","type":"product","link":"https:\/\/tangooled.com\/de\/product\/recessed-25mm-led-aluminum-channel-for-double-row-led-strips\/","title":{"rendered":"eingelassener 25mm Aluminiumkanal f\u00fcr doppelte LED-Streifen"},"content":{"rendered":"<div class=\"wp-block-group\" style=\"padding-top:var(--wp--preset--spacing--80);padding-bottom:var(--wp--preset--spacing--80)\"><div class=\"wp-block-group__inner-container is-layout-constrained wp-block-group-is-layout-constrained\">\n<p>Unser 25mm eingelassener LED-Aluminiumkanal ist perfekt f\u00fcr viele Lichtl\u00f6sungen mit Streifen. Er bietet gen\u00fcgend Platz f\u00fcr zwei Reihen von LED-Streifen, sodass Sie ein sch\u00f6nes, gleichm\u00e4\u00dfiges Licht erhalten.<br>This aluminum profile is 35.6 mm wide on the outside and 13.8 mm tall overall. The internal width is 25.0 mm, which is perfect for carrying LED strips\u00a0that are wider. The channel is made of high-quality extruded 6063-T5 aluminum alloy, which helps it cool down fast.The diffuser is made of opal PC material, which hides the bright spots of the LEDs.<br>This 25mm recessed channel is for indoor use, and its wide shape makes it perfect for tasks that demand a lot of light all the time, like commercial task lighting, wide ambient lighting in ceilings, and modern houses and offices&#8217; architectural lighting.<\/p>\n<\/div><\/div>\n\n\n\n<div class=\"wp-block-group has-background is-vertical is-layout-flex wp-container-core-group-is-layout-d255d7c4 wp-block-group-is-layout-flex\" style=\"background-color:#f1f1f1;padding-top:var(--wp--preset--spacing--80);padding-bottom:var(--wp--preset--spacing--80)\">\n<div class=\"wp-block-group is-vertical is-layout-flex wp-container-core-group-is-layout-8cf370e7 wp-block-group-is-layout-flex\">\n<h2 class=\"wp-block-heading\" style=\"padding-top:var(--wp--preset--spacing--40);padding-bottom:var(--wp--preset--spacing--40);font-size:25px;font-style:normal;font-weight:600;text-transform:capitalize\">Warum unseren 25mm eingelassenen LED-Aluminiumkanal verwenden?<\/h2>\n\n\n\n<ul class=\"wp-block-list\">\n<li>unterst\u00fctzt zwei LED-Streifen: Er kann doppelte LED-Streifen bis zu 12mm Breite halten, wie 2835 oder 5050.<\/li>\n\n\n\n<li>Flush Mount: Dieser Stil passt perfekt in Ihre Wand oder Decke, was ihm ein ansprechendes Aussehen verleiht.<\/li>\n\n\n\n<li>Starkes Aluminium: Das anodisierte Metall 6063-T5 hilft den LEDs, l\u00e4nger zu leben, indem es die W\u00e4rme ableitet.<\/li>\n\n\n\n<li>Mattierter Diffusorabdeckung: Mildert das Licht und beseitigt harte Stellen.<\/li>\n\n\n\n<li>Sch\u00fctzt LED-Streifen vor Staub und Besch\u00e4digungen.<\/li>\n<\/ul>\n<\/div>\n<\/div>\n\n\n\n<div class=\"wp-block-group\" style=\"padding-top:var(--wp--preset--spacing--60);padding-bottom:var(--wp--preset--spacing--60)\"><div class=\"wp-block-group__inner-container is-layout-constrained wp-block-group-is-layout-constrained\">\n<div class=\"wp-block-media-text has-media-on-the-right is-stacked-on-mobile\"><div class=\"wp-block-media-text__content\">\n<h2 class=\"wp-block-heading\" style=\"padding-top:var(--wp--preset--spacing--40);padding-bottom:var(--wp--preset--spacing--40);font-size:25px;font-style:normal;font-weight:600;text-transform:capitalize\">So verwenden Sie den 25mm eingelassenen LED-Kanal<\/h2>\n\n\n\n<ul class=\"wp-block-list\">\n<li>Erstellen Sie eine Vertiefung in der Wand oder Decke, die die gleiche Gr\u00f6\u00dfe wie der Aluminiumkanal hat.<\/li>\n\n\n\n<li>Setzen Sie den Kanal in die Vertiefung, sodass er eben mit der Oberfl\u00e4che ist.<\/li>\n\n\n\n<li>Verwenden Sie Schrauben, um ihn an seinem Platz zu halten.<\/li>\n\n\n\n<li>Befestigen Sie innen zwei Streifen von LEDs nebeneinander.<\/li>\n\n\n\n<li>Setzen Sie die Abdeckung f\u00fcr den mattierten Diffusor auf.<\/li>\n\n\n\n<li>Um sie zu schlie\u00dfen, setzen Sie Endkappen an beiden Enden auf.<\/li>\n\n\n\n<li>Stecken Sie ihn ein und genie\u00dfen Sie helles, gleichm\u00e4\u00dfiges Licht!<\/li>\n<\/ul>\n<\/div><figure class=\"wp-block-media-text__media\"><img loading=\"lazy\" decoding=\"async\" width=\"500\" height=\"500\" src=\"https:\/\/tangooled.com\/wp-content\/uploads\/2025\/07\/rp25-ins.webp\" alt=\"recessed 25mm led aluminum channel for double row led strips\" class=\"wp-image-41788 size-full\" srcset=\"https:\/\/tangooled.com\/wp-content\/uploads\/2025\/07\/rp25-ins.webp 500w, https:\/\/tangooled.com\/wp-content\/uploads\/2025\/07\/rp25-ins-300x300.webp 300w, https:\/\/tangooled.com\/wp-content\/uploads\/2025\/07\/rp25-ins-150x150.webp 150w\" sizes=\"auto, (max-width: 500px) 100vw, 500px\" \/><\/figure><\/div>\n<\/div><\/div>\n\n\n\n<div class=\"wp-block-group has-background is-vertical is-layout-flex wp-container-core-group-is-layout-b429018a wp-block-group-is-layout-flex\" style=\"background-color:#f1f1f1f2;padding-top:var(--wp--preset--spacing--70);padding-bottom:var(--wp--preset--spacing--70)\">\n<h2 class=\"wp-block-heading\" style=\"padding-top:var(--wp--preset--spacing--40);padding-bottom:var(--wp--preset--spacing--40);font-size:25px;font-style:normal;font-weight:600;text-transform:capitalize\">what\u2018s in the kit?<\/h2>\n\n\n\n<ul class=\"wp-block-list\">\n<li>1x Anodisiertes 25mm Aluminiumprofil<\/li>\n\n\n\n<li>1x Opal Polycarbonat Diffusor<\/li>\n\n\n\n<li>Zwei Endkappen<\/li>\n\n\n\n<li>Schrauben<\/li>\n<\/ul>\n<\/div>\n\n\n\n<div class=\"wp-block-group is-vertical is-layout-flex wp-container-core-group-is-layout-d255d7c4 wp-block-group-is-layout-flex\" style=\"padding-top:var(--wp--preset--spacing--80);padding-bottom:var(--wp--preset--spacing--80)\">\n<h2 class=\"wp-block-heading\" style=\"padding-top:var(--wp--preset--spacing--40);padding-bottom:var(--wp--preset--spacing--40);font-size:25px;font-style:normal;font-weight:600;text-transform:capitalize\">Wo kann man es verwenden?<\/h2>\n\n\n\n<p style=\"padding-right:var(--wp--preset--spacing--50);padding-left:var(--wp--preset--spacing--50)\">Unser 25mm eingelassener Aluminiumkanal funktioniert gut an vielen Orten:<\/p>\n\n\n\n<ul class=\"wp-block-list\">\n<li>Erzeugen Sie gerade und ordentliche Lichtlinien an W\u00e4nden und Decken.<\/li>\n\n\n\n<li>Unter Schr\u00e4nken: Bringen Sie mehr Licht auf die K\u00fcchenarbeitsfl\u00e4chen oder Regale.<\/li>\n\n\n\n<li>Einzelhandelsregale: Verwenden Sie gleichm\u00e4\u00dfiges Licht, um Ihre Produkte hervorzuheben.<\/li>\n\n\n\n<li>Architektonische Designs: Verleihen Sie H\u00e4usern und B\u00fcros ein modernes Aussehen.<\/li>\n<\/ul>\n<\/div>\n\n\n\n<div class=\"wp-block-group has-background is-vertical is-layout-flex wp-container-core-group-is-layout-b429018a wp-block-group-is-layout-flex\" style=\"background-color:#f1f1f1f2;padding-top:var(--wp--preset--spacing--70);padding-bottom:var(--wp--preset--spacing--70)\">\n<h2 class=\"wp-block-heading\" style=\"padding-top:var(--wp--preset--spacing--40);padding-right:0;padding-bottom:var(--wp--preset--spacing--40);padding-left:0;font-size:25px;font-style:normal;font-weight:600;text-transform:capitalize\">Verwandte Produkte, die Ihnen gefallen k\u00f6nnten<\/h2>\n\n\n\n<ul class=\"wp-block-list\">\n<li><a href=\"https:\/\/tangooled.com\/de\/product\/black-led-diffuser-aluminum-channel-for-12mm-tape-lights\/\"><mark style=\"background-color:rgba(0, 0, 0, 0)\" class=\"has-inline-color has-vivid-red-color\">Schwarzes LED-Diffusor-Aluminiumprofil f\u00fcr 12 mm LED-Band<\/mark><\/a><\/li>\n\n\n\n<li><a href=\"https:\/\/tangooled.com\/de\/product\/surface-mount-led-profile-with-frosted-diffuser-for-10mm-rope-lights\/\"><mark style=\"background-color:rgba(0, 0, 0, 0)\" class=\"has-inline-color has-vivid-red-color\">Oberfl\u00e4chenmontierter LED-Profil mit mattiertem Diffusor f\u00fcr 10 mm LED-Lichterketten<\/mark><\/a><\/li>\n\n\n\n<li><a href=\"https:\/\/tangooled.com\/de\/product\/25mm-u-shape-led-mounting-channel-for-15mm-double-row-led-strip-lights\/\"><mark style=\"background-color:rgba(0, 0, 0, 0)\" class=\"has-inline-color has-vivid-red-color\">25mm U-f\u00f6rmiger LED-Montagekanal f\u00fcr 15mm Doppelreihe LED-Streifenlichter<\/mark><\/a><\/li>\n\n\n\n<li><a href=\"https:\/\/tangooled.com\/de\/product\/aluminum-led-strip-extrusion-diffuser-channel-for-5050-double-row-led-strip\/\"><mark style=\"background-color:rgba(0, 0, 0, 0)\" class=\"has-inline-color has-vivid-red-color\">Aluminium-LED-Streifen-Extrusionsdiffusor-Kanal f\u00fcr 5050 Doppelsrow LED-Streifen<\/mark><\/a> <\/li>\n<\/ul>\n<\/div>\n\n\n\n<p><\/p>","protected":false},"featured_media":14325,"template":"","meta":{"_acf_changed":true,"_seopress_robots_primary_cat":"none","_seopress_titles_title":"25mm Recessed LED Aluminum Channel for Double Row Strip | TANGOOLED","_seopress_titles_desc":"Buy our 25mm recessed LED aluminum channel designed for double row LED strips. This professional recessed profile provides high brightness and efficient heat dissipation for large-scale linear lighting projects.","_seopress_robots_index":""},"pcb-width":[228],"product-cat":[193],"class_list":{"0":"post-34966","1":"product","2":"type-product","3":"status-publish","4":"has-post-thumbnail","6":"pcb-width-6-12mm","7":"product-cat-recessed-profile"},"acf":[],"_links":{"self":[{"href":"https:\/\/tangooled.com\/de\/wp-json\/wp\/v2\/product\/34966","targetHints":{"allow":["GET"]}}],"collection":[{"href":"https:\/\/tangooled.com\/de\/wp-json\/wp\/v2\/product"}],"about":[{"href":"https:\/\/tangooled.com\/de\/wp-json\/wp\/v2\/types\/product"}],"wp:featuredmedia":[{"embeddable":true,"href":"https:\/\/tangooled.com\/de\/wp-json\/wp\/v2\/media\/14325"}],"wp:attachment":[{"href":"https:\/\/tangooled.com\/de\/wp-json\/wp\/v2\/media?parent=34966"}],"wp:term":[{"taxonomy":"pcb-width","embeddable":true,"href":"https:\/\/tangooled.com\/de\/wp-json\/wp\/v2\/pcb-width?post=34966"},{"taxonomy":"product-cat","embeddable":true,"href":"https:\/\/tangooled.com\/de\/wp-json\/wp\/v2\/product-cat?post=34966"}],"curies":[{"name":"wp","href":"https:\/\/api.w.org\/{rel}","templated":true}]}}