{"id":34963,"date":"2025-07-01T02:20:27","date_gmt":"2025-07-01T10:20:27","guid":{"rendered":"https:\/\/tangooled.com\/?post_type=product&#038;p=34963"},"modified":"2026-01-31T01:07:09","modified_gmt":"2026-01-31T09:07:09","slug":"23mm-deep-recessed-led-profile-for-15mm-strips","status":"publish","type":"product","link":"https:\/\/tangooled.com\/de\/product\/23mm-deep-recessed-led-profile-for-15mm-strips\/","title":{"rendered":"23mm tiefes, eingelassenes LED-Profil f\u00fcr 15mm Streifen"},"content":{"rendered":"<div class=\"wp-block-group\" style=\"padding-top:var(--wp--preset--spacing--80);padding-bottom:var(--wp--preset--spacing--80)\"><div class=\"wp-block-group__inner-container is-layout-constrained wp-block-group-is-layout-constrained\">\n<p>Unser 23mm eingelassenes LED-Profil ist ein tiefes Aluminiumprofil, das f\u00fcr diskrete Beleuchtung entwickelt wurde, das Ihre 15mm LED-Streifen flach in W\u00e4nden oder Decken verbirgt. Die LEDs k\u00f6nnen ohne sichtbare Spots leuchten, da die Innenbreite 19.6mm und die Tiefe 23.3mm betr\u00e4gt. Der Aluminiumkanal&nbsp;wirkt als eingebauter K\u00fchlk\u00f6rper, der Ihre LED-Streifen k\u00fchl h\u00e4lt und deren Lebensdauer verl\u00e4ngert. Dieses Profil l\u00e4sst sich einfach installieren, da es ein eingelassenes Installationssystem hat. Es wird normalerweise mit flexiblen Federclips an Ort und Stelle gehalten, die fest in das Trockenbau- oder Deckenplatte greifen.<\/p>\n<\/div><\/div>\n\n\n\n<div class=\"wp-block-group has-background is-vertical is-layout-flex wp-container-core-group-is-layout-d255d7c4 wp-block-group-is-layout-flex\" style=\"background-color:#f1f1f1;padding-top:var(--wp--preset--spacing--80);padding-bottom:var(--wp--preset--spacing--80)\">\n<div class=\"wp-block-group is-vertical is-layout-flex wp-container-core-group-is-layout-8cf370e7 wp-block-group-is-layout-flex\">\n<h2 class=\"wp-block-heading\" style=\"padding-top:var(--wp--preset--spacing--40);padding-bottom:var(--wp--preset--spacing--40);font-size:25px;font-style:normal;font-weight:600;text-transform:capitalize\">Warum unser 23mm eingelassenes LED-Profil w\u00e4hlen?<\/h2>\n\n\n\n<ul class=\"wp-block-list\">\n<li>Kompatibel mit 15mm LED-Streifen wie Philips Hue und doppelt-reihigen RGBW-B\u00e4ndern.<\/li>\n\n\n\n<li>Helle, gleichm\u00e4\u00dfige Diffusion ohne Punkte.<\/li>\n\n\n\n<li>Fl\u00e4chenmontage und Trim-Design, um sichtbare Kanten zu verbergen.<\/li>\n\n\n\n<li>Anodisiertes Aluminium, das stark genug ist, um W\u00e4rme und Abnutzung standzuhalten.<\/li>\n\n\n\n<li>Sch\u00fctzt LED-Streifen vor Schmutz, Wasser und Besch\u00e4digung.<\/li>\n\n\n\n<li>Es ist mit einem Diffusor, Federhalterungen und Endkappen ausgestattet.<\/li>\n\n\n\n<li>Sie k\u00f6nnen es im Feld auf die gew\u00fcnschte L\u00e4nge oder Form zuschneiden.<\/li>\n<\/ul>\n<\/div>\n<\/div>\n\n\n\n<div class=\"wp-block-group is-vertical is-layout-flex wp-container-core-group-is-layout-d255d7c4 wp-block-group-is-layout-flex\" style=\"padding-top:var(--wp--preset--spacing--80);padding-bottom:var(--wp--preset--spacing--80)\">\n<hr class=\"wp-block-separator has-alpha-channel-opacity\"\/>\n\n\n\n<div class=\"wp-block-media-text has-media-on-the-right is-stacked-on-mobile\" style=\"grid-template-columns:auto 40%\"><div class=\"wp-block-media-text__content\">\n<h2 class=\"wp-block-heading\" style=\"padding-top:var(--wp--preset--spacing--40);padding-bottom:var(--wp--preset--spacing--40);font-size:25px;text-transform:capitalize\">Wie verwendet man das 23mm eingelassene LED-Profil?<\/h2>\n\n\n\n<ul class=\"wp-block-list\">\n<li>Beleuchtung von Geb\u00e4uden durch Linien von Licht an Decken, W\u00e4nden und B\u00f6den.<\/li>\n\n\n\n<li>Unterbau-Beleuchtung: Helles, sanftes Licht f\u00fcr Arbeitsbereiche.<\/li>\n\n\n\n<li>Beleuchtung f\u00fcr Kleiderschr\u00e4nke und M\u00f6bel: Licht, das in Schr\u00e4nken und Schuffern verborgen ist.<\/li>\n\n\n\n<li>Beleuchtung f\u00fcr Gesch\u00e4fte und Unternehmen: Licht, das hell und klar f\u00fcr Produkte ist.<\/li>\n<\/ul>\n<\/div><figure class=\"wp-block-media-text__media\"><img loading=\"lazy\" decoding=\"async\" width=\"500\" height=\"500\" src=\"https:\/\/tangooled.com\/wp-content\/uploads\/2025\/07\/rp22-ins.webp\" alt=\"22x23mm led strip channel for 15mm strip light ceiling recessed\" class=\"wp-image-41783 size-full\" srcset=\"https:\/\/tangooled.com\/wp-content\/uploads\/2025\/07\/rp22-ins.webp 500w, https:\/\/tangooled.com\/wp-content\/uploads\/2025\/07\/rp22-ins-300x300.webp 300w, https:\/\/tangooled.com\/wp-content\/uploads\/2025\/07\/rp22-ins-150x150.webp 150w\" sizes=\"auto, (max-width: 500px) 100vw, 500px\" \/><\/figure><\/div>\n<\/div>\n\n\n\n<div class=\"wp-block-group has-background is-vertical is-layout-flex wp-container-core-group-is-layout-b429018a wp-block-group-is-layout-flex\" style=\"background-color:#f1f1f1f2;padding-top:var(--wp--preset--spacing--70);padding-bottom:var(--wp--preset--spacing--70)\">\n<h2 class=\"wp-block-heading\" style=\"padding-top:var(--wp--preset--spacing--40);padding-bottom:var(--wp--preset--spacing--40);font-size:25px;font-style:normal;font-weight:600;text-transform:capitalize\">Was ist im Kit enthalten?<\/h2>\n\n\n\n<ul class=\"wp-block-list\">\n<li>1x anodisiertes eingelassenes Aluminiumprofil<\/li>\n\n\n\n<li>1x PC Frosted Lichtdiffusor<\/li>\n\n\n\n<li>Zwei Endkappen<\/li>\n\n\n\n<li>Zwei Federhalterungen<\/li>\n<\/ul>\n<\/div>\n\n\n\n<div class=\"wp-block-group is-vertical is-layout-flex wp-container-core-group-is-layout-d255d7c4 wp-block-group-is-layout-flex\" style=\"padding-top:var(--wp--preset--spacing--80);padding-bottom:var(--wp--preset--spacing--80)\">\n<h2 class=\"wp-block-heading\" style=\"padding-top:var(--wp--preset--spacing--40);padding-bottom:var(--wp--preset--spacing--40);font-size:25px;font-style:normal;font-weight:600;text-transform:capitalize\">Informationen zur Kompatibilit\u00e4t<\/h2>\n\n\n\n<p style=\"padding-right:var(--wp--preset--spacing--50);padding-left:var(--wp--preset--spacing--50)\">Unser 23mm eingelassenes LED-Profil eignet sich f\u00fcr LED-B\u00e4nder, die 15mm breit sind, wie 5050, 2835, COB, RGB und RGBW.<\/p>\n\n\n\n<ul class=\"wp-block-list\">\n<li>Verschiedene Spannungen: LED-B\u00e4nder, die mit 12V und 24V funktionieren.<\/li>\n\n\n\n<li>Kompatibel mit beliebten Marken wie Philips Hue Lightstrip Plus (V4 und neuer).<\/li>\n\n\n\n<li>Best for strips that aren&#8217;t waterproof or are IP65 waterproof and are put on properly.<\/li>\n<\/ul>\n<\/div>\n\n\n\n<div class=\"wp-block-group is-vertical is-layout-flex wp-container-core-group-is-layout-d255d7c4 wp-block-group-is-layout-flex\" style=\"padding-top:var(--wp--preset--spacing--80);padding-bottom:var(--wp--preset--spacing--80)\">\n<h2 class=\"wp-block-heading\" style=\"padding-top:var(--wp--preset--spacing--40);padding-bottom:var(--wp--preset--spacing--40);font-size:25px;font-style:normal;font-weight:600;text-transform:capitalize\">Verwandte Produkte, die Ihnen gefallen k\u00f6nnten<\/h2>\n\n\n\n<p style=\"padding-right:var(--wp--preset--spacing--50);padding-left:var(--wp--preset--spacing--50)\">Entdecken Sie diese verwandten Profile f\u00fcr verschiedene Gr\u00f6\u00dfen und Oberfl\u00e4chen:<\/p>\n\n\n\n<ul class=\"wp-block-list\">\n<li><a href=\"https:\/\/tangooled.com\/de\/product\/22x15mm-led-light-channel-aluminum-extrusion-for-flexible-strips\/\"><mark style=\"background-color:rgba(0, 0, 0, 0)\" class=\"has-inline-color has-vivid-red-color\">22x15mm LED-Lichtkanal f\u00fcr flexible Streifen<\/mark><\/a><\/li>\n\n\n\n<li><a href=\"https:\/\/tangooled.com\/de\/product\/black-led-diffuser-aluminum-channel-for-12mm-tape-lights\/\"><mark style=\"background-color:rgba(0, 0, 0, 0)\" class=\"has-inline-color has-vivid-red-color\">Schwarzes LED-Diffusor-Aluminiumprofil f\u00fcr 12 mm LED-Band<\/mark><\/a><\/li>\n\n\n\n<li><a href=\"https:\/\/tangooled.com\/de\/product\/25x6mm-low-profile-led-strip-channel-for-10mm-led-strip-light\/\"><mark style=\"background-color:rgba(0, 0, 0, 0)\" class=\"has-inline-color has-vivid-red-color\">25x6mm Niedrigprofil-LED-Streifenkanal f\u00fcr 10mm LED-Streifenlicht<\/mark><\/a><\/li>\n\n\n\n<li><a href=\"https:\/\/tangooled.com\/de\/product\/recessed-aluminum-led-channel-with-ceiling-buckle-for-led-10mm-strip-light\/\"><mark style=\"background-color:rgba(0, 0, 0, 0)\" class=\"has-inline-color has-vivid-red-color\">Eingelassenes Aluminium-LED-Profil mit Deckenstecker<\/mark><\/a><\/li>\n<\/ul>\n<\/div>\n\n\n\n<p><\/p>","protected":false},"featured_media":14331,"template":"","meta":{"_acf_changed":true,"_seopress_robots_primary_cat":"none","_seopress_titles_title":"23mm Deep Recessed LED Profile for 15mm Strips | TANGOOLED","_seopress_titles_desc":"Eliminate LED spotting with our 23mm deep recessed profile. Designed for 15mm wide LED strips, this extra-deep aluminum channel provides superior diffusion and professional heat dissipation for high-end linear lighting.","_seopress_robots_index":""},"pcb-width":[229],"product-cat":[193],"class_list":{"0":"post-34963","1":"product","2":"type-product","3":"status-publish","4":"has-post-thumbnail","6":"pcb-width-15-20mm","7":"product-cat-recessed-profile"},"acf":[],"_links":{"self":[{"href":"https:\/\/tangooled.com\/de\/wp-json\/wp\/v2\/product\/34963","targetHints":{"allow":["GET"]}}],"collection":[{"href":"https:\/\/tangooled.com\/de\/wp-json\/wp\/v2\/product"}],"about":[{"href":"https:\/\/tangooled.com\/de\/wp-json\/wp\/v2\/types\/product"}],"wp:featuredmedia":[{"embeddable":true,"href":"https:\/\/tangooled.com\/de\/wp-json\/wp\/v2\/media\/14331"}],"wp:attachment":[{"href":"https:\/\/tangooled.com\/de\/wp-json\/wp\/v2\/media?parent=34963"}],"wp:term":[{"taxonomy":"pcb-width","embeddable":true,"href":"https:\/\/tangooled.com\/de\/wp-json\/wp\/v2\/pcb-width?post=34963"},{"taxonomy":"product-cat","embeddable":true,"href":"https:\/\/tangooled.com\/de\/wp-json\/wp\/v2\/product-cat?post=34963"}],"curies":[{"name":"wp","href":"https:\/\/api.w.org\/{rel}","templated":true}]}}