{"id":34962,"date":"2025-07-01T02:16:45","date_gmt":"2025-07-01T10:16:45","guid":{"rendered":"https:\/\/tangooled.com\/?post_type=product&#038;p=34962"},"modified":"2026-01-31T01:03:41","modified_gmt":"2026-01-31T09:03:41","slug":"15mm-deep-recessed-led-channel-for-double-row-strips","status":"publish","type":"product","link":"https:\/\/tangooled.com\/de\/product\/15mm-deep-recessed-led-channel-for-double-row-strips\/","title":{"rendered":"15 mm tiefer, eingelassener LED-Kanal f\u00fcr Doppelreihen-LED-Streifen"},"content":{"rendered":"<div class=\"wp-block-group is-vertical is-layout-flex wp-container-core-group-is-layout-d255d7c4 wp-block-group-is-layout-flex\" style=\"padding-top:var(--wp--preset--spacing--80);padding-bottom:var(--wp--preset--spacing--80)\">\n<p>Dieser 15 mm eingelassene LED-Kanal ist f\u00fcr Doppelreihen-LED-Streifen konzipiert. Die Innenbreite betr\u00e4gt 19,6 mm, die f\u00fcr 15 mm breite LED-Streifen wie SMD5050, 2835 oder RGB-Typen geeignet ist. Er passt in Nutbreiten von 22,2 mm und einer H\u00f6he von 14 mm. Die Flansche bedecken die Kanten der Nuten, was ihn zu einer perfekten L\u00f6sung f\u00fcr lineare Beleuchtung macht. Mit vollst\u00e4ndigem Zubeh\u00f6r wie Endkappen und Montageclips erm\u00f6glicht dieser Kanal eine einfache Installation in Decken, W\u00e4nden, M\u00f6beln und vielen anderen architektonischen sowie kommerziellen Beleuchtungsprojekten.<\/p>\n<\/div>\n\n\n\n<div class=\"wp-block-group has-background is-vertical is-layout-flex wp-container-core-group-is-layout-d255d7c4 wp-block-group-is-layout-flex\" style=\"background-color:#f1f1f1;padding-top:var(--wp--preset--spacing--80);padding-bottom:var(--wp--preset--spacing--80)\">\n<div class=\"wp-block-group is-vertical is-layout-flex wp-container-core-group-is-layout-8cf370e7 wp-block-group-is-layout-flex\">\n<h2 class=\"wp-block-heading\" style=\"padding-top:var(--wp--preset--spacing--40);padding-bottom:var(--wp--preset--spacing--40);font-size:25px;font-style:normal;font-weight:600\">Warum sollten Sie unseren 15 mm eingelassenen LED-Streifen-Kanal w\u00e4hlen?<\/h2>\n\n\n\n<p style=\"padding-right:var(--wp--preset--spacing--50);padding-left:var(--wp--preset--spacing--50)\">Unser 15 mm eingelassener LED-Kanal ist so gefertigt, dass er Ihnen hilft, ein starkes, gleichm\u00e4\u00dfiges und konsistentes Licht zu erzielen. Der Doppelreihen-LED-Streifen passt in diesen LED-Streifen-Kanal, was Ihr Licht besonders hell und ideal f\u00fcr die Beleuchtung eines Raumes, einer Nische, einer Aufgabe oder eines Akzents macht.<\/p>\n\n\n\n<ul class=\"wp-block-list\">\n<li>Hergestellt aus eloxiertem Aluminium 6063-T5 f\u00fcr starke W\u00e4rmeableitung und lange Lebensdauer.<\/li>\n\n\n\n<li>Beinhaltet einen satinierten Diffusor, um einen fleckigen oder punktuellen LED-Lichteffekt zu vermeiden.<\/li>\n\n\n\n<li>F\u00fcr eine fl\u00e4chenb\u00fcndige oder eingelassene Installation entworfen, um eine ordentliche und saubere Oberfl\u00e4che zu erzielen.<\/li>\n\n\n\n<li>Kommt mit Endkappen und Montageclips f\u00fcr eine einfache Installation.<\/li>\n\n\n\n<li>Funktioniert hervorragend mit SMD 2835, 5050, 5630 LED flexiblen Lichtb\u00e4ndern.<\/li>\n<\/ul>\n<\/div>\n<\/div>\n\n\n\n<div class=\"wp-block-group\" style=\"padding-top:var(--wp--preset--spacing--60);padding-bottom:var(--wp--preset--spacing--60)\"><div class=\"wp-block-group__inner-container is-layout-constrained wp-block-group-is-layout-constrained\">\n<div class=\"wp-block-media-text has-media-on-the-right is-stacked-on-mobile\"><div class=\"wp-block-media-text__content\">\n<h2 class=\"wp-block-heading\" style=\"padding-top:var(--wp--preset--spacing--40);padding-bottom:var(--wp--preset--spacing--40);font-size:25px;font-style:normal;font-weight:600;text-transform:capitalize\">Installation leicht gemacht<\/h2>\n\n\n\n<ul class=\"wp-block-list\">\n<li>Machen Sie eine Nut in Ihrem Trockenbau, Holz oder M\u00f6bel.<\/li>\n\n\n\n<li>Bringen Sie den Kanal in Position, indem Sie ihn einrasten oder mit den mitgelieferten Montageclips anschrauben.<\/li>\n\n\n\n<li>Setzen Sie Ihre Doppelreihen-LED-Streifen in den Kanal ein.<\/li>\n\n\n\n<li>Setzen Sie den opalen Diffusor-Abdeckung oben auf.<\/li>\n\n\n\n<li>Die Endkappen schlie\u00dfen die Enden ab (eine Kappe hat ein Loch, durch das ein Kabel gef\u00fchrt werden kann).<\/li>\n<\/ul>\n<\/div><figure class=\"wp-block-media-text__media\"><img loading=\"lazy\" decoding=\"async\" width=\"500\" height=\"500\" src=\"https:\/\/tangooled.com\/wp-content\/uploads\/2025\/07\/rp20b-ins.webp\" alt=\"recessed 22x15mm led strip lighting channel for double row led strip\" class=\"wp-image-41779 size-full\" srcset=\"https:\/\/tangooled.com\/wp-content\/uploads\/2025\/07\/rp20b-ins.webp 500w, https:\/\/tangooled.com\/wp-content\/uploads\/2025\/07\/rp20b-ins-300x300.webp 300w, https:\/\/tangooled.com\/wp-content\/uploads\/2025\/07\/rp20b-ins-150x150.webp 150w\" sizes=\"auto, (max-width: 500px) 100vw, 500px\" \/><\/figure><\/div>\n<\/div><\/div>\n\n\n\n<div class=\"wp-block-group has-background is-vertical is-layout-flex wp-container-core-group-is-layout-b429018a wp-block-group-is-layout-flex\" style=\"background-color:#f1f1f1f2;padding-top:var(--wp--preset--spacing--70);padding-bottom:var(--wp--preset--spacing--70)\">\n<h2 class=\"wp-block-heading\" style=\"font-size:25px;font-style:normal;font-weight:600;text-transform:capitalize\">Was k\u00f6nnen Sie in einem Set erhalten?<\/h2>\n\n\n\n<ul class=\"wp-block-list\">\n<li>1x Eloxiertes 22x15mm eingelassenes Aluminiumprofil<\/li>\n\n\n\n<li>1x PC Frosted Lichtdiffusor<\/li>\n\n\n\n<li>Zwei Endkappen <\/li>\n\n\n\n<li>Zwei Montageclips<\/li>\n<\/ul>\n<\/div>\n\n\n\n<div class=\"wp-block-group is-vertical is-layout-flex wp-container-core-group-is-layout-d255d7c4 wp-block-group-is-layout-flex\" style=\"padding-top:var(--wp--preset--spacing--80);padding-bottom:var(--wp--preset--spacing--80)\">\n<h2 class=\"wp-block-heading\" style=\"font-size:25px;font-style:normal;font-weight:600;text-transform:capitalize\">Beliebte Anwendungen und Verwendungen<\/h2>\n\n\n\n<ul class=\"wp-block-list\">\n<li>Wohnzimmer und K\u00fcchen: Ideal f\u00fcr helle Beleuchtung unter Schr\u00e4nken oder im Hauptraum.<\/li>\n\n\n\n<li>B\u00fcros und Besprechungszimmer: Dieses Licht ist sauber und passt gut zu den Decken.<\/li>\n\n\n\n<li>Laden-Displays: Nutzen Sie helles, gleichm\u00e4\u00dfiges Licht, um Produkte hervorzuheben.<\/li>\n\n\n\n<li>Cove lighting: This type of lighting creates soft, steady lines of light that don&#8217;t come straight from the source.<\/li>\n\n\n\n<li>Ma\u00dfgefertigte M\u00f6bel: Ver\u00e4ndern Sie den Stil Ihrer Arbeitsplatten oder Kleiderschr\u00e4nke.<\/li>\n<\/ul>\n<\/div>\n\n\n\n<div class=\"wp-block-group has-background is-vertical is-layout-flex wp-container-core-group-is-layout-b429018a wp-block-group-is-layout-flex\" style=\"background-color:#f1f1f1f2;padding-top:var(--wp--preset--spacing--70);padding-bottom:var(--wp--preset--spacing--70)\">\n<h2 class=\"wp-block-heading\" style=\"font-size:25px;font-style:normal;font-weight:600\">W\u00e4hlen Sie uns f\u00fcr Ihre LED-Profilbed\u00fcrfnisse<\/h2>\n\n\n\n<ul class=\"wp-block-list\">\n<li>\u00dcberpr\u00fcfen Sie den LED-Streifen-Kanal mit Diffusor f\u00fcr doppelte LED-Streifen f\u00fcr ma\u00dfgefertigte Schr\u00e4nke: <mark style=\"background-color:rgba(0, 0, 0, 0)\" class=\"has-inline-color has-vivid-red-color\"><a href=\"https:\/\/tangooled.com\/de\/product\/cabinet-led-strip-channel-with-diffuser-for-double-led-strips\/\">Hier ansehen<\/a>.<\/mark><\/li>\n\n\n\n<li>Entdecken Sie den 22x15mm LED-Lichtkanal-Aluminium-Extrusion f\u00fcr flexible Streifen f\u00fcr \u00e4hnliche Kanaldetails:<a href=\"https:\/\/tangooled.com\/de\/product\/22x15mm-led-light-channel-aluminum-extrusion-for-flexible-strips\/\"> <mark style=\"background-color:rgba(0, 0, 0, 0)\" class=\"has-inline-color has-vivid-red-color\">Produktseite<\/mark><\/a><\/li>\n\n\n\n<li>F\u00fcr ein schlankeres Design siehe <a href=\"https:\/\/tangooled.com\/de\/product\/led-light-diffuser-channel-aluminum-15x12mm-for-10mm-led-strips\/\"><mark style=\"background-color:rgba(0, 0, 0, 0)\" class=\"has-inline-color has-vivid-red-color\">LED-Lichtdiffusor-Kanal aus Aluminium 15x12mm f\u00fcr 10mm LED-Streifen<\/mark><\/a><\/li>\n<\/ul>\n<\/div>\n\n\n\n<p><\/p>","protected":false},"featured_media":14337,"template":"","meta":{"_acf_changed":true,"_seopress_robots_primary_cat":"none","_seopress_titles_title":"15mm Deep Recessed LED Channel for Double Row Strips | TANGOOLED","_seopress_titles_desc":"Achieve a dot-free, high-output glow with our 15mm deep recessed LED channel. Designed to fit double row strip lights, this flanged aluminum profile ensures professional heat dissipation for bright linear lighting.","_seopress_robots_index":""},"pcb-width":[229],"product-cat":[193],"class_list":{"0":"post-34962","1":"product","2":"type-product","3":"status-publish","4":"has-post-thumbnail","6":"pcb-width-15-20mm","7":"product-cat-recessed-profile"},"acf":[],"_links":{"self":[{"href":"https:\/\/tangooled.com\/de\/wp-json\/wp\/v2\/product\/34962","targetHints":{"allow":["GET"]}}],"collection":[{"href":"https:\/\/tangooled.com\/de\/wp-json\/wp\/v2\/product"}],"about":[{"href":"https:\/\/tangooled.com\/de\/wp-json\/wp\/v2\/types\/product"}],"wp:featuredmedia":[{"embeddable":true,"href":"https:\/\/tangooled.com\/de\/wp-json\/wp\/v2\/media\/14337"}],"wp:attachment":[{"href":"https:\/\/tangooled.com\/de\/wp-json\/wp\/v2\/media?parent=34962"}],"wp:term":[{"taxonomy":"pcb-width","embeddable":true,"href":"https:\/\/tangooled.com\/de\/wp-json\/wp\/v2\/pcb-width?post=34962"},{"taxonomy":"product-cat","embeddable":true,"href":"https:\/\/tangooled.com\/de\/wp-json\/wp\/v2\/product-cat?post=34962"}],"curies":[{"name":"wp","href":"https:\/\/api.w.org\/{rel}","templated":true}]}}