{"id":34959,"date":"2025-07-01T02:14:27","date_gmt":"2025-07-01T10:14:27","guid":{"rendered":"https:\/\/tangooled.com\/?post_type=product&#038;p=34959"},"modified":"2026-02-02T22:22:22","modified_gmt":"2026-02-03T06:22:22","slug":"recessed-20x10mmmm-led-strip-lighting-channel","status":"publish","type":"product","link":"https:\/\/tangooled.com\/de\/product\/recessed-20x10mmmm-led-strip-lighting-channel\/","title":{"rendered":"eingelassener 20x10mmm LED-Streifenbeleuchtungskanal"},"content":{"rendered":"<div class=\"wp-block-group is-vertical is-layout-flex wp-container-core-group-is-layout-d255d7c4 wp-block-group-is-layout-flex\" style=\"padding-top:var(--wp--preset--spacing--80);padding-bottom:var(--wp--preset--spacing--80)\">\n<p>Dieser eingelassene LED-Streifenlichtkanal RP20A-S bietet eine Innenbreite von 20,0 mm und ist eine ausgezeichnete Wahl f\u00fcr hochdichte, COB- und RGBW-LED-Streifen. Mit einer H\u00f6he von 10,0 mm erm\u00f6glicht dieser flache Kanal eine nahtlose Installation in Nuten mit passender Tiefe in Gipsw\u00e4nden, Decken oder ma\u00dfgefertigten M\u00f6beln. Sein eingelassenes Design schafft ein sauberes, randloses Aussehen, perfekt f\u00fcr architektonische Linienbeleuchtung in K\u00fcchen, Verkaufsdisplays und B\u00fcros. Dieses Profil ist ideal f\u00fcr jeden LED-Streifen, der weniger als 20 mm breit ist.<\/p>\n<\/div>\n\n\n\n<div class=\"wp-block-group has-background\" style=\"background-color:#f1f1f1;padding-top:var(--wp--preset--spacing--80);padding-bottom:var(--wp--preset--spacing--80)\"><div class=\"wp-block-group__inner-container is-layout-constrained wp-block-group-is-layout-constrained\">\n<div class=\"wp-block-group is-vertical is-layout-flex wp-container-core-group-is-layout-8cf370e7 wp-block-group-is-layout-flex\">\n<h2 class=\"wp-block-heading\" style=\"padding-top:var(--wp--preset--spacing--40);padding-bottom:var(--wp--preset--spacing--40);font-size:25px;font-style:normal;font-weight:600;text-transform:capitalize\">Warum sollten Sie unseren 20x10mm eingeh\u00e4ngten LED-Kanal w\u00e4hlen?<\/h2>\n\n\n\n<ul class=\"wp-block-list\">\n<li>Nahtlose &amp; b\u00fcndige Montage: Entwickelt, um in Trockenbau, Holz oder M\u00f6bel zu passen, damit es eingebaut und sauber aussieht.<\/li>\n\n\n\n<li>Punktfreies Licht: Der enthaltene frostige\/opale Polycarbonat-Diffusor verwandelt LED-Punkte in einen sanften Glanz.<\/li>\n\n\n\n<li>W\u00e4rmeableitung: Aluminium hilft, die Lebensdauer Ihres LED-Streifens zu verl\u00e4ngern, indem es als K\u00fchlk\u00f6rper wirkt.<\/li>\n\n\n\n<li>Robust und sch\u00fctzend: H\u00e4lt Ihren LED-Streifen vor Staub und Feuchtigkeit gesch\u00fctzt.<\/li>\n<\/ul>\n<\/div>\n<\/div><\/div>\n\n\n\n<div class=\"wp-block-group\" style=\"padding-top:var(--wp--preset--spacing--60);padding-bottom:var(--wp--preset--spacing--60)\"><div class=\"wp-block-group__inner-container is-layout-constrained wp-block-group-is-layout-constrained\">\n<div class=\"wp-block-media-text has-media-on-the-right is-stacked-on-mobile\" style=\"grid-template-columns:auto 40%\"><div class=\"wp-block-media-text__content\">\n<h2 class=\"wp-block-heading\" style=\"padding-top:var(--wp--preset--spacing--40);padding-bottom:var(--wp--preset--spacing--40);font-size:25px;font-style:normal;font-weight:600;text-transform:capitalize\">So verwenden Sie den 20x10mm eingeh\u00e4ngten LED-Streifenkanal<\/h2>\n\n\n\n<ul class=\"wp-block-list\">\n<li>Schneiden Sie eine Nut in Trockenbau, Holz oder M\u00f6bel, die 20 mm breit und 10 mm hoch ist.<\/li>\n\n\n\n<li>Legen Sie den LED-Streifen in den Kanal. Er funktioniert mit bekannten Herstellern, darunter Samsung und Cree-Chips.<\/li>\n\n\n\n<li>Setzen Sie den frosted Diffusor auf, um sanftes und punktfreies Licht zu erhalten.<\/li>\n\n\n\n<li>Verwenden Sie Montageclips oder Kleber, um ihn an seinem Platz zu halten.<\/li>\n\n\n\n<li>F\u00fcgen Sie Endkappen hinzu, um ordentliche Kabelausl\u00e4sse und ein fertiges Aussehen zu schaffen.&nbsp;<\/li>\n<\/ul>\n<\/div><figure class=\"wp-block-media-text__media\"><img loading=\"lazy\" decoding=\"async\" width=\"500\" height=\"500\" src=\"https:\/\/tangooled.com\/wp-content\/uploads\/2025\/07\/rp20a-ins.webp\" alt=\"eingelassener 20x10mmm LED-Streifenbeleuchtungskanal\" class=\"wp-image-41756 size-full\" srcset=\"https:\/\/tangooled.com\/wp-content\/uploads\/2025\/07\/rp20a-ins.webp 500w, https:\/\/tangooled.com\/wp-content\/uploads\/2025\/07\/rp20a-ins-300x300.webp 300w, https:\/\/tangooled.com\/wp-content\/uploads\/2025\/07\/rp20a-ins-150x150.webp 150w\" sizes=\"auto, (max-width: 500px) 100vw, 500px\" \/><\/figure><\/div>\n<\/div><\/div>\n\n\n\n<div class=\"wp-block-group has-background\" style=\"background-color:#f1f1f1f2;padding-top:var(--wp--preset--spacing--80);padding-bottom:var(--wp--preset--spacing--80)\"><div class=\"wp-block-group__inner-container is-layout-constrained wp-block-group-is-layout-constrained\">\n<h2 class=\"wp-block-heading\" style=\"font-size:25px;font-style:normal;font-weight:600;text-transform:capitalize\">What&#8217;s in the kit?<\/h2>\n\n\n\n<ul class=\"wp-block-list\">\n<li>1x anodisiertes eingelassenes RP20A-Aluminiumprofil (L\u00e4nge anzugeben)<\/li>\n\n\n\n<li>1x PC frostiger Diffusor<\/li>\n\n\n\n<li>2x Endkappen<\/li>\n\n\n\n<li>2x Montageclips<\/li>\n<\/ul>\n<\/div><\/div>\n\n\n\n<div class=\"wp-block-group\" style=\"padding-top:var(--wp--preset--spacing--80);padding-bottom:var(--wp--preset--spacing--80)\"><div class=\"wp-block-group__inner-container is-layout-constrained wp-block-group-is-layout-constrained\">\n<h2 class=\"wp-block-heading\" style=\"padding-top:var(--wp--preset--spacing--40);padding-bottom:var(--wp--preset--spacing--40);font-size:25px;font-style:normal;font-weight:600;text-transform:capitalize\">Die einfache Installationsanleitung funktioniert f\u00fcr verschiedene Anwendungen<\/h2>\n\n\n\n<ul class=\"wp-block-list\">\n<li>Beleuchtung, die unter Schr\u00e4nken in K\u00fcchen oder Schr\u00e4nken verl\u00e4uft.<\/li>\n\n\n\n<li>Architekturbeleuchtung, die in W\u00e4nde oder Decken eingelassen ist.<\/li>\n\n\n\n<li>Hinzuf\u00fcgen von M\u00f6beln wie Regalen oder Kleiderschr\u00e4nken.<\/li>\n\n\n\n<li>Beleuchtung f\u00fcr Verkaufsregale.<\/li>\n<\/ul>\n<\/div><\/div>\n\n\n\n<div class=\"wp-block-group has-background is-vertical is-layout-flex wp-container-core-group-is-layout-b429018a wp-block-group-is-layout-flex\" style=\"background-color:#f1f1f1f2;padding-top:var(--wp--preset--spacing--70);padding-bottom:var(--wp--preset--spacing--70)\">\n<h2 class=\"wp-block-heading\" style=\"font-size:25px;font-style:normal;font-weight:600;text-transform:capitalize\">Entdecken Sie weitere verwandte Produkte, um Ihr Projekt abzuschlie\u00dfen:<\/h2>\n\n\n\n<ul class=\"wp-block-list\">\n<li><a href=\"https:\/\/tangooled.com\/de\/product\/black-led-profile-with-black-diffuser-for-10mm-led-strip-light\/\"><mark style=\"background-color:rgba(0, 0, 0, 0)\" class=\"has-inline-color has-vivid-red-color\">Schwarzes LED-Profil mit schwarzem Diffusor f\u00fcr 10mm LED-Streifen<\/mark><\/a><\/li>\n\n\n\n<li><a href=\"https:\/\/tangooled.com\/de\/product\/surface-mount-led-profile-with-frosted-diffuser-for-10mm-rope-lights\/\"><mark style=\"background-color:rgba(0, 0, 0, 0)\" class=\"has-inline-color has-vivid-red-color\">Oberfl\u00e4chenmontierter LED-Profil mit mattiertem Diffusor f\u00fcr 10 mm LED-Lichterketten<\/mark><\/a><\/li>\n\n\n\n<li><a href=\"https:\/\/tangooled.com\/de\/product\/aluminum-led-strip-extrusion-diffuser-channel-for-5050-double-row-led-strip\/\"><mark style=\"background-color:rgba(0, 0, 0, 0)\" class=\"has-inline-color has-vivid-red-color\">Aluminium-LED-Streifen-Extrusionsdiffusor-Kanal f\u00fcr 5050 Doppelsrow LED-Streifen<\/mark><\/a><\/li>\n\n\n\n<li><a href=\"https:\/\/tangooled.com\/de\/product\/recessed-led-aluminum-profile-up-and-down-lighting-channel-for-cabinet\/\"><mark style=\"background-color:rgba(0, 0, 0, 0)\" class=\"has-inline-color has-vivid-red-color\">Eingebauter LED Aluminiumprofil f\u00fcr oben und unten Beleuchtungskanal f\u00fcr Schr\u00e4nke<\/mark><\/a><\/li>\n<\/ul>\n<\/div>\n\n\n\n<p><\/p>","protected":false},"featured_media":14342,"template":"","meta":{"_acf_changed":true,"_seopress_robots_primary_cat":"none","_seopress_titles_title":"20x10mm Recessed LED Channel Aluminum Profile | TANGOOLED","_seopress_titles_desc":"Upgrade your lighting with the 20x10mm recessed LED channel. This aluminum profile is designed for high-visibility linear lighting in ceilings and walls, offering easy installation and professional heat dissipation.","_seopress_robots_index":""},"pcb-width":[229],"product-cat":[193],"class_list":{"0":"post-34959","1":"product","2":"type-product","3":"status-publish","4":"has-post-thumbnail","6":"pcb-width-15-20mm","7":"product-cat-recessed-profile"},"acf":[],"_links":{"self":[{"href":"https:\/\/tangooled.com\/de\/wp-json\/wp\/v2\/product\/34959","targetHints":{"allow":["GET"]}}],"collection":[{"href":"https:\/\/tangooled.com\/de\/wp-json\/wp\/v2\/product"}],"about":[{"href":"https:\/\/tangooled.com\/de\/wp-json\/wp\/v2\/types\/product"}],"wp:featuredmedia":[{"embeddable":true,"href":"https:\/\/tangooled.com\/de\/wp-json\/wp\/v2\/media\/14342"}],"wp:attachment":[{"href":"https:\/\/tangooled.com\/de\/wp-json\/wp\/v2\/media?parent=34959"}],"wp:term":[{"taxonomy":"pcb-width","embeddable":true,"href":"https:\/\/tangooled.com\/de\/wp-json\/wp\/v2\/pcb-width?post=34959"},{"taxonomy":"product-cat","embeddable":true,"href":"https:\/\/tangooled.com\/de\/wp-json\/wp\/v2\/product-cat?post=34959"}],"curies":[{"name":"wp","href":"https:\/\/api.w.org\/{rel}","templated":true}]}}