{"id":34957,"date":"2025-07-01T02:12:26","date_gmt":"2025-07-01T10:12:26","guid":{"rendered":"https:\/\/tangooled.com\/?post_type=product&#038;p=34957"},"modified":"2026-01-31T00:58:48","modified_gmt":"2026-01-31T08:58:48","slug":"recessed-17mm-led-profile-aluminum-channel-for-12mm-led-strips","status":"publish","type":"product","link":"https:\/\/tangooled.com\/de\/product\/recessed-17mm-led-profile-aluminum-channel-for-12mm-led-strips\/","title":{"rendered":"eingelassenes 17-mm LED-Profil Aluminiumkanal f\u00fcr 12-mm LED-Streifen"},"content":{"rendered":"<div class=\"wp-block-group is-vertical is-layout-flex wp-container-core-group-is-layout-d255d7c4 wp-block-group-is-layout-flex\" style=\"padding-top:var(--wp--preset--spacing--80);padding-bottom:var(--wp--preset--spacing--80)\">\n<p>Our 17mm recessed LED profile is made for LED strips that are up to 12mm wide. It\u2019s great for hiding strip lights within walls, ceilings, or furniture without any seams. This recessed aluminum channel has an outer width of 25.2mm and an overall height of 23.2mm, with an internal width of 14.6mm.<br>Der Kanal besteht aus hochwertigem extrudiertem 6063-T5 Aluminiumlegierung f\u00fcr eine hervorragende W\u00e4rmeableitung, was die Lebensdauer und Helligkeit der LEDs verl\u00e4ngert. Der enthaltene opale Diffusor-Abdeckung, hergestellt aus PC (Polycarbonat)-Material, sorgt f\u00fcr eine gleichm\u00e4\u00dfige Lichtverteilung ohne Punkte. Endkappen und Montageschnallen sind im kompletten System enthalten, was die Installation einfach und b\u00fcndig macht.<\/p>\n<\/div>\n\n\n\n<div class=\"wp-block-group has-background is-vertical is-layout-flex wp-container-core-group-is-layout-d255d7c4 wp-block-group-is-layout-flex\" style=\"background-color:#f1f1f1;padding-top:var(--wp--preset--spacing--80);padding-bottom:var(--wp--preset--spacing--80)\">\n<div class=\"wp-block-group is-vertical is-layout-flex wp-container-core-group-is-layout-8cf370e7 wp-block-group-is-layout-flex\">\n<h2 class=\"wp-block-heading\" style=\"padding-top:var(--wp--preset--spacing--40);padding-bottom:var(--wp--preset--spacing--40);font-size:25px;font-style:normal;font-weight:600;text-transform:capitalize\">Warum unser 17-mm eingelassenes LED-Profil w\u00e4hlen?<\/h2>\n\n\n\n<ul class=\"wp-block-list\">\n<li>Nahtloses einglassenes Design: Der Kanal passt perfekt in Trockenbau, Holz oder Putz f\u00fcr eine klare Optik.<\/li>\n\n\n\n<li>Kompatibel mit den meisten g\u00e4ngigen LED-Bandlichtern und passend f\u00fcr 12-mm LED-Streifen.<\/li>\n\n\n\n<li>Starker Aluminium-W\u00e4rmesenker: H\u00e4lt LEDs k\u00fchl und langlebig.<\/li>\n\n\n\n<li>Opal\/polycarbonate diffuser: Makes the light softer so it doesn&#8217;t have any dots.<\/li>\n\n\n\n<li>Einfach zusammenzubauen: Es wird mit Federklemmen, zwei Endkappen und einer abnehmbaren Abdeckung geliefert.<\/li>\n\n\n\n<li>Verschiedene Oberfl\u00e4chen: Sie k\u00f6nnen zwischen silber eloxiert, matt schwarz oder matt wei\u00df w\u00e4hlen, um zu Ihrer Einrichtung zu passen.<\/li>\n<\/ul>\n<\/div>\n<\/div>\n\n\n\n<div class=\"wp-block-group\" style=\"padding-top:var(--wp--preset--spacing--60);padding-bottom:var(--wp--preset--spacing--60)\"><div class=\"wp-block-group__inner-container is-layout-constrained wp-block-group-is-layout-constrained\">\n<div class=\"wp-block-media-text has-media-on-the-right is-stacked-on-mobile\"><div class=\"wp-block-media-text__content\">\n<h2 class=\"wp-block-heading\" style=\"padding-top:var(--wp--preset--spacing--40);padding-bottom:var(--wp--preset--spacing--40);font-size:25px;text-transform:capitalize\">Einfache Installationsschritte<\/h2>\n\n\n\n<ul class=\"wp-block-list\">\n<li>Schneiden Sie eine Nut in Trockenbau, Holz, MDF oder Putz, wo das Licht platziert werden soll.<\/li>\n\n\n\n<li>Verwenden Sie Kleber oder Federklemmen, um den Kanal b\u00fcndig in der Nut zu halten.<\/li>\n\n\n\n<li>Setzen Sie Ihren 12-mm LED-Streifen in das Profil ein.<\/li>\n\n\n\n<li>Setzen Sie die Diffusor-Abdeckung oben auf und befestigen Sie die Endkappen, um abzuschlie\u00dfen.<\/li>\n<\/ul>\n<\/div><figure class=\"wp-block-media-text__media\"><img loading=\"lazy\" decoding=\"async\" width=\"500\" height=\"500\" src=\"https:\/\/tangooled.com\/wp-content\/uploads\/2025\/07\/rp17-ins.webp\" alt=\"eingelassenes 17-mm LED-Profil Aluminiumkanal f\u00fcr 12-mm LED-Streifen\" class=\"wp-image-41679 size-full\" srcset=\"https:\/\/tangooled.com\/wp-content\/uploads\/2025\/07\/rp17-ins.webp 500w, https:\/\/tangooled.com\/wp-content\/uploads\/2025\/07\/rp17-ins-300x300.webp 300w, https:\/\/tangooled.com\/wp-content\/uploads\/2025\/07\/rp17-ins-150x150.webp 150w\" sizes=\"auto, (max-width: 500px) 100vw, 500px\" \/><\/figure><\/div>\n<\/div><\/div>\n\n\n\n<div class=\"wp-block-group has-background is-vertical is-layout-flex wp-container-core-group-is-layout-d255d7c4 wp-block-group-is-layout-flex\" style=\"background-color:#f1f1f1;padding-top:var(--wp--preset--spacing--80);padding-bottom:var(--wp--preset--spacing--80)\">\n<h2 class=\"wp-block-heading\" style=\"padding-top:var(--wp--preset--spacing--40);padding-bottom:var(--wp--preset--spacing--40);font-size:25px;font-style:normal;font-weight:600;text-transform:capitalize\">What\u2019s Inside the Box?<\/h2>\n\n\n\n<ul class=\"wp-block-list\">\n<li>1x eingelassenes 17-mm breites LED-Aluminiumprofil<\/li>\n\n\n\n<li>1x Snap-on opale Diffusor-Abdeckung<\/li>\n\n\n\n<li>2x Federklemmen, um sicherzustellen, dass es fest sitzt<\/li>\n\n\n\n<li>2x Endkappen (1 massiv, 1 mit Drahtloch)<\/li>\n<\/ul>\n<\/div>\n\n\n\n<div class=\"wp-block-group\" style=\"padding-top:var(--wp--preset--spacing--80);padding-bottom:var(--wp--preset--spacing--80)\"><div class=\"wp-block-group__inner-container is-layout-constrained wp-block-group-is-layout-constrained\">\n<h2 class=\"wp-block-heading\" style=\"padding-top:var(--wp--preset--spacing--40);padding-bottom:var(--wp--preset--spacing--40);font-size:25px;font-style:normal;font-weight:600;text-transform:capitalize\">Tolle Anwendungen f\u00fcr unser eingelassenes 17-mm LED-Profil<\/h2>\n\n\n\n<ul class=\"wp-block-list\">\n<li>Beleuchtung unter Schr\u00e4nken: Verwenden Sie glattes, gerades Licht, um die Arbeitsfl\u00e4chen heller zu machen.<\/li>\n\n\n\n<li>Akzente an W\u00e4nden und Decken: F\u00fcr einen modernen Effekt, verstecken Sie Lichter in Nuten.<\/li>\n\n\n\n<li>Beleuchtung f\u00fcr M\u00f6bel: Regale, Kleiderzimmer und Schr\u00e4nke erhalten attraktive Einbauleuchten.<\/li>\n\n\n\n<li>Einzelhandels- und Gesch\u00e4ftsausstellungen: Produkte professionell zur Schau stellen.<\/li>\n<\/ul>\n<\/div><\/div>\n\n\n\n<div class=\"wp-block-group has-background is-vertical is-layout-flex wp-container-core-group-is-layout-b429018a wp-block-group-is-layout-flex\" style=\"background-color:#f1f1f1f2;padding-top:var(--wp--preset--spacing--70);padding-bottom:var(--wp--preset--spacing--70)\">\n<h2 class=\"wp-block-heading\" style=\"padding-top:var(--wp--preset--spacing--40);padding-bottom:var(--wp--preset--spacing--40);font-size:25px;font-style:normal;font-weight:600;text-transform:capitalize\">\u00dcberpr\u00fcfen Sie unsere verwandten Produkte<\/h2>\n\n\n\n<ul class=\"wp-block-list\">\n<li>Brauchen Sie einen schwarzen Diffusor? Sehen Sie unser <a href=\"https:\/\/tangooled.com\/de\/product\/black-led-diffuser-aluminum-channel-for-12mm-tape-lights\/\"><mark style=\"background-color:rgba(0, 0, 0, 0)\" class=\"has-inline-color has-vivid-red-color\">schwarzes LED-Diffusor-Aluminiumprofil f\u00fcr 12mm LED-B\u00e4nder<\/mark><\/a>. <\/li>\n\n\n\n<li>F\u00fcr die Eckmontage mit 12-mm Streifen, besuchen Sie <a href=\"https:\/\/tangooled.com\/de\/product\/18x18mm-led-strip-corner-profile-for-12mm-led-strips\/\"><mark style=\"background-color:rgba(0, 0, 0, 0)\" class=\"has-inline-color has-vivid-red-color\">18x18mm LED-Streifen-Eckprofil f\u00fcr 12mm LED-Streifen<\/mark><\/a>.<\/li>\n\n\n\n<li>Entdecken <a href=\"https:\/\/tangooled.com\/de\/product\/black-aluminum-u-channel-profile-for-10mm-led-strips\/\"><mark style=\"background-color:rgba(0, 0, 0, 0)\" class=\"has-inline-color has-vivid-red-color\">schwarzes Aluminium-U-Profil f\u00fcr 10mm LED-Streifen<\/mark><\/a> f\u00fcr ultraflache Beleuchtungsbedarfe.<\/li>\n<\/ul>\n<\/div>\n\n\n\n<p><\/p>","protected":false},"featured_media":14348,"template":"","meta":{"_acf_changed":false,"_seopress_robots_primary_cat":"none","_seopress_titles_title":"17mm Recessed LED Channel | Fits 12mm Wide LED Strips | TANGOOLED","_seopress_titles_desc":"The RP17 is a 17mm recessed LED profile specifically designed to accommodate 12mm wide LED strips. Featuring a flanged edge to hide cutouts, it\u2019s the ideal solution for high-power linear lighting.","_seopress_robots_index":""},"pcb-width":[229],"product-cat":[193],"class_list":{"0":"post-34957","1":"product","2":"type-product","3":"status-publish","4":"has-post-thumbnail","6":"pcb-width-15-20mm","7":"product-cat-recessed-profile"},"acf":[],"_links":{"self":[{"href":"https:\/\/tangooled.com\/de\/wp-json\/wp\/v2\/product\/34957","targetHints":{"allow":["GET"]}}],"collection":[{"href":"https:\/\/tangooled.com\/de\/wp-json\/wp\/v2\/product"}],"about":[{"href":"https:\/\/tangooled.com\/de\/wp-json\/wp\/v2\/types\/product"}],"wp:featuredmedia":[{"embeddable":true,"href":"https:\/\/tangooled.com\/de\/wp-json\/wp\/v2\/media\/14348"}],"wp:attachment":[{"href":"https:\/\/tangooled.com\/de\/wp-json\/wp\/v2\/media?parent=34957"}],"wp:term":[{"taxonomy":"pcb-width","embeddable":true,"href":"https:\/\/tangooled.com\/de\/wp-json\/wp\/v2\/pcb-width?post=34957"},{"taxonomy":"product-cat","embeddable":true,"href":"https:\/\/tangooled.com\/de\/wp-json\/wp\/v2\/product-cat?post=34957"}],"curies":[{"name":"wp","href":"https:\/\/api.w.org\/{rel}","templated":true}]}}