{"id":34955,"date":"2025-07-01T02:09:53","date_gmt":"2025-07-01T10:09:53","guid":{"rendered":"https:\/\/tangooled.com\/?post_type=product&#038;p=34955"},"modified":"2026-01-25T18:33:21","modified_gmt":"2026-01-26T02:33:21","slug":"vertical-flange-recessed-led-channel-11mm-inner","status":"publish","type":"product","link":"https:\/\/tangooled.com\/de\/product\/vertical-flange-recessed-led-channel-11mm-inner\/","title":{"rendered":"Versenkter vertikaler Flansch-LED-Kanal 11 mm Innendurchmesser"},"content":{"rendered":"<div class=\"wp-block-group\" style=\"padding-top:var(--wp--preset--spacing--80);padding-bottom:var(--wp--preset--spacing--80)\"><div class=\"wp-block-group__inner-container is-layout-constrained wp-block-group-is-layout-constrained\">\n<p>Dieser versenkte LED-Kanal mit vertikalem Flansch besteht aus eloxiertem Aluminium und hat genaue Ma\u00dfe von 13 mm in sichtbarer Breite und 18 mm H\u00f6he, was ihn zur idealen Wahl f\u00fcr LED-Streifenbeleuchtung macht. Der Kanal wird mit einem opalen Diffusor geliefert, der perfekt in die Oberseite des Profils passt. Endkappen sind ebenfalls in jedem Set enthalten, um ihm ein poliertes Aussehen zu verleihen.<\/p>\n\n\n\n<p>The anodized aluminum channel is a superb heat drain, which is vital for keeping the LED&#8217;s brightness stable and extending its lifespan. The channel eliminates harsh LED dots when used with the opal diffuser, giving any room attractive, soft, and dot-free linear light.<\/p>\n<\/div><\/div>\n\n\n\n<div class=\"wp-block-group has-background\" style=\"background-color:#f1f1f1;padding-top:var(--wp--preset--spacing--80);padding-bottom:var(--wp--preset--spacing--80)\"><div class=\"wp-block-group__inner-container is-layout-constrained wp-block-group-is-layout-constrained\">\n<div class=\"wp-block-group is-vertical is-layout-flex wp-container-core-group-is-layout-8cf370e7 wp-block-group-is-layout-flex\">\n<h2 class=\"wp-block-heading\" style=\"padding-top:var(--wp--preset--spacing--40);padding-bottom:var(--wp--preset--spacing--40);font-size:25px;font-style:normal;font-weight:600;text-transform:capitalize\">Warum sollten Sie unseren versenkten LED-Kanal mit vertikalem Flansch w\u00e4hlen?<\/h2>\n\n\n\n<ul class=\"wp-block-list\">\n<li>Die Innenschnitth\u00f6he von 11 mm erm\u00f6glicht die Verwendung sowohl von 8 mm als auch von 10 mm LED-Streifen.<\/li>\n\n\n\n<li>Hergestellt aus eloxiertem Aluminium 6063-T5 f\u00fcr Haltbarkeit und hervorragende W\u00e4rmeableitung.<\/li>\n\n\n\n<li>Kommt mit einem einrastenden opalen Diffusorabdeckung, die Licht ohne Spots erzeugt.<\/li>\n\n\n\n<li>Verf\u00fcgt \u00fcber einen vertikalen Flansch f\u00fcr die Einbauinstallation, um ein glattes und unsichtbares Finish zu gew\u00e4hrleisten.<\/li>\n<\/ul>\n<\/div>\n<\/div><\/div>\n\n\n\n<div class=\"wp-block-group\" style=\"padding-top:var(--wp--preset--spacing--60);padding-bottom:var(--wp--preset--spacing--60)\"><div class=\"wp-block-group__inner-container is-layout-constrained wp-block-group-is-layout-constrained\">\n<div class=\"wp-block-media-text has-media-on-the-right is-stacked-on-mobile\" style=\"grid-template-columns:auto 40%\"><div class=\"wp-block-media-text__content\">\n<h2 class=\"wp-block-heading\" style=\"padding-top:var(--wp--preset--spacing--40);padding-bottom:var(--wp--preset--spacing--40);font-size:25px;font-style:normal;font-weight:600;text-transform:capitalize\">So verwenden Sie den versenkten LED-Kanal mit vertikalem Flansch<\/h2>\n\n\n\n<ul class=\"wp-block-list\">\n<li>Schneiden Sie vorsichtig eine Nut in die Oberfl\u00e4che (Decke, Wand oder M\u00f6bel), die die richtige Gr\u00f6\u00dfe f\u00fcr den versenkten Kanal hat.<\/li>\n\n\n\n<li>Verwenden Sie Kleber oder Klebeband, um den Aluminiumkanal fest in die geschnittene Nut zu befestigen.<\/li>\n\n\n\n<li>Entfernen Sie die R\u00fcckseite und setzen Sie das LED-Streifenlicht sicher in den Kanal ein. Verbinden Sie dann die Dr\u00e4hte mit der Stromversorgung.<\/li>\n\n\n\n<li>Platzieren Sie die Endkappen an beiden Enden des Kanals und f\u00fchren Sie die Stromdr\u00e4hte durch die Endkappe mit einem Loch.<\/li>\n\n\n\n<li>Um den LED-Streifen zu sch\u00fctzen und das saubere, punktfreie Aussehen zu vervollst\u00e4ndigen, klicken Sie den Diffusor in den Kanal.<\/li>\n<\/ul>\n<\/div><figure class=\"wp-block-media-text__media\"><img loading=\"lazy\" decoding=\"async\" width=\"500\" height=\"500\" src=\"https:\/\/tangooled.com\/wp-content\/uploads\/2025\/07\/rp1318-ins.webp\" alt=\"recessed led channel profile with vertical flange\u00a0inner width 11mm\" class=\"wp-image-41675 size-full\" srcset=\"https:\/\/tangooled.com\/wp-content\/uploads\/2025\/07\/rp1318-ins.webp 500w, https:\/\/tangooled.com\/wp-content\/uploads\/2025\/07\/rp1318-ins-300x300.webp 300w, https:\/\/tangooled.com\/wp-content\/uploads\/2025\/07\/rp1318-ins-150x150.webp 150w\" sizes=\"auto, (max-width: 500px) 100vw, 500px\" \/><\/figure><\/div>\n<\/div><\/div>\n\n\n\n<div class=\"wp-block-group has-background\" style=\"background-color:#f1f1f1f2;padding-top:var(--wp--preset--spacing--80);padding-bottom:var(--wp--preset--spacing--80)\"><div class=\"wp-block-group__inner-container is-layout-constrained wp-block-group-is-layout-constrained\">\n<h2 class=\"wp-block-heading\" style=\"padding-top:var(--wp--preset--spacing--40);padding-bottom:var(--wp--preset--spacing--40);font-size:25px;font-style:normal;font-weight:600;text-transform:capitalize\">What&#8217;s in the kit?<\/h2>\n\n\n\n<ul class=\"wp-block-list\">\n<li>1x eloxiertes Aluminiumprofil<\/li>\n\n\n\n<li>1x opale Diffusorabdeckung<\/li>\n\n\n\n<li>Endkappen (eine mit Loch, eine ohne)<\/li>\n<\/ul>\n<\/div><\/div>\n\n\n\n<div class=\"wp-block-group\" style=\"padding-top:var(--wp--preset--spacing--80);padding-bottom:var(--wp--preset--spacing--80)\"><div class=\"wp-block-group__inner-container is-layout-constrained wp-block-group-is-layout-constrained\">\n<h2 class=\"wp-block-heading\" style=\"padding-top:var(--wp--preset--spacing--40);padding-bottom:var(--wp--preset--spacing--40);font-size:25px;font-style:normal;font-weight:600;text-transform:capitalize\">\u00c4hnliche Produkte, die Ihnen gefallen k\u00f6nnten<\/h2>\n\n\n\n<ul class=\"wp-block-list\">\n<li>F\u00fcr ein elegantes schwarzes LED-Profil mit schwarzem Diffusor f\u00fcr 10mm LED-Streifenlicht, sehen Sie hier: <a href=\"https:\/\/tangooled.com\/de\/product\/black-led-profile-with-black-diffuser-for-10mm-led-strip-light\/\"><mark style=\"background-color:rgba(0, 0, 0, 0)\" class=\"has-inline-color has-vivid-red-color\">Schwarzes LED-Profil mit schwarzem Diffusor<\/mark><\/a><\/li>\n\n\n\n<li>Brauchen Sie eine flache Option? Probieren Sie dies <a href=\"https:\/\/tangooled.com\/de\/product\/25x6mm-low-profile-led-strip-channel-for-10mm-led-strip-light\/\"><mark style=\"background-color:rgba(0, 0, 0, 0)\" class=\"has-inline-color has-vivid-red-color\">25x6mm Niedrigprofil-LED-Streifenkanal f\u00fcr 10mm LED-Streifenlicht<\/mark><\/a><\/li>\n\n\n\n<li>F\u00fcr einen anderen Montage-Stil siehe: <a href=\"https:\/\/tangooled.com\/de\/product\/surface-mount-led-profile-with-frosted-diffuser-for-10mm-rope-lights\/\"><mark style=\"background-color:rgba(0, 0, 0, 0)\" class=\"has-inline-color has-vivid-red-color\">Aufbau-LED-Profil mit mattiertem Diffusor f\u00fcr 10mm Seilsystem<\/mark><\/a><\/li>\n<\/ul>\n<\/div><\/div>\n\n\n\n<p><\/p>","protected":false},"featured_media":14354,"template":"","meta":{"_acf_changed":true,"_seopress_robots_primary_cat":"none","_seopress_titles_title":"Vertical Flange Recessed LED Channel 11mm Inner Width | TANGOOLED","_seopress_titles_desc":"Our recessed LED channel profile features a unique vertical flange design and an 11mm inner width. Perfect for 8mm-10mm LED strips, it provides a specialized trim for architectural lighting and clean edge finishing.","_seopress_robots_index":""},"pcb-width":[228],"product-cat":[193],"class_list":{"0":"post-34955","1":"product","2":"type-product","3":"status-publish","4":"has-post-thumbnail","6":"pcb-width-6-12mm","7":"product-cat-recessed-profile"},"acf":[],"_links":{"self":[{"href":"https:\/\/tangooled.com\/de\/wp-json\/wp\/v2\/product\/34955","targetHints":{"allow":["GET"]}}],"collection":[{"href":"https:\/\/tangooled.com\/de\/wp-json\/wp\/v2\/product"}],"about":[{"href":"https:\/\/tangooled.com\/de\/wp-json\/wp\/v2\/types\/product"}],"wp:featuredmedia":[{"embeddable":true,"href":"https:\/\/tangooled.com\/de\/wp-json\/wp\/v2\/media\/14354"}],"wp:attachment":[{"href":"https:\/\/tangooled.com\/de\/wp-json\/wp\/v2\/media?parent=34955"}],"wp:term":[{"taxonomy":"pcb-width","embeddable":true,"href":"https:\/\/tangooled.com\/de\/wp-json\/wp\/v2\/pcb-width?post=34955"},{"taxonomy":"product-cat","embeddable":true,"href":"https:\/\/tangooled.com\/de\/wp-json\/wp\/v2\/product-cat?post=34955"}],"curies":[{"name":"wp","href":"https:\/\/api.w.org\/{rel}","templated":true}]}}