{"id":34954,"date":"2025-07-01T02:03:54","date_gmt":"2025-07-01T10:03:54","guid":{"rendered":"https:\/\/tangooled.com\/?post_type=product&#038;p=34954"},"modified":"2026-01-24T03:30:17","modified_gmt":"2026-01-24T11:30:17","slug":"12x10mm-recessed-led-strip-channel-aluminum-profile","status":"publish","type":"product","link":"https:\/\/tangooled.com\/de\/product\/12x10mm-recessed-led-strip-channel-aluminum-profile\/","title":{"rendered":"12x10mm eingelassener LED-Streifenkanal Aluminiumprofil"},"content":{"rendered":"<div class=\"wp-block-group\" style=\"padding-top:var(--wp--preset--spacing--80);padding-bottom:var(--wp--preset--spacing--80)\"><div class=\"wp-block-group__inner-container is-layout-constrained wp-block-group-is-layout-constrained\">\n<p>Dieser 12x10mm eingelassene LED-Streifenkanal ist eine hervorragende Methode, um d\u00fcnne, lineare Beleuchtung zu schaffen. Der Aluminiumprofil wurde entwickelt, um Ihre LED-Streifen an Ort und Stelle zu halten und sicherzustellen, dass sie gut funktionieren. Er l\u00e4sst sich leicht in Nuten in W\u00e4nden oder M\u00f6beln einsetzen, wodurch der Lichtstreifen abgedeckt wird und gut aussieht.<br>Der anodisierte Aluminiumschacht bietet einen hervorragenden Platz f\u00fcr die W\u00e4rmeabfuhr, wodurch die LED-Streifen k\u00fchl bleiben. Dies h\u00e4lt die LEDs hell und verl\u00e4ngert ihre Lebensdauer. Der Polycarbonat-Diffusor ist ebenfalls sehr wichtig, da er das Licht gleichm\u00e4\u00dfig verteilt und die harten LED-Punkte beseitigt.<br>This 12&#215;10 mm recessed channel is great for kitchens, stairs, retail displays, and other places where you want high-quality, hidden lighting. It&#8217;s the best approach to make your LED lights look better and last longer.<\/p>\n<\/div><\/div>\n\n\n\n<div class=\"wp-block-group has-background is-vertical is-layout-flex wp-container-core-group-is-layout-d255d7c4 wp-block-group-is-layout-flex\" style=\"background-color:#f1f1f1;padding-top:var(--wp--preset--spacing--80);padding-bottom:var(--wp--preset--spacing--80)\">\n<div class=\"wp-block-group is-vertical is-layout-flex wp-container-core-group-is-layout-8cf370e7 wp-block-group-is-layout-flex\">\n<h2 class=\"wp-block-heading\" style=\"padding-top:var(--wp--preset--spacing--40);padding-bottom:var(--wp--preset--spacing--40);font-size:25px;font-style:normal;font-weight:600;text-transform:capitalize\">Warum sollten Sie unseren 12x10mm eingelassenen LED-Streifenkanal w\u00e4hlen?<\/h2>\n\n\n\n<ul class=\"wp-block-list\">\n<li>Fl\u00e4chenmontagedesign: Dieses Design f\u00fcgt sich in W\u00e4nde, Decken oder M\u00f6bel ein und sorgt f\u00fcr ein sauberes Erscheinungsbild.<\/li>\n\n\n\n<li>Robuste Aluminiumkonstruktion: H\u00e4lt die W\u00e4rme von den LEDs fern, damit sie l\u00e4nger halten.<\/li>\n\n\n\n<li>Mattierter Diffusor: Dieser macht das Licht weicher, sodass es keine Punkte oder hellen Bereiche gibt.<\/li>\n\n\n\n<li>Kompatibel mit vielen LED-Typen, wie RGB, COB und mehr. Es passt f\u00fcr 8mm LED-Streifen.<\/li>\n\n\n\n<li>Einfach zu schneiden und zu montieren: Sie k\u00f6nnen es k\u00fcrzen, um es an Ihren Raum anzupassen.<\/li>\n<\/ul>\n<\/div>\n<\/div>\n\n\n\n<div class=\"wp-block-group\" style=\"padding-top:var(--wp--preset--spacing--60);padding-bottom:var(--wp--preset--spacing--60)\"><div class=\"wp-block-group__inner-container is-layout-constrained wp-block-group-is-layout-constrained\">\n<div class=\"wp-block-media-text has-media-on-the-right is-stacked-on-mobile\" style=\"grid-template-columns:auto 40%\"><div class=\"wp-block-media-text__content\">\n<h2 class=\"wp-block-heading\" style=\"font-size:25px;font-style:normal;font-weight:600;text-transform:capitalize\">So installieren Sie Ihren 12x10mm eingelassenen LED-Streifenkanal<\/h2>\n\n\n\n<ul class=\"wp-block-list\">\n<li>Make a groove in your drywall, wood, or other surface that is the same size as the channel&#8217;s size.<\/li>\n\n\n\n<li>Setzen Sie den Aluminiumkanal in die Nut ein und sichern Sie ihn mit Kleber oder Montageschrauben.<\/li>\n\n\n\n<li>Legen Sie Ihren LED-Streifen in den Kanal, der bis zu 8mm breit sein kann.<\/li>\n\n\n\n<li>Um das Design abzuschlie\u00dfen, setzen Sie den opalen Diffusordeckel auf, um sanftes Licht zuzulassen.<\/li>\n<\/ul>\n<\/div><figure class=\"wp-block-media-text__media\"><img loading=\"lazy\" decoding=\"async\" width=\"500\" height=\"500\" src=\"https:\/\/tangooled.com\/wp-content\/uploads\/2025\/07\/rp10-ins.webp\" alt=\"12x10mm recessed led strip channel aluminum profile\" class=\"wp-image-41671 size-full\" srcset=\"https:\/\/tangooled.com\/wp-content\/uploads\/2025\/07\/rp10-ins.webp 500w, https:\/\/tangooled.com\/wp-content\/uploads\/2025\/07\/rp10-ins-300x300.webp 300w, https:\/\/tangooled.com\/wp-content\/uploads\/2025\/07\/rp10-ins-150x150.webp 150w\" sizes=\"auto, (max-width: 500px) 100vw, 500px\" \/><\/figure><\/div>\n<\/div><\/div>\n\n\n\n<div class=\"wp-block-group has-background\" style=\"background-color:#f1f1f1f2;padding-top:var(--wp--preset--spacing--80);padding-bottom:var(--wp--preset--spacing--80)\"><div class=\"wp-block-group__inner-container is-layout-constrained wp-block-group-is-layout-constrained\">\n<h2 class=\"wp-block-heading\" style=\"padding-top:var(--wp--preset--spacing--40);padding-bottom:var(--wp--preset--spacing--40);font-size:25px;font-style:normal;font-weight:600;text-transform:capitalize\">Allgemeine Anwendungen, bei denen sie verwendet werden<\/h2>\n\n\n\n<ul class=\"wp-block-list\">\n<li>Beleuchtung unter Schr\u00e4nken: F\u00fcgen Sie eine stilvolle Arbeitsbeleuchtung in Ihre K\u00fcche oder Ihren Arbeitsplatz hinzu. Verwenden Sie ein robustes Aluminiumgeh\u00e4use, um Ihren LED-Streifen sicher zu halten.<\/li>\n\n\n\n<li>Architectural Accent Lighting: Make smooth lines of light on walls, ceilings, or floors.\u2013 Great for putting in LED profiles that are plastered in or drywall LED channels.<\/li>\n\n\n\n<li>Beleuchtung f\u00fcr M\u00f6bel und Tischlerarbeiten: Verwenden Sie es in Schr\u00e4nken, Vitrinen oder ma\u00dfgefertigten Regalen, um das Licht zu verbergen. F\u00fcgt modernen Dekoren einen sanften Schein hinzu.<\/li>\n\n\n\n<li>Einzelhandels- und Vitrinenbeleuchtung: Verwenden Sie LED-Streifen-Tracksysteme, um Ausstellungsst\u00fccke mit gleichm\u00e4\u00dfiger Beleuchtung heller zu machen.<\/li>\n<\/ul>\n<\/div><\/div>\n\n\n\n<div class=\"wp-block-group\" style=\"padding-top:var(--wp--preset--spacing--80);padding-bottom:var(--wp--preset--spacing--80)\"><div class=\"wp-block-group__inner-container is-layout-constrained wp-block-group-is-layout-constrained\">\n<h2 class=\"wp-block-heading\" style=\"padding-top:var(--wp--preset--spacing--40);padding-bottom:var(--wp--preset--spacing--40);font-size:25px;font-style:normal;font-weight:600;text-transform:capitalize\">Erfahren Sie mehr \u00fcber verwandte Produkte<\/h2>\n\n\n\n<ul class=\"wp-block-list\">\n<li><a href=\"https:\/\/tangooled.com\/de\/product\/black-led-profile-with-black-diffuser-for-10mm-led-strip-light\/\"><mark style=\"background-color:rgba(0, 0, 0, 0)\" class=\"has-inline-color has-vivid-red-color\">Schwarzes LED-Profil mit schwarzem Diffusor f\u00fcr 10mm LED-Streifenlicht<\/mark><\/a> f\u00fcr stilvolle dunkle Oberfl\u00e4chen.<\/li>\n\n\n\n<li><a href=\"https:\/\/tangooled.com\/de\/product\/surface-mount-led-profile-with-frosted-diffuser-for-10mm-rope-lights\/\"><mark style=\"background-color:rgba(0, 0, 0, 0)\" class=\"has-inline-color has-vivid-red-color\">Oberfl\u00e4chenmontiertes LED-Profil mit mattem Diffusor f\u00fcr 10 mm Seillichter<\/mark><\/a> f\u00fcr die Oberfl\u00e4che.<\/li>\n\n\n\n<li><a href=\"https:\/\/tangooled.com\/de\/product\/led-strip-light-channel-aluminum-profile-with-diffused-cover-6mm-height\/\"><mark style=\"background-color:rgba(0, 0, 0, 0)\" class=\"has-inline-color has-vivid-red-color\">Aluminiumprofil f\u00fcr LED-Streifen mit diffundierender Abdeckung, H\u00f6he 6 mm<\/mark><\/a><mark style=\"background-color:rgba(0, 0, 0, 0)\" class=\"has-inline-color has-vivid-red-color\"> <\/mark>f\u00fcr niedrigere R\u00e4ume. <\/li>\n<\/ul>\n\n\n\n<p><\/p>\n<\/div><\/div>","protected":false},"featured_media":14359,"template":"","meta":{"_acf_changed":true,"_seopress_robots_primary_cat":"none","_seopress_titles_title":"12x10mm Recessed LED Profile Aluminum Channel | TANGOOLED","_seopress_titles_desc":"Shop our 12x10mm recessed led profile. This compact aluminum channel is perfect for slim furniture and wall accents, providing a professional flanged finish for 8mm LED strips.","_seopress_robots_index":""},"pcb-width":[228],"product-cat":[193],"class_list":{"0":"post-34954","1":"product","2":"type-product","3":"status-publish","4":"has-post-thumbnail","6":"pcb-width-6-12mm","7":"product-cat-recessed-profile"},"acf":[],"_links":{"self":[{"href":"https:\/\/tangooled.com\/de\/wp-json\/wp\/v2\/product\/34954","targetHints":{"allow":["GET"]}}],"collection":[{"href":"https:\/\/tangooled.com\/de\/wp-json\/wp\/v2\/product"}],"about":[{"href":"https:\/\/tangooled.com\/de\/wp-json\/wp\/v2\/types\/product"}],"wp:featuredmedia":[{"embeddable":true,"href":"https:\/\/tangooled.com\/de\/wp-json\/wp\/v2\/media\/14359"}],"wp:attachment":[{"href":"https:\/\/tangooled.com\/de\/wp-json\/wp\/v2\/media?parent=34954"}],"wp:term":[{"taxonomy":"pcb-width","embeddable":true,"href":"https:\/\/tangooled.com\/de\/wp-json\/wp\/v2\/pcb-width?post=34954"},{"taxonomy":"product-cat","embeddable":true,"href":"https:\/\/tangooled.com\/de\/wp-json\/wp\/v2\/product-cat?post=34954"}],"curies":[{"name":"wp","href":"https:\/\/api.w.org\/{rel}","templated":true}]}}