{"id":34951,"date":"2025-07-01T02:00:29","date_gmt":"2025-07-01T10:00:29","guid":{"rendered":"https:\/\/tangooled.com\/?post_type=product&#038;p=34951"},"modified":"2026-02-02T22:26:29","modified_gmt":"2026-02-03T06:26:29","slug":"recessed-mini-8mm-led-strip-light-aluminum-channel","status":"publish","type":"product","link":"https:\/\/tangooled.com\/de\/product\/recessed-mini-8mm-led-strip-light-aluminum-channel\/","title":{"rendered":"versenkter Mini 8mm LED-Streifen-Aluminiumkanal"},"content":{"rendered":"<div class=\"wp-block-group\" style=\"padding-top:var(--wp--preset--spacing--80);padding-bottom:var(--wp--preset--spacing--80)\"><div class=\"wp-block-group__inner-container is-layout-constrained wp-block-group-is-layout-constrained\">\n<p>Erhellen Sie Ihre R\u00e4ume mit unserem versenkten Mini 8mm LED-Aluminiumkanal. Die Au\u00dfenseite dieses versenkten Kanals misst 8x11mm, und die Innenseite ist 6mm breit. Dieses Produkt eignet sich f\u00fcr schlanke 5mm LED-Streifen und bietet eine saubere, flache und nahtlose Beleuchtung. Es besteht aus starkem anodisiertem Aluminium, das Ihre LEDs k\u00fchl h\u00e4lt und Staub sowie St\u00f6\u00dfe fernh\u00e4lt. Dieser Kanal ist eine ausgezeichnete Wahl, wenn Sie Ihre Regale, K\u00fcchenschr\u00e4nke oder W\u00e4nde beleuchten m\u00f6chten.<\/p>\n<\/div><\/div>\n\n\n\n<div class=\"wp-block-group has-background is-vertical is-layout-flex wp-container-core-group-is-layout-d255d7c4 wp-block-group-is-layout-flex\" style=\"background-color:#f1f1f1;padding-top:var(--wp--preset--spacing--80);padding-bottom:var(--wp--preset--spacing--80)\">\n<div class=\"wp-block-group is-vertical is-layout-flex wp-container-core-group-is-layout-8cf370e7 wp-block-group-is-layout-flex\">\n<h2 class=\"wp-block-heading\" style=\"padding-top:var(--wp--preset--spacing--40);padding-bottom:var(--wp--preset--spacing--40);font-size:25px;font-style:normal;font-weight:600;text-transform:capitalize\">Warum sollten Sie unseren versenkten Mini 8mm LED-Aluminiumkanal w\u00e4hlen?<\/h2>\n\n\n\n<ul class=\"wp-block-list\">\n<li>Ultraschlankes Design: Dieser Aluminiumkanal wurde f\u00fcr schmale 5mm Streifenlampen entwickelt und passt in d\u00fcnne Schlitze in W\u00e4nden, Schr\u00e4nken oder Decken.<\/li>\n\n\n\n<li>Eingebautes Design: F\u00fcr einen schlanken, modernen Look ohne R\u00e4nder installieren Sie ihn versenkt in Trockenbau oder Holz.<\/li>\n\n\n\n<li>Makellose Lichtausstrahlung: Er deckt brillante LED-Punkte ab und verteilt das Licht gleichm\u00e4\u00dfig mit einem opalen oder satinierten Diffusor.<\/li>\n\n\n\n<li>Starker K\u00fchlk\u00f6rper: Der Aluminiumk\u00f6rper leitet die W\u00e4rme von den LEDs ab, was ihre Lebensdauer verl\u00e4ngert und sie heller strahlen l\u00e4sst.<\/li>\n\n\n\n<li>Sch\u00fctzt Ihren LED-Streifen: Dieser Kanal sch\u00fctzt Ihre LED-Streifen vor Staub, Wasser und St\u00f6\u00dfen und sorgt f\u00fcr ihre Sicherheit und Leistung.<\/li>\n<\/ul>\n<\/div>\n<\/div>\n\n\n\n<div class=\"wp-block-group\" style=\"padding-top:var(--wp--preset--spacing--60);padding-bottom:var(--wp--preset--spacing--60)\"><div class=\"wp-block-group__inner-container is-layout-constrained wp-block-group-is-layout-constrained\">\n<div class=\"wp-block-media-text has-media-on-the-right is-stacked-on-mobile\"><div class=\"wp-block-media-text__content\">\n<h2 class=\"wp-block-heading\" style=\"padding-top:var(--wp--preset--spacing--40);padding-bottom:var(--wp--preset--spacing--40);font-size:25px;font-style:normal;font-weight:600;text-transform:capitalize\">Wie installiere ich?<\/h2>\n\n\n\n<ul class=\"wp-block-list\">\n<li>Schneiden Sie eine Nut in Trockenbau, Holz oder andere saubere Oberfl\u00e4chen.<\/li>\n\n\n\n<li>Platzieren Sie den kleinen 8mm LED-Aluminiumkanal in der Nut.<\/li>\n\n\n\n<li>Verwenden Sie Kleber oder Putz, um ihn an Ort und Stelle zu halten, oder decken Sie die Fl\u00fcgel mit Putz f\u00fcr einen rahmenlosen Abschluss ab.<\/li>\n\n\n\n<li>Legen Sie Ihren 5mm LED-Streifen hinein.<\/li>\n\n\n\n<li>Setzen Sie die Abdeckung auf den Diffusor.<\/li>\n\n\n\n<li>Stecken Sie ihn ein und genie\u00dfen Sie die helle, gleichm\u00e4\u00dfige Lichtlinie.<\/li>\n<\/ul>\n<\/div><figure class=\"wp-block-media-text__media\"><img loading=\"lazy\" decoding=\"async\" width=\"500\" height=\"500\" src=\"https:\/\/tangooled.com\/wp-content\/uploads\/2025\/07\/rp09-ins.webp\" alt=\"recessed mini 8mm led strip light aluminum channel\" class=\"wp-image-40794 size-full\" srcset=\"https:\/\/tangooled.com\/wp-content\/uploads\/2025\/07\/rp09-ins.webp 500w, https:\/\/tangooled.com\/wp-content\/uploads\/2025\/07\/rp09-ins-300x300.webp 300w, https:\/\/tangooled.com\/wp-content\/uploads\/2025\/07\/rp09-ins-150x150.webp 150w\" sizes=\"auto, (max-width: 500px) 100vw, 500px\" \/><\/figure><\/div>\n<\/div><\/div>\n\n\n\n<div class=\"wp-block-group has-background\" style=\"background-color:#f1f1f1;padding-top:var(--wp--preset--spacing--80);padding-bottom:var(--wp--preset--spacing--80)\"><div class=\"wp-block-group__inner-container is-layout-constrained wp-block-group-is-layout-constrained\">\n<h2 class=\"wp-block-heading\" style=\"font-size:25px;font-style:normal;font-weight:600;text-transform:capitalize\">Was erhalten Sie im Set<\/h2>\n\n\n\n<ul class=\"wp-block-list\">\n<li>Anodisiertes Aluminiumprofil.<\/li>\n\n\n\n<li>Satinierte Diffusorabdeckung.<\/li>\n\n\n\n<li>Kunststoff-Endkappen (eine mit Loch, eine ohne Loch).<\/li>\n<\/ul>\n<\/div><\/div>\n\n\n\n<div class=\"wp-block-group\" style=\"padding-top:var(--wp--preset--spacing--80);padding-bottom:var(--wp--preset--spacing--80)\"><div class=\"wp-block-group__inner-container is-layout-constrained wp-block-group-is-layout-constrained\">\n<h2 class=\"wp-block-heading\" style=\"padding-top:var(--wp--preset--spacing--40);padding-bottom:var(--wp--preset--spacing--40);font-size:25px;font-style:normal;font-weight:600;text-transform:capitalize\">Mehr \u00fcber dieses Produkt<\/h2>\n\n\n\n<p>Unser versenkter Mini 8mm LED-Aluminiumkanal passt perfekt in enge R\u00e4ume und ist ausgezeichnet f\u00fcr moderne, minimalistische Beleuchtungsgestaltungen. Der Kanal besteht aus starkem extrudiertem Aluminium, das als K\u00fchlk\u00f6rper wirkt, um Ihre LED-Streifen k\u00fchl und hell zu halten. Verwenden Sie den mitgelieferten Polycarbonat-Diffusor, um das Licht zu streuen und Hotspots, die durch kleine LED-Chips erzeugt werden, zu beseitigen.<\/p>\n\n\n\n<p>Dieses Produkt ist sehr beliebt f\u00fcr Akzentbeleuchtung in der Architektur, da es glatte, lineare Beleuchtungsk\u00f6rper f\u00fcr W\u00e4nde und Decken schafft. Sie k\u00f6nnen es sicher und elegant nutzen, um Lichtleisten zu rahmen und Schrankbeleuchtung zu gestalten.<\/p>\n<\/div><\/div>\n\n\n\n<h2 class=\"wp-block-heading\" style=\"padding-top:var(--wp--preset--spacing--40);padding-bottom:var(--wp--preset--spacing--40);font-size:25px;font-style:normal;font-weight:600;text-transform:capitalize\">verwandte Produkte<\/h2>\n\n\n\n<ul class=\"wp-block-list\">\n<li>F\u00fcr ein schwarzes Thema, probieren Sie unser<a href=\"https:\/\/tangooled.com\/de\/product\/black-led-profile-with-black-diffuser-for-10mm-led-strip-light\/\"> <mark style=\"background-color:rgba(0, 0, 0, 0)\" class=\"has-inline-color has-vivid-red-color\">schwarzes LED-Profil mit satiniertem Diffusor f\u00fcr 10mm LED-Streifenlicht<\/mark>.<\/a><\/li>\n\n\n\n<li>Ben\u00f6tigen Sie eine flache Option? \u00dcberpr\u00fcfen Sie die <mark style=\"background-color:rgba(0, 0, 0, 0)\" class=\"has-inline-color has-vivid-red-color\"><a href=\"https:\/\/tangooled.com\/de\/product\/led-strip-light-channel-aluminum-profile-with-diffused-cover-6mm-height\/\">Aluminiumprofil f\u00fcr LED-Streifen mit diffundierender Abdeckung, H\u00f6he 6 mm<\/a>.<\/mark><\/li>\n\n\n\n<li>F\u00fcr die Oberfl\u00e4chenmontage, probieren Sie <a href=\"https:\/\/tangooled.com\/de\/product\/surface-mount-led-profile-with-frosted-diffuser-for-10mm-rope-lights\/\"><mark style=\"background-color:rgba(0, 0, 0, 0)\" class=\"has-inline-color has-vivid-red-color\">Oberfl\u00e4chenmontage LED-Profil mit satiniertem Diffusor f\u00fcr 10mm Seilschn\u00fcre<\/mark><\/a>.<\/li>\n\n\n\n<li>M\u00f6chten Sie eine U-Form-Option? Entdecken Sie <a href=\"https:\/\/tangooled.com\/de\/product\/surface-mount-led-profile-with-frosted-diffuser-for-10mm-rope-lights\/\"><mark style=\"background-color:rgba(0, 0, 0, 0)\" class=\"has-inline-color has-vivid-red-color\">schwarzes Aluminium-U-Profil f\u00fcr 10mm LED-Streifen<\/mark><\/a>.<\/li>\n\n\n\n<li>F\u00fcr breitere Kan\u00e4le, sehen Sie <a href=\"https:\/\/tangooled.com\/de\/product\/led-light-diffuser-channel-aluminum-15x12mm-for-10mm-led-strips\/\"><mark style=\"background-color:rgba(0, 0, 0, 0)\" class=\"has-inline-color has-vivid-red-color\">LED-Lichtdiffusor-Kanal aus Aluminium 15x12mm f\u00fcr 10mm LED-Streifen<\/mark><\/a>.<\/li>\n<\/ul>\n\n\n\n<p><\/p>","protected":false},"featured_media":14364,"template":"","meta":{"_acf_changed":true,"_seopress_robots_primary_cat":"none","_seopress_titles_title":"Mini 8mm Recessed LED Strip Channel | TANGOOLED","_seopress_titles_desc":"This mini 8mm recessed LED strip light channel is designed for precision accent lighting. Perfect for thin furniture, cabinets, and narrow architectural gaps. Achieve a clean, minimalist finish.","_seopress_robots_index":""},"pcb-width":[228],"product-cat":[193],"class_list":{"0":"post-34951","1":"product","2":"type-product","3":"status-publish","4":"has-post-thumbnail","6":"pcb-width-6-12mm","7":"product-cat-recessed-profile"},"acf":[],"_links":{"self":[{"href":"https:\/\/tangooled.com\/de\/wp-json\/wp\/v2\/product\/34951","targetHints":{"allow":["GET"]}}],"collection":[{"href":"https:\/\/tangooled.com\/de\/wp-json\/wp\/v2\/product"}],"about":[{"href":"https:\/\/tangooled.com\/de\/wp-json\/wp\/v2\/types\/product"}],"wp:featuredmedia":[{"embeddable":true,"href":"https:\/\/tangooled.com\/de\/wp-json\/wp\/v2\/media\/14364"}],"wp:attachment":[{"href":"https:\/\/tangooled.com\/de\/wp-json\/wp\/v2\/media?parent=34951"}],"wp:term":[{"taxonomy":"pcb-width","embeddable":true,"href":"https:\/\/tangooled.com\/de\/wp-json\/wp\/v2\/pcb-width?post=34951"},{"taxonomy":"product-cat","embeddable":true,"href":"https:\/\/tangooled.com\/de\/wp-json\/wp\/v2\/product-cat?post=34951"}],"curies":[{"name":"wp","href":"https:\/\/api.w.org\/{rel}","templated":true}]}}