{"id":34949,"date":"2025-07-01T01:58:45","date_gmt":"2025-07-01T09:58:45","guid":{"rendered":"https:\/\/tangooled.com\/?post_type=product&#038;p=34949"},"modified":"2026-01-24T02:19:25","modified_gmt":"2026-01-24T10:19:25","slug":"recessed-aluminum-led-channel-with-ceiling-buckle-for-10mm-strip-light","status":"publish","type":"product","link":"https:\/\/tangooled.com\/de\/product\/recessed-aluminum-led-channel-with-ceiling-buckle-for-10mm-strip-light\/","title":{"rendered":"Eingelassener Aluminium-LED-Kanal mit Deckenklammer f\u00fcr 10mm-B\u00e4nder"},"content":{"rendered":"<div class=\"wp-block-group\" style=\"padding-top:var(--wp--preset--spacing--80);padding-bottom:var(--wp--preset--spacing--80)\"><div class=\"wp-block-group__inner-container is-layout-constrained wp-block-group-is-layout-constrained\">\n<p>The Recessed LED Channel with Ceiling Buckle is a professional and specialized solution to light up your space. The channel is composed of 6063 aluminum alloy and features a light diffuser made of PC. Because the finish is smooth and flush, it&#8217;s perfect for ceilings, furniture, and cabinets. It is made to fit LED strips that are 8mm or 10mm wide.<\/p>\n\n\n\n<p>Die mitgelieferten Endkappen und Montageklammern erleichtern und sichern die Installation des Kanals. Die intelligenten Deckenklammern halten den Kanal sicher im Montageprofil. Dieses Feature sorgt daf\u00fcr, dass das Erscheinungsbild perfekt ist, indem Risse und rauhe Kanten beseitigt werden und die Beleuchtung mit der Oberfl\u00e4che verschmilzt.<\/p>\n\n\n\n<p>You can choose from four different diffusers to get the lighting effect you want: Opal gives the best dotless glow since it spreads the light out as much as possible. Frosted brings forth mellow, high-quality light. Clear makes the light as bright as it can be. Black gives a modern, discreet look that hides the light source while it&#8217;s off.<\/p>\n<\/div><\/div>\n\n\n\n<div class=\"wp-block-group has-background\" style=\"background-color:#f1f1f1;padding-top:var(--wp--preset--spacing--80);padding-bottom:var(--wp--preset--spacing--80)\"><div class=\"wp-block-group__inner-container is-layout-constrained wp-block-group-is-layout-constrained\">\n<div class=\"wp-block-group\" style=\"padding-top:0;padding-bottom:0\"><div class=\"wp-block-group__inner-container is-layout-constrained wp-block-group-is-layout-constrained\">\n<h2 class=\"wp-block-heading\" style=\"padding-top:var(--wp--preset--spacing--40);padding-bottom:var(--wp--preset--spacing--40);font-size:25px;font-style:normal;font-weight:600;text-transform:capitalize\">Warum unseren eingelassenen LED-Kanal mit Deckenklammer w\u00e4hlen?<\/h2>\n\n\n\n<p style=\"padding-right:var(--wp--preset--spacing--50);padding-left:var(--wp--preset--spacing--50)\">Unser eingelassener LED-Kanal mit Deckenklammer erleichtert die Installation Ihrer Beleuchtung und sieht dabei ansprechend aus. Hier sind einige Gr\u00fcnde, sich f\u00fcr unser Produkt zu entscheiden:<\/p>\n\n\n\n<ul class=\"wp-block-list\">\n<li>Fast and easy install with ceiling buckles \u2014 no screws in studs needed.<\/li>\n\n\n\n<li>Fits 10mm strips perfectly \u2014 good for Philips Hue, Govee, and other tapes.<\/li>\n\n\n\n<li>Sanftes, punktloses Licht durch den matten Diffusor.<\/li>\n\n\n\n<li>Robuster K\u00fchlk\u00f6rper aus eloxiertem Aluminium 6063-T5 f\u00fcr eine lange Lebensdauer der LEDs.<\/li>\n\n\n\n<li>B\u00fcndiges Aussehen mit Flansch zur Verbergung rauer Trockenbaukanten.<\/li>\n\n\n\n<li>Sch\u00fctzt Ihre LED-B\u00e4nder vor Staub und Besch\u00e4digungen.<\/li>\n<\/ul>\n<\/div><\/div>\n<\/div><\/div>\n\n\n\n<div class=\"wp-block-group\" style=\"padding-top:var(--wp--preset--spacing--60);padding-bottom:var(--wp--preset--spacing--60)\"><div class=\"wp-block-group__inner-container is-layout-constrained wp-block-group-is-layout-constrained\">\n<div class=\"wp-block-media-text has-media-on-the-right is-stacked-on-mobile\"><div class=\"wp-block-media-text__content\">\n<h2 class=\"wp-block-heading\" style=\"padding-top:var(--wp--preset--spacing--40);padding-bottom:var(--wp--preset--spacing--40);font-size:25px;font-style:normal;font-weight:600;text-transform:capitalize\">Wie installiere ich den Kanal in meine Wand oder Decke?<\/h2>\n\n\n\n<ul class=\"wp-block-list\">\n<li>Schneiden Sie einen Schlitz in die Wand oder Decke f\u00fcr den Kanal.<\/li>\n\n\n\n<li>Befestigen Sie die Deckenklammern auf der R\u00fcckseite des Aluminiumkanals.<\/li>\n\n\n\n<li>Dr\u00fccken Sie den Kanal in den Schlitz. Die Klammern \u00f6ffnen sich hinter dem Trockenbau, um ihn fest zu sichern.<\/li>\n\n\n\n<li>Legen Sie Ihren 10 mm LED-Streifen in den Kanal.<\/li>\n\n\n\n<li>Setzen Sie den matten Diffusordeckel auf.<\/li>\n<\/ul>\n<\/div><figure class=\"wp-block-media-text__media\"><img loading=\"lazy\" decoding=\"async\" width=\"500\" height=\"500\" src=\"https:\/\/tangooled.com\/wp-content\/uploads\/2025\/07\/rp05-ins.webp\" alt=\"recessed aluminum led channel with ceiling buckle\" class=\"wp-image-40787 size-full\" srcset=\"https:\/\/tangooled.com\/wp-content\/uploads\/2025\/07\/rp05-ins.webp 500w, https:\/\/tangooled.com\/wp-content\/uploads\/2025\/07\/rp05-ins-300x300.webp 300w, https:\/\/tangooled.com\/wp-content\/uploads\/2025\/07\/rp05-ins-150x150.webp 150w\" sizes=\"auto, (max-width: 500px) 100vw, 500px\" \/><\/figure><\/div>\n<\/div><\/div>\n\n\n\n<div class=\"wp-block-group has-background\" style=\"background-color:#f1f1f1;padding-top:var(--wp--preset--spacing--80);padding-bottom:var(--wp--preset--spacing--80)\"><div class=\"wp-block-group__inner-container is-layout-constrained wp-block-group-is-layout-constrained\">\n<h2 class=\"wp-block-heading\" style=\"font-size:25px;font-style:normal;font-weight:600;text-transform:capitalize\">Was ist im Lieferumfang enthalten?<\/h2>\n\n\n\n<ul class=\"wp-block-list\">\n<li>Aluminiumkanal in Ihrer gew\u00fcnschten L\u00e4nge<\/li>\n\n\n\n<li>Matte Diffusorabdeckung f\u00fcr sanftes Licht<\/li>\n\n\n\n<li>Endkappen (eine mit einem Loch f\u00fcr Dr\u00e4hte, eine ohne)<\/li>\n\n\n\n<li>Federbelastete Deckenklammern zur Montage<\/li>\n<\/ul>\n<\/div><\/div>\n\n\n\n<div class=\"wp-block-group\" style=\"padding-top:var(--wp--preset--spacing--80);padding-bottom:var(--wp--preset--spacing--80)\"><div class=\"wp-block-group__inner-container is-layout-constrained wp-block-group-is-layout-constrained\">\n<h2 class=\"wp-block-heading\" style=\"padding-top:0;padding-bottom:0;font-size:25px;font-style:normal;font-weight:600;text-transform:capitalize\">Wo kann der eingelassene LED-Kanal mit Deckenklammer verwendet werden?<\/h2>\n\n\n\n<ul class=\"wp-block-list\">\n<li>In Haushalten findet man sie unter K\u00fcchenzeilen, in Schr\u00e4nken, Regalen, an W\u00e4nden und Decken.<\/li>\n\n\n\n<li>B\u00fcros: Flure, Arbeitspl\u00e4tze und Konferenzr\u00e4ume mit klaren Lichtlinien.<\/li>\n\n\n\n<li>Gesch\u00e4fte: Vitrinen und Regale, die helles, sauberes Licht ben\u00f6tigen.<\/li>\n\n\n\n<li>Hotels und Restaurants: Sanfte Deckenbeleuchtung und Beleuchtung, die eine Atmosph\u00e4re schafft.<\/li>\n\n\n\n<li>Treppen: Sichere, helle Kantenbeleuchtung, die b\u00fcndig mit der Wand ist.<\/li>\n<\/ul>\n<\/div><\/div>\n\n\n\n<div class=\"wp-block-group\" style=\"padding-top:var(--wp--preset--spacing--80);padding-bottom:var(--wp--preset--spacing--80)\"><div class=\"wp-block-group__inner-container is-layout-constrained wp-block-group-is-layout-constrained\">\n<h2 class=\"wp-block-heading\" style=\"font-size:25px;font-style:normal;font-weight:600;text-transform:capitalize\">Verwandte Produkte, die Ihnen gefallen k\u00f6nnten<\/h2>\n\n\n\n<ul class=\"wp-block-list\">\n<li>Testen Sie das <a href=\"https:\/\/tangooled.com\/de\/product\/black-led-profile-with-black-diffuser-for-10mm-led-strip-light\/\"><mark style=\"background-color:rgba(0, 0, 0, 0)\" class=\"has-inline-color has-vivid-red-color\">schwarzes LED-Profil mit schwarzem Diffusor f\u00fcr 10mm LED-Streifen<\/mark><\/a><\/li>\n\n\n\n<li>Schauen Sie sich das an <a href=\"https:\/\/tangooled.com\/de\/product\/25x6mm-low-profile-led-strip-channel-for-10mm-led-strip-light\/\"><mark style=\"background-color:rgba(0, 0, 0, 0)\" class=\"has-inline-color has-vivid-red-color\">25x6mm Niedrigprofil-LED-Streifenkanal f\u00fcr 10mm LED-Streifenlicht<\/mark><\/a><\/li>\n\n\n\n<li>F\u00fcr die Oberfl\u00e4chenmontage siehe die <a href=\"https:\/\/tangooled.com\/de\/product\/surface-mount-led-profile-with-frosted-diffuser-for-10mm-rope-lights\/\"><mark style=\"background-color:rgba(0, 0, 0, 0)\" class=\"has-inline-color has-vivid-red-color\">Oberfl\u00e4chenmontage LED-Profil mit satiniertem Diffusor f\u00fcr 10mm Seilschn\u00fcre<\/mark><\/a><\/li>\n\n\n\n<li>F\u00fcr einen schwarzen U-f\u00f6rmigen Kanal, besuchen Sie die <a href=\"https:\/\/tangooled.com\/de\/product\/black-aluminum-u-channel-profile-for-10mm-led-strips\/\"><mark style=\"background-color:rgba(0, 0, 0, 0)\" class=\"has-inline-color has-vivid-red-color\">schwarzes Aluminium-U-Profil f\u00fcr 10 mm LED-Streifen<\/mark><\/a><\/li>\n<\/ul>\n<\/div><\/div>\n\n\n\n<p><\/p>","protected":false},"featured_media":14370,"template":"","meta":{"_acf_changed":true,"_seopress_robots_primary_cat":"none","_seopress_titles_title":"Recessed LED Channel with Ceiling Buckles | Easy-Install Profile | TANGOOLED","_seopress_titles_desc":"Simplify your installation with our recessed aluminum LED channel featuring heavy-duty ceiling buckles. Perfect for 10mm strip lights, this flanged profile ensures a secure, flush-mount fit in ceilings and drywall.","_seopress_robots_index":""},"pcb-width":[228],"product-cat":[193],"class_list":{"0":"post-34949","1":"product","2":"type-product","3":"status-publish","4":"has-post-thumbnail","6":"pcb-width-6-12mm","7":"product-cat-recessed-profile"},"acf":[],"_links":{"self":[{"href":"https:\/\/tangooled.com\/de\/wp-json\/wp\/v2\/product\/34949","targetHints":{"allow":["GET"]}}],"collection":[{"href":"https:\/\/tangooled.com\/de\/wp-json\/wp\/v2\/product"}],"about":[{"href":"https:\/\/tangooled.com\/de\/wp-json\/wp\/v2\/types\/product"}],"wp:featuredmedia":[{"embeddable":true,"href":"https:\/\/tangooled.com\/de\/wp-json\/wp\/v2\/media\/14370"}],"wp:attachment":[{"href":"https:\/\/tangooled.com\/de\/wp-json\/wp\/v2\/media?parent=34949"}],"wp:term":[{"taxonomy":"pcb-width","embeddable":true,"href":"https:\/\/tangooled.com\/de\/wp-json\/wp\/v2\/pcb-width?post=34949"},{"taxonomy":"product-cat","embeddable":true,"href":"https:\/\/tangooled.com\/de\/wp-json\/wp\/v2\/product-cat?post=34949"}],"curies":[{"name":"wp","href":"https:\/\/api.w.org\/{rel}","templated":true}]}}