{"id":34948,"date":"2025-07-01T01:50:51","date_gmt":"2025-07-01T09:50:51","guid":{"rendered":"https:\/\/tangooled.com\/?post_type=product&#038;p=34948"},"modified":"2026-02-02T22:22:41","modified_gmt":"2026-02-03T06:22:41","slug":"recessed-black-light-diffuser-aluminum-channel-for-10mm-led-strips","status":"publish","type":"product","link":"https:\/\/tangooled.com\/de\/product\/recessed-black-light-diffuser-aluminum-channel-for-10mm-led-strips\/","title":{"rendered":"eingelassener schwarzer Lichtdiffusor Aluminiumkanal f\u00fcr 10mm LED-Streifen"},"content":{"rendered":"<div class=\"wp-block-group\" style=\"padding-top:var(--wp--preset--spacing--80);padding-bottom:var(--wp--preset--spacing--80)\"><div class=\"wp-block-group__inner-container is-layout-constrained wp-block-group-is-layout-constrained\">\n<p>Unser eingelassener schwarzer Lichtdiffusor Aluminiumkanal bietet eine professionelle L\u00f6sung f\u00fcr nahtlose eingelassene Beleuchtung. Er sorgt f\u00fcr ein sauberes, b\u00fcndiges Finish f\u00fcr Decken, Holzverkleidungen und M\u00f6belanwendungen.<\/p>\n\n\n\n<p>Das Profil ist 21,2 mm breit und 12,0 mm hoch und besteht aus robustem, stranggepresstem Aluminium. Es passt perfekt in eine Nut, die 15,2 mm breit und 12,0 mm tief ist. Die Innenbreite von 11,2 mm erleichtert die Installation von LED-Streifen, die 10 mm oder schmaler sind. Der schwarze PC-Lichtdiffusor sorgt f\u00fcr eine gleichm\u00e4\u00dfige und hochwertige Ausleuchtung, indem er sichtbare LED-Punkte beseitigt. Die au\u00dfenliegenden Lamellen helfen bei der W\u00e4rmeableitung.<\/p>\n\n\n\n<p>Es gibt drei verschiedene Farben des Kanals: schwarz, silber und wei\u00df. Es enth\u00e4lt alles, was Sie ben\u00f6tigen, um ihn sicher und staubfrei zu installieren, sowie eine einfache M\u00f6glichkeit, die Stromversorgung anzuschlie\u00dfen: der PC-Diffusor, Edelstahl-Befestigungsclips und zwei Endkappen (eine solide und eine mit einem Loch f\u00fcr einen Draht).<\/p>\n<\/div><\/div>\n\n\n\n<div class=\"wp-block-group has-background is-vertical is-layout-flex wp-container-core-group-is-layout-d255d7c4 wp-block-group-is-layout-flex\" style=\"background-color:#f1f1f1;padding-top:var(--wp--preset--spacing--80);padding-bottom:var(--wp--preset--spacing--80)\">\n<div class=\"wp-block-group is-vertical is-layout-flex wp-container-core-group-is-layout-8cf370e7 wp-block-group-is-layout-flex\">\n<h2 class=\"wp-block-heading\" style=\"padding-top:var(--wp--preset--spacing--40);padding-bottom:var(--wp--preset--spacing--40);font-size:25px;font-style:normal;font-weight:600;text-transform:capitalize\">Warum sollten Sie diesen eingelassenen schwarzen Lichtdiffusor Aluminiumkanal verwenden?<\/h2>\n\n\n\n<ul class=\"wp-block-list\">\n<li>Funktion des K\u00fchlk\u00f6rpers: Aluminium hilft, die W\u00e4rme von Ihrem LED-Streifen abzuleiten. Dadurch h\u00e4lt Ihr LED-Band l\u00e4nger.<\/li>\n\n\n\n<li>Punktelose Beleuchtung: Der gerauchte Diffusor streut das LED-Licht sanft. Er beseitigt raue Stellen und sorgt f\u00fcr einen angenehmen, gleichm\u00e4\u00dfigen Glanz.<\/li>\n\n\n\n<li>Flush Finish: The recessed profile fits into walls, ceilings, cabinets, or staircases so the light looks like it&#8217;s part of the structure.<\/li>\n\n\n\n<li>Schutz: Ihr LED-Band ist vor St\u00f6\u00dfen, Staub und Wasser gesch\u00fctzt.<\/li>\n\n\n\n<li>Modernes Aussehen: Der schwarze Farbton macht den Kanal auf dunklen Oberfl\u00e4chen praktisch unsichtbar, w\u00e4hrend er auf hellen gut zur Geltung kommt.<\/li>\n\n\n\n<li>Vielseitiger Einsatz: Als LED-Beleuchtung unter Schr\u00e4nken, an Akzentw\u00e4nden, auf M\u00f6beln, in Vitrinen.<\/li>\n<\/ul>\n<\/div>\n<\/div>\n\n\n\n<div class=\"wp-block-group\" style=\"padding-top:var(--wp--preset--spacing--60);padding-bottom:var(--wp--preset--spacing--60)\"><div class=\"wp-block-group__inner-container is-layout-constrained wp-block-group-is-layout-constrained\">\n<div class=\"wp-block-media-text has-media-on-the-right is-stacked-on-mobile\"><div class=\"wp-block-media-text__content\">\n<h2 class=\"wp-block-heading\" style=\"padding-top:var(--wp--preset--spacing--40);padding-bottom:var(--wp--preset--spacing--40);font-size:25px;font-style:normal;font-weight:600;text-transform:capitalize\">Einfache Schritte zur Installation<\/h2>\n\n\n\n<ul class=\"wp-block-list\">\n<li>Nut schneiden: Eine Nut in Holz, Putz oder Gipskarton erstellen.<\/li>\n\n\n\n<li>Kanal fixieren: Verwenden Sie Kleber oder Befestigungsclips, um das Aluminiumprofil in der Nut zu halten.<\/li>\n\n\n\n<li>LED-Streifen einsetzen: Legen Sie das 10mm LED-Band in den Kanal ein.<\/li>\n\n\n\n<li>Diffusor anbringen: Klipsen Sie die schwarze Abdeckung \u00fcber Ihren LED-Streifen.<\/li>\n\n\n\n<li>Endkappen anbringen: Verwenden Sie die Kappen, die mit den Kabeln geliefert werden, um die Enden zu sch\u00fctzen.<\/li>\n<\/ul>\n<\/div><figure class=\"wp-block-media-text__media\"><img loading=\"lazy\" decoding=\"async\" width=\"500\" height=\"500\" src=\"https:\/\/tangooled.com\/wp-content\/uploads\/2025\/07\/irp04-ins.webp\" alt=\"recessed 15x12mm black light diffuser aluminum channel for 10mm led strips\" class=\"wp-image-41144 size-full\" srcset=\"https:\/\/tangooled.com\/wp-content\/uploads\/2025\/07\/irp04-ins.webp 500w, https:\/\/tangooled.com\/wp-content\/uploads\/2025\/07\/irp04-ins-300x300.webp 300w, https:\/\/tangooled.com\/wp-content\/uploads\/2025\/07\/irp04-ins-150x150.webp 150w\" sizes=\"auto, (max-width: 500px) 100vw, 500px\" \/><\/figure><\/div>\n<\/div><\/div>\n\n\n\n<div class=\"wp-block-group has-background\" style=\"background-color:#f1f1f1;padding-top:var(--wp--preset--spacing--80);padding-bottom:var(--wp--preset--spacing--80)\"><div class=\"wp-block-group__inner-container is-layout-constrained wp-block-group-is-layout-constrained\">\n<h2 class=\"wp-block-heading\" style=\"padding-top:var(--wp--preset--spacing--40);padding-bottom:var(--wp--preset--spacing--40);font-size:25px;font-style:normal;font-weight:600;text-transform:capitalize\">What\u2019s in the Box?<\/h2>\n\n\n\n<ul class=\"wp-block-list\">\n<li>1 x 15x12mm eingelassener schwarzer Aluminiumkanal<\/li>\n\n\n\n<li>1 x gerauchter schwarzer Polycarbonat-Diffusor<\/li>\n\n\n\n<li>2 x Endkappen (1 mit Loch, 1 ohne)<\/li>\n\n\n\n<li>2 x Befestigungsclips f\u00fcr sichere Installation<\/li>\n<\/ul>\n<\/div><\/div>\n\n\n\n<div class=\"wp-block-group\" style=\"padding-top:var(--wp--preset--spacing--80);padding-bottom:var(--wp--preset--spacing--80)\"><div class=\"wp-block-group__inner-container is-layout-constrained wp-block-group-is-layout-constrained\">\n<h2 class=\"wp-block-heading\" style=\"padding-top:var(--wp--preset--spacing--40);padding-bottom:var(--wp--preset--spacing--40);font-size:25px;font-style:normal;font-weight:600;text-transform:capitalize\">Wo k\u00f6nnen Sie diesen eingelassenen schwarzen Diffusor-Kanal verwenden?<\/h2>\n\n\n\n<ul class=\"wp-block-list\">\n<li>Unterbau-Beleuchtung: F\u00fcgt Licht f\u00fcr Aufgaben in K\u00fcchen oder Werkst\u00e4tten hinzu.<\/li>\n\n\n\n<li>Beleuchtung an Wand oder Decke: Erzeugen Sie ein verstecktes Stimmungs- oder Akzentlicht.<\/li>\n\n\n\n<li>M\u00f6bel und Regale: Beleuchten Sie Regale oder B\u00fccherregale, ohne dass Dr\u00e4hte sichtbar sind.<\/li>\n\n\n\n<li>Einzelhandelsausstellungen: Verwenden Sie glatte, helle Linien, um Ihre Waren zu pr\u00e4sentieren.<\/li>\n\n\n\n<li>Architektonische Lichtnischen: Ideal f\u00fcr ein b\u00fcndiges, randloses Erscheinungsbild in Ecken oder an Decken.<\/li>\n<\/ul>\n<\/div><\/div>\n\n\n\n<div class=\"wp-block-group has-background\" style=\"background-color:#f1f1f1;padding-top:var(--wp--preset--spacing--80);padding-bottom:var(--wp--preset--spacing--80)\"><div class=\"wp-block-group__inner-container is-layout-constrained wp-block-group-is-layout-constrained\">\n<h2 class=\"wp-block-heading\" style=\"padding-top:var(--wp--preset--spacing--40);padding-bottom:var(--wp--preset--spacing--40);font-size:20px\">Zusammenfassung<\/h2>\n\n\n\n<p style=\"padding-right:var(--wp--preset--spacing--50);padding-left:var(--wp--preset--spacing--50)\">Dieser eingelassene schwarze Diffusor-LED-Lichtkanal ist eine ideale L\u00f6sung, um Streifen auf professionelle, saubere und sichere Weise anzubringen. Er funktioniert mit allen g\u00e4ngigen 10mm LED-Streifen, h\u00e4lt Ihre LEDs k\u00fchl, sch\u00fctzt das Band und sorgt mit seinem gerauchten Diffusor f\u00fcr eine sanfte und punktelose Beleuchtung. Installieren Sie ihn in Ihren W\u00e4nden, Decken, Treppen, M\u00f6beln oder Vitrinen f\u00fcr einen modernen, architektonischen Lichtlook.<\/p>\n<\/div><\/div>\n\n\n\n<p style=\"padding-top:var(--wp--preset--spacing--80);padding-bottom:var(--wp--preset--spacing--80)\">Bestellen Sie jetzt und erhalten Sie alles, was Sie in einem Set ben\u00f6tigen! F\u00fcr weitere Optionen, pr\u00fcfen Sie unser <a href=\"https:\/\/tangooled.com\/de\/product\/black-aluminum-u-channel-profile-for-10mm-led-strips\/\"><mark style=\"background-color:rgba(0, 0, 0, 0)\" class=\"has-inline-color has-vivid-red-color\">schwarzes Aluminium U-Profil f\u00fcr 10mm LED-Streifen<\/mark><\/a> oder erkunden Sie <a href=\"https:\/\/tangooled.com\/de\/product\/led-strip-light-channel-aluminum-profile-with-diffused-cover-6mm-height\/\"><mark style=\"background-color:rgba(0, 0, 0, 0)\" class=\"has-inline-color has-vivid-red-color\">schlanke Profile wie den 6mm hohen LED-Streifenlichtkanal<\/mark><\/a>.<\/p>","protected":false},"featured_media":41148,"template":"","meta":{"_acf_changed":false,"_seopress_robots_primary_cat":"none","_seopress_titles_title":"Black Recessed Light Diffuser Aluminum Channel | TANGOOLED","_seopress_titles_desc":"Create a stealthy lighting effect with our black recessed light diffuser channel. The black lens provides a seamless dark aesthetic when off, making it perfect for premium 10mm LED strip installations.","_seopress_robots_index":""},"pcb-width":[228],"product-cat":[193],"class_list":{"0":"post-34948","1":"product","2":"type-product","3":"status-publish","4":"has-post-thumbnail","6":"pcb-width-6-12mm","7":"product-cat-recessed-profile"},"acf":[],"_links":{"self":[{"href":"https:\/\/tangooled.com\/de\/wp-json\/wp\/v2\/product\/34948","targetHints":{"allow":["GET"]}}],"collection":[{"href":"https:\/\/tangooled.com\/de\/wp-json\/wp\/v2\/product"}],"about":[{"href":"https:\/\/tangooled.com\/de\/wp-json\/wp\/v2\/types\/product"}],"wp:featuredmedia":[{"embeddable":true,"href":"https:\/\/tangooled.com\/de\/wp-json\/wp\/v2\/media\/41148"}],"wp:attachment":[{"href":"https:\/\/tangooled.com\/de\/wp-json\/wp\/v2\/media?parent=34948"}],"wp:term":[{"taxonomy":"pcb-width","embeddable":true,"href":"https:\/\/tangooled.com\/de\/wp-json\/wp\/v2\/pcb-width?post=34948"},{"taxonomy":"product-cat","embeddable":true,"href":"https:\/\/tangooled.com\/de\/wp-json\/wp\/v2\/product-cat?post=34948"}],"curies":[{"name":"wp","href":"https:\/\/api.w.org\/{rel}","templated":true}]}}