{"id":34947,"date":"2025-07-01T01:48:07","date_gmt":"2025-07-01T09:48:07","guid":{"rendered":"https:\/\/tangooled.com\/?post_type=product&#038;p=34947"},"modified":"2026-02-02T22:29:46","modified_gmt":"2026-02-03T06:29:46","slug":"recessed-5mm-black-led-channel-for-8mm-cob-strips","status":"publish","type":"product","link":"https:\/\/tangooled.com\/de\/product\/recessed-5mm-black-led-channel-for-8mm-cob-strips\/","title":{"rendered":"eingelassener 5mm schwarzer LED-Kanal f\u00fcr 8mm COB-Streifen"},"content":{"rendered":"<div class=\"wp-block-group is-vertical is-layout-flex wp-container-core-group-is-layout-d255d7c4 wp-block-group-is-layout-flex\" style=\"padding-top:var(--wp--preset--spacing--80);padding-bottom:var(--wp--preset--spacing--80)\">\n<p>Unser eingelassener 5mm schwarzer LED-Kanal ist f\u00fcr hochklassige Lichtinstallationen konzipiert. Er eignet sich gut f\u00fcr Holzarbeiten, Trockenbau oder M\u00f6bel. Dieses Aluminium-LED-Profil besteht aus hochwertigem eloxiertem Aluminium und ist etwa 6,0 mm hoch und 21,2 mm breit.<\/p>\n\n\n\n<p>Der Kanal hat eine innere Breite von 11,2 mm (0,44 Zoll), was genau richtig ist f\u00fcr 8-10mm COB-LED-Streifen. In Verbindung mit dem strapazierf\u00e4higen PC-Diffusor sorgt dieser f\u00fcr ein sauberes, professionelles und punktfreies Licht. Der Kanal ist in Schwarz, Silber oder Wei\u00df erh\u00e4ltlich und umfasst ein vollst\u00e4ndiges Zubeh\u00f6rset, wie Edelstahlmontageclips und Endkappen, um die Installation sicher und staubfrei zu gestalten. Dies erleichtert auch den Anschluss an Ihre Gleichstromversorgung und verleiht jedem Lichtprojekt eine hochwertige, integrierte Optik.<\/p>\n<\/div>\n\n\n\n<div class=\"wp-block-group has-background is-vertical is-layout-flex wp-container-core-group-is-layout-d255d7c4 wp-block-group-is-layout-flex\" style=\"background-color:#f1f1f1;padding-top:var(--wp--preset--spacing--80);padding-bottom:var(--wp--preset--spacing--80)\">\n<div class=\"wp-block-group is-vertical is-layout-flex wp-container-core-group-is-layout-8cf370e7 wp-block-group-is-layout-flex\">\n<h2 class=\"wp-block-heading\" style=\"padding-top:var(--wp--preset--spacing--40);padding-bottom:var(--wp--preset--spacing--40);font-size:25px;font-style:normal;font-weight:600;text-transform:capitalize\">Warum unseren 5mm eingelassenen schwarzen LED-Kanal w\u00e4hlen?<\/h2>\n\n\n\n<ul class=\"wp-block-list\">\n<li>Das ultraflache 5mm eingelassene Profil passt perfekt in enge R\u00e4ume wie Trockenbau oder Schr\u00e4nke, die nur 6 cm tief sind.<\/li>\n\n\n\n<li>Passt perfekt zu 8mm COB-LED-Streifen, um sicherzustellen, dass das Licht gleichm\u00e4\u00dfig bleibt, ohne Punkte.<\/li>\n\n\n\n<li>Die matte, eloxierte Aluminiumoberfl\u00e4che ist hochwertig und verbirgt den Kanal, was dem trimlosen Look ein sauberes Erscheinungsbild verleiht.<\/li>\n\n\n\n<li>Der satinierten Polycarbonat-Diffusor erzeugt ein weiches und gleichm\u00e4\u00dfiges Licht, ohne hei\u00dfe Stellen.<\/li>\n\n\n\n<li>Kommt mit Montageclips und Endkappen, die die Installation schnell und einfach machen.<\/li>\n\n\n\n<li>Entwickelt f\u00fcr eingelassene Beleuchtung, die b\u00fcndig oder trimlos montiert werden kann.<\/li>\n\n\n\n<li>Funktioniert mit hochdichten COB-Streifen f\u00fcr nahtlose lineare Beleuchtung.<\/li>\n<\/ul>\n<\/div>\n<\/div>\n\n\n\n<div class=\"wp-block-group\" style=\"padding-top:var(--wp--preset--spacing--60);padding-bottom:var(--wp--preset--spacing--60)\"><div class=\"wp-block-group__inner-container is-layout-constrained wp-block-group-is-layout-constrained\">\n<div class=\"wp-block-media-text has-media-on-the-right is-stacked-on-mobile\"><div class=\"wp-block-media-text__content\">\n<h2 class=\"wp-block-heading\" style=\"font-size:25px;font-style:normal;font-weight:600;text-transform:capitalize\">Installationstipps &amp; Kompatibilit\u00e4t<\/h2>\n\n\n\n<ul class=\"wp-block-list\">\n<li>Verwenden Sie eine feinzahnige Gehrungss\u00e4ge, um den Kanal glatt zu schneiden und perfekte Enden und Gehrungen zu erhalten.<\/li>\n\n\n\n<li>F\u00fcr b\u00fcndige Installationen verwenden Sie einen Router oder Mei\u00dfel, um eine Nut von 5mm Tiefe und 15mm Breite zu erstellen.<\/li>\n\n\n\n<li>F\u00fcr die beste W\u00e4rmeableitung und Ausrichtung ziehen Sie Ihren 8mm COB-Streifen ab und legen ihn in die Kanalbasis.<\/li>\n\n\n\n<li>Funktioniert mit hochdichten COB-LED-Streifen, jedoch nicht mit nieder\u00addichten SMD-Streifen.<\/li>\n\n\n\n<li>Verwenden Sie auf renommierte LED-Treiber von Unternehmen wie Mean Well und Dimmer, die mit ihnen kompatibel sind.<\/li>\n<\/ul>\n<\/div><figure class=\"wp-block-media-text__media\"><img loading=\"lazy\" decoding=\"async\" width=\"500\" height=\"500\" src=\"https:\/\/tangooled.com\/wp-content\/uploads\/2025\/07\/irp03-ins.webp\" alt=\"eingelassener 5mm schwarzer LED-Kanal f\u00fcr 8mm COB-Streifen\" class=\"wp-image-41137 size-full\" srcset=\"https:\/\/tangooled.com\/wp-content\/uploads\/2025\/07\/irp03-ins.webp 500w, https:\/\/tangooled.com\/wp-content\/uploads\/2025\/07\/irp03-ins-300x300.webp 300w, https:\/\/tangooled.com\/wp-content\/uploads\/2025\/07\/irp03-ins-150x150.webp 150w\" sizes=\"auto, (max-width: 500px) 100vw, 500px\" \/><\/figure><\/div>\n<\/div><\/div>\n\n\n\n<div class=\"wp-block-group has-background\" style=\"background-color:#f1f1f1f2;padding-top:var(--wp--preset--spacing--80);padding-bottom:var(--wp--preset--spacing--80)\"><div class=\"wp-block-group__inner-container is-layout-constrained wp-block-group-is-layout-constrained\">\n<h2 class=\"wp-block-heading\" style=\"padding-top:var(--wp--preset--spacing--40);padding-bottom:var(--wp--preset--spacing--40);font-size:25px;font-style:normal;font-weight:600\">What\u2019s Included?<\/h2>\n\n\n\n<ul class=\"wp-block-list\">\n<li>1x Aluminium eingelassener schwarzer LED-Kanal <\/li>\n\n\n\n<li>\u2022 1x opal polycarbonate diffuser snap-in cover<\/li>\n\n\n\n<li>\u2022 2x mounting clips for secure installation<\/li>\n\n\n\n<li>\u2022 2x end caps (1 with wire hole for cable exit, 1 solid)<\/li>\n<\/ul>\n<\/div><\/div>\n\n\n\n<div class=\"wp-block-group is-vertical is-layout-flex wp-container-core-group-is-layout-d255d7c4 wp-block-group-is-layout-flex\" style=\"padding-top:var(--wp--preset--spacing--80);padding-bottom:var(--wp--preset--spacing--80)\">\n<h2 class=\"wp-block-heading\" style=\"padding-top:var(--wp--preset--spacing--40);padding-bottom:var(--wp--preset--spacing--40);font-size:25px;font-style:normal;font-weight:600\">Wo man den 5mm eingelassenen schwarzen LED-Kanal einsetzen kann<\/h2>\n\n\n\n<ul class=\"wp-block-list\">\n<li>M\u00f6bel und Holzarbeiten: In Regalen, Kleiderschr\u00e4nken und ma\u00dfgeschneiderter Holzarbeit f\u00fcr Akzent- und Arbeitsbeleuchtung einsetzen, die genau zur Holzmaserung passt.<\/li>\n\n\n\n<li>Unterbau-Beleuchtung: Beleuchtet K\u00fcchenarbeitsplatten gleichm\u00e4\u00dfig und klar, ohne Blendung oder hei\u00dfe Stellen.<\/li>\n\n\n\n<li>Gipskarton und Trockenbau: Schaffen Sie flache Kan\u00e4le f\u00fcr moderne eingelassene Wand- und Deckenleuchten; das schwarze Finish mischt sich perfekt mit dem Rest des Raumes.<\/li>\n\n\n\n<li>Einzelhandelsanzeigen: Um Ihrem Gesch\u00e4ft einen professionellen Eindruck zu verleihen, konzentrieren Sie das Licht auf Produkte und verstecken Sie das saubere schwarze Geh\u00e4use.<\/li>\n<\/ul>\n<\/div>\n\n\n\n<div class=\"wp-block-group is-vertical is-layout-flex wp-container-core-group-is-layout-d255d7c4 wp-block-group-is-layout-flex\" style=\"padding-top:var(--wp--preset--spacing--80);padding-bottom:var(--wp--preset--spacing--80)\">\n<p>Erleben Sie den Unterschied eines sauberen, eingelassenen 5mm schwarzen LED-Kanals f\u00fcr Ihre 8mm COB-LED-Streifen aus unseren hochwertigen Aluminiumprofilen. Bringen Sie modernes, energieeffizientes und wirklich nahtloses Licht mit Vertrauen und Leichtigkeit in Ihr Zuhause oder Projekt.<\/p>\n\n\n\n<ul class=\"wp-block-list\">\n<li><a href=\"https:\/\/tangooled.com\/de\/product\/black-led-diffuser-aluminum-channel-for-12mm-tape-lights\/\"><mark style=\"background-color:rgba(0, 0, 0, 0)\" class=\"has-inline-color has-vivid-red-color\">Schwarzes LED-Diffusor-Aluminiumprofil f\u00fcr 12 mm LED-Band<\/mark><\/a><\/li>\n\n\n\n<li><a href=\"https:\/\/tangooled.com\/de\/product\/surface-mount-led-profile-with-frosted-diffuser-for-10mm-rope-lights\/\"><mark style=\"background-color:rgba(0, 0, 0, 0)\" class=\"has-inline-color has-vivid-red-color\">Oberfl\u00e4chenmontierter LED-Profil mit mattiertem Diffusor f\u00fcr 10 mm LED-Lichterketten<\/mark><\/a><\/li>\n<\/ul>\n<\/div>\n\n\n\n<p><\/p>","protected":false},"featured_media":41140,"template":"","meta":{"_acf_changed":true,"_seopress_robots_primary_cat":"none","_seopress_titles_title":"Black 5mm Recessed LED Channel for 8mm COB Strips | TANGOOLED","_seopress_titles_desc":"Achieve a sleek, dot-free look with our black 5mm recessed LED channel. Specifically designed for 8mm COB strips, its ultra-narrow flange profile provides a seamless linear light effect in modern interiors.","_seopress_robots_index":""},"pcb-width":[228],"product-cat":[193],"class_list":{"0":"post-34947","1":"product","2":"type-product","3":"status-publish","4":"has-post-thumbnail","6":"pcb-width-6-12mm","7":"product-cat-recessed-profile"},"acf":[],"_links":{"self":[{"href":"https:\/\/tangooled.com\/de\/wp-json\/wp\/v2\/product\/34947","targetHints":{"allow":["GET"]}}],"collection":[{"href":"https:\/\/tangooled.com\/de\/wp-json\/wp\/v2\/product"}],"about":[{"href":"https:\/\/tangooled.com\/de\/wp-json\/wp\/v2\/types\/product"}],"wp:featuredmedia":[{"embeddable":true,"href":"https:\/\/tangooled.com\/de\/wp-json\/wp\/v2\/media\/41140"}],"wp:attachment":[{"href":"https:\/\/tangooled.com\/de\/wp-json\/wp\/v2\/media?parent=34947"}],"wp:term":[{"taxonomy":"pcb-width","embeddable":true,"href":"https:\/\/tangooled.com\/de\/wp-json\/wp\/v2\/pcb-width?post=34947"},{"taxonomy":"product-cat","embeddable":true,"href":"https:\/\/tangooled.com\/de\/wp-json\/wp\/v2\/product-cat?post=34947"}],"curies":[{"name":"wp","href":"https:\/\/api.w.org\/{rel}","templated":true}]}}