{"id":34942,"date":"2025-07-01T01:37:31","date_gmt":"2025-07-01T09:37:31","guid":{"rendered":"https:\/\/tangooled.com\/?post_type=product&#038;p=34942"},"modified":"2026-02-02T22:21:03","modified_gmt":"2026-02-03T06:21:03","slug":"ultra-shallow-recessed-led-profile-15x6mm","status":"publish","type":"product","link":"https:\/\/tangooled.com\/de\/product\/ultra-shallow-recessed-led-profile-15x6mm\/","title":{"rendered":"15x6mm ultra flaches eingelassenes LED-Aluminiumprofil"},"content":{"rendered":"<div class=\"wp-block-group\" style=\"padding-top:var(--wp--preset--spacing--80);padding-bottom:var(--wp--preset--spacing--80)\"><div class=\"wp-block-group__inner-container is-layout-constrained wp-block-group-is-layout-constrained\">\n<p>Unser 15x6mm ultra flaches eingelassenes LED-Profil besteht aus hochwertigem silber-anodisiertem Aluminium und hat eine Innenbreite von 11,2mm. Es kann in M\u00f6bel, Schr\u00e4nke und mehr integriert werden und ist perfekt f\u00fcr 8mm oder 10mm LED-Streifen.<\/p>\n\n\n\n<p>The shallow LED aluminum profile, featuring an opal diffuser, ensures that the light is evenly distributed and the heat is spread evenly. You may get aluminum channels in silver, white, and black, so you can match them perfectly with your home&#8217;s decor.<\/p>\n\n\n\n<p>Dieses ultra-d\u00fcnne LED-Profil wird mit Endkappen und Montageschrauben aus Edelstahl geliefert. Die Endkappen halten Staub und Schmutz von dem LED-Streifen fern und erm\u00f6glichen einen Anschluss an eine LED-Stromquelle f\u00fcr eine reibungslose Stromverbindung. Die Montageschrauben machen es einfach und sicher, die Aluminiumkan\u00e4le anzubringen.<\/p>\n<\/div><\/div>\n\n\n\n<div class=\"wp-block-group has-background\" style=\"background-color:#f1f1f1;padding-top:var(--wp--preset--spacing--80);padding-bottom:var(--wp--preset--spacing--80)\"><div class=\"wp-block-group__inner-container is-layout-constrained wp-block-group-is-layout-constrained\">\n<div class=\"wp-block-group\"><div class=\"wp-block-group__inner-container is-layout-constrained wp-block-group-is-layout-constrained\">\n<h2 class=\"wp-block-heading\" style=\"padding-top:var(--wp--preset--spacing--40);padding-bottom:var(--wp--preset--spacing--40);font-size:25px;font-style:normal;font-weight:600;text-transform:capitalize\">Warum sollten Sie unser 15x6mm ultra flaches eingelassenes LED-Aluminiumprofil w\u00e4hlen?<\/h2>\n\n\n\n<ul class=\"wp-block-list\">\n<li>Passt zu allen 10mm breiten LED-Streifen, einschlie\u00dflich hochdichter COB-LED-Streifen und SMD 5050, 2835 B\u00e4ndern.<\/li>\n\n\n\n<li>Hergestellt aus 6063-T5 anodisiertem Aluminium, einem hervorragenden K\u00fchlk\u00f6rper, der Ihre LEDs k\u00fchl h\u00e4lt.<\/li>\n\n\n\n<li>Wird mit einem frosted oder opalen Polycarbonat-Diffusor f\u00fcr punktfreies, sanftes Licht geliefert.<\/li>\n\n\n\n<li>Includes mounting clips, end caps, and diffuser \u2014 a full kit ready to install.<\/li>\n\n\n\n<li>Passt problemlos in eine 15mm breite Einbuchtung und ist nur 6mm tief f\u00fcr eine b\u00fcndige Montage.<\/li>\n<\/ul>\n<\/div><\/div>\n<\/div><\/div>\n\n\n\n<div class=\"wp-block-group\" style=\"padding-top:var(--wp--preset--spacing--60);padding-bottom:var(--wp--preset--spacing--60)\"><div class=\"wp-block-group__inner-container is-layout-constrained wp-block-group-is-layout-constrained\">\n<div class=\"wp-block-media-text has-media-on-the-right is-stacked-on-mobile\"><div class=\"wp-block-media-text__content\">\n<h2 class=\"wp-block-heading\" style=\"padding-top:var(--wp--preset--spacing--40);padding-bottom:var(--wp--preset--spacing--40);font-size:25px;font-style:normal;font-weight:600;text-transform:capitalize\">Wie man installiert<\/h2>\n\n\n\n<ul class=\"wp-block-list\">\n<li>Folgen Sie dem Layout Ihres Lichtdesigns und schneiden Sie eine 15,2x6mm Nut in den Holzschrank oder die Decke.<\/li>\n\n\n\n<li>Verwenden Sie Schrauben oder Klebeband, um den Kanal an Ort und Stelle zu halten.<\/li>\n\n\n\n<li>Legen Sie Ihr LED-Lichtband in den Kanal und stecken Sie es in einen LED-Treiber.<\/li>\n\n\n\n<li>Stecken Sie den Diffusor ein und befestigen Sie die Endkappen an beiden Seiten.<\/li>\n<\/ul>\n<\/div><figure class=\"wp-block-media-text__media\"><img loading=\"lazy\" decoding=\"async\" width=\"500\" height=\"500\" src=\"https:\/\/tangooled.com\/wp-content\/uploads\/2025\/07\/rp03-ins.webp\" alt=\"recessed 15x6mm led strip aluminum profile for 10mm strips\" class=\"wp-image-40593 size-full\" srcset=\"https:\/\/tangooled.com\/wp-content\/uploads\/2025\/07\/rp03-ins.webp 500w, https:\/\/tangooled.com\/wp-content\/uploads\/2025\/07\/rp03-ins-300x300.webp 300w, https:\/\/tangooled.com\/wp-content\/uploads\/2025\/07\/rp03-ins-150x150.webp 150w\" sizes=\"auto, (max-width: 500px) 100vw, 500px\" \/><\/figure><\/div>\n<\/div><\/div>\n\n\n\n<div class=\"wp-block-group has-background\" style=\"background-color:#f1f1f1;padding-top:var(--wp--preset--spacing--80);padding-bottom:var(--wp--preset--spacing--80)\"><div class=\"wp-block-group__inner-container is-layout-constrained wp-block-group-is-layout-constrained\">\n<h2 class=\"wp-block-heading\" style=\"padding-top:var(--wp--preset--spacing--40);padding-bottom:var(--wp--preset--spacing--40);font-size:25px;font-style:normal;font-weight:600;text-transform:capitalize\">Was erhalten Sie aus dem Kit?<\/h2>\n\n\n\n<ul class=\"wp-block-list\">\n<li>1x Aluminiumkanal (auf Ihre gew\u00fcnschte L\u00e4nge zugeschnitten)<\/li>\n\n\n\n<li>1x Frosted Polycarbonat-Diffusor (einsteckbar)<\/li>\n\n\n\n<li>2x Endkappen (eine mit einem Drahtloch, eine massiv)<\/li>\n<\/ul>\n<\/div><\/div>\n\n\n\n<div class=\"wp-block-group\" style=\"padding-top:var(--wp--preset--spacing--80);padding-bottom:var(--wp--preset--spacing--80)\"><div class=\"wp-block-group__inner-container is-layout-constrained wp-block-group-is-layout-constrained\">\n<h2 class=\"wp-block-heading\" style=\"padding-top:var(--wp--preset--spacing--40);padding-bottom:var(--wp--preset--spacing--40);font-size:25px;font-style:normal;font-weight:600;text-transform:capitalize\">Beliebte Anwendungsszenarien<\/h2>\n\n\n\n<ul class=\"wp-block-list\">\n<li>Unter-M\u00f6bel- und K\u00fcchenbeleuchtung: Diese Art der Beleuchtung hellt die Arbeitsfl\u00e4chen auf, ohne Schatten zu werfen.<\/li>\n\n\n\n<li>Kleiderschr\u00e4nke &amp; Schr\u00e4nke: Helle dunkle Bereiche elegant auf.<\/li>\n\n\n\n<li>Regal- &amp; Verkaufsrahmenbeleuchtung: Direkte Lichtstrahlung auf Objekte f\u00fcr ein professionelles Aussehen.<\/li>\n\n\n\n<li>Architektonische Akzente: Eingebaut in W\u00e4nde oder Decken, um sch\u00f6nes Umgebungslicht hinzuzuf\u00fcgen.<\/li>\n<\/ul>\n<\/div><\/div>\n\n\n\n<div class=\"wp-block-group has-background\" style=\"background-color:#f1f1f1f2;padding-top:var(--wp--preset--spacing--80);padding-bottom:var(--wp--preset--spacing--80)\"><div class=\"wp-block-group__inner-container is-layout-constrained wp-block-group-is-layout-constrained\">\n<h2 class=\"wp-block-heading\" style=\"font-size:25px;font-style:normal;font-weight:600;text-transform:capitalize\">Was macht diesen ultra flachen eingelassenen LED-Kanal besonders?<\/h2>\n\n\n\n<ul class=\"wp-block-list\">\n<li>Starker Schutz und Management der W\u00e4rme: Unser Aluminium-Extrusion h\u00e4lt Ihren LED-Streifen k\u00fchl und l\u00e4sst ihn l\u00e4nger halten. Der Polycarbonat-Diffusor sch\u00fctzt LEDs vor Staub und Sch\u00e4den. Dies hilft, Gegenst\u00e4nde im Laufe der Zeit vor dem Vergilben oder Dimmen zu bewahren.<\/li>\n\n\n\n<li>Sanftes, punktfreies Licht: Dank des frostigen Diffusors und der Kompatibilit\u00e4t mit COB-LED-Streifen wird Ihr Licht hell und durchgehend sein. Keine unsch\u00f6nen Punkte oder Flackern! Ideal f\u00fcr Arbeitsbeleuchtung, Regale und Vitrinen.<\/li>\n\n\n\n<li>Schlank, b\u00fcndig und leicht zu installieren: Das Profil passt in eine d\u00fcnne 6mm Nut. Dr\u00fccken Sie es in Ihre Trockenbau- oder M\u00f6belnut f\u00fcr einen sauberen, modernen Beleuchtungseindruck. Keine sperrigen Lichter auf der Oberfl\u00e4che. Verwenden Sie einen starken Kleber f\u00fcr eine einfache Installation.<\/li>\n\n\n\n<li>Zuschneidbare L\u00e4nge:<\/li>\n\n\n\n<li>F\u00fcr jeden Raum verwenden Sie eine feinzahnige S\u00e4ge, um das Profil zuzuschneiden. Es passt \u00fcberall, von K\u00fcchenschr\u00e4nken bis zu architektonischer Stuckleuchte.<\/li>\n<\/ul>\n<\/div><\/div>\n\n\n\n<div class=\"wp-block-group\" style=\"padding-top:var(--wp--preset--spacing--80);padding-bottom:var(--wp--preset--spacing--80)\"><div class=\"wp-block-group__inner-container is-layout-constrained wp-block-group-is-layout-constrained\">\n<h2 class=\"wp-block-heading\" style=\"padding-top:0;padding-bottom:0;font-size:25px;font-style:normal;font-weight:600;text-transform:capitalize\">F\u00fcr weitere Informationen erkunden Sie diese verwandten Produkte<\/h2>\n\n\n\n<ul class=\"wp-block-list\">\n<li><a href=\"https:\/\/tangooled.com\/de\/product\/led-light-diffuser-channel-aluminum-15x12mm-for-10mm-led-strips\/\"><mark style=\"background-color:rgba(0, 0, 0, 0)\" class=\"has-inline-color has-vivid-red-color\">25x6mm Niedrigprofil-LED-Streifenkanal f\u00fcr 10mm LED-Streifenlicht<\/mark><\/a><\/li>\n\n\n\n<li><a href=\"https:\/\/tangooled.com\/de\/product\/25x6mm-low-profile-led-strip-channel-for-10mm-led-strip-light\/\"><mark style=\"background-color:rgba(0, 0, 0, 0)\" class=\"has-inline-color has-vivid-red-color\">LED-Lichtdiffusor-Kanal aus Aluminium 15x12mm f\u00fcr 10mm LED-Streifen<\/mark><\/a><\/li>\n\n\n\n<li><mark style=\"background-color:rgba(0, 0, 0, 0)\" class=\"has-inline-color has-vivid-red-color\"><a href=\"https:\/\/tangooled.com\/de\/product\/recessed-5mm-black-led-channel-for-8mm-cob-strips\/\">Eingelassenes 5mm schwarzes LED-Kanal f\u00fcr 8mm COB-Streifen<\/a><\/mark><\/li>\n<\/ul>\n<\/div><\/div>\n\n\n\n<p><\/p>","protected":false},"featured_media":14384,"template":"","meta":{"_acf_changed":true,"_seopress_robots_primary_cat":"none","_seopress_titles_title":"15x6mm Ultra Shallow Recessed LED Profile | Slim Aluminum Channel | TANGOOLED","_seopress_titles_desc":"At only 6mm deep, our 15x6mm ultra shallow recessed LED profile is perfect for thin surfaces and furniture. Features a flange design for easy, flush-mount installation in shallow cutouts.","_seopress_robots_index":""},"pcb-width":[228],"product-cat":[193],"class_list":{"0":"post-34942","1":"product","2":"type-product","3":"status-publish","4":"has-post-thumbnail","6":"pcb-width-6-12mm","7":"product-cat-recessed-profile"},"acf":[],"_links":{"self":[{"href":"https:\/\/tangooled.com\/de\/wp-json\/wp\/v2\/product\/34942","targetHints":{"allow":["GET"]}}],"collection":[{"href":"https:\/\/tangooled.com\/de\/wp-json\/wp\/v2\/product"}],"about":[{"href":"https:\/\/tangooled.com\/de\/wp-json\/wp\/v2\/types\/product"}],"wp:featuredmedia":[{"embeddable":true,"href":"https:\/\/tangooled.com\/de\/wp-json\/wp\/v2\/media\/14384"}],"wp:attachment":[{"href":"https:\/\/tangooled.com\/de\/wp-json\/wp\/v2\/media?parent=34942"}],"wp:term":[{"taxonomy":"pcb-width","embeddable":true,"href":"https:\/\/tangooled.com\/de\/wp-json\/wp\/v2\/pcb-width?post=34942"},{"taxonomy":"product-cat","embeddable":true,"href":"https:\/\/tangooled.com\/de\/wp-json\/wp\/v2\/product-cat?post=34942"}],"curies":[{"name":"wp","href":"https:\/\/api.w.org\/{rel}","templated":true}]}}