{"id":34939,"date":"2025-07-01T01:34:20","date_gmt":"2025-07-01T09:34:20","guid":{"rendered":"https:\/\/tangooled.com\/?post_type=product&#038;p=34939"},"modified":"2026-02-02T22:25:27","modified_gmt":"2026-02-03T06:25:27","slug":"17x15mm-deep-recessed-led-strip-channel","status":"publish","type":"product","link":"https:\/\/tangooled.com\/de\/product\/17x15mm-deep-recessed-led-strip-channel\/","title":{"rendered":"17x15mm tief eingelassener LED-Strips Beleuchtungskanal"},"content":{"rendered":"<div class=\"wp-block-group is-vertical is-layout-flex wp-container-core-group-is-layout-d255d7c4 wp-block-group-is-layout-flex\" style=\"padding-top:var(--wp--preset--spacing--80);padding-bottom:var(--wp--preset--spacing--80)\">\n<p>Unser 17x15mm tief eingelassener LED-Strips Beleuchtungskanal ist f\u00fcr 10mm Tape-Leuchten ausgelegt. Er passt in 17,2mm breite und 13mm tiefe Rillen, die in W\u00e4nde, Decken, M\u00f6bel oder Schr\u00e4nke eingebaut sind.<\/p>\n\n\n\n<p>Der Flanschkanal funktioniert mit verschiedenen LED-Streifen, darunter 8mm, 10mm und 12mm LED-B\u00e4nder sowie COB LED-Streifen. Er verf\u00fcgt \u00fcber Endkappen und Montageschellen f\u00fcr eine einfache Installation.<\/p>\n\n\n\n<p>Dieser eingelassene 17x15mm tiefe LED-Aluminiumkanal bietet professionelles, sauberes und nahtloses Licht, das b\u00fcndig mit Trockenbau, Holz oder Tischlerarbeiten integriert werden kann.<\/p>\n<\/div>\n\n\n\n<div class=\"wp-block-group has-background is-vertical is-layout-flex wp-container-core-group-is-layout-d255d7c4 wp-block-group-is-layout-flex\" style=\"background-color:#f1f1f1;padding-top:var(--wp--preset--spacing--80);padding-bottom:var(--wp--preset--spacing--80)\">\n<div class=\"wp-block-group\" style=\"padding-top:var(--wp--preset--spacing--80);padding-bottom:var(--wp--preset--spacing--80)\"><div class=\"wp-block-group__inner-container is-layout-constrained wp-block-group-is-layout-constrained\">\n<h2 class=\"wp-block-heading\" style=\"padding-top:var(--wp--preset--spacing--40);padding-bottom:var(--wp--preset--spacing--40);font-size:25px;font-style:normal;font-weight:600;text-transform:capitalize\">Warum sollten Sie unseren 17x15mm tief eingelassenen Kanal w\u00e4hlen?<\/h2>\n\n\n\n<p style=\"padding-right:var(--wp--preset--spacing--50);padding-left:var(--wp--preset--spacing--50)\">Unser 17x15mm tief eingelassener Kanal f\u00fcr 10mm LED-Tape-Leuchten besteht aus hochwertigen Materialien und hat ein praktisches Design, das es einfach macht, Ihre Beleuchtungsprojekte zum Leben zu erwecken:<\/p>\n\n\n\n<ul class=\"wp-block-list\">\n<li>Ein b\u00fcndiger LED-Streifen-Geh\u00e4use, das Ihr LED-Band in der Wand oder in M\u00f6beln versteckt.<\/li>\n\n\n\n<li>Hergestellt aus eloxiertem Aluminium f\u00fcr professionelle W\u00e4rmeableitung und lange Lebensdauer von LED-B\u00e4ndern.<\/li>\n\n\n\n<li>Er wird mit einem opalen Polycarbonat-Diffusor geliefert, der das Licht weich und punktlos ohne Hotspots macht.<\/li>\n\n\n\n<li>Er wird auch mit Montageschellen und Endkappen geliefert, um ihn an Ort und Stelle zu halten und ordentlich auszusehen.<\/li>\n\n\n\n<li>Speziell f\u00fcr 10mm breite LED-Tape-Leuchten, wie SMD 5050 LEDs und COB LED-Streifen ohne Punkte konzipiert.<\/li>\n\n\n\n<li>Ideal f\u00fcr die Erstellung ma\u00dfgeschneiderter Beleuchtung f\u00fcr K\u00fcchen, Schr\u00e4nke, Decken und Schaufenster.<\/li>\n<\/ul>\n<\/div><\/div>\n<\/div>\n\n\n\n<div class=\"wp-block-group\" style=\"padding-top:var(--wp--preset--spacing--80);padding-bottom:var(--wp--preset--spacing--80)\"><div class=\"wp-block-group__inner-container is-layout-constrained wp-block-group-is-layout-constrained\">\n<div class=\"wp-block-media-text has-media-on-the-right is-stacked-on-mobile\"><div class=\"wp-block-media-text__content\">\n<h2 class=\"wp-block-heading\" style=\"padding-top:var(--wp--preset--spacing--40);padding-bottom:var(--wp--preset--spacing--40);font-size:25px;font-style:normal;font-weight:600;text-transform:capitalize\">Wie man in Trockenbau oder Holz installiert  <\/h2>\n\n\n\n<ul class=\"wp-block-list\">\n<li>Folgen Sie dem Layout&nbsp;Ihrer Lichtgestaltung und schneiden Sie eine 17x13mm Rille in den Trockenbau oder das Holz.<\/li>\n\n\n\n<li>Verwenden Sie Schrauben, Kleber oder Montageschellen, um den Kanal an Ort und Stelle zu halten.<\/li>\n\n\n\n<li>(Optional) Verwenden Sie eine Spachtelmasse oder Putz \u00fcber dem Flansch f\u00fcr eine glatte, b\u00fcndige Oberfl\u00e4che.<\/li>\n\n\n\n<li>Legen Sie Ihr 10mm breites LED-Band in den Kanal und schlie\u00dfen Sie es an einen LED-Treiber oder eine dimmbare LED-Stromversorgung an, die damit funktioniert.<\/li>\n\n\n\n<li>Klicken Sie den opalen Diffusordeckel ein, um das Licht zu mildern und den LED-Streifen zu sch\u00fctzen.<\/li>\n<\/ul>\n<\/div><figure class=\"wp-block-media-text__media\"><img loading=\"lazy\" decoding=\"async\" width=\"500\" height=\"500\" src=\"https:\/\/tangooled.com\/wp-content\/uploads\/2025\/07\/rp02-ins.webp\" alt=\"recessed led strip lighting channel 17x15mm for 10mm tape lights\" class=\"wp-image-40353 size-full\" srcset=\"https:\/\/tangooled.com\/wp-content\/uploads\/2025\/07\/rp02-ins.webp 500w, https:\/\/tangooled.com\/wp-content\/uploads\/2025\/07\/rp02-ins-300x300.webp 300w, https:\/\/tangooled.com\/wp-content\/uploads\/2025\/07\/rp02-ins-150x150.webp 150w\" sizes=\"auto, (max-width: 500px) 100vw, 500px\" \/><\/figure><\/div>\n<\/div><\/div>\n\n\n\n<div class=\"wp-block-group has-background\" style=\"background-color:#f1f1f2;padding-top:var(--wp--preset--spacing--80);padding-bottom:var(--wp--preset--spacing--80)\"><div class=\"wp-block-group__inner-container is-layout-constrained wp-block-group-is-layout-constrained\">\n<h2 class=\"wp-block-heading\" style=\"padding-top:var(--wp--preset--spacing--40);padding-bottom:var(--wp--preset--spacing--40);font-size:25px;font-style:normal;font-weight:600;text-transform:capitalize\">Ideale Anwendungen f\u00fcr den eingelassenen LED-Beleuchtungskanal 17x15mm<\/h2>\n\n\n\n<ul class=\"wp-block-list\">\n<li>Beleuchtung von Verkaufsdisplays: Schafft auff\u00e4llige Displays, die die Aufmerksamkeit der Verbraucher auf sich ziehen.<\/li>\n<\/ul>\n\n\n\n<ul class=\"wp-block-list\">\n<li>Beleuchtung unter K\u00fcchenschr\u00e4nken: Beleuchten Sie Ihre Arbeitsplatten, um das Kochen und Vorbereiten zu erleichtern.<\/li>\n<\/ul>\n\n\n\n<ul class=\"wp-block-list\">\n<li>Beleuchtung f\u00fcr Kleiderschr\u00e4nke und Schr\u00e4nke: Beleuchten Sie den Raum f\u00fcr bessere Sichtbarkeit und Organisation.<\/li>\n<\/ul>\n\n\n\n<ul class=\"wp-block-list\">\n<li>Wohnraumbeleuchtung: Schafft klare Linien von Akzentlicht in Wohnzimmern und Schlafzimmern.<\/li>\n<\/ul>\n\n\n\n<ul class=\"wp-block-list\">\n<li>Integration in Gewerbefl\u00e4chen: Eine vielseitige Beleuchtungsoption f\u00fcr B\u00fcros, Lobbys und Showrooms.<\/li>\n<\/ul>\n\n\n\n<ul class=\"wp-block-list\">\n<li>Architectural feature enhancement: Highlights a building&#8217;s unique and interesting.<\/li>\n<\/ul>\n<\/div><\/div>\n\n\n\n<div class=\"wp-block-group\" style=\"padding-top:var(--wp--preset--spacing--80);padding-bottom:var(--wp--preset--spacing--80)\"><div class=\"wp-block-group__inner-container is-layout-constrained wp-block-group-is-layout-constrained\">\n<h2 class=\"wp-block-heading\" style=\"padding-top:var(--wp--preset--spacing--40);padding-bottom:var(--wp--preset--spacing--40);font-size:25px;font-style:normal;font-weight:600\">\u00c4hnliche Produkte, die Ihnen gefallen k\u00f6nnten<\/h2>\n\n\n\n<ul class=\"wp-block-list\">\n<li>Schauen Sie sich unser an <a href=\"https:\/\/tangooled.com\/de\/product\/black-led-profile-with-black-diffuser-for-10mm-led-strip-light\/\"><mark style=\"background-color:rgba(0, 0, 0, 0)\" class=\"has-inline-color has-vivid-red-color\">schwarzes LED-Profil mit schwarzem Diffusor f\u00fcr 10mm LED-Streifen<\/mark><\/a> f\u00fcr alternative Oberfl\u00e4chen.<\/li>\n\n\n\n<li>Ben\u00f6tigen Sie eine Oberfl\u00e4che-Montage-L\u00f6sung? Sehen Sie unsere <a href=\"https:\/\/tangooled.com\/de\/product\/surface-mount-led-profile-with-frosted-diffuser-for-10mm-rope-lights\/\"><mark style=\"background-color:rgba(0, 0, 0, 0)\" class=\"has-inline-color has-vivid-red-color\">Oberfl\u00e4chenmontage LED-Profil mit satiniertem Diffusor f\u00fcr 10mm Seilschn\u00fcre<\/mark><\/a>.<\/li>\n\n\n\n<li>Entdecken Sie schlanke Optionen mit dem <mark style=\"background-color:rgba(0, 0, 0, 0)\" class=\"has-inline-color has-vivid-red-color\"><a href=\"https:\/\/tangooled.com\/de\/product\/led-light-diffuser-channel-aluminum-15x12mm-for-10mm-led-strips\/\">LED-Lichtdiffusor-Kanal aus Aluminium 15x12mm f\u00fcr 10mm LED-Streifen<\/a><\/mark>.<\/li>\n<\/ul>\n\n\n\n<p><\/p>\n<\/div><\/div>\n\n\n\n<div class=\"wp-block-group has-background\" style=\"background-color:#f1f1f2;padding-top:var(--wp--preset--spacing--80);padding-bottom:var(--wp--preset--spacing--80)\"><div class=\"wp-block-group__inner-container is-layout-constrained wp-block-group-is-layout-constrained\">\n<h2 class=\"wp-block-heading\" style=\"padding-top:var(--wp--preset--spacing--40);padding-bottom:var(--wp--preset--spacing--40);font-size:25px;font-style:normal;font-weight:600;text-transform:capitalize\">Kaufen Sie heute Ihren 17x15mm tief eingelassenen LED-Kanal!<\/h2>\n\n\n\n<p style=\"padding-right:var(--wp--preset--spacing--50);padding-left:var(--wp--preset--spacing--50)\">Build clean, bright, and professional architectural LED profiles with our recessed LED strip lighting channel 17x15mm for 10mm tape lights. Perfect for indoor recessed linear lighting fixture projects, it\u2019s easy to install and delivers a dot-free, high CRI lighting experience wherever you need it. For more lighting accessories and aluminum profile options, browse our collection of <a href=\"https:\/\/tangooled.com\/de\/product\/led-strip-light-channel-aluminum-profile-with-diffused-cover-6mm-height\/\"><mark style=\"background-color:rgba(0, 0, 0, 0)\" class=\"has-inline-color has-vivid-red-color\">LED Streifenlichtkan\u00e4len<\/mark><\/a> und <a href=\"https:\/\/tangooled.com\/de\/product\/45-degree-corner-led-aluminum-channel-for-10mm-led-strips\/\"><mark style=\"background-color:rgba(0, 0, 0, 0)\" class=\"has-inline-color has-vivid-red-color\">Eck-LED-Extrusionen<\/mark><\/a> bei Tangooled.<\/p>\n\n\n\n<p><\/p>\n<\/div><\/div>","protected":false},"featured_media":14390,"template":"","meta":{"_acf_changed":true,"_seopress_robots_primary_cat":"none","_seopress_titles_title":"17x15mm Deep Recessed LED Channel Aluminum Profile | TANGOOLED","_seopress_titles_desc":"The 17x15mm deep recessed LED channel is designed for a flawless, dot-free lighting effect. Its extra depth provides superior heat dissipation and hides LED spots for a professional linear finish.","_seopress_robots_index":""},"pcb-width":[228],"product-cat":[193],"class_list":{"0":"post-34939","1":"product","2":"type-product","3":"status-publish","4":"has-post-thumbnail","6":"pcb-width-6-12mm","7":"product-cat-recessed-profile"},"acf":[],"_links":{"self":[{"href":"https:\/\/tangooled.com\/de\/wp-json\/wp\/v2\/product\/34939","targetHints":{"allow":["GET"]}}],"collection":[{"href":"https:\/\/tangooled.com\/de\/wp-json\/wp\/v2\/product"}],"about":[{"href":"https:\/\/tangooled.com\/de\/wp-json\/wp\/v2\/types\/product"}],"wp:featuredmedia":[{"embeddable":true,"href":"https:\/\/tangooled.com\/de\/wp-json\/wp\/v2\/media\/14390"}],"wp:attachment":[{"href":"https:\/\/tangooled.com\/de\/wp-json\/wp\/v2\/media?parent=34939"}],"wp:term":[{"taxonomy":"pcb-width","embeddable":true,"href":"https:\/\/tangooled.com\/de\/wp-json\/wp\/v2\/pcb-width?post=34939"},{"taxonomy":"product-cat","embeddable":true,"href":"https:\/\/tangooled.com\/de\/wp-json\/wp\/v2\/product-cat?post=34939"}],"curies":[{"name":"wp","href":"https:\/\/api.w.org\/{rel}","templated":true}]}}