{"id":34937,"date":"2025-07-01T00:43:01","date_gmt":"2025-07-01T08:43:01","guid":{"rendered":"https:\/\/tangooled.com\/?post_type=product&#038;p=34937"},"modified":"2026-02-02T22:25:45","modified_gmt":"2026-02-03T06:25:45","slug":"recessed-led-aluminum-profile-17x8mm-for-strip-lighting","status":"publish","type":"product","link":"https:\/\/tangooled.com\/de\/product\/recessed-led-aluminum-profile-17x8mm-for-strip-lighting\/","title":{"rendered":"17x8mm eingelassenes Aluminiumprofil f\u00fcr LED-Streifenbeleuchtung"},"content":{"rendered":"<div class=\"wp-block-group\" style=\"padding-top:var(--wp--preset--spacing--80);padding-bottom:var(--wp--preset--spacing--80)\"><div class=\"wp-block-group__inner-container is-layout-constrained wp-block-group-is-layout-constrained\">\n<p>Unser 17x8mm eingelassener Aluminiumprofil f\u00fcr LED-Bandbeleuchtung ist daf\u00fcr konzipiert, direkt in W\u00e4nde, Decken, M\u00f6bel oder Schr\u00e4nke eingebaut zu werden. Das Aluminiumgeh\u00e4use passt zu einer Vielzahl von LED-Bandbreiten (bis ca. 12mm), einschlie\u00dflich der g\u00e4ngigen LED-B\u00e4nder mit 8mm, 10mm und 12mm sowie kompatiblen COB LED-Bandprodukten. Es passt in Nuten, die 17mm breit und 8mm tief sind, was es wie eine professionelle, punktlose Architekturbeleuchtung aussehen l\u00e4sst.<\/p>\n\n\n\n<p>Der anodisierte Aluminiumk\u00f6rper macht es zu einem hervorragenden W\u00e4rmeableiter f\u00fcr LEDs, der Ihre LEDs k\u00fchl h\u00e4lt und ihre Lebensdauer verl\u00e4ngert. Der enthaltene opale Diffusor verbirgt die LED-Punkte, sodass Sie gleichm\u00e4\u00dfiges Licht mit einem sanften Gl\u00fchen erhalten, das jeden Raum sauberer erscheinen l\u00e4sst.<\/p>\n<\/div><\/div>\n\n\n\n<div class=\"wp-block-group has-background\" style=\"background-color:#f1f1f1;padding-top:var(--wp--preset--spacing--80);padding-bottom:var(--wp--preset--spacing--80)\"><div class=\"wp-block-group__inner-container is-layout-constrained wp-block-group-is-layout-constrained\">\n<div class=\"wp-block-group is-vertical is-layout-flex wp-container-core-group-is-layout-8cf370e7 wp-block-group-is-layout-flex\">\n<h2 class=\"wp-block-heading\" style=\"padding-top:var(--wp--preset--spacing--40);padding-bottom:var(--wp--preset--spacing--40);font-size:25px;font-style:normal;font-weight:600;text-transform:capitalize\">Warum dieses 17x8mm eingelassene LED-Profil w\u00e4hlen?<\/h2>\n\n\n\n<ul class=\"wp-block-list\">\n<li>Flush mount LED channel \u2013 for neat, low-profile install.<\/li>\n\n\n\n<li>Trimless lighting solution \u2013 perfect for drywall, furniture lighting integration, and kitchen cabinet accents.<\/li>\n\n\n\n<li>Strong heat sink \u2013 aluminum keeps LED tapes cool to avoid burnout.<\/li>\n\n\n\n<li>Punktlose Beleuchtung \u2013 mit einem satinierten Diffusor, der das Licht sanft und gleichm\u00e4\u00dfig macht, ohne hei\u00dfe Stellen.<\/li>\n\n\n\n<li>Protection \u2013 shields LED strips from dust, moisture, and damage.<\/li>\n\n\n\n<li>Easy to cut and install \u2013 use mounting clips or adhesive to fix in place.<\/li>\n<\/ul>\n<\/div>\n<\/div><\/div>\n\n\n\n<div class=\"wp-block-group is-vertical is-layout-flex wp-container-core-group-is-layout-d255d7c4 wp-block-group-is-layout-flex\" style=\"padding-top:var(--wp--preset--spacing--80);padding-bottom:var(--wp--preset--spacing--80)\">\n<div class=\"wp-block-group\" style=\"padding-top:var(--wp--preset--spacing--60);padding-right:0;padding-bottom:var(--wp--preset--spacing--60);padding-left:0\"><div class=\"wp-block-group__inner-container is-layout-constrained wp-container-core-group-is-layout-c4900166 wp-block-group-is-layout-constrained\">\n<div class=\"wp-block-media-text has-media-on-the-right is-stacked-on-mobile\"><div class=\"wp-block-media-text__content\">\n<h2 class=\"wp-block-heading\" style=\"padding-top:var(--wp--preset--spacing--40);padding-bottom:var(--wp--preset--spacing--40);font-size:25px;text-transform:capitalize\">So installieren Sie den 17x8mm eingelassenen Aluminiumkanal<\/h2>\n\n\n\n<ul class=\"wp-block-list\">\n<li>Schneiden Sie eine Nut in Ihr Trockenbau, Holz oder MDF, um das Profil (ca. 17,5mm breit x 8mm tief) aufzunehmen.<\/li>\n\n\n\n<li>Befestigen Sie die Aluminium-Extrusion mit den mitgelieferten Montageclips oder starkem Baumkleber.<\/li>\n\n\n\n<li>Legen Sie Ihr LED-Band in den Kanal und stellen Sie sicher, dass das Band zur inneren Breite (~12mm) passt.<\/li>\n\n\n\n<li>Klicken Sie den opalen Diffusor f\u00fcr gleichm\u00e4\u00dfiges, sanftes Licht ein.<\/li>\n\n\n\n<li>Befestigen Sie endkappen, um die Enden ordentlich abzudichten (eine Endkappe mit einem Kabelloch f\u00fcr die Stromversorgung).<\/li>\n<\/ul>\n<\/div><figure class=\"wp-block-media-text__media\"><img loading=\"lazy\" decoding=\"async\" width=\"500\" height=\"500\" src=\"https:\/\/tangooled.com\/wp-content\/uploads\/2025\/07\/rp01-ins.webp\" alt=\"recessed aluminum profile 17x8mm for led strip lighting\" class=\"wp-image-40336 size-full\" srcset=\"https:\/\/tangooled.com\/wp-content\/uploads\/2025\/07\/rp01-ins.webp 500w, https:\/\/tangooled.com\/wp-content\/uploads\/2025\/07\/rp01-ins-300x300.webp 300w, https:\/\/tangooled.com\/wp-content\/uploads\/2025\/07\/rp01-ins-150x150.webp 150w\" sizes=\"auto, (max-width: 500px) 100vw, 500px\" \/><\/figure><\/div>\n<\/div><\/div>\n\n\n\n<hr class=\"wp-block-separator has-alpha-channel-opacity\"\/>\n<\/div>\n\n\n\n<div class=\"wp-block-group has-background\" style=\"background-color:#f1f1f1;padding-top:var(--wp--preset--spacing--50);padding-bottom:var(--wp--preset--spacing--50)\"><div class=\"wp-block-group__inner-container is-layout-constrained wp-block-group-is-layout-constrained\">\n<h2 class=\"wp-block-heading\" style=\"padding-top:var(--wp--preset--spacing--40);padding-bottom:var(--wp--preset--spacing--40);font-size:25px;font-style:normal;font-weight:600\">Inklusive Zubeh\u00f6r<\/h2>\n\n\n\n<ul class=\"wp-block-list\">\n<li>Anodisiertes Aluminiumprofil<\/li>\n\n\n\n<li>Opaler (satiniert) Diffusor<\/li>\n\n\n\n<li>Montageclips (2 oder mehr pro Meter)<\/li>\n\n\n\n<li>Endkappen (eine fest, eine mit einem Kabelloch)<\/li>\n<\/ul>\n<\/div><\/div>\n\n\n\n<div class=\"wp-block-group\" style=\"padding-top:var(--wp--preset--spacing--80);padding-bottom:var(--wp--preset--spacing--80)\"><div class=\"wp-block-group__inner-container is-layout-constrained wp-block-group-is-layout-constrained\">\n<h2 class=\"wp-block-heading\" style=\"font-size:25px;font-style:normal;font-weight:600;text-transform:capitalize\">Wo k\u00f6nnen Sie es verwenden? H\u00e4ufige Verwendungsm\u00f6glichkeiten<\/h2>\n\n\n\n<ul class=\"wp-block-list\">\n<li>K\u00fcchen: Beleuchtung unter Schr\u00e4nken, Schubladenbeleuchtung, Vorratsschr\u00e4nke.<\/li>\n\n\n\n<li>Wohnzimmer: Beleuchtung f\u00fcr die Decke, B\u00fccherregale und Treppen.<\/li>\n\n\n\n<li>Gewerbliche R\u00e4ume: Verkaufsanzeigen, Akzentbeleuchtung im B\u00fcro und Hotelrezeption.<\/li>\n\n\n\n<li>Ma\u00dfgefertigte M\u00f6bel: Eingelassene Beleuchtung in Kommoden, Vitrinen und Kleiderschr\u00e4nken.<\/li>\n<\/ul>\n\n\n\n<p style=\"padding-right:var(--wp--preset--spacing--50);padding-left:var(--wp--preset--spacing--50)\">F\u00fcr weitere Ideen zu architektonischen Profill\u00f6sungen siehe unser <a href=\"https:\/\/tangooled.com\/de\/product\/trimless-drywall-led-channel-for-15mm-led-strip-lights\/\"><mark style=\"background-color:rgba(0, 0, 0, 0)\" class=\"has-inline-color has-vivid-red-color\">rahmenloses Trockenbau-LED-Kanal f\u00fcr 15mm LED-Bandlichter<\/mark><em><mark style=\"background-color:rgba(0, 0, 0, 0)\" class=\"has-inline-color has-vivid-red-color\"><\/mark><\/em><\/a>oder durchst\u00f6bern Sie unser Sortiment an <mark style=\"background-color:rgba(0, 0, 0, 0)\" class=\"has-inline-color has-vivid-red-color\"><a href=\"https:\/\/tangooled.com\/de\/product\/surface-mount-led-profile-with-frosted-diffuser-for-10mm-rope-lights\/\">Oberfl\u00e4chenmontage LED-Profil mit satiniertem Diffusor f\u00fcr 10mm Seilschn\u00fcre<\/a><\/mark><\/p>\n<\/div><\/div>\n\n\n\n<div class=\"wp-block-group has-background\" style=\"background-color:#f1f1f2;padding-top:var(--wp--preset--spacing--80);padding-bottom:var(--wp--preset--spacing--80)\"><div class=\"wp-block-group__inner-container is-layout-constrained wp-block-group-is-layout-constrained\">\n<h2 class=\"wp-block-heading\" style=\"padding-top:var(--wp--preset--spacing--40);padding-bottom:var(--wp--preset--spacing--40);font-size:25px;font-style:normal;font-weight:600;text-transform:capitalize\">Warum unsere Kunden dieses Profil w\u00e4hlen<\/h2>\n\n\n\n<p style=\"padding-right:var(--wp--preset--spacing--50);padding-left:var(--wp--preset--spacing--50)\">Dieses eingelassene Aluminiumprofil erleichtert den Aufbau von verdeckter linearer Beleuchtung. Die schlanken Abmessungen und der fl\u00e4chenb\u00fcndige Einbau erm\u00f6glichen einen flachen Kanal, der perfekt mit W\u00e4nden oder Holz integriert ist. Die professionelle Verarbeitung und die robuste Aluminium-Extrusion verhindern Besch\u00e4digungen und reduzieren die W\u00e4rme, im Gegensatz zu Kunststoffprofilen.<\/p>\n\n\n\n<p style=\"padding-right:var(--wp--preset--spacing--50);padding-left:var(--wp--preset--spacing--50)\">With the included opal diffuser, your LED strip light shines softly without glaring dots or uneven shadows. Perfect for furniture lighting integration, bookshelf lighting, or wardrobe lighting \u2014 even in high-use areas such as kitchens and retail displays.<\/p>\n\n\n\n<p style=\"padding-right:var(--wp--preset--spacing--50);padding-left:var(--wp--preset--spacing--50)\">Kunden erwerben auch diese Profile, um sie mit dimmbaren Netzteilen und LED-Treibern zu kombinieren, die die Kontrolle und Lebensdauer ihrer LED-Installationen verl\u00e4ngern. Entdecken Sie kompatibles Zubeh\u00f6r wie das <mark style=\"background-color:rgba(0, 0, 0, 0)\" class=\"has-inline-color has-vivid-red-color\"><a href=\"https:\/\/tangooled.com\/de\/product\/black-led-profile-with-black-diffuser-for-10mm-led-strip-light\/\">Schwarzes LED-Profil mit schwarzem Diffusor f\u00fcr 10mm LED-Band<\/a><em> <\/em><\/mark>oder sehen Sie sich unser <a href=\"https:\/\/tangooled.com\/de\/product\/17mm-led-strip-light-aluminum-channel-for-surface-mounting\/\"><mark style=\"background-color:rgba(0, 0, 0, 0)\" class=\"has-inline-color has-vivid-red-color\">17mm LED-Band Aluminiumkanal f\u00fcr die Oberfl\u00e4chenmontage<\/mark><\/a> f\u00fcr Alternativen zur Oberfl\u00e4chenmontage.<\/p>\n<\/div><\/div>\n\n\n\n<p><\/p>","protected":false},"featured_media":14394,"template":"","meta":{"_acf_changed":true,"_seopress_robots_primary_cat":"none","_seopress_titles_title":"17x8mm Recessed LED Profile Aluminum Channel | TANGOOLED","_seopress_titles_desc":"Buy professional 17x8mm recessed LED profile featuring a slim design. Ideal for 10mm-12mm LED strips, this aluminum channel hides cutout edges for a perfect flush-mount finish.","_seopress_robots_index":""},"pcb-width":[228],"product-cat":[193],"class_list":{"0":"post-34937","1":"product","2":"type-product","3":"status-publish","4":"has-post-thumbnail","6":"pcb-width-6-12mm","7":"product-cat-recessed-profile"},"acf":[],"_links":{"self":[{"href":"https:\/\/tangooled.com\/de\/wp-json\/wp\/v2\/product\/34937","targetHints":{"allow":["GET"]}}],"collection":[{"href":"https:\/\/tangooled.com\/de\/wp-json\/wp\/v2\/product"}],"about":[{"href":"https:\/\/tangooled.com\/de\/wp-json\/wp\/v2\/types\/product"}],"wp:featuredmedia":[{"embeddable":true,"href":"https:\/\/tangooled.com\/de\/wp-json\/wp\/v2\/media\/14394"}],"wp:attachment":[{"href":"https:\/\/tangooled.com\/de\/wp-json\/wp\/v2\/media?parent=34937"}],"wp:term":[{"taxonomy":"pcb-width","embeddable":true,"href":"https:\/\/tangooled.com\/de\/wp-json\/wp\/v2\/pcb-width?post=34937"},{"taxonomy":"product-cat","embeddable":true,"href":"https:\/\/tangooled.com\/de\/wp-json\/wp\/v2\/product-cat?post=34937"}],"curies":[{"name":"wp","href":"https:\/\/api.w.org\/{rel}","templated":true}]}}