{"id":34933,"date":"2025-06-30T23:58:39","date_gmt":"2025-07-01T07:58:39","guid":{"rendered":"https:\/\/tangooled.com\/?post_type=product&#038;p=34933"},"modified":"2026-02-02T22:29:28","modified_gmt":"2026-02-03T06:29:28","slug":"recessed-triple-row-led-strip-light-channel-with-diffusers","status":"publish","type":"product","link":"https:\/\/tangooled.com\/de\/product\/recessed-triple-row-led-strip-light-channel-with-diffusers\/","title":{"rendered":"Eingelassener LED-Streifen mit dreireihigem Kanal und Difffusoren"},"content":{"rendered":"<div class=\"wp-block-group is-vertical is-layout-flex wp-container-core-group-is-layout-d255d7c4 wp-block-group-is-layout-flex\" style=\"padding-top:var(--wp--preset--spacing--80);padding-bottom:var(--wp--preset--spacing--80)\">\n<p>Unser eingelassener dreireihiger LED-Kanal RPT01 hilft Ihnen, brillantes, gleichm\u00e4\u00dfiges Licht zu erzielen. In diesem Kanal gibt es drei unabh\u00e4ngige Innenkan\u00e4le, jeder 11,2 mm breit, die jeweils einen LED-Streifen und einen Diffusor aufnehmen k\u00f6nnen. Dies erm\u00f6glicht es Ihnen, das Licht auf verschiedene Weise anzupassen und viel Licht daraus zu gewinnen.<br>Die \u00e4u\u00dferen Abmessungen&nbsp;betragen 48,7mm (Au\u00dfenbreite) und 8,4mm (Gesamth\u00f6he). Das Profil besteht aus robustem extrudiertem Aluminiumlegierung 6063-T5, was eine hervorragende W\u00e4rmeableitung gew\u00e4hrleistet. Die hochwertigen PC (Polycarbonat) Diffusoren, die mitgeliefert werden, sorgen daf\u00fcr, dass das Licht gleichm\u00e4\u00dfig und ohne Punkte verteilt wird. Sie k\u00f6nnen das System ganz einfach durch Verschrauben installieren, wie abgebildet, und es wird mit allen notwendigen Endkappen geliefert.<br>Dieser dreireihige Kanal ist f\u00fcr den Innenbereich geeignet und ideal f\u00fcr Anwendungen, bei denen eine eingelassene Lichtquelle so viel Licht wie m\u00f6glich abgeben muss. Einige Beispiele sind Allgemeinbeleuchtung in K\u00fcchen oder Badezimmern, Beleuchtung in tiefen Schr\u00e4nken oder kommerzielle Beleuchtung f\u00fcr Gesch\u00e4fte und B\u00fcros mit hohen Decken.<\/p>\n<\/div>\n\n\n\n<div class=\"wp-block-group has-background is-vertical is-layout-flex wp-container-core-group-is-layout-d255d7c4 wp-block-group-is-layout-flex\" style=\"background-color:#f1f1f1;padding-top:var(--wp--preset--spacing--80);padding-bottom:var(--wp--preset--spacing--80)\">\n<div class=\"wp-block-group is-vertical is-layout-flex wp-container-core-group-is-layout-8cf370e7 wp-block-group-is-layout-flex\">\n<h2 class=\"wp-block-heading\" style=\"padding-top:var(--wp--preset--spacing--40);padding-bottom:var(--wp--preset--spacing--40);font-size:25px;font-style:normal;font-weight:600;text-transform:capitalize\">Warum sollten Sie unseren eingelassenen dreireihigen LED-Kanal w\u00e4hlen?<\/h2>\n\n\n\n<ul class=\"wp-block-list\">\n<li>Helligkeit und St\u00e4rke: Er kann drei LED-Streifen aufnehmen, die Ihnen helles, gleichm\u00e4\u00dfiges Licht f\u00fcr allgemeine und Arbeitsbeleuchtung bieten.<\/li>\n\n\n\n<li>Sauberes und b\u00fcndiges Aussehen: Der eingelassene dreireihige LED-Streifenlichtkanal mit Diffusoren sitzt b\u00fcndig mit der Trockenbauwand oder der Decke und verleiht Ihrem Raum ein sauberes Aussehen.<\/li>\n\n\n\n<li>Haltbares Material: Das Aluminium, aus dem der Kanal hergestellt ist, ist robust genug, um Ihre LED-Streifen k\u00fchl und sicher zu halten.<\/li>\n\n\n\n<li>Sanftes Licht: Der Diffusor-Kanal macht das Licht weicher und beseitigt harte Punkte und Hotspots, was die Beleuchtung sch\u00f6n und gleichm\u00e4\u00dfig aussehen l\u00e4sst.<\/li>\n<\/ul>\n<\/div>\n<\/div>\n\n\n\n<div class=\"wp-block-group\" style=\"padding-top:var(--wp--preset--spacing--60);padding-bottom:var(--wp--preset--spacing--60)\"><div class=\"wp-block-group__inner-container is-layout-constrained wp-block-group-is-layout-constrained\">\n<div class=\"wp-block-media-text has-media-on-the-right is-stacked-on-mobile\"><div class=\"wp-block-media-text__content\">\n<h2 class=\"wp-block-heading\" style=\"padding-top:var(--wp--preset--spacing--40);padding-bottom:var(--wp--preset--spacing--40);font-size:25px;font-style:normal;font-weight:600;text-transform:capitalize\">Wie verwendet man es?<\/h2>\n\n\n\n<ul class=\"wp-block-list\">\n<li>Schneiden Sie den dreireihigen LED-Kanal auf die richtige L\u00e4nge zu.<\/li>\n\n\n\n<li>Setzen Sie ihn b\u00fcndig gegen die Trockenbauwand, die Decke oder eine andere flache Oberfl\u00e4che.<\/li>\n\n\n\n<li>Legen Sie Ihre LED-Streifenlichter in den Kanal.<\/li>\n\n\n\n<li>Setzen Sie die Diffusorabdeckung auf, um weiches Licht zu erzeugen und die Hotspots zu verbergen.<\/li>\n\n\n\n<li>Verwenden Sie Klebeband und Endkappen, um alles f\u00fcr ein sch\u00f6nes Finish an Ort und Stelle zu halten.<\/li>\n<\/ul>\n<\/div><figure class=\"wp-block-media-text__media\"><img loading=\"lazy\" decoding=\"async\" width=\"500\" height=\"500\" src=\"https:\/\/tangooled.com\/wp-content\/uploads\/2025\/06\/rpt01-ins.webp\" alt=\"Eingelassener LED-Streifen mit dreireihigem Kanal und Difffusoren\" class=\"wp-image-41819 size-full\" srcset=\"https:\/\/tangooled.com\/wp-content\/uploads\/2025\/06\/rpt01-ins.webp 500w, https:\/\/tangooled.com\/wp-content\/uploads\/2025\/06\/rpt01-ins-300x300.webp 300w, https:\/\/tangooled.com\/wp-content\/uploads\/2025\/06\/rpt01-ins-150x150.webp 150w\" sizes=\"auto, (max-width: 500px) 100vw, 500px\" \/><\/figure><\/div>\n<\/div><\/div>\n\n\n\n<div class=\"wp-block-group has-background\" style=\"background-color:#f1f1f1;padding-top:var(--wp--preset--spacing--80);padding-bottom:var(--wp--preset--spacing--80)\"><div class=\"wp-block-group__inner-container is-layout-constrained wp-block-group-is-layout-constrained\">\n<h2 class=\"wp-block-heading\" style=\"padding-top:var(--wp--preset--spacing--40);padding-bottom:var(--wp--preset--spacing--40);font-size:25px;font-style:normal;font-weight:600;text-transform:capitalize\">Perfekt f\u00fcr viele R\u00e4ume und Anwendungen<\/h2>\n\n\n\n<p style=\"padding-right:var(--wp--preset--spacing--50);padding-left:var(--wp--preset--spacing--50)\">Der eingelassene dreireihige LED-Streifenlichtkanal mit Diffusoren verleiht Ihren R\u00e4umen ein neues und helles Aussehen. Er eignet sich gut f\u00fcr:<\/p>\n\n\n\n<ul class=\"wp-block-list\">\n<li>Wohnzimmer und Schlafzimmer (Allgemeinbeleuchtung und Akzentbeleuchtung)<\/li>\n\n\n\n<li>Arbeitsbeleuchtung und Beleuchtung unter Schr\u00e4nken in K\u00fcchen, Vorratsr\u00e4umen und Kleiderschr\u00e4nken<\/li>\n\n\n\n<li>Gesch\u00e4ftsr\u00e4ume wie Gesch\u00e4fte und B\u00fcros, in denen die Deckenlichter alle die gleiche Farbe haben<\/li>\n\n\n\n<li>M\u00f6bel, Schr\u00e4nke und Regale (mit eingebauter individueller Beleuchtung)<\/li>\n\n\n\n<li>Bauteile eines Geb\u00e4udes, einschlie\u00dflich W\u00e4nde und Nischen, die Lichtlinien glatt und gleichm\u00e4\u00dfig machen<\/li>\n<\/ul>\n<\/div><\/div>\n\n\n\n<div class=\"wp-block-group\" style=\"padding-top:var(--wp--preset--spacing--80);padding-bottom:var(--wp--preset--spacing--80)\"><div class=\"wp-block-group__inner-container is-layout-constrained wp-block-group-is-layout-constrained\">\n<p style=\"font-size:20px\">Vergleichen Sie, wie dieser Kanal mit anderen Profilen wie <mark style=\"background-color:rgba(0, 0, 0, 0)\" class=\"has-inline-color has-vivid-red-color\"><a href=\"https:\/\/tangooled.com\/de\/product\/black-led-profile-with-black-diffuser-for-10mm-led-strip-light\/\">dem schwarzen LED-Profil mit schwarzem Diffusor f\u00fcr 10mm LED-Streifenlicht<\/a> <\/mark>oder das<a href=\"https:\/\/tangooled.com\/de\/product\/led-strip-light-channel-aluminum-profile-with-diffused-cover-6mm-height\/\"><mark style=\"background-color:rgba(0, 0, 0, 0)\" class=\"has-inline-color has-vivid-red-color\"> Aluminiumprofil f\u00fcr LED-Streifen mit diffusem Deckel, 6 mm H\u00f6he<\/mark><\/a> f\u00fcr andere Beleuchtungsstile.<\/p>\n<\/div><\/div>\n\n\n\n<div class=\"wp-block-group has-background\" style=\"background-color:#f1f1f1;padding-top:var(--wp--preset--spacing--80);padding-bottom:var(--wp--preset--spacing--80)\"><div class=\"wp-block-group__inner-container is-layout-constrained wp-block-group-is-layout-constrained\">\n<h2 class=\"wp-block-heading\" style=\"padding-top:var(--wp--preset--spacing--40);padding-bottom:var(--wp--preset--spacing--40);font-size:25px;font-style:normal;font-weight:600;text-transform:capitalize\">Sehen Sie auch diese verwandten Produkte<\/h2>\n\n\n\n<ul class=\"wp-block-list\">\n<li>Wenn Sie schwarze LED-Profile w\u00fcnschen, probieren Sie das <a href=\"https:\/\/tangooled.com\/de\/product\/black-led-diffuser-aluminum-channel-for-12mm-tape-lights\/\"><mark style=\"background-color:rgba(0, 0, 0, 0)\" class=\"has-inline-color has-vivid-red-color\">schwarzer LED-Diffusor-Aluminiumkanal f\u00fcr 12 mm breite Lichtb\u00e4nder<\/mark><\/a><\/li>\n\n\n\n<li>Wenn Sie das Profil auf einer Oberfl\u00e4che installieren m\u00f6chten, betrachten Sie das <a href=\"https:\/\/tangooled.com\/de\/product\/surface-mount-led-profile-with-frosted-diffuser-for-10mm-rope-lights\/\"><mark style=\"background-color:rgba(0, 0, 0, 0)\" class=\"has-inline-color has-vivid-red-color\">U-f\u00f6rmige Oberfl\u00e4chenmontage-LED-Profil mit frosted Diffusor<\/mark><\/a><\/li>\n\n\n\n<li>Wenn Sie einen schmaleren Streifen ben\u00f6tigen, sehen Sie das <a href=\"https:\/\/tangooled.com\/de\/product\/25x6mm-low-profile-led-strip-channel-for-10mm-led-strip-light\/\"><mark style=\"background-color:rgba(0, 0, 0, 0)\" class=\"has-inline-color has-vivid-red-color\">niedrigprofilierte LED-Streifenkanal f\u00fcr 10mm LED-Streifenlicht<\/mark><\/a> <\/li>\n<\/ul>\n<\/div><\/div>\n\n\n\n<p><\/p>","protected":false},"featured_media":14317,"template":"","meta":{"_acf_changed":true,"_seopress_robots_primary_cat":"none","_seopress_titles_title":"Recessed Triple Row LED Channel | High Output Lighting | TANGOOLED","_seopress_titles_desc":"Source the RPT01 recessed triple row LED channel. Professional aluminum profile designed for triple row strips to achieve high-lumen, uniform lighting in commercial projects.","_seopress_robots_index":""},"pcb-width":[228],"product-cat":[193],"class_list":{"0":"post-34933","1":"product","2":"type-product","3":"status-publish","4":"has-post-thumbnail","6":"pcb-width-6-12mm","7":"product-cat-recessed-profile"},"acf":[],"_links":{"self":[{"href":"https:\/\/tangooled.com\/de\/wp-json\/wp\/v2\/product\/34933","targetHints":{"allow":["GET"]}}],"collection":[{"href":"https:\/\/tangooled.com\/de\/wp-json\/wp\/v2\/product"}],"about":[{"href":"https:\/\/tangooled.com\/de\/wp-json\/wp\/v2\/types\/product"}],"wp:featuredmedia":[{"embeddable":true,"href":"https:\/\/tangooled.com\/de\/wp-json\/wp\/v2\/media\/14317"}],"wp:attachment":[{"href":"https:\/\/tangooled.com\/de\/wp-json\/wp\/v2\/media?parent=34933"}],"wp:term":[{"taxonomy":"pcb-width","embeddable":true,"href":"https:\/\/tangooled.com\/de\/wp-json\/wp\/v2\/pcb-width?post=34933"},{"taxonomy":"product-cat","embeddable":true,"href":"https:\/\/tangooled.com\/de\/wp-json\/wp\/v2\/product-cat?post=34933"}],"curies":[{"name":"wp","href":"https:\/\/api.w.org\/{rel}","templated":true}]}}