{"id":34906,"date":"2025-06-30T22:41:00","date_gmt":"2025-07-01T06:41:00","guid":{"rendered":"https:\/\/tangooled.com\/?post_type=product&#038;p=34906"},"modified":"2026-02-02T02:19:16","modified_gmt":"2026-02-02T10:19:16","slug":"30x30mm-corner-mount-black-led-profile-v-channel","status":"publish","type":"product","link":"https:\/\/tangooled.com\/de\/product\/30x30mm-corner-mount-black-led-profile-v-channel\/","title":{"rendered":"Eckmontage schwarzes LED-Profil Aluminium V-Kanal 30x30mm"},"content":{"rendered":"<div class=\"wp-block-group is-vertical is-layout-flex wp-container-core-group-is-layout-d255d7c4 wp-block-group-is-layout-flex\" style=\"padding-top:var(--wp--preset--spacing--80);padding-bottom:var(--wp--preset--spacing--80)\">\n<p>Unser schwarzes Eckmontage-LED-Profil 30x30mm-Kanal&nbsp;macht Ihre Umgebung&nbsp;heller. Dieses schwarze Aluminium-V-Profil eignet sich perfekt f\u00fcr die Anbringung von LED-Streifen in Ecken und entlang der Grenzen von R\u00e4umen auf eine smarte und ordentliche Weise. Dieses Profil bietet ein starkes und robustes Geh\u00e4use, das LED-Streifen bis zu 20,2 mm breit tragen kann. Es misst au\u00dfen 30,0 mm x 30,0 mm. Der gro\u00dfe, gew\u00f6lbte Diffusor verteilt das Licht \u00fcber ein gro\u00dfes Areal und verleiht der Umgebung&nbsp;einen zeitgen\u00f6ssischen, architektonischen Aspekt. Dieses Profil hilft Ihnen dabei, brillantes, gleichm\u00e4\u00dfiges Licht ohne Flecken oder Blendung zu erhalten, egal ob f\u00fcr die Beleuchtung unter Schr\u00e4nken, Schaufensteranzeigen oder architektonische Akzente. Die Installation ist einfach und sicher, in der Regel indem das Profil direkt an den Ecken der W\u00e4nde verschraubt wird, um eine passgenaue Montage zu gew\u00e4hrleisten.<\/p>\n<\/div>\n\n\n\n<div class=\"wp-block-group has-background is-vertical is-layout-flex wp-container-core-group-is-layout-d255d7c4 wp-block-group-is-layout-flex\" style=\"background-color:#f1f1f1;padding-top:var(--wp--preset--spacing--80);padding-bottom:var(--wp--preset--spacing--80)\">\n<div class=\"wp-block-group is-vertical is-layout-flex wp-container-core-group-is-layout-8cf370e7 wp-block-group-is-layout-flex\">\n<h2 class=\"wp-block-heading\" style=\"padding-top:var(--wp--preset--spacing--40);padding-bottom:var(--wp--preset--spacing--40);font-size:25px;font-style:normal;font-weight:600;text-transform:capitalize\">Warum unser schwarzes Eckmontage-LED-Profil 30x30mm w\u00e4hlen?<\/h2>\n\n\n\n<ul class=\"wp-block-list\">\n<li>Der schwarze Aluminiumk\u00f6rper ist stark und stilvoll und sch\u00fctzt die LED-Streifen.<\/li>\n\n\n\n<li>Entwickelt f\u00fcr die Verwendung in Ecken mit 90-Grad-Winkeln.<\/li>\n\n\n\n<li>Funktioniert mit LED-Streifen, die 20 mm breit oder schmaler sind.<\/li>\n\n\n\n<li>Kommt mit einem opalen Diffusor, der das Licht weicher macht und gleichm\u00e4\u00dfig verteilt.<\/li>\n\n\n\n<li>Ideal f\u00fcr die Beleuchtung eines Nischenbereichs, eines Schranks oder einer Gesch\u00e4ftsausstellung.<\/li>\n\n\n\n<li>Wird mit Schrauben und Endkappen geliefert, die das Fixieren erleichtern.<\/li>\n<\/ul>\n<\/div>\n<\/div>\n\n\n\n<div class=\"wp-block-group is-vertical is-layout-flex wp-container-core-group-is-layout-d255d7c4 wp-block-group-is-layout-flex\" style=\"padding-top:var(--wp--preset--spacing--80);padding-bottom:var(--wp--preset--spacing--80)\">\n<hr class=\"wp-block-separator has-alpha-channel-opacity\"\/>\n\n\n\n<div class=\"wp-block-media-text has-media-on-the-right is-stacked-on-mobile\" style=\"grid-template-columns:auto 40%\"><div class=\"wp-block-media-text__content\">\n<h2 class=\"wp-block-heading\" style=\"padding-top:var(--wp--preset--spacing--40);padding-bottom:var(--wp--preset--spacing--40);font-size:25px;font-style:normal;font-weight:600;text-transform:capitalize\">So installieren Sie einfach<\/h2>\n\n\n\n<ul class=\"wp-block-list\">\n<li>Verwenden Sie Schrauben, um dieses Kanalprofil an der Ecke zu befestigen.<\/li>\n\n\n\n<li>Setzen Sie den LED-Streifen in den Kanal ein.<\/li>\n\n\n\n<li>Dr\u00fccken Sie auf den LED-Diffusor, um das Licht gleichm\u00e4\u00dfig zu verteilen.<\/li>\n\n\n\n<li>Setzen Sie die Endkappen auf, um es fertig aussehen zu lassen.<\/li>\n<\/ul>\n<\/div><figure class=\"wp-block-media-text__media\"><img loading=\"lazy\" decoding=\"async\" width=\"500\" height=\"500\" src=\"https:\/\/tangooled.com\/wp-content\/uploads\/2025\/06\/la30b-ins.webp\" alt=\"Eckmontage schwarzes LED-Profil Aluminium V-Kanal 30x30mm\" class=\"wp-image-41964 size-full\" srcset=\"https:\/\/tangooled.com\/wp-content\/uploads\/2025\/06\/la30b-ins.webp 500w, https:\/\/tangooled.com\/wp-content\/uploads\/2025\/06\/la30b-ins-300x300.webp 300w, https:\/\/tangooled.com\/wp-content\/uploads\/2025\/06\/la30b-ins-150x150.webp 150w\" sizes=\"auto, (max-width: 500px) 100vw, 500px\" \/><\/figure><\/div>\n<\/div>\n\n\n\n<div class=\"wp-block-group has-background is-vertical is-layout-flex wp-container-core-group-is-layout-b429018a wp-block-group-is-layout-flex\" style=\"background-color:#f1f1f1f2;padding-top:var(--wp--preset--spacing--70);padding-bottom:var(--wp--preset--spacing--70)\">\n<h2 class=\"wp-block-heading\" style=\"padding-top:var(--wp--preset--spacing--40);padding-bottom:var(--wp--preset--spacing--40);font-size:25px;font-style:normal;font-weight:600\">Wo Sie dieses schwarze Eckmontage-LED-Profil 30x30mm verwenden k\u00f6nnen<\/h2>\n\n\n\n<ul class=\"wp-block-list\">\n<li>Unterbauleuchten, um Arbeitsfl\u00e4chen und K\u00fcchenzeilen aufzuhellen.<\/li>\n\n\n\n<li>Architektonische Nischen und Deckenwinkel zur Verbesserung der Raumatmosph\u00e4re.<\/li>\n\n\n\n<li>Einzelhandelsanzeigen und Schaufenster, die Produkte perfekt in Szene setzen.<\/li>\n\n\n\n<li>Kleiderschr\u00e4nke und Schr\u00e4nke zur Beleuchtung dunkler Ecken.<\/li>\n\n\n\n<li>Arbeitsbeleuchtung in B\u00fcros und Arbeitsbereichen f\u00fcr klare, blendfreie Ausleuchtung.<\/li>\n<\/ul>\n<\/div>\n\n\n\n<div class=\"wp-block-group is-vertical is-layout-flex wp-container-core-group-is-layout-d255d7c4 wp-block-group-is-layout-flex\" style=\"padding-top:var(--wp--preset--spacing--80);padding-bottom:var(--wp--preset--spacing--80)\">\n<h2 class=\"wp-block-heading\" style=\"padding-top:var(--wp--preset--spacing--40);padding-bottom:var(--wp--preset--spacing--40);font-size:25px;font-style:normal;font-weight:600;text-transform:capitalize\">Vergleichen und erkunden Sie verwandte Profile<\/h2>\n\n\n\n<p>\u00dcberpr\u00fcfen Sie diese Optionen f\u00fcr andere Beleuchtungsbed\u00fcrfnisse:<\/p>\n\n\n\n<ul class=\"wp-block-list\">\n<li><a href=\"https:\/\/tangooled.com\/de\/product\/surface-mount-led-profile-with-frosted-diffuser-for-10mm-rope-lights\/\"><mark style=\"background-color:rgba(0, 0, 0, 0)\" class=\"has-inline-color has-vivid-red-color\">Oberfl\u00e4chenmontierter LED-Profil mit mattiertem Diffusor f\u00fcr 10 mm LED-Lichterketten<\/mark><\/a><\/li>\n\n\n\n<li><a href=\"https:\/\/tangooled.com\/de\/product\/black-aluminum-u-channel-profile-for-10mm-led-strips\/\"><mark style=\"background-color:rgba(0, 0, 0, 0)\" class=\"has-inline-color has-vivid-red-color\">Schwarzes Aluminium-U-Profil f\u00fcr 10mm LED-Streifen<\/mark><\/a><\/li>\n\n\n\n<li><a href=\"https:\/\/tangooled.com\/de\/product\/25x14m-surface-mounted-led-light-aluminum-profile\/\"><mark style=\"background-color:rgba(0, 0, 0, 0)\" class=\"has-inline-color has-vivid-red-color\">25x14mm Oberfl\u00e4chen-mounted LED-Licht Aluminium-Profil<\/mark><\/a><\/li>\n\n\n\n<li><a href=\"https:\/\/tangooled.com\/de\/product\/v-shape-diffuser-corner-aluminum-led-profile-inner-20mm\/\"><mark style=\"background-color:rgba(0, 0, 0, 0)\" class=\"has-inline-color has-vivid-red-color\">V-Form-Diffusor-Eck-Aluminium-LED-Profil innen 20mm<\/mark><\/a><\/li>\n<\/ul>\n<\/div>\n\n\n\n<div class=\"wp-block-group\" style=\"padding-top:var(--wp--preset--spacing--80);padding-bottom:var(--wp--preset--spacing--80)\"><div class=\"wp-block-group__inner-container is-layout-constrained wp-block-group-is-layout-constrained\">\n<h2 class=\"wp-block-heading\" style=\"padding-top:var(--wp--preset--spacing--40);padding-bottom:var(--wp--preset--spacing--40);font-size:25px;font-style:normal;font-weight:600;text-transform:capitalize\">Zusammenfassung: Entwickelt f\u00fcr helle Ecken<\/h2>\n\n\n\n<p>Unser schwarzes Eck-LED-Profil 30x30mm ist die perfekte Wahl f\u00fcr alle, die saubere, professionelle LED-Eckenbeleuchtung w\u00fcnschen. Der opale Diffusor, das matte schwarze Finish und der robuste Aluminium-V-Kanal arbeiten zusammen, um gut auszusehen und gut zu funktionieren. Sie k\u00f6nnen es in K\u00fcchen, B\u00fcros, Einzelhandelsgesch\u00e4ften oder \u00fcberall dort verwenden, wo helle, gleichm\u00e4\u00dfige Eckenbeleuchtung ben\u00f6tigt wird.<\/p>\n<\/div><\/div>\n\n\n\n<p><\/p>","protected":false},"featured_media":14070,"template":"","meta":{"_acf_changed":true,"_seopress_robots_primary_cat":"none","_seopress_titles_title":"30x30mm Corner Mount Black LED Profile | V-Channel | TANGOOLED","_seopress_titles_desc":"Source the LA30B 30x30mm corner mount black led profile. Heavy-duty black aluminum V-channel for architectural corner lighting projects. Durable & sleek.","_seopress_robots_index":""},"pcb-width":[229],"product-cat":[196],"class_list":{"0":"post-34906","1":"product","2":"type-product","3":"status-publish","4":"has-post-thumbnail","6":"pcb-width-15-20mm","7":"product-cat-corner-profile"},"acf":[],"_links":{"self":[{"href":"https:\/\/tangooled.com\/de\/wp-json\/wp\/v2\/product\/34906","targetHints":{"allow":["GET"]}}],"collection":[{"href":"https:\/\/tangooled.com\/de\/wp-json\/wp\/v2\/product"}],"about":[{"href":"https:\/\/tangooled.com\/de\/wp-json\/wp\/v2\/types\/product"}],"wp:featuredmedia":[{"embeddable":true,"href":"https:\/\/tangooled.com\/de\/wp-json\/wp\/v2\/media\/14070"}],"wp:attachment":[{"href":"https:\/\/tangooled.com\/de\/wp-json\/wp\/v2\/media?parent=34906"}],"wp:term":[{"taxonomy":"pcb-width","embeddable":true,"href":"https:\/\/tangooled.com\/de\/wp-json\/wp\/v2\/pcb-width?post=34906"},{"taxonomy":"product-cat","embeddable":true,"href":"https:\/\/tangooled.com\/de\/wp-json\/wp\/v2\/product-cat?post=34906"}],"curies":[{"name":"wp","href":"https:\/\/api.w.org\/{rel}","templated":true}]}}