{"id":34903,"date":"2025-06-30T22:27:09","date_gmt":"2025-07-01T06:27:09","guid":{"rendered":"https:\/\/tangooled.com\/?post_type=product&#038;p=34903"},"modified":"2026-02-02T02:18:42","modified_gmt":"2026-02-02T10:18:42","slug":"slim-corner-led-channel-for-5mm-strips-la05","status":"publish","type":"product","link":"https:\/\/tangooled.com\/de\/product\/slim-corner-led-channel-for-5mm-strips-la05\/","title":{"rendered":"Schlankes Eck-LED-Kanalprofil f\u00fcr 5mm LED-Streifen"},"content":{"rendered":"<div class=\"wp-block-group is-vertical is-layout-flex wp-container-core-group-is-layout-d255d7c4 wp-block-group-is-layout-flex\" style=\"padding-top:var(--wp--preset--spacing--80);padding-bottom:var(--wp--preset--spacing--80)\">\n<p>Unser LA05 schlanker Ecken-LED-Kanalprofil f\u00fcr 5 mm LED-Streifen sorgt f\u00fcr ein helles und sauberes Licht. Das ist eine clevere, einfache M\u00f6glichkeit, Ihre LED-Streifen zu sch\u00fctzen und sie an engen Orten in einem hervorragenden Zustand zu halten. Diese Aluminium-Extrusion hat ein \u00e4u\u00dferst flaches Profil und ist au\u00dfen 20,8 mm breit und 11,8 mm hoch. Der Innenraum hat eine Breite von 8,6 mm. Es hat ein elegantes, kompaktes Aussehen, das es gut in eine Ecke passen l\u00e4sst und das Licht sanft in einem Winkel abstrahlt. Das macht es geeignet f\u00fcr d\u00fcnne, schmale Beleuchtung oder zarte Akzentbeleuchtung.<\/p>\n<\/div>\n\n\n\n<div class=\"wp-block-group has-background is-vertical is-layout-flex wp-container-core-group-is-layout-d255d7c4 wp-block-group-is-layout-flex\" style=\"background-color:#f1f1f1;padding-top:var(--wp--preset--spacing--80);padding-bottom:var(--wp--preset--spacing--80)\">\n<div class=\"wp-block-group is-vertical is-layout-flex wp-container-core-group-is-layout-8cf370e7 wp-block-group-is-layout-flex\">\n<h2 class=\"wp-block-heading\" style=\"padding-top:var(--wp--preset--spacing--40);padding-bottom:var(--wp--preset--spacing--40);font-size:25px;font-style:normal;font-weight:600;text-transform:capitalize\">Warum dieses schlanke Ecken-LED-Kanalprofil w\u00e4hlen?<\/h2>\n\n\n\n<ul class=\"wp-block-list\">\n<li>Fits in tight spaces: This little LED channel for corners fits where bigger channels can&#8217;t.<\/li>\n\n\n\n<li>Hergestellt aus starkem Aluminium sch\u00fctzt er Ihre LED-Streifen und fungiert als K\u00fchlk\u00f6rper.<\/li>\n\n\n\n<li>Kommt mit einem mattierten Diffusor, der das Licht hell, aber weich macht, ohne scharfe Kanten.<\/li>\n\n\n\n<li>Einfach zusammenzubauen: Er kommt mit Schrauben und Endkappen, sodass Sie es schnell erledigen k\u00f6nnen.<\/li>\n\n\n\n<li>Funktioniert mit 5 mm LED-Streifen: Passt gut zu schmalen LED-B\u00e4ndern.<\/li>\n\n\n\n<li>Gut f\u00fcr innen: Hervorragend geeignet, um Ecken in H\u00e4usern und anderen Orten auszuleuchten.<\/li>\n<\/ul>\n<\/div>\n<\/div>\n\n\n\n<div class=\"wp-block-group\" style=\"padding-top:var(--wp--preset--spacing--60);padding-bottom:var(--wp--preset--spacing--60)\"><div class=\"wp-block-group__inner-container is-layout-constrained wp-block-group-is-layout-constrained\">\n<div class=\"wp-block-media-text has-media-on-the-right is-stacked-on-mobile\" style=\"grid-template-columns:auto 40%\"><div class=\"wp-block-media-text__content\">\n<h2 class=\"wp-block-heading\" style=\"padding-top:var(--wp--preset--spacing--40);padding-bottom:var(--wp--preset--spacing--40);font-size:25px;font-style:normal;font-weight:600;text-transform:capitalize\">Wie baut man es zusammen<\/h2>\n\n\n\n<ul class=\"wp-block-list\">\n<li>Verwenden Sie die Schrauben oder Kleber, um den Kanal an der Ecke zu befestigen.<\/li>\n\n\n\n<li>Legen Sie den 5 mm LED-Streifen in den schmalen Kanal ein.<\/li>\n\n\n\n<li>Um das Licht weicher zu machen, setzen Sie den mattierten Diffusor auf.<\/li>\n\n\n\n<li>Setzen Sie die Endkappen auf, um die Kanten ansprechend zu gestalten.<\/li>\n<\/ul>\n<\/div><figure class=\"wp-block-media-text__media\"><img loading=\"lazy\" decoding=\"async\" width=\"500\" height=\"500\" src=\"https:\/\/tangooled.com\/wp-content\/uploads\/2025\/06\/la05-ins.webp\" alt=\"Schlankes Eck-LED-Kanalprofil f\u00fcr 5mm LED-Streifen\" class=\"wp-image-41944 size-full\" srcset=\"https:\/\/tangooled.com\/wp-content\/uploads\/2025\/06\/la05-ins.webp 500w, https:\/\/tangooled.com\/wp-content\/uploads\/2025\/06\/la05-ins-300x300.webp 300w, https:\/\/tangooled.com\/wp-content\/uploads\/2025\/06\/la05-ins-150x150.webp 150w\" sizes=\"auto, (max-width: 500px) 100vw, 500px\" \/><\/figure><\/div>\n<\/div><\/div>\n\n\n\n<div class=\"wp-block-group has-background is-vertical is-layout-flex wp-container-core-group-is-layout-b429018a wp-block-group-is-layout-flex\" style=\"background-color:#f1f1f1f2;padding-top:var(--wp--preset--spacing--70);padding-bottom:var(--wp--preset--spacing--70)\">\n<h2 class=\"wp-block-heading\" style=\"padding-top:var(--wp--preset--spacing--40);padding-bottom:var(--wp--preset--spacing--40);font-size:25px;font-style:normal;font-weight:600;text-transform:capitalize\">Wo k\u00f6nnen Sie unser schlankes Ecken-LED-Kanalprofil verwenden?<\/h2>\n\n\n\n<p>Diese kleine Form eignet sich hervorragend f\u00fcr viele Projekte, die ein sauberes Licht in den Ecken ben\u00f6tigen, wie zum Beispiel:<\/p>\n\n\n\n<ul class=\"wp-block-list\">\n<li>Beleuchtung unter Schr\u00e4nken in K\u00fcchen oder Arbeitspl\u00e4tzen<\/li>\n\n\n\n<li>Beleuchtung in Vitrinen in Gesch\u00e4ften&nbsp;<\/li>\n\n\n\n<li>Beleuchtung in Schr\u00e4nken und Garderoben f\u00fcr einfachen Zugriff<\/li>\n\n\n\n<li>Indirekte Beleuchtung entlang der Kante eines Regals<\/li>\n<\/ul>\n<\/div>\n\n\n\n<div class=\"wp-block-group is-vertical is-layout-flex wp-container-core-group-is-layout-d255d7c4 wp-block-group-is-layout-flex\" style=\"padding-top:var(--wp--preset--spacing--80);padding-bottom:var(--wp--preset--spacing--80)\">\n<h2 class=\"wp-block-heading\" style=\"padding-top:var(--wp--preset--spacing--40);padding-bottom:var(--wp--preset--spacing--40);font-size:25px;font-style:normal;font-weight:600;text-transform:capitalize\">Erfahren Sie mehr \u00fcber verwandte Produkte<\/h2>\n\n\n\n<ul class=\"wp-block-list\">\n<li>Our black led profile with black diffuser for 10mm led strip light \u2014 a great choice for wider LED tapes.<\/li>\n\n\n\n<li>Der LED-Streifen-Kanal mit diffundierendem Cover von 6 mm H\u00f6he f\u00fcr flache Installationen.<\/li>\n\n\n\n<li>Oder probieren Sie die 8x9 mm LED-Profil-Aluminiumkanalsteckbar f\u00fcr 5 mm LED-Streifen f\u00fcr eine etwas andere Gr\u00f6\u00dfe und Eigenschaften.<\/li>\n<\/ul>\n<\/div>\n\n\n\n<div class=\"wp-block-group has-background\" style=\"background-color:#f1f1f1;padding-top:var(--wp--preset--spacing--80);padding-bottom:var(--wp--preset--spacing--80)\"><div class=\"wp-block-group__inner-container is-layout-constrained wp-block-group-is-layout-constrained\">\n<h2 class=\"wp-block-heading\" style=\"padding-top:var(--wp--preset--spacing--40);padding-bottom:var(--wp--preset--spacing--40);font-size:25px;font-style:normal;font-weight:600;text-transform:capitalize\">Zusammenfassung<\/h2>\n\n\n\n<p style=\"padding-right:var(--wp--preset--spacing--50);padding-left:var(--wp--preset--spacing--50)\">Das schlanke Ecken-LED-Kanalprofil f\u00fcr 5 mm LED-Streifen ist eine n\u00fctzliche und ansprechende Methode, um Ihre schmalen LED-Streifen zu sch\u00fctzen und zur Schau zu stellen. Es verwandelt harte Ecken in warme, leuchtende Kanten mit einem sauberen, einfachen Design und einer robusten Bauweise. Verwenden Sie es, um sch\u00f6nes, gleichm\u00e4\u00dfiges Licht in hochwertigen Innenbeleuchtungen, wie in K\u00fcchen und Ausstellungscabinets, zu erhalten.<\/p>\n<\/div><\/div>\n\n\n\n<p><\/p>","protected":false},"featured_media":14066,"template":"","meta":{"_acf_changed":true,"_seopress_robots_primary_cat":"none","_seopress_titles_title":"Slim Corner LED Channel for 5mm Strips LA05 | TANGOOLED","_seopress_titles_desc":"TANGOO's ultra-slim corner LED channel (LA05) specifically designed for 5mm LED strips. Ideal for minimalist lighting in tight spaces.","_seopress_robots_index":""},"pcb-width":[228],"product-cat":[196],"class_list":{"0":"post-34903","1":"product","2":"type-product","3":"status-publish","4":"has-post-thumbnail","6":"pcb-width-6-12mm","7":"product-cat-corner-profile"},"acf":[],"_links":{"self":[{"href":"https:\/\/tangooled.com\/de\/wp-json\/wp\/v2\/product\/34903","targetHints":{"allow":["GET"]}}],"collection":[{"href":"https:\/\/tangooled.com\/de\/wp-json\/wp\/v2\/product"}],"about":[{"href":"https:\/\/tangooled.com\/de\/wp-json\/wp\/v2\/types\/product"}],"wp:featuredmedia":[{"embeddable":true,"href":"https:\/\/tangooled.com\/de\/wp-json\/wp\/v2\/media\/14066"}],"wp:attachment":[{"href":"https:\/\/tangooled.com\/de\/wp-json\/wp\/v2\/media?parent=34903"}],"wp:term":[{"taxonomy":"pcb-width","embeddable":true,"href":"https:\/\/tangooled.com\/de\/wp-json\/wp\/v2\/pcb-width?post=34903"},{"taxonomy":"product-cat","embeddable":true,"href":"https:\/\/tangooled.com\/de\/wp-json\/wp\/v2\/product-cat?post=34903"}],"curies":[{"name":"wp","href":"https:\/\/api.w.org\/{rel}","templated":true}]}}