{"id":34901,"date":"2025-06-30T22:24:57","date_gmt":"2025-07-01T06:24:57","guid":{"rendered":"https:\/\/tangooled.com\/?post_type=product&#038;p=34901"},"modified":"2026-02-02T22:26:04","modified_gmt":"2026-02-03T06:26:04","slug":"45-degree-corner-led-aluminum-channel","status":"publish","type":"product","link":"https:\/\/tangooled.com\/de\/product\/45-degree-corner-led-aluminum-channel\/","title":{"rendered":"45-Grad-Eck-LED-Aluminiumkanal f\u00fcr 10mm LED-Streifen"},"content":{"rendered":"<div class=\"wp-block-group is-vertical is-layout-flex wp-container-core-group-is-layout-d255d7c4 wp-block-group-is-layout-flex\" style=\"padding-top:var(--wp--preset--spacing--80);padding-bottom:var(--wp--preset--spacing--80)\">\n<p>Our 45-degree corner LED channel is designed for 10mm LED strips and will enhance your lighting project. This V-shaped aluminum channel fits nicely in any corner and provides smooth, even light while keeping your LED lights safe and cool. This corner channel measures 19.0mm by 19.0mm on the outside and 11.2mm on the inside. It gives you clean, brilliant light exactly where you want it, whether you&#8217;re lighting up a corner of the kitchen, a wardrobe, or a display case. The installation is safe and easy. First, use screws to attach the mounting clips to the surface. Then, snap the profile into the secured clips.<\/p>\n<\/div>\n\n\n\n<div class=\"wp-block-group has-background is-vertical is-layout-flex wp-container-core-group-is-layout-d255d7c4 wp-block-group-is-layout-flex\" style=\"background-color:#f1f1f1;padding-top:var(--wp--preset--spacing--80);padding-bottom:var(--wp--preset--spacing--80)\">\n<div class=\"wp-block-group is-vertical is-layout-flex wp-container-core-group-is-layout-8cf370e7 wp-block-group-is-layout-flex\">\n<h2 class=\"wp-block-heading\" style=\"padding-top:var(--wp--preset--spacing--40);padding-bottom:var(--wp--preset--spacing--40);font-size:25px;font-style:normal;font-weight:600;text-transform:capitalize\">Warum unser 45-Grad-Eck-LED-Aluminiumprofil w\u00e4hlen?<\/h2>\n\n\n\n<ul class=\"wp-block-list\">\n<li>Das perfekte Design f\u00fcr einen 45-Grad-Winkel: Unser gewinkeltes LED-Profil erzeugt eine klare, scharfe Lichtlinie in jeder 90-Grad-Ecke. Das V-f\u00f6rmige Aluminiumprofil lenkt den Strahl genau auf 45 Grad, was ideal f\u00fcr Lichtleisten und Beleuchtung unter Schr\u00e4nken ist.<\/li>\n\n\n\n<li>Frosted Cover for Smooth Light Diffusion: The frosted diffuser cover that comes with it gets rid of the &#8220;dotted&#8221; aspect that uncovered strip lights have. This makes the light strip diffuser look dotless, which gives every space a soft glow.<\/li>\n\n\n\n<li>Starke und langlebige Schutzfunktion: Unser robustes Aluminiumprofil f\u00fcr LED-Streifen sch\u00fctzt Ihre teuren LED-Streifen vor Staub, Feuchtigkeit und physikalischen Sch\u00e4den. Es sorgt daf\u00fcr, dass das Licht lange h\u00e4lt, ohne an Helligkeit zu verlieren.<\/li>\n\n\n\n<li>Vollst\u00e4ndiges Installationskit: Jede Box enth\u00e4lt Montageschlaufen, Endkappen (mit und ohne Drahtl\u00f6cher) und das opale Linse f\u00fcr das LED-Profil. Das ist alles, was Sie zum schnellen und einfachen Aufbau ben\u00f6tigen.<\/li>\n<\/ul>\n<\/div>\n<\/div>\n\n\n\n<div class=\"wp-block-group\" style=\"padding-top:var(--wp--preset--spacing--60);padding-bottom:var(--wp--preset--spacing--60)\"><div class=\"wp-block-group__inner-container is-layout-constrained wp-block-group-is-layout-constrained\">\n<div class=\"wp-block-media-text has-media-on-the-right is-stacked-on-mobile\" style=\"grid-template-columns:auto 40%\"><div class=\"wp-block-media-text__content\">\n<h2 class=\"wp-block-heading\" style=\"padding-top:var(--wp--preset--spacing--40);padding-bottom:var(--wp--preset--spacing--40);font-size:25px;font-style:normal;font-weight:600;text-transform:capitalize\">So bringen Sie es an<\/h2>\n\n\n\n<ul class=\"wp-block-list\">\n<li>Befestigen Sie die Clips in der Innenecke, wo Sie das Licht haben m\u00f6chten.<\/li>\n\n\n\n<li>Stellen Sie sicher, dass das Aluminiumprofil fest in die Clips einklickt.<\/li>\n\n\n\n<li>Legen Sie Ihr 10-mm-LED-Band in das Profil, damit es perfekt passt.<\/li>\n\n\n\n<li>Setzen Sie den satinierten Diffusordeckel darauf und beenden Sie es mit Endkappen, um einen polierten Look zu erzielen.<\/li>\n<\/ul>\n<\/div><figure class=\"wp-block-media-text__media\"><img loading=\"lazy\" decoding=\"async\" width=\"500\" height=\"500\" src=\"https:\/\/tangooled.com\/wp-content\/uploads\/2025\/06\/ila04-ins.webp\" alt=\"45 degree corner led aluminum channel for 10mm led strips\" class=\"wp-image-41941 size-full\" srcset=\"https:\/\/tangooled.com\/wp-content\/uploads\/2025\/06\/ila04-ins.webp 500w, https:\/\/tangooled.com\/wp-content\/uploads\/2025\/06\/ila04-ins-300x300.webp 300w, https:\/\/tangooled.com\/wp-content\/uploads\/2025\/06\/ila04-ins-150x150.webp 150w\" sizes=\"auto, (max-width: 500px) 100vw, 500px\" \/><\/figure><\/div>\n<\/div><\/div>\n\n\n\n<div class=\"wp-block-group has-background\" style=\"background-color:#f1f1f1;padding-top:var(--wp--preset--spacing--80);padding-bottom:var(--wp--preset--spacing--80)\"><div class=\"wp-block-group__inner-container is-layout-constrained wp-block-group-is-layout-constrained\">\n<h2 class=\"wp-block-heading\" style=\"padding-top:var(--wp--preset--spacing--40);padding-bottom:var(--wp--preset--spacing--40);font-size:25px;font-style:normal;font-weight:600;text-transform:capitalize\">what&#8217;s in the box?<\/h2>\n\n\n\n<ul class=\"wp-block-list\">\n<li>Ein anodisiertes Aluminiumprofil<\/li>\n\n\n\n<li>Ein opaler Diffusor<\/li>\n\n\n\n<li>Zwei Montageschlaufen f\u00fcr jeden Meter<\/li>\n\n\n\n<li>Zwei Endkappen (eine versiegelt und eine mit einem Loch f\u00fcr einen Draht)<\/li>\n<\/ul>\n<\/div><\/div>\n\n\n\n<div class=\"wp-block-group\" style=\"padding-top:var(--wp--preset--spacing--80);padding-bottom:var(--wp--preset--spacing--80)\"><div class=\"wp-block-group__inner-container is-layout-constrained wp-block-group-is-layout-constrained\">\n<h2 class=\"wp-block-heading\" style=\"padding-top:var(--wp--preset--spacing--40);padding-bottom:var(--wp--preset--spacing--40);font-size:25px;font-style:normal;font-weight:600;text-transform:capitalize\">H\u00e4ufige Anwendungsarten<\/h2>\n\n\n\n<ul class=\"wp-block-list\">\n<li>Beleuchtung unter dem Schrank und auf der Arbeitsplatte: Ideal zum Einbau von hellen, blendfreien Lichtern in den Ecken von K\u00fcchen und unter Arbeitsfl\u00e4chen zur gezielten Aufgabenbeleuchtung.<\/li>\n\n\n\n<li>Beleuchtung f\u00fcr Nischen und Treppen: Ma\u00dfgeschneidert f\u00fcr die Nischenbeleuchtung und Treppenlichter mit einem gewinkelten LED-Diffusor f\u00fcr Sicherheit und Stil.<\/li>\n\n\n\n<li>Lighting for Displays and Shelves: Use beautiful display case lighting that doesn&#8217;t create hotspots or harsh glare to draw attention to your products or decor.<\/li>\n\n\n\n<li>Beleuchtung f\u00fcr Kleiderschr\u00e4nke und Garderobe: Die saubere und integrierte Beleuchtung des Kleiderschrankprofils mit einem linearen LED-Beleuchtungseffekt sorgt daf\u00fcr, dass es keine Schattenl\u00fccken gibt.<\/li>\n<\/ul>\n<\/div><\/div>\n\n\n\n<div class=\"wp-block-group has-background\" style=\"background-color:#f1f1f1;padding-top:var(--wp--preset--spacing--80);padding-bottom:var(--wp--preset--spacing--80)\"><div class=\"wp-block-group__inner-container is-layout-constrained wp-block-group-is-layout-constrained\">\n<h2 class=\"wp-block-heading\" style=\"padding-top:var(--wp--preset--spacing--40);padding-bottom:var(--wp--preset--spacing--40);font-size:25px;font-style:normal;font-weight:600;text-transform:capitalize\">LED-Streifen, die kompatibel sind<\/h2>\n\n\n\n<p>Dieses 45-Grad-Eck-LED-Profil funktioniert mit folgenden:<\/p>\n\n\n\n<ul class=\"wp-block-list\">\n<li>Streifen mit SMD 5050, SMD 2835, SMD 3528 und SMD 5630<\/li>\n\n\n\n<li>Bekannten Marken wie Philips Hue Lightstrip<\/li>\n\n\n\n<li>LED-Streifen mit einer Leiterplatte, die nicht breiter als 10 mm ist.<\/li>\n<\/ul>\n\n\n\n<p>Erforschen Sie weitere Beleuchtungsl\u00f6sungen wie <a href=\"https:\/\/tangooled.com\/de\/product\/led-strip-light-channel-aluminum-profile-with-diffused-cover-6mm-height\/\"><mark style=\"background-color:rgba(0, 0, 0, 0)\" class=\"has-inline-color has-vivid-red-color\">LED-Streifenlicht-Kanal-Aluminiumprofil mit diffuser Abdeckung 6mm H\u00f6he<\/mark><\/a> und <mark style=\"background-color:rgba(0, 0, 0, 0)\" class=\"has-inline-color has-vivid-red-color\"><a href=\"https:\/\/tangooled.com\/de\/product\/led-diffuser-aluminum-profile-for-for-12mm-led-strip-lighting\/\">Schwarzes LED-Diffusor-Aluminiumprofil f\u00fcr 12 mm Tape-Lights<\/a> <\/mark>um Ihr Lichtprojekt abzuschlie\u00dfen.<\/p>\n<\/div><\/div>\n\n\n\n<p><\/p>","protected":false},"featured_media":14035,"template":"","meta":{"_acf_changed":false,"_seopress_robots_primary_cat":"none","_seopress_titles_title":"45 Degree Corner LED Channel for 10mm Strips | TANGOOLED","_seopress_titles_desc":"Professional 45 degree corner LED channel (ILA04) for 10mm strips. Angled aluminum extrusion designed for perfect under-cabinet & shelf lighting.","_seopress_robots_index":""},"pcb-width":[228],"product-cat":[196],"class_list":{"0":"post-34901","1":"product","2":"type-product","3":"status-publish","4":"has-post-thumbnail","6":"pcb-width-6-12mm","7":"product-cat-corner-profile"},"acf":[],"_links":{"self":[{"href":"https:\/\/tangooled.com\/de\/wp-json\/wp\/v2\/product\/34901","targetHints":{"allow":["GET"]}}],"collection":[{"href":"https:\/\/tangooled.com\/de\/wp-json\/wp\/v2\/product"}],"about":[{"href":"https:\/\/tangooled.com\/de\/wp-json\/wp\/v2\/types\/product"}],"wp:featuredmedia":[{"embeddable":true,"href":"https:\/\/tangooled.com\/de\/wp-json\/wp\/v2\/media\/14035"}],"wp:attachment":[{"href":"https:\/\/tangooled.com\/de\/wp-json\/wp\/v2\/media?parent=34901"}],"wp:term":[{"taxonomy":"pcb-width","embeddable":true,"href":"https:\/\/tangooled.com\/de\/wp-json\/wp\/v2\/pcb-width?post=34901"},{"taxonomy":"product-cat","embeddable":true,"href":"https:\/\/tangooled.com\/de\/wp-json\/wp\/v2\/product-cat?post=34901"}],"curies":[{"name":"wp","href":"https:\/\/api.w.org\/{rel}","templated":true}]}}