{"id":34896,"date":"2025-06-30T22:15:55","date_gmt":"2025-07-01T06:15:55","guid":{"rendered":"https:\/\/tangooled.com\/?post_type=product&#038;p=34896"},"modified":"2026-02-02T02:16:21","modified_gmt":"2026-02-02T10:16:21","slug":"16x16mm-led-corner-extrusion-curved-diffuser","status":"publish","type":"product","link":"https:\/\/tangooled.com\/de\/product\/16x16mm-led-corner-extrusion-curved-diffuser\/","title":{"rendered":"gebogener Diffusor 16x16mm LED-Eckprofil f\u00fcr 10mm LED-Streifen"},"content":{"rendered":"<div class=\"wp-block-group is-vertical is-layout-flex wp-container-core-group-is-layout-d255d7c4 wp-block-group-is-layout-flex\" style=\"padding-top:var(--wp--preset--spacing--80);padding-bottom:var(--wp--preset--spacing--80)\">\n<p>Unser 16x16mm LED-Eckprofil ist hervorragend f\u00fcr 10mm LED-Streifen geeignet. Es gibt ein sauberes, weiches und sicheres Licht ab. Dieses Profil hat au\u00dfen die Ma\u00dfe 16,2mm x 16,2mm und ist eine unsichtbare, integrierte L\u00f6sung f\u00fcr jede 90-Grad-Ecke. Das Design sorgt daf\u00fcr, dass Ihre R\u00e4ume modern und elegant aussehen, w\u00e4hrend es Licht ohne grelle Blendeffekte oder helle Flecken ausstrahlt. Die Installation ist schnell und einfach. Zun\u00e4chst befestigen Sie die Montageclips dauerhaft mit Schrauben an der Oberfl\u00e4che. Dann m\u00fcssen Sie nur noch das Aluminiumprofil in die festen Clips einrasten.<\/p>\n<\/div>\n\n\n\n<div class=\"wp-block-group has-background is-vertical is-layout-flex wp-container-core-group-is-layout-d255d7c4 wp-block-group-is-layout-flex\" style=\"background-color:#f1f1f1;padding-top:var(--wp--preset--spacing--80);padding-bottom:var(--wp--preset--spacing--80)\">\n<div class=\"wp-block-group is-vertical is-layout-flex wp-container-core-group-is-layout-8cf370e7 wp-block-group-is-layout-flex\">\n<h2 class=\"wp-block-heading\" style=\"padding-top:var(--wp--preset--spacing--40);padding-bottom:var(--wp--preset--spacing--40);font-size:25px;font-style:normal;font-weight:600;text-transform:capitalize\">Warum sollten Sie unser 16x16mm LED-Eckprofil w\u00e4hlen?<\/h2>\n\n\n\n<ul class=\"wp-block-list\">\n<li>Perfekte Gr\u00f6\u00dfe: 16mm x 16mm passt perfekt in Ecken.<\/li>\n\n\n\n<li>Works with LED strips that are 10mm wide\u2014no loose fits.<\/li>\n\n\n\n<li>Der gebogene Diffusor sorgt f\u00fcr sanftes und gleichm\u00e4\u00dfiges Licht, ohne helle Flecken.<\/li>\n\n\n\n<li>Hergestellt aus hochwertigem, robustem Aluminium, um die LEDs k\u00fchl zu halten.<\/li>\n\n\n\n<li>Sch\u00fctzt die LED-Streifen vor Staub und St\u00f6\u00dfen.<\/li>\n\n\n\n<li>Wird mit Montageclips und Endkappen geliefert, die die Montage erleichtern.<\/li>\n\n\n\n<li>Erh\u00e4ltlich in Silber oder Schwarz f\u00fcr einen sauberen Look.<\/li>\n<\/ul>\n<\/div>\n<\/div>\n\n\n\n<div class=\"wp-block-group\" style=\"padding-top:var(--wp--preset--spacing--60);padding-bottom:var(--wp--preset--spacing--60)\"><div class=\"wp-block-group__inner-container is-layout-constrained wp-block-group-is-layout-constrained\">\n<div class=\"wp-block-media-text has-media-on-the-right is-stacked-on-mobile\" style=\"grid-template-columns:auto 40%\"><div class=\"wp-block-media-text__content\">\n<h2 class=\"wp-block-heading\" style=\"padding-top:var(--wp--preset--spacing--40);padding-bottom:var(--wp--preset--spacing--40);font-size:25px;font-style:normal;font-weight:600;text-transform:capitalize\">Tipps zur Installation<\/h2>\n\n\n\n<ul class=\"wp-block-list\">\n<li>Verwenden Sie Montageclips, um es fest in den Ecken zu halten.<\/li>\n\n\n\n<li>Schneiden Sie das Profil auf die gew\u00fcnschte L\u00e4nge zu.<\/li>\n\n\n\n<li>Legen Sie Ihren 10mm LED-Streifen hinein.<\/li>\n\n\n\n<li>Um das Licht weicher zu machen, klicken Sie den gebogenen Diffusor auf.<\/li>\n\n\n\n<li>Verwenden Sie Endkappen, um die Kabel zu sch\u00fctzen und sie ansprechend aussehen zu lassen.<\/li>\n<\/ul>\n<\/div><figure class=\"wp-block-media-text__media\"><img loading=\"lazy\" decoding=\"async\" width=\"500\" height=\"500\" src=\"https:\/\/tangooled.com\/wp-content\/uploads\/2025\/06\/la02-ins.webp\" alt=\"curved diffuser led corner extrusion 16x16mm for 10mm led strips\" class=\"wp-image-41950 size-full\" srcset=\"https:\/\/tangooled.com\/wp-content\/uploads\/2025\/06\/la02-ins.webp 500w, https:\/\/tangooled.com\/wp-content\/uploads\/2025\/06\/la02-ins-300x300.webp 300w, https:\/\/tangooled.com\/wp-content\/uploads\/2025\/06\/la02-ins-150x150.webp 150w\" sizes=\"auto, (max-width: 500px) 100vw, 500px\" \/><\/figure><\/div>\n<\/div><\/div>\n\n\n\n<div class=\"wp-block-group has-background is-vertical is-layout-flex wp-container-core-group-is-layout-b429018a wp-block-group-is-layout-flex\" style=\"background-color:#f1f1f1f2;padding-top:var(--wp--preset--spacing--70);padding-bottom:var(--wp--preset--spacing--70)\">\n<h2 class=\"wp-block-heading\" style=\"padding-top:var(--wp--preset--spacing--40);padding-bottom:var(--wp--preset--spacing--40);font-size:25px;font-style:normal;font-weight:600\">Einfach in vielen Bereichen zu verwenden<\/h2>\n\n\n\n<p>Unser 16x16mm LED-Eckprofil kann auf viele verschiedene Arten verwendet werden:<\/p>\n\n\n\n<ul class=\"wp-block-list\">\n<li>Beleuchtung im Haushalt: Sanftes Licht unter K\u00fcchenschr\u00e4nken. Licht in Schlaf- und Wohnr\u00e4umen.<\/li>\n\n\n\n<li>Schr\u00e4nke und Regale: Helles, gleichm\u00e4\u00dfiges Licht in Schr\u00e4nken und Regalen.<\/li>\n\n\n\n<li>Gesch\u00e4fte und Ausstellungen: Verwenden Sie helles, gleichm\u00e4\u00dfiges Licht, um Aufmerksamkeit zu erregen.<\/li>\n\n\n\n<li>B\u00fcros und \u00f6ffentliche R\u00e4ume: Versch\u00f6nern Sie Flure, B\u00fcros und Empfangsr\u00e4ume.<\/li>\n\n\n\n<li>Architektonische Merkmale: Erzeugen Sie coole indirekte Beleuchtungseffekte in den Ecken.<\/li>\n<\/ul>\n<\/div>\n\n\n\n<div class=\"wp-block-group is-vertical is-layout-flex wp-container-core-group-is-layout-d255d7c4 wp-block-group-is-layout-flex\" style=\"padding-top:var(--wp--preset--spacing--80);padding-bottom:var(--wp--preset--spacing--80)\">\n<h2 class=\"wp-block-heading\" style=\"padding-top:var(--wp--preset--spacing--40);padding-bottom:var(--wp--preset--spacing--40);font-size:25px;font-style:normal;font-weight:600;text-transform:capitalize\">Vergleichen Sie mit anderen Optionen<\/h2>\n\n\n\n<ul class=\"wp-block-list\">\n<li>F\u00fcr ein schwarzes LED-Profil mit schwarzem Diffusor f\u00fcr 10mm LED-Streifen, siehe dieses. <a href=\"https:\/\/tangooled.com\/de\/product\/black-led-profile-with-black-diffuser-for-10mm-led-strip-light\/\"><mark style=\"background-color:rgba(0, 0, 0, 0)\" class=\"has-inline-color has-vivid-red-color\">Seite<\/mark><\/a><\/li>\n\n\n\n<li>F\u00fcr ein Oberfl\u00e4chenmontage-LED-Profil mit mattiertem Diffusor f\u00fcr 10mm Seilbeleuchtung, pr\u00fcfen Sie. <a href=\"https:\/\/tangooled.com\/de\/product\/surface-mount-led-profile-with-frosted-diffuser-for-10mm-rope-lights\/\"><mark style=\"background-color:rgba(0, 0, 0, 0)\" class=\"has-inline-color has-vivid-red-color\">hier<\/mark><\/a>.<\/li>\n\n\n\n<li>M\u00f6chten Sie mehr Eckstile? Sehen Sie sich die an. <a href=\"https:\/\/tangooled.com\/de\/product\/45-degree-corner-led-aluminum-channel-for-10mm-led-strips\/\"><mark style=\"background-color:rgba(0, 0, 0, 0)\" class=\"has-inline-color has-vivid-red-color\">45-Grad-Ecken-LED-Aluprofil f\u00fcr 10mm LED-Streifen.<\/mark><\/a>.<\/li>\n<\/ul>\n\n\n\n<p>Lassen Sie Ihre Ecken sanft und hell erstrahlen mit dem besten 16x16mm LED-Eckprofil. Einfache Installation. Wundersch\u00f6nes Licht!<\/p>\n<\/div>\n\n\n\n<p><\/p>","protected":false},"featured_media":14043,"template":"","meta":{"_acf_changed":true,"_seopress_robots_primary_cat":"none","_seopress_titles_title":"16x16mm LED Corner Extrusion with Curved Diffuser | TANGOOLED","_seopress_titles_desc":"16x16mm LED corner extrusion (LA02) with a curved diffuser for 10mm strips, offering smooth corner lighting and heat dissipation. Buy it from TANGOOLED now.","_seopress_robots_index":""},"pcb-width":[228],"product-cat":[196],"class_list":{"0":"post-34896","1":"product","2":"type-product","3":"status-publish","4":"has-post-thumbnail","6":"pcb-width-6-12mm","7":"product-cat-corner-profile"},"acf":[],"_links":{"self":[{"href":"https:\/\/tangooled.com\/de\/wp-json\/wp\/v2\/product\/34896","targetHints":{"allow":["GET"]}}],"collection":[{"href":"https:\/\/tangooled.com\/de\/wp-json\/wp\/v2\/product"}],"about":[{"href":"https:\/\/tangooled.com\/de\/wp-json\/wp\/v2\/types\/product"}],"wp:featuredmedia":[{"embeddable":true,"href":"https:\/\/tangooled.com\/de\/wp-json\/wp\/v2\/media\/14043"}],"wp:attachment":[{"href":"https:\/\/tangooled.com\/de\/wp-json\/wp\/v2\/media?parent=34896"}],"wp:term":[{"taxonomy":"pcb-width","embeddable":true,"href":"https:\/\/tangooled.com\/de\/wp-json\/wp\/v2\/pcb-width?post=34896"},{"taxonomy":"product-cat","embeddable":true,"href":"https:\/\/tangooled.com\/de\/wp-json\/wp\/v2\/product-cat?post=34896"}],"curies":[{"name":"wp","href":"https:\/\/api.w.org\/{rel}","templated":true}]}}