{"id":34893,"date":"2025-06-30T22:14:01","date_gmt":"2025-07-01T06:14:01","guid":{"rendered":"https:\/\/tangooled.com\/?post_type=product&#038;p=34893"},"modified":"2026-02-02T02:15:56","modified_gmt":"2026-02-02T10:15:56","slug":"corner-mount-right-angle-diffuser-aluminum-led-extrusion-profile-inner-12mm","status":"publish","type":"product","link":"https:\/\/tangooled.com\/de\/product\/corner-mount-right-angle-diffuser-aluminum-led-extrusion-profile-inner-12mm\/","title":{"rendered":"Eckmontage-Rechteck-Diffusor Aluminium LED-Profil innen 12mm"},"content":{"rendered":"<div class=\"wp-block-group is-vertical is-layout-flex wp-container-core-group-is-layout-d255d7c4 wp-block-group-is-layout-flex\" style=\"padding-top:var(--wp--preset--spacing--80);padding-bottom:var(--wp--preset--spacing--80)\">\n<p>Das Eckmontage-Rechteck-Diffusor LED-Profil ist die beste M\u00f6glichkeit, die Ecken Ihres Hauses oder Gesch\u00e4fts zu beleuchten. Dieses Profil passt gut in Ecken, die 90 Grad betragen. Es hat au\u00dfen die Ma\u00dfe 16,2mm x 16,2mm und kann LED-Streifen mit einer Breite von bis zu 12,2mm innen halten.<\/p>\n\n\n\n<p>The strong aluminum profile makes sure that heat escapes rapidly, and the diffuser cover spreads the light evenly and softly, getting rid of spots and rough edges for a bright, smooth light. It&#8217;s quick and safe to set up. First, use screws to attach the clips to the surface. After that, just snap the profile into the clips that are already there.<\/p>\n<\/div>\n\n\n\n<div class=\"wp-block-group has-background is-vertical is-layout-flex wp-container-core-group-is-layout-d255d7c4 wp-block-group-is-layout-flex\" style=\"background-color:#f1f1f1;padding-top:var(--wp--preset--spacing--80);padding-bottom:var(--wp--preset--spacing--80)\">\n<div class=\"wp-block-group is-vertical is-layout-flex wp-container-core-group-is-layout-8cf370e7 wp-block-group-is-layout-flex\">\n<h2 class=\"wp-block-heading\" style=\"padding-top:var(--wp--preset--spacing--40);padding-bottom:var(--wp--preset--spacing--40);font-size:25px;font-style:normal;font-weight:600;text-transform:capitalize\">Warum dieses Eckmontage-Rechteck-Diffusor LED-Profil w\u00e4hlen?<\/h2>\n\n\n\n<ul class=\"wp-block-list\">\n<li>Die V-Form passt perfekt in Ecken, die 90 Grad betragen, sodass es in K\u00fcchen, in Schr\u00e4nken, auf Regalen, in Verkaufsst\u00e4nden und mehr verwendet werden kann.<\/li>\n\n\n\n<li>Keine Punkte, nur sanftes Licht: Der opale Diffusor l\u00e4sst LED-Punkte verschwinden, sodass das Licht gleichm\u00e4\u00dfig und sauber aussieht.<\/li>\n\n\n\n<li>L\u00e4ngere LED-Lebensdauer: Das eloxierte Aluminium k\u00fchlt den LED-Streifen, was die Lebensdauer verl\u00e4ngert.<\/li>\n\n\n\n<li>Kompatibel mit den meisten LED-Streifen, wie SMD 5050, 3528 und 2835 Tape Lights, die 12mm breit oder weniger sind.<\/li>\n\n\n\n<li>Einfach zu installieren: Es kommt mit Montageclips und einem Diffusor, der einrastet, sodass Sie es schnell einrichten k\u00f6nnen.<\/li>\n<\/ul>\n<\/div>\n<\/div>\n\n\n\n<div class=\"wp-block-group\" style=\"padding-top:var(--wp--preset--spacing--60);padding-bottom:var(--wp--preset--spacing--60)\"><div class=\"wp-block-group__inner-container is-layout-constrained wp-block-group-is-layout-constrained\">\n<div class=\"wp-block-media-text has-media-on-the-right is-stacked-on-mobile\" style=\"grid-template-columns:auto 40%\"><div class=\"wp-block-media-text__content\">\n<h2 class=\"wp-block-heading\" style=\"padding-top:var(--wp--preset--spacing--40);padding-bottom:var(--wp--preset--spacing--40);font-size:25px;font-style:normal;font-weight:600;text-transform:capitalize\">So richten Sie es ein<\/h2>\n\n\n\n<ul class=\"wp-block-list\">\n<li>Befestigen Sie Clips in den Ecken Ihrer W\u00e4nde.<\/li>\n\n\n\n<li>Platzieren Sie das Profil fest in die Clips.<\/li>\n\n\n\n<li>Legen Sie Ihren LED-Streifen in den Kanal.<\/li>\n\n\n\n<li>Setzen Sie die Abdeckung f\u00fcr den Diffusor auf das Profil.<\/li>\n\n\n\n<li>F\u00fcgen Sie Endkappen hinzu, um es ansprechend zu gestalten.<\/li>\n<\/ul>\n<\/div><figure class=\"wp-block-media-text__media\"><img loading=\"lazy\" decoding=\"async\" width=\"500\" height=\"500\" src=\"https:\/\/tangooled.com\/wp-content\/uploads\/2025\/06\/la01-ins.webp\" alt=\"corner mount right angle diffuser aluminum led extrusion profile inner 12mm\" class=\"wp-image-41946 size-full\" srcset=\"https:\/\/tangooled.com\/wp-content\/uploads\/2025\/06\/la01-ins.webp 500w, https:\/\/tangooled.com\/wp-content\/uploads\/2025\/06\/la01-ins-300x300.webp 300w, https:\/\/tangooled.com\/wp-content\/uploads\/2025\/06\/la01-ins-150x150.webp 150w\" sizes=\"auto, (max-width: 500px) 100vw, 500px\" \/><\/figure><\/div>\n<\/div><\/div>\n\n\n\n<div class=\"wp-block-group has-background is-vertical is-layout-flex wp-container-core-group-is-layout-b429018a wp-block-group-is-layout-flex\" style=\"background-color:#f1f1f1f2;padding-top:var(--wp--preset--spacing--70);padding-bottom:var(--wp--preset--spacing--70)\">\n<h2 class=\"wp-block-heading\" style=\"padding-top:var(--wp--preset--spacing--40);padding-bottom:var(--wp--preset--spacing--40);font-size:25px;font-style:normal;font-weight:600\">Wo kann man es verwenden?<\/h2>\n\n\n\n<p>Sie k\u00f6nnen dieses Eckmontage-Rechteck-Diffusor LED-Profil an vielen Orten verwenden. Probieren Sie es aus f\u00fcr:<\/p>\n\n\n\n<ul class=\"wp-block-list\">\n<li>K\u00fcchenarbeitsplatten und unter Schr\u00e4nken<\/li>\n\n\n\n<li>Wandecken und Decken f\u00fcr warme Stimmungsbeleuchtung<\/li>\n\n\n\n<li>Regallichter in Gesch\u00e4ften oder Haushalten<\/li>\n\n\n\n<li>Vitrinen und Schr\u00e4nke<\/li>\n<\/ul>\n<\/div>\n\n\n\n<div class=\"wp-block-group is-vertical is-layout-flex wp-container-core-group-is-layout-d255d7c4 wp-block-group-is-layout-flex\" style=\"padding-top:var(--wp--preset--spacing--80);padding-bottom:var(--wp--preset--spacing--80)\">\n<h2 class=\"wp-block-heading\" style=\"padding-top:var(--wp--preset--spacing--40);padding-bottom:var(--wp--preset--spacing--40);font-size:25px;font-style:normal;font-weight:600;text-transform:capitalize\">Im Lieferumfang enthalten<\/h2>\n\n\n\n<p>Sie erhalten alles, was Sie ben\u00f6tigen, um es schnell anzubringen:<\/p>\n\n\n\n<ul class=\"wp-block-list\">\n<li>Ein V-f\u00f6rmiger Aluminiumkanal<\/li>\n\n\n\n<li>Eine satinierte Diffusorabdeckung<\/li>\n\n\n\n<li>Zwei Montageschlaufen f\u00fcr jeden Meter<\/li>\n\n\n\n<li>Zwei Endkappen (eine versiegelt und eine mit einem Loch f\u00fcr einen Draht)<\/li>\n<\/ul>\n<\/div>\n\n\n\n<div class=\"wp-block-group has-background\" style=\"background-color:#f1f1f1;padding-top:var(--wp--preset--spacing--80);padding-bottom:var(--wp--preset--spacing--80)\"><div class=\"wp-block-group__inner-container is-layout-constrained wp-block-group-is-layout-constrained\">\n<h2 class=\"wp-block-heading\" style=\"padding-top:var(--wp--preset--spacing--40);padding-bottom:var(--wp--preset--spacing--40);font-size:25px;font-style:normal;font-weight:600;text-transform:capitalize\">Fazit: Ihre Lichtl\u00f6sung f\u00fcr Ecken<\/h2>\n\n\n\n<p style=\"padding-right:var(--wp--preset--spacing--50);padding-left:var(--wp--preset--spacing--50)\">Wenn Sie helles Licht in Ecken m\u00f6chten, ist dieses Eckmontage-Rechteck-Diffusor LED-Profil eine smarte und einfache L\u00f6sung. Es sch\u00fctzt Ihre LED und l\u00e4sst Ihr Licht weich und nicht fleckig erscheinen. Der Aluminiumkanal bleibt k\u00fchl und stabil. Einfach zu montieren f\u00fcr jeden DIY- oder Profi-Installateur. Erfahren Sie mehr \u00fcber andere LED-Profile, um perfekte L\u00f6sungen f\u00fcr Ihr Projekt zu finden: <\/p>\n\n\n\n<ul class=\"wp-block-list\">\n<li>Entdecken Sie das <a href=\"https:\/\/tangooled.com\/de\/product\/black-led-diffuser-aluminum-channel-for-12mm-tape-lights\/\"><mark style=\"background-color:rgba(0, 0, 0, 0)\" class=\"has-inline-color has-vivid-red-color\">schwarzes LED-Diffusor-Aluminiumprofil f\u00fcr 12mm Tape Lights<\/mark> <\/a>f\u00fcr einen eleganten Look.<\/li>\n\n\n\n<li>Schauen Sie sich das an <a href=\"https:\/\/tangooled.com\/de\/product\/18x18mm-led-strip-corner-profile-for-12mm-led-strips\/\"><mark style=\"background-color:rgba(0, 0, 0, 0)\" class=\"has-inline-color has-vivid-red-color\">18x18mm LED-Streifen Eckprofil<\/mark><\/a> wenn Sie ein gr\u00f6\u00dferes Profil m\u00f6chten.<\/li>\n\n\n\n<li>Testen Sie das <a href=\"https:\/\/tangooled.com\/de\/product\/surface-mount-led-profile-with-frosted-diffuser-for-10mm-rope-lights\/\"><mark style=\"background-color:rgba(0, 0, 0, 0)\" class=\"has-inline-color has-vivid-red-color\">Oberfl\u00e4chenmontage-LED-Profil mit opalem Diffusor<\/mark><\/a> f\u00fcr d\u00fcnnere Streifen.<\/li>\n<\/ul>\n<\/div><\/div>\n\n\n\n<p><\/p>","protected":false},"featured_media":14039,"template":"","meta":{"_acf_changed":true,"_seopress_robots_primary_cat":"none","_seopress_titles_title":"Corner Mount Right Angle LED Profile with Diffuser | TANGOOLED","_seopress_titles_desc":"Corner mount right angle diffuser LED profile for 12mm strips. LED extrusion (LA01) for 90-degree corner lighting & heat dissipation. Ideal for under-cabinet and professional corner lighting.","_seopress_robots_index":""},"pcb-width":[228],"product-cat":[196],"class_list":{"0":"post-34893","1":"product","2":"type-product","3":"status-publish","4":"has-post-thumbnail","6":"pcb-width-6-12mm","7":"product-cat-corner-profile"},"acf":[],"_links":{"self":[{"href":"https:\/\/tangooled.com\/de\/wp-json\/wp\/v2\/product\/34893","targetHints":{"allow":["GET"]}}],"collection":[{"href":"https:\/\/tangooled.com\/de\/wp-json\/wp\/v2\/product"}],"about":[{"href":"https:\/\/tangooled.com\/de\/wp-json\/wp\/v2\/types\/product"}],"wp:featuredmedia":[{"embeddable":true,"href":"https:\/\/tangooled.com\/de\/wp-json\/wp\/v2\/media\/14039"}],"wp:attachment":[{"href":"https:\/\/tangooled.com\/de\/wp-json\/wp\/v2\/media?parent=34893"}],"wp:term":[{"taxonomy":"pcb-width","embeddable":true,"href":"https:\/\/tangooled.com\/de\/wp-json\/wp\/v2\/pcb-width?post=34893"},{"taxonomy":"product-cat","embeddable":true,"href":"https:\/\/tangooled.com\/de\/wp-json\/wp\/v2\/product-cat?post=34893"}],"curies":[{"name":"wp","href":"https:\/\/api.w.org\/{rel}","templated":true}]}}