{"id":34888,"date":"2025-06-30T22:07:20","date_gmt":"2025-07-01T06:07:20","guid":{"rendered":"https:\/\/tangooled.com\/?post_type=product&#038;p=34888"},"modified":"2026-02-02T01:54:35","modified_gmt":"2026-02-02T09:54:35","slug":"18mm-flexible-led-profile-for-12mm-led-strips","status":"publish","type":"product","link":"https:\/\/tangooled.com\/de\/product\/18mm-flexible-led-profile-for-12mm-led-strips\/","title":{"rendered":"18mm flexibles LED-Profil f\u00fcr 12mm LED-Streifen"},"content":{"rendered":"<div class=\"wp-block-group is-vertical is-layout-flex wp-container-core-group-is-layout-d255d7c4 wp-block-group-is-layout-flex\" style=\"padding-top:var(--wp--preset--spacing--80);padding-bottom:var(--wp--preset--spacing--80)\">\n<p>This 18mm flexible LED profile is made to make lighting setups that are smooth, curved, and very brilliant. This flexible channel is made of strong, high-quality aluminum that bends easily. This makes it easy to install around corners, curves, and other circular architectural components. It is made to fit flexible LED strips that are 12mm wide. The profile features a soft, white cover (diffuser) that effectively hides the harsh, bright dots or &#8220;hotspots&#8221; from the LED strip. This makes sure that the light output is a perfectly even and diffused line. The channel also protects your LED lighting parts from dust and damage, which makes them last longer.<\/p>\n<\/div>\n\n\n\n<div class=\"wp-block-group has-background is-vertical is-layout-flex wp-container-core-group-is-layout-d255d7c4 wp-block-group-is-layout-flex\" style=\"background-color:#f1f1f1;padding-top:var(--wp--preset--spacing--80);padding-bottom:var(--wp--preset--spacing--80)\">\n<div class=\"wp-block-group is-vertical is-layout-flex wp-container-core-group-is-layout-8cf370e7 wp-block-group-is-layout-flex\">\n<h2 class=\"wp-block-heading\" style=\"padding-top:var(--wp--preset--spacing--40);padding-bottom:var(--wp--preset--spacing--40);font-size:25px;font-style:normal;font-weight:600;text-transform:capitalize\">Warum sollten Sie unser 18-mm flexibles LED-Profil w\u00e4hlen?<\/h2>\n\n\n\n<ul class=\"wp-block-list\">\n<li>Es funktioniert mit Ihren Lichtern: Dieses Profil ist mit jedem flexiblen LED-Streifen von 12 mm Breite oder schmaler kompatibel.<\/li>\n\n\n\n<li>Es biegt sich und bleibt: Das Aluminium ist robust, aber flexibel. Es biegt sich dort, wo Sie es wollen, und bleibt so.<\/li>\n\n\n\n<li>Sch\u00fctzt die Lichter: Das Aluminiumgeh\u00e4use verhindert, dass Ihr LED-Streifen staubig wird oder ber\u00fchrt wird.<\/li>\n\n\n\n<li>Sieht in jedem Umfeld gut aus: W\u00e4hlen Sie eine Oberfl\u00e4che, die zu Ihrem Raum passt, wie Silber, Schwarz oder Wei\u00df.<\/li>\n\n\n\n<li>Kommt mit allem, was Sie zur Installation ben\u00f6tigen, wie Clips und Kappen.<\/li>\n<\/ul>\n<\/div>\n<\/div>\n\n\n\n<div class=\"wp-block-group is-vertical is-layout-flex wp-container-core-group-is-layout-d255d7c4 wp-block-group-is-layout-flex\" style=\"padding-top:var(--wp--preset--spacing--80);padding-bottom:var(--wp--preset--spacing--80)\">\n<hr class=\"wp-block-separator has-alpha-channel-opacity\"\/>\n\n\n\n<div class=\"wp-block-media-text has-media-on-the-right is-stacked-on-mobile\" style=\"grid-template-columns:auto 40%\"><div class=\"wp-block-media-text__content\">\n<h2 class=\"wp-block-heading\" style=\"padding-top:var(--wp--preset--spacing--40);padding-bottom:var(--wp--preset--spacing--40);font-size:25px;font-style:normal;font-weight:600;text-transform:capitalize\">So installieren Sie es<\/h2>\n\n\n\n<ul class=\"wp-block-list\">\n<li>Biegen Sie das Profil in die gew\u00fcnschte Form.<\/li>\n\n\n\n<li>Setzen Sie Ihren 12-mm LED-Streifen in das Profil ein.<\/li>\n\n\n\n<li>Setzen Sie die weiche wei\u00dfe Abdeckung oben auf.<\/li>\n\n\n\n<li>Verwenden Sie Montageclips, um das Profil an der Wand oder Decke zu befestigen.<\/li>\n\n\n\n<li>Setzen Sie die Endkappen auf, um es fertig aussehen zu lassen.<\/li>\n<\/ul>\n<\/div><figure class=\"wp-block-media-text__media\"><img loading=\"lazy\" decoding=\"async\" width=\"500\" height=\"500\" src=\"https:\/\/tangooled.com\/wp-content\/uploads\/2026\/01\/bp01-ins.webp\" alt=\"bp01 ins\" class=\"wp-image-46013 size-full\" srcset=\"https:\/\/tangooled.com\/wp-content\/uploads\/2026\/01\/bp01-ins.webp 500w, https:\/\/tangooled.com\/wp-content\/uploads\/2026\/01\/bp01-ins-300x300.webp 300w, https:\/\/tangooled.com\/wp-content\/uploads\/2026\/01\/bp01-ins-150x150.webp 150w\" sizes=\"auto, (max-width: 500px) 100vw, 500px\" \/><\/figure><\/div>\n<\/div>\n\n\n\n<div class=\"wp-block-group has-background is-vertical is-layout-flex wp-container-core-group-is-layout-b429018a wp-block-group-is-layout-flex\" style=\"background-color:#f1f1f1f2;padding-top:var(--wp--preset--spacing--70);padding-bottom:var(--wp--preset--spacing--70)\">\n<h2 class=\"wp-block-heading\" style=\"padding-top:var(--wp--preset--spacing--40);padding-bottom:var(--wp--preset--spacing--40);font-size:25px;font-style:normal;font-weight:600\">Verwenden Sie es f\u00fcr diese Spa\u00dfideen<\/h2>\n\n\n\n<ul class=\"wp-block-list\">\n<li>Lichter an einer Wand, die sich kr\u00fcmmt, oder an einem runden Schreibtisch.<\/li>\n\n\n\n<li>Lichter, die mit einem Bogen in einer T\u00fcr harmonieren.<\/li>\n\n\n\n<li>Lichter, die in einer Nische in der Decke verborgen sind.<\/li>\n\n\n\n<li>Lichter, die unter Ihren K\u00fcchenschr\u00e4nken oder Regalen angebracht sind.<\/li>\n\n\n\n<li>Lichtformen, die cool und flie\u00dfend f\u00fcr eine Schaufensterausstellung sind.<\/li>\n<\/ul>\n<\/div>\n\n\n\n<div class=\"wp-block-group is-vertical is-layout-flex wp-container-core-group-is-layout-d255d7c4 wp-block-group-is-layout-flex\" style=\"padding-top:var(--wp--preset--spacing--80);padding-bottom:var(--wp--preset--spacing--80)\">\n<h2 class=\"wp-block-heading\" style=\"padding-top:var(--wp--preset--spacing--40);padding-bottom:var(--wp--preset--spacing--40);font-size:25px;font-style:normal;font-weight:600;text-transform:capitalize\">Sehen Sie sich unsere anderen Produkte an<\/h2>\n\n\n\n<p>Dieses 18-mm flexible LED-Profil ist Teil einer gro\u00dfen Familie von Beleuchtungsprodukten. Wenn Ihnen dies gef\u00e4llt, gef\u00e4llt Ihnen vielleicht auch:<\/p>\n\n\n\n<ul class=\"wp-block-list\">\n<li><a href=\"https:\/\/tangooled.com\/de\/product\/black-led-diffuser-aluminum-channel-for-12mm-tape-lights\/\"><mark style=\"background-color:rgba(0, 0, 0, 0)\" class=\"has-inline-color has-vivid-red-color\">Ein schwarzer LED-Diffusor-Aluminiumkanal f\u00fcr 12-mm-Bandlichter<\/mark> <\/a>f\u00fcr ein sehr modernes Aussehen.<\/li>\n\n\n\n<li><a href=\"https:\/\/tangooled.com\/de\/product\/surface-mount-led-profile-with-frosted-diffuser-for-10mm-rope-lights\/\"><mark style=\"background-color:rgba(0, 0, 0, 0)\" class=\"has-inline-color has-vivid-red-color\">Oberfl\u00e4chenmontiertes LED-Profil mit mattem Diffusor f\u00fcr 10 mm Seillichter<\/mark><\/a> wenn Sie eine gerade, nicht biegende Option ben\u00f6tigen.<\/li>\n\n\n\n<li><a href=\"https:\/\/tangooled.com\/de\/product\/black-led-diffuser-aluminum-channel-for-12mm-tape-lights\/\"><mark style=\"background-color:rgba(0, 0, 0, 0)\" class=\"has-inline-color has-vivid-red-color\">Schwarzer LED-Diffusor-Aluminiumkanal f\u00fcr 12-mm-Bandlichter<\/mark><\/a> f\u00fcr einen anderen Look, der auch gro\u00dfartig f\u00fcr viele Projekte ist.<\/li>\n<\/ul>\n<\/div>\n\n\n\n<p><\/p>","protected":false},"featured_media":13110,"template":"","meta":{"_acf_changed":true,"_seopress_robots_primary_cat":"none","_seopress_titles_title":"Bendable 18mm Flexible LED Profile for 12mm Strip Lights | TANGOOLED","_seopress_titles_desc":"High-quality 18mm flexible LED profile designed for 12mm LED strips. Perfect for curved lighting designs, furniture, and architectural DIY projects.","_seopress_robots_index":""},"pcb-width":[228],"product-cat":[203],"class_list":{"0":"post-34888","1":"product","2":"type-product","3":"status-publish","4":"has-post-thumbnail","6":"pcb-width-6-12mm","7":"product-cat-flexible-profile"},"acf":[],"_links":{"self":[{"href":"https:\/\/tangooled.com\/de\/wp-json\/wp\/v2\/product\/34888","targetHints":{"allow":["GET"]}}],"collection":[{"href":"https:\/\/tangooled.com\/de\/wp-json\/wp\/v2\/product"}],"about":[{"href":"https:\/\/tangooled.com\/de\/wp-json\/wp\/v2\/types\/product"}],"wp:featuredmedia":[{"embeddable":true,"href":"https:\/\/tangooled.com\/de\/wp-json\/wp\/v2\/media\/13110"}],"wp:attachment":[{"href":"https:\/\/tangooled.com\/de\/wp-json\/wp\/v2\/media?parent=34888"}],"wp:term":[{"taxonomy":"pcb-width","embeddable":true,"href":"https:\/\/tangooled.com\/de\/wp-json\/wp\/v2\/pcb-width?post=34888"},{"taxonomy":"product-cat","embeddable":true,"href":"https:\/\/tangooled.com\/de\/wp-json\/wp\/v2\/product-cat?post=34888"}],"curies":[{"name":"wp","href":"https:\/\/api.w.org\/{rel}","templated":true}]}}