{"id":34702,"date":"2025-06-29T23:44:22","date_gmt":"2025-06-30T07:44:22","guid":{"rendered":"https:\/\/tangooled.com\/?post_type=product&#038;p=34702"},"modified":"2026-01-29T23:50:13","modified_gmt":"2026-01-30T07:50:13","slug":"aluminum-u-channel-with-curved-led-diffuser-inner-16mm","status":"publish","type":"product","link":"https:\/\/tangooled.com\/de\/product\/aluminum-u-channel-with-curved-led-diffuser-inner-16mm\/","title":{"rendered":"aluminium U-Kanal mit gew\u00f6lbtem LED-Diffusor innen 16mm"},"content":{"rendered":"<div class=\"wp-block-group is-vertical is-layout-flex wp-container-core-group-is-layout-d255d7c4 wp-block-group-is-layout-flex\" style=\"padding-top:var(--wp--preset--spacing--80);padding-bottom:var(--wp--preset--spacing--80)\">\n<p>Our aluminum u channel with curved led diffuser inner 16mm is made for easy use. It has a wide 16.2mm inner width and a high-quality curved diffuser that makes sure the light is smooth and dot-free. This aluminum channel is meant to be mounted on the surface. It comes with matching end caps and mounting clips to make sure it looks professional. You can choose from silver, white, or black finishes to make sure they match your design&nbsp;exactly. It&#8217;s a safe, high-quality place to store your LED strips, whether you need it for personal or business use.<\/p>\n<\/div>\n\n\n\n<div class=\"wp-block-group has-background\" style=\"background-color:#f1f1f1;padding-top:var(--wp--preset--spacing--80);padding-bottom:var(--wp--preset--spacing--80)\"><div class=\"wp-block-group__inner-container is-layout-constrained wp-block-group-is-layout-constrained\">\n<div class=\"wp-block-group is-vertical is-layout-flex wp-container-core-group-is-layout-8cf370e7 wp-block-group-is-layout-flex\">\n<h2 class=\"wp-block-heading\" style=\"padding-top:var(--wp--preset--spacing--40);padding-bottom:var(--wp--preset--spacing--40);font-size:25px;font-style:normal;font-weight:600;text-transform:capitalize\">Warum sollten Sie unseren Aluminium-U-Kanal mit gew\u00f6lbtem LED-Diffusor w\u00e4hlen?<\/h2>\n\n\n\n<ul class=\"wp-block-list\">\n<li>Kompatibel mit LED-Streifen, die bis zu 16 mm breit sind. Funktioniert hervorragend mit LED-Streifen, die eine oder zwei Reihen haben.<\/li>\n\n\n\n<li>Der Kanal besteht aus langlebigem 6063-T5 eloxiertem Aluminium, das Ihre LEDs k\u00fchl h\u00e4lt und ihnen eine l\u00e4ngere Lebensdauer erm\u00f6glicht.<\/li>\n\n\n\n<li>Der gew\u00f6lbte Kuppeldiffusor sorgt f\u00fcr weiches, punktfreies Licht und sch\u00fctzt Ihre LEDs vor Staub.<\/li>\n\n\n\n<li>Einfach auf einer Oberfl\u00e4che mit den mitgelieferten Clips und Endkappen zu montieren.<\/li>\n\n\n\n<li>Erh\u00e4ltlich in silbernen, schwarzen und wei\u00dfen Oberfl\u00e4chen, um in Ihren Bereich zu passen.<\/li>\n\n\n\n<li>Sie k\u00f6nnen individuelle L\u00e4ngen (1 m, 2 m) zuschneiden lassen, um Ihr Projekt zu erf\u00fcllen.<\/li>\n<\/ul>\n<\/div>\n<\/div><\/div>\n\n\n\n<div class=\"wp-block-group is-vertical is-layout-flex wp-container-core-group-is-layout-d255d7c4 wp-block-group-is-layout-flex\" style=\"padding-top:var(--wp--preset--spacing--80);padding-bottom:var(--wp--preset--spacing--80)\">\n<hr class=\"wp-block-separator has-alpha-channel-opacity\"\/>\n\n\n\n<div class=\"wp-block-media-text has-media-on-the-right is-stacked-on-mobile\" style=\"grid-template-columns:auto 40%\"><div class=\"wp-block-media-text__content\">\n<h2 class=\"wp-block-heading\" style=\"padding-top:var(--wp--preset--spacing--40);padding-bottom:var(--wp--preset--spacing--40);font-size:25px;font-style:normal;font-weight:600;text-transform:capitalize\">Installation<\/h2>\n\n\n\n<ul class=\"wp-block-list\">\n<li>Verwenden Sie eine B\u00fcgel- oder Gehrungss\u00e4ge, um das extrudierte Aluminiumgeh\u00e4use auf die richtige Gr\u00f6\u00dfe zu schneiden.<\/li>\n\n\n\n<li>Befestigen Sie die Montageclips f\u00fcr das Aluminiumprofil mit Schrauben oder Kleber an der Oberfl\u00e4che.<\/li>\n\n\n\n<li>Ziehen Sie die R\u00fcckseite des LED-Streifenklebebands ab und platzieren Sie es im Aluminiumrohr.<\/li>\n\n\n\n<li>F\u00fcr licht ohne Punkte setzen Sie den gew\u00f6lbten Linsendiffusor auf.<\/li>\n\n\n\n<li>Verwenden Sie die mitgelieferten Endkappen, um die Kanten abzuschlie\u00dfen.<\/li>\n<\/ul>\n<\/div><figure class=\"wp-block-media-text__media\"><img loading=\"lazy\" decoding=\"async\" width=\"500\" height=\"500\" src=\"https:\/\/tangooled.com\/wp-content\/uploads\/2025\/06\/lp02a-ins.webp\" alt=\"aluminum u channel with curved led diffuser inner 16mm\" class=\"wp-image-48300 size-full\" srcset=\"https:\/\/tangooled.com\/wp-content\/uploads\/2025\/06\/lp02a-ins.webp 500w, https:\/\/tangooled.com\/wp-content\/uploads\/2025\/06\/lp02a-ins-300x300.webp 300w, https:\/\/tangooled.com\/wp-content\/uploads\/2025\/06\/lp02a-ins-150x150.webp 150w\" sizes=\"auto, (max-width: 500px) 100vw, 500px\" \/><\/figure><\/div>\n<\/div>\n\n\n\n<div class=\"wp-block-group has-background is-vertical is-layout-flex wp-container-core-group-is-layout-b429018a wp-block-group-is-layout-flex\" style=\"background-color:#f1f1f1f2;padding-top:var(--wp--preset--spacing--70);padding-bottom:var(--wp--preset--spacing--70)\">\n<h2 class=\"wp-block-heading\" style=\"padding-top:var(--wp--preset--spacing--40);padding-bottom:var(--wp--preset--spacing--40);font-size:25px;font-style:normal;font-weight:600\">Wo kann man es verwenden?<\/h2>\n\n\n\n<p>Unser Aluminium-U-Kanal mit gew\u00f6lbtem LED-Diffusor innen 16 mm passt an vielen Stellen:<\/p>\n\n\n\n<ul class=\"wp-block-list\">\n<li>Unter Schr\u00e4nken: Verwenden Sie sanftes Licht, um K\u00fcchen und Arbeitsbereiche aufzuhellen.<\/li>\n\n\n\n<li>Wandleuchten: Lassen Sie W\u00e4nde und Decken gleichm\u00e4\u00dfig erstrahlen.<\/li>\n\n\n\n<li>Schr\u00e4nke und Regale: Geradlinige Designs verbessern das Aussehen von M\u00f6beln.<\/li>\n\n\n\n<li>Einzelhandelsanzeigen: Verwenden Sie gleichm\u00e4\u00dfiges Licht, um die Waren attraktiv zu pr\u00e4sentieren.<\/li>\n\n\n\n<li>Gestalten Sie moderne Lichtkan\u00e4le f\u00fcr Ihr Zuhause oder B\u00fcro, um ihnen ein schlankes Aussehen zu verleihen.<\/li>\n\n\n\n<li>Architektonische Details: Verwenden Sie sowohl f\u00fcr professionelle als auch dekorative Beleuchtung.<\/li>\n<\/ul>\n<\/div>\n\n\n\n<div class=\"wp-block-group is-vertical is-layout-flex wp-container-core-group-is-layout-d255d7c4 wp-block-group-is-layout-flex\" style=\"padding-top:var(--wp--preset--spacing--80);padding-bottom:var(--wp--preset--spacing--80)\">\n<h2 class=\"wp-block-heading\" style=\"padding-top:var(--wp--preset--spacing--40);padding-bottom:var(--wp--preset--spacing--40);font-size:25px;font-style:normal;font-weight:600;text-transform:capitalize\">Verwandte Produkte und mehr <\/h2>\n\n\n\n<ul class=\"wp-block-list\">\n<li><a href=\"https:\/\/tangooled.com\/de\/product\/u-shape-aluminum-channel-with-square-diffuser-inner-16mm\/\"><mark style=\"background-color:rgba(0, 0, 0, 0)\" class=\"has-inline-color has-vivid-red-color\">U-f\u00f6rmiger Aluminiumkanal mit quadratischem Diffusor innen 16 mm<\/mark><\/a><\/li>\n\n\n\n<li><a href=\"https:\/\/tangooled.com\/de\/product\/20x18mm-double-layer-led-channel-inner-16mm-with-curved-diffuser\/\"><mark style=\"background-color:rgba(0, 0, 0, 0)\" class=\"has-inline-color has-vivid-red-color\">20x18mm LED-Kanal mit doppelter Schicht innen 16 mm und gew\u00f6lbtem Diffusor<\/mark><\/a><\/li>\n\n\n\n<li><a href=\"https:\/\/tangooled.com\/de\/product\/aluminum-led-strip-extrusion-diffuser-channel-for-5050-double-row-led-strip\/\"><mark style=\"background-color:rgba(0, 0, 0, 0)\" class=\"has-inline-color has-vivid-red-color\">Aluminium-LED-Streifen-Extrusionsdiffusor-Kanal f\u00fcr 5050 Doppelsrow LED-Streifen<\/mark><\/a><\/li>\n<\/ul>\n<\/div>\n\n\n\n<div class=\"wp-block-group has-background is-vertical is-layout-flex wp-container-core-group-is-layout-b429018a wp-block-group-is-layout-flex\" style=\"background-color:#f1f1f1f2;padding-top:var(--wp--preset--spacing--70);padding-bottom:var(--wp--preset--spacing--70)\">\n<p style=\"padding-right:var(--wp--preset--spacing--50);padding-left:var(--wp--preset--spacing--50)\">Holen Sie sich das beste lineare LED-Aluminiumprofil f\u00fcr Ihr n\u00e4chstes Beleuchtungsprojekt. Unser professionelles Aluminium-W\u00e4rmeableitgeh\u00e4use mit gew\u00f6lbtem Diffusor ist bereit, Ihnen zu helfen, sauberes, helles und gleichm\u00e4\u00dfiges Licht zu schaffen. \u00dcberpr\u00fcfen Sie die vollst\u00e4ndigen Produktdetails und bestellen Sie noch heute bei Tangooled. <mark style=\"background-color:rgba(0, 0, 0, 0)\" class=\"has-inline-color has-vivid-red-color\"><a href=\"https:\/\/tangooled.com\/de\/led-profiles\/\">hier<\/a><\/mark>.<\/p>\n<\/div>\n\n\n\n<p><\/p>","protected":false},"featured_media":14090,"template":"","meta":{"_acf_changed":true,"_seopress_robots_primary_cat":"none","_seopress_titles_title":"Aluminum U Channel with Curved LED Diffuser Inner 16mm | TANGOOLED","_seopress_titles_desc":"Source the aluminum U channel LP02A. Featuring an inner 16mm width and a curved LED diffuser, this profile provides professional housing for flexible LED strips.","_seopress_robots_index":""},"pcb-width":[229],"product-cat":[192],"class_list":{"0":"post-34702","1":"product","2":"type-product","3":"status-publish","4":"has-post-thumbnail","6":"pcb-width-15-20mm","7":"product-cat-surface-led-profile"},"acf":[],"_links":{"self":[{"href":"https:\/\/tangooled.com\/de\/wp-json\/wp\/v2\/product\/34702","targetHints":{"allow":["GET"]}}],"collection":[{"href":"https:\/\/tangooled.com\/de\/wp-json\/wp\/v2\/product"}],"about":[{"href":"https:\/\/tangooled.com\/de\/wp-json\/wp\/v2\/types\/product"}],"wp:featuredmedia":[{"embeddable":true,"href":"https:\/\/tangooled.com\/de\/wp-json\/wp\/v2\/media\/14090"}],"wp:attachment":[{"href":"https:\/\/tangooled.com\/de\/wp-json\/wp\/v2\/media?parent=34702"}],"wp:term":[{"taxonomy":"pcb-width","embeddable":true,"href":"https:\/\/tangooled.com\/de\/wp-json\/wp\/v2\/pcb-width?post=34702"},{"taxonomy":"product-cat","embeddable":true,"href":"https:\/\/tangooled.com\/de\/wp-json\/wp\/v2\/product-cat?post=34702"}],"curies":[{"name":"wp","href":"https:\/\/api.w.org\/{rel}","templated":true}]}}