{"id":34698,"date":"2025-06-29T23:37:27","date_gmt":"2025-06-30T07:37:27","guid":{"rendered":"https:\/\/tangooled.com\/?post_type=product&#038;p=34698"},"modified":"2026-01-29T19:06:13","modified_gmt":"2026-01-30T03:06:13","slug":"double-layer-led-channel-inner-16mm-with-curved-diffuser-lp01a","status":"publish","type":"product","link":"https:\/\/tangooled.com\/de\/product\/double-layer-led-channel-inner-16mm-with-curved-diffuser-lp01a\/","title":{"rendered":"Doppellagiger LED-Kanal innen 16 mm mit gebogenem Diffusor LP01A"},"content":{"rendered":"<div class=\"wp-block-group is-vertical is-layout-flex wp-container-core-group-is-layout-d255d7c4 wp-block-group-is-layout-flex\" style=\"padding-top:var(--wp--preset--spacing--80);padding-bottom:var(--wp--preset--spacing--80)\">\n<p>Verwenden Sie unseren doppellagigen LED-Kanal mit gebogenem Diffusor LP01A, um ein sauberes, gleichm\u00e4\u00dfiges Licht zu erhalten. Dieses stilvolle Aluminiumprofil hat eine Breite von 20 mm und eine H\u00f6he von 18,8 mm und kann LED-B\u00e4nder mit bis zu 16 mm Breite halten. Das macht es ideal f\u00fcr breite, doppelte Reihen oder hochwertige LED-B\u00e4nder. Sein gebogener Diffusor erzeugt einen sch\u00f6nen, punktlosen Glanz, der gut in modernen H\u00e4usern, Gesch\u00e4ften und Auslagen funktioniert. Es gibt zwei Schritte f\u00fcr die Installation: Zuerst den Basiskanal an der montierten Fl\u00e4che befestigen. Zweitens kann der obere Kanal, der bereits mit dem LED-Band und dem gebogenen Diffusor installiert ist, in die feste Basis eingerastet werden, um ein professionelles, sicheres Finish zu erzielen.<\/p>\n<\/div>\n\n\n\n<div class=\"wp-block-group has-background is-vertical is-layout-flex wp-container-core-group-is-layout-d255d7c4 wp-block-group-is-layout-flex\" style=\"background-color:#f1f1f1;padding-top:var(--wp--preset--spacing--80);padding-bottom:var(--wp--preset--spacing--80)\">\n<div class=\"wp-block-group is-vertical is-layout-flex wp-container-core-group-is-layout-8cf370e7 wp-block-group-is-layout-flex\">\n<h2 class=\"wp-block-heading\" style=\"padding-top:var(--wp--preset--spacing--40);padding-bottom:var(--wp--preset--spacing--40);font-size:25px;font-style:normal;font-weight:600;text-transform:capitalize\">Warum sollten Sie unseren 20x18mm doppellagigen LED-Kanal w\u00e4hlen?<\/h2>\n\n\n\n<ul class=\"wp-block-list\">\n<li>Der breite innere Kanal kann LED-B\u00e4nder bis zu 16 mm Breite halten, wie beispielsweise Philips Hue und COB-B\u00e4nder.<\/li>\n\n\n\n<li>Der gebogene Diffusor sorgt f\u00fcr eine gleichm\u00e4\u00dfige Lichtverteilung, sodass es keine scharfen Punkte oder hei\u00dfen Stellen gibt.<\/li>\n\n\n\n<li>Zwei Schichten aus eloxiertem Aluminium helfen, Ihre LEDs k\u00fchl zu halten und die W\u00e4rme gut zu regulieren.<\/li>\n\n\n\n<li>Das kraftvolle und schlanke Profil-Design ist sowohl attraktiv als auch stabil.<\/li>\n\n\n\n<li>Sie haben die Wahl zwischen silberner, schwarzer oder wei\u00dfer Oberfl\u00e4che, um jeden Stil zu erg\u00e4nzen.<\/li>\n<\/ul>\n<\/div>\n<\/div>\n\n\n\n<div class=\"wp-block-group is-vertical is-layout-flex wp-container-core-group-is-layout-d255d7c4 wp-block-group-is-layout-flex\" style=\"padding-top:var(--wp--preset--spacing--80);padding-bottom:var(--wp--preset--spacing--80)\">\n<hr class=\"wp-block-separator has-alpha-channel-opacity\"\/>\n\n\n\n<div class=\"wp-block-media-text has-media-on-the-right is-stacked-on-mobile\" style=\"grid-template-columns:auto 40%\"><div class=\"wp-block-media-text__content\">\n<h2 class=\"wp-block-heading\" style=\"padding-top:var(--wp--preset--spacing--40);padding-bottom:var(--wp--preset--spacing--40);font-size:25px;font-style:normal;font-weight:600;text-transform:capitalize\">Die besten Anwendungen f\u00fcr den doppellagigen LED-Kanal<\/h2>\n\n\n\n<ul class=\"wp-block-list\">\n<li>Architektonische lineare Beleuchtung: Diese LED-Schiene ist perfekt f\u00fcr moderne H\u00e4user und Gesch\u00e4fte, die kraftvolle, gleichm\u00e4\u00dfige Beleuchtung ben\u00f6tigen, aufgrund ihrer breiten Doppelschichtkonstruktion.<\/li>\n\n\n\n<li>Unter-Schrank- und Arbeitsbeleuchtung: Machen Sie K\u00fcchen und Arbeitsbereiche heller mit einem glatten, punktlosen Glanz.<\/li>\n\n\n\n<li>Retail and Display Shelving: Use professional lighting that won&#8217;t create bright spots to draw attention to your merchandise.<\/li>\n\n\n\n<li>Individuelle Coves &amp; Wandbeleuchtung: Der gebogene Diffusor erm\u00f6glicht sanfte Wandwaschungen oder Decken-Coves.<\/li>\n<\/ul>\n<\/div><figure class=\"wp-block-media-text__media\"><img loading=\"lazy\" decoding=\"async\" width=\"500\" height=\"500\" src=\"https:\/\/tangooled.com\/wp-content\/uploads\/2025\/06\/lp01a-ins.webp\" alt=\"20x18mm double layer led channel inner 16mm with curved diffuser\" class=\"wp-image-41907 size-full\" srcset=\"https:\/\/tangooled.com\/wp-content\/uploads\/2025\/06\/lp01a-ins.webp 500w, https:\/\/tangooled.com\/wp-content\/uploads\/2025\/06\/lp01a-ins-300x300.webp 300w, https:\/\/tangooled.com\/wp-content\/uploads\/2025\/06\/lp01a-ins-150x150.webp 150w\" sizes=\"auto, (max-width: 500px) 100vw, 500px\" \/><\/figure><\/div>\n<\/div>\n\n\n\n<div class=\"wp-block-group has-background\" style=\"background-color:#f1f1f1;padding-top:var(--wp--preset--spacing--80);padding-bottom:var(--wp--preset--spacing--80)\"><div class=\"wp-block-group__inner-container is-layout-constrained wp-block-group-is-layout-constrained\">\n<h2 class=\"wp-block-heading\" style=\"padding-top:var(--wp--preset--spacing--40);padding-bottom:var(--wp--preset--spacing--40);font-size:25px;font-style:normal;font-weight:600;text-transform:capitalize\">Enthaltene Komponenten, um Ihnen den Einstieg zu erleichtern<\/h2>\n\n\n\n<ul class=\"wp-block-list\">\n<li>Zwei Aluminiumkan\u00e4le, auf die gew\u00fcnschte L\u00e4nge zugeschnitten<\/li>\n\n\n\n<li>Ein opaler gebogener Diffusor<\/li>\n\n\n\n<li>Endkappen, von denen eine ein Loch f\u00fcr einen Draht hat, um saubere Verbindungen herzustellen.<\/li>\n<\/ul>\n<\/div><\/div>\n\n\n\n<div class=\"wp-block-group\" style=\"padding-top:var(--wp--preset--spacing--80);padding-bottom:var(--wp--preset--spacing--80)\"><div class=\"wp-block-group__inner-container is-layout-constrained wp-block-group-is-layout-constrained\">\n<h2 class=\"wp-block-heading\" style=\"padding-top:var(--wp--preset--spacing--40);padding-bottom:var(--wp--preset--spacing--40);font-size:25px;font-style:normal;font-weight:600;text-transform:capitalize\">Zusammenfassung<\/h2>\n\n\n\n<p>Unser 20x18mm doppellagiger LED-Kanal mit einem 16mm inneren Kanal und einem gebogenen Diffusor ist bei Architekten, Designern und Heimwerkern sehr beliebt. Um verschiedene stabile Kanalgr\u00f6\u00dfen und Arten von Diffusoren zu sehen, schauen Sie sich an:<\/p>\n\n\n\n<ul class=\"wp-block-list\">\n<li><a href=\"https:\/\/tangooled.com\/de\/product\/surface-mount-led-profile-with-frosted-diffuser-for-10mm-rope-lights\/\"><mark style=\"background-color:rgba(0, 0, 0, 0)\" class=\"has-inline-color has-vivid-red-color\">Oberfl\u00e4chenmontierter LED-Profil mit mattiertem Diffusor f\u00fcr 10 mm LED-Lichterketten<\/mark><\/a><\/li>\n\n\n\n<li><a href=\"https:\/\/tangooled.com\/de\/product\/aluminum-u-channel-with-curved-led-diffuser-inner-16mm\/\"><mark style=\"background-color:rgba(0, 0, 0, 0)\" class=\"has-inline-color has-vivid-red-color\">Aluminium U-Profil mit gebogenem LED-Diffusor Innenseite 16 mm<\/mark><\/a><\/li>\n\n\n\n<li><a href=\"https:\/\/tangooled.com\/de\/product\/20x19mm-double-layer-aluminum-extrusion-led-channel\/\"><mark style=\"background-color:rgba(0, 0, 0, 0)\" class=\"has-inline-color has-vivid-red-color\">20x19mm doppellagiger Aluminiumextrusions-LED-Kanal<\/mark><\/a><\/li>\n<\/ul>\n<\/div><\/div>\n\n\n\n<p><\/p>","protected":false},"featured_media":14084,"template":"","meta":{"_acf_changed":true,"_seopress_robots_primary_cat":"none","_seopress_titles_title":"Double Layer LED Channel Inner 16mm Curved Diffuser LP01A | TANGOOLED","_seopress_titles_desc":"The LP01A is a premium double layer led channel with an inner 16mm width. Featuring a sleek curved diffuser for dot-free linear lighting. Perfect for modern cabinetry and architectural accents.","_seopress_robots_index":""},"pcb-width":[229],"product-cat":[192],"class_list":{"0":"post-34698","1":"product","2":"type-product","3":"status-publish","4":"has-post-thumbnail","6":"pcb-width-15-20mm","7":"product-cat-surface-led-profile"},"acf":[],"_links":{"self":[{"href":"https:\/\/tangooled.com\/de\/wp-json\/wp\/v2\/product\/34698","targetHints":{"allow":["GET"]}}],"collection":[{"href":"https:\/\/tangooled.com\/de\/wp-json\/wp\/v2\/product"}],"about":[{"href":"https:\/\/tangooled.com\/de\/wp-json\/wp\/v2\/types\/product"}],"wp:featuredmedia":[{"embeddable":true,"href":"https:\/\/tangooled.com\/de\/wp-json\/wp\/v2\/media\/14084"}],"wp:attachment":[{"href":"https:\/\/tangooled.com\/de\/wp-json\/wp\/v2\/media?parent=34698"}],"wp:term":[{"taxonomy":"pcb-width","embeddable":true,"href":"https:\/\/tangooled.com\/de\/wp-json\/wp\/v2\/pcb-width?post=34698"},{"taxonomy":"product-cat","embeddable":true,"href":"https:\/\/tangooled.com\/de\/wp-json\/wp\/v2\/product-cat?post=34698"}],"curies":[{"name":"wp","href":"https:\/\/api.w.org\/{rel}","templated":true}]}}