{"id":34686,"date":"2025-06-29T23:11:41","date_gmt":"2025-06-30T07:11:41","guid":{"rendered":"https:\/\/tangooled.com\/?post_type=product&#038;p=34686"},"modified":"2026-01-21T18:51:40","modified_gmt":"2026-01-22T02:51:40","slug":"17mm-led-strip-light-aluminum-channel-for-surface-mounting","status":"publish","type":"product","link":"https:\/\/tangooled.com\/de\/product\/17mm-led-strip-light-aluminum-channel-for-surface-mounting\/","title":{"rendered":"17mm LED-Band Aluminiumkanal f\u00fcr die Oberfl\u00e4chenmontage"},"content":{"rendered":"<div class=\"wp-block-group is-vertical is-layout-flex wp-container-core-group-is-layout-d255d7c4 wp-block-group-is-layout-flex\" style=\"padding-top:var(--wp--preset--spacing--80);padding-bottom:var(--wp--preset--spacing--80)\">\n<p>Die Verwendung unseres 17mm LED-Bandlichkanals ist der beste Weg, um sicherzustellen, dass Ihr Beleuchtungsprojekt professionell aussieht und langlebig ist. Dieses elegante, oberfl\u00e4chenmontierte Aluminiumprofil ist daf\u00fcr gemacht, LED-Streifen mit einer Breite von bis zu 12mm zu halten. Es bietet ein robustes Schutzgeh\u00e4use, das auch als K\u00fchlk\u00f6rper fungiert, um die Lebensdauer Ihrer Lichter zu verl\u00e4ngern. Das Set enth\u00e4lt&nbsp;Montageclips, die das Einclippen des Kanals auf jede flache Oberfl\u00e4che, einschlie\u00dflich K\u00fcchenschr\u00e4nken oder Kleiderschr\u00e4nken, erleichtern. Um das Erscheinungsbild abzurunden, werden passende Endkappen verwendet, um das Profil abzudichten. Dies verbirgt die rauen Kanten und verhindert, dass Staub sich ansammelt.<br>Dieser 17mm LED-Bandlichkanal passt gut in vielen Innenbereichen wie K\u00fcchen, Kleiderschr\u00e4nken und Gesch\u00e4ften und macht Ihr Beleuchtungsprojekt einfach und ordentlich.<\/p>\n<\/div>\n\n\n\n<div class=\"wp-block-group has-background is-vertical is-layout-flex wp-container-core-group-is-layout-d255d7c4 wp-block-group-is-layout-flex\" style=\"background-color:#f1f1f1;padding-top:var(--wp--preset--spacing--80);padding-bottom:var(--wp--preset--spacing--80)\">\n<div class=\"wp-block-group is-vertical is-layout-flex wp-container-core-group-is-layout-8cf370e7 wp-block-group-is-layout-flex\">\n<h2 class=\"wp-block-heading\" style=\"padding-top:var(--wp--preset--spacing--40);padding-bottom:var(--wp--preset--spacing--40);font-size:25px;font-style:normal;font-weight:600;text-transform:capitalize\">Warum diesen 17mm LED-Bandlich-Aluminiumkanal w\u00e4hlen?<\/h2>\n<\/div>\n\n\n\n<ul class=\"wp-block-list\">\n<li>Hergestellt aus eloxiertem Aluminium, das hilft, die LED l\u00e4nger zu halten, indem es als K\u00fchlk\u00f6rper wirkt.<\/li>\n\n\n\n<li>Kompatibel mit den meisten&nbsp;beliebten LED-Streifen, wie SMD 5050, SMD 2835 und COB LED-Streifen.<\/li>\n\n\n\n<li>Kommt mit einem Polycarbonat-Diffusor (erh\u00e4ltlich in opal, matt oder klar), um einen gleichm\u00e4\u00dfigen Lichteffekt zu erzeugen.<\/li>\n\n\n\n<li>Kommt mit Montageclips und Endkappen f\u00fcr eine einfache und sichere Installation auf einer flachen Oberfl\u00e4che.<\/li>\n\n\n\n<li>Funktioniert an verschiedenen Orten, einschlie\u00dflich K\u00fcchen, Gesch\u00e4ften, Schr\u00e4nken, Arbeitspl\u00e4tzen und mehr.<\/li>\n<\/ul>\n<\/div>\n\n\n\n<div class=\"wp-block-group is-vertical is-layout-flex wp-container-core-group-is-layout-d255d7c4 wp-block-group-is-layout-flex\" style=\"padding-top:var(--wp--preset--spacing--80);padding-bottom:var(--wp--preset--spacing--80)\">\n<hr class=\"wp-block-separator has-alpha-channel-opacity\"\/>\n\n\n\n<div class=\"wp-block-media-text has-media-on-the-right is-stacked-on-mobile\" style=\"grid-template-columns:auto 40%\"><div class=\"wp-block-media-text__content\">\n<h2 class=\"wp-block-heading\" style=\"font-size:25px;font-style:normal;font-weight:600;text-transform:capitalize\">Wo Sie den 17mm LED-Bandlich-Aluminiumkanal verwenden k\u00f6nnen<\/h2>\n\n\n\n<ul class=\"wp-block-list\">\n<li>Under-cabinet kitchen lighting: Light that is clean and doesn&#8217;t leave dots on surfaces<\/li>\n\n\n\n<li>Schr\u00e4nke und Kleiderschr\u00e4nke: Sanftes, klares Licht, das zu den R\u00e4ndern von M\u00f6beln passt<\/li>\n\n\n\n<li>Vitrinen und Einzelhandelsgesch\u00e4fte: Produkte mit gleichm\u00e4\u00dfiger, stabiler Beleuchtung pr\u00e4sentieren<\/li>\n\n\n\n<li>Arbeitsbeleuchtung in B\u00fcros und Werkst\u00e4tten: Arbeitslicht, das hell und sauber ist<\/li>\n<\/ul>\n<\/div><figure class=\"wp-block-media-text__media\"><img loading=\"lazy\" decoding=\"async\" width=\"535\" height=\"536\" src=\"https:\/\/tangooled.com\/wp-content\/uploads\/2026\/01\/fp17-ins.webp\" alt=\"17mm LED-Band Aluminiumkanal f\u00fcr die Oberfl\u00e4chenmontage\" class=\"wp-image-44714 size-full\" srcset=\"https:\/\/tangooled.com\/wp-content\/uploads\/2026\/01\/fp17-ins.webp 535w, https:\/\/tangooled.com\/wp-content\/uploads\/2026\/01\/fp17-ins-300x300.webp 300w, https:\/\/tangooled.com\/wp-content\/uploads\/2026\/01\/fp17-ins-150x150.webp 150w\" sizes=\"auto, (max-width: 535px) 100vw, 535px\" \/><\/figure><\/div>\n<\/div>\n\n\n\n<div class=\"wp-block-group has-background is-vertical is-layout-flex wp-container-core-group-is-layout-d255d7c4 wp-block-group-is-layout-flex\" style=\"background-color:#f1f1f1;padding-top:var(--wp--preset--spacing--80);padding-bottom:var(--wp--preset--spacing--80)\">\n<h2 class=\"wp-block-heading\" style=\"padding-top:var(--wp--preset--spacing--40);padding-bottom:var(--wp--preset--spacing--40);font-size:25px;font-style:normal;font-weight:600;text-transform:capitalize\">Beinhaltet alles, was Sie brauchen!<\/h2>\n\n\n\n<p>Wenn Sie diesen 17mm LED-Bandlichkanal kaufen, erhalten Sie:<\/p>\n\n\n\n<ul class=\"wp-block-list\">\n<li>1x Aluminium-Extrusionskanal<\/li>\n\n\n\n<li>1x Diffusorbedeckung f\u00fcr die LEDs (w\u00e4hlen Sie transparent, matt oder opal)<\/li>\n\n\n\n<li>Clips zum Montieren (\u00fcblicherweise zwei pro Meter)<\/li>\n\n\n\n<li>Endkappen (eine solid und eine mit einem Loch f\u00fcr das Kabel)<\/li>\n<\/ul>\n<\/div>\n\n\n\n<div class=\"wp-block-group is-vertical is-layout-flex wp-container-core-group-is-layout-d255d7c4 wp-block-group-is-layout-flex\" style=\"padding-top:var(--wp--preset--spacing--80);padding-bottom:var(--wp--preset--spacing--80)\">\n<h2 class=\"wp-block-heading\" style=\"padding-top:var(--wp--preset--spacing--40);padding-bottom:var(--wp--preset--spacing--40);font-size:25px;font-style:normal;font-weight:600;text-transform:capitalize\">Verwandte Produkte, die Ihnen gefallen k\u00f6nnten<\/h2>\n\n\n\n<ul class=\"wp-block-list\">\n<li><a href=\"https:\/\/tangooled.com\/de\/product\/black-led-diffuser-aluminum-channel-for-12mm-tape-lights\/\"><mark style=\"background-color:rgba(0, 0, 0, 0)\" class=\"has-inline-color has-vivid-red-color\">Schwarzes LED-Diffusor-Aluminiumprofil f\u00fcr 12 mm LED-Band<\/mark><\/a><\/li>\n\n\n\n<li><a href=\"https:\/\/tangooled.com\/de\/product\/surface-mount-led-profile-with-frosted-diffuser-for-10mm-rope-lights\/\"><mark style=\"background-color:rgba(0, 0, 0, 0)\" class=\"has-inline-color has-vivid-red-color\">Oberfl\u00e4chenmontierter LED-Profil mit mattiertem Diffusor f\u00fcr 10 mm LED-Lichterketten<\/mark><\/a><\/li>\n\n\n\n<li><a href=\"https:\/\/tangooled.com\/de\/product\/led-strip-light-channel-aluminum-profile-with-diffused-cover-6mm-height\/\"><mark style=\"background-color:rgba(0, 0, 0, 0)\" class=\"has-inline-color has-vivid-red-color\">Aluminiumprofil f\u00fcr LED-Streifen mit diffundierender Abdeckung, H\u00f6he 6 mm<\/mark><\/a><\/li>\n\n\n\n<li><a href=\"https:\/\/tangooled.com\/de\/product\/black-aluminum-u-channel-profile-for-10mm-led-strips\/\"><mark style=\"background-color:rgba(0, 0, 0, 0)\" class=\"has-inline-color has-vivid-red-color\">Schwarzes Aluminium-U-Profil f\u00fcr 10mm LED-Streifen<\/mark><\/a><\/li>\n<\/ul>\n<\/div>\n\n\n\n<div class=\"wp-block-group has-background is-vertical is-layout-flex wp-container-core-group-is-layout-d255d7c4 wp-block-group-is-layout-flex\" style=\"background-color:#f1f1f1;padding-top:var(--wp--preset--spacing--80);padding-bottom:var(--wp--preset--spacing--80)\">\n<h2 class=\"wp-block-heading\" style=\"padding-top:var(--wp--preset--spacing--40);padding-bottom:var(--wp--preset--spacing--40);font-size:25px;font-style:normal;font-weight:600;text-transform:capitalize\">Zusammenfassung<\/h2>\n\n\n\n<p style=\"padding-right:var(--wp--preset--spacing--50);padding-left:var(--wp--preset--spacing--50)\">Der 17mm LED-Bandlichkanal f\u00fcr die Oberfl\u00e4chenmontage ist Ihre beste Wahl f\u00fcr saubere, langlebige und professionelle LED-Streifeninstallationen. Dieses robuste&nbsp;Aluminiumprofil funktioniert mit den meisten Arten von LED-Streifen und gibt gleichm\u00e4\u00dfiges, punktfreies Licht ab. Sie k\u00f6nnen ihn f\u00fcr K\u00fcchenarbeitsbeleuchtung, Schaufensterbeleuchtung oder Kleiderschrankbeleuchtung verwenden.<\/p>\n<\/div>\n\n\n\n<p><\/p>","protected":false},"featured_media":13985,"template":"","meta":{"_acf_changed":true,"_seopress_robots_primary_cat":"none","_seopress_titles_title":"Aluminum 17mm LED Strip Light Channel | TANGOOLED","_seopress_titles_desc":"Source the 17mm LED strip light channel. This FP17 is designed for surface mounting, this aluminum profile ensures professional heat dissipation for flexible LED tapes.","_seopress_robots_index":""},"pcb-width":[228],"product-cat":[192],"class_list":{"0":"post-34686","1":"product","2":"type-product","3":"status-publish","4":"has-post-thumbnail","6":"pcb-width-6-12mm","7":"product-cat-surface-led-profile"},"acf":[],"_links":{"self":[{"href":"https:\/\/tangooled.com\/de\/wp-json\/wp\/v2\/product\/34686","targetHints":{"allow":["GET"]}}],"collection":[{"href":"https:\/\/tangooled.com\/de\/wp-json\/wp\/v2\/product"}],"about":[{"href":"https:\/\/tangooled.com\/de\/wp-json\/wp\/v2\/types\/product"}],"wp:featuredmedia":[{"embeddable":true,"href":"https:\/\/tangooled.com\/de\/wp-json\/wp\/v2\/media\/13985"}],"wp:attachment":[{"href":"https:\/\/tangooled.com\/de\/wp-json\/wp\/v2\/media?parent=34686"}],"wp:term":[{"taxonomy":"pcb-width","embeddable":true,"href":"https:\/\/tangooled.com\/de\/wp-json\/wp\/v2\/pcb-width?post=34686"},{"taxonomy":"product-cat","embeddable":true,"href":"https:\/\/tangooled.com\/de\/wp-json\/wp\/v2\/product-cat?post=34686"}],"curies":[{"name":"wp","href":"https:\/\/api.w.org\/{rel}","templated":true}]}}