{"id":13209,"date":"2023-10-12T02:47:53","date_gmt":"2023-10-12T02:47:53","guid":{"rendered":"https:\/\/tangooled.com\/?post_type=product&#038;p=13209"},"modified":"2026-01-29T17:26:15","modified_gmt":"2026-01-30T01:26:15","slug":"black-led-profile-with-black-diffuser-for-10mm-led-strip-light","status":"publish","type":"product","link":"https:\/\/tangooled.com\/de\/product\/black-led-profile-with-black-diffuser-for-10mm-led-strip-light\/","title":{"rendered":"Schwarzes LED-Profil mit schwarzem Diffusor f\u00fcr 10mm LED-Band"},"content":{"rendered":"<div class=\"wp-block-group\" style=\"padding-top:var(--wp--preset--spacing--80);padding-bottom:var(--wp--preset--spacing--80)\"><div class=\"wp-block-group__inner-container is-layout-constrained wp-block-group-is-layout-constrained\">\n<p>This black led profile with black diffuser is made of high-quality materials, including 6063-T5 anodized aluminum and polycarbonate covers that meet industry standards. Each kit comes with\u00a0everything you need for a professional installation, including mounting clips and end caps. This black LED channel adheres to the top standards on the market, so it works with standard 10mm LED strip lights, such as flexible LED tapes and rigid bar lights. This black LED profile with black diffuser is made just for 10mm LED profile strips. Both professionals and lighting enthusiasts trust it to make subtle, discreet, and attractive lighting effects.<\/p>\n<\/div><\/div>\n\n\n\n<div class=\"wp-block-group has-background\" style=\"background-color:#f2f2f2f2;padding-top:var(--wp--preset--spacing--80);padding-bottom:var(--wp--preset--spacing--80)\"><div class=\"wp-block-group__inner-container is-layout-constrained wp-block-group-is-layout-constrained\">\n<div class=\"wp-block-group is-vertical is-layout-flex wp-container-core-group-is-layout-8cf370e7 wp-block-group-is-layout-flex\">\n<h2 class=\"wp-block-heading\" style=\"padding-top:var(--wp--preset--spacing--40);padding-bottom:var(--wp--preset--spacing--40);font-size:25px;font-style:normal;font-weight:600;text-transform:capitalize\">Warum dieses schwarze LED-Profil mit schwarzem Diffusor w\u00e4hlen?<\/h2>\n\n\n\n<ul class=\"wp-block-list\">\n<li>Wenn es ausgeschaltet ist, f\u00fcgt sich das matte schwarze Aluminium und der Diffusor sch\u00f6n in dunkle Oberfl\u00e4chen wie schwarzes Holz, dunkle Schr\u00e4nke oder Lamellenw\u00e4nde ein.<\/li>\n\n\n\n<li>Keine Punkte, wenn es eingeschaltet ist: Der schwarze Diffusor verbirgt das helle Punktmuster der LEDs, sodass das Licht in einer geraden Linie strahlt.<\/li>\n\n\n\n<li>Sch\u00fctzt LEDs und h\u00e4lt sie k\u00fchl: Der schwarze LED-Kanal sch\u00fctzt LED-Streifen vor Staub und Besch\u00e4digung und tr\u00e4gt dazu bei, dass sie l\u00e4nger halten, indem er als K\u00fchlk\u00f6rper fungiert.<\/li>\n\n\n\n<li>Der schwarze Diffusor senkt die Helligkeit des Lichts und bietet Ihnen die perfekte Akzent- und Ambientebeleuchtung, ohne zu grell zu sein.<\/li>\n\n\n\n<li>Passt perfekt zu Oberfl\u00e4chenmontagestilen: Ideal f\u00fcr eine schnelle Installation an W\u00e4nden, Regalen, M\u00f6beln und mehr.<\/li>\n<\/ul>\n<\/div>\n<\/div><\/div>\n\n\n\n<div class=\"wp-block-group\" style=\"padding-top:var(--wp--preset--spacing--80);padding-bottom:var(--wp--preset--spacing--80)\"><div class=\"wp-block-group__inner-container is-layout-constrained wp-block-group-is-layout-constrained\">\n<div class=\"wp-block-media-text has-media-on-the-right is-stacked-on-mobile\" style=\"padding-top:0;padding-bottom:0;grid-template-columns:auto 40%\"><div class=\"wp-block-media-text__content\">\n<h2 class=\"wp-block-heading\" style=\"font-size:25px;font-style:normal;font-weight:600;text-transform:capitalize\">Einfache Installation in 4 Schritten<\/h2>\n\n\n\n<ul class=\"wp-block-list\">\n<li>Schneiden und messen: Verwenden Sie eine Pr\u00e4zisionss\u00e4ge, um das Aluminiumprofil und den Diffusor auf die gew\u00fcnschte L\u00e4nge zu schneiden.<\/li>\n\n\n\n<li>Befestigen Sie die Clips: Verwenden Sie die mit dem Produkt gelieferten Metallclips, um sie an der Oberfl\u00e4che zu befestigen, an der Sie sie anbringen m\u00f6chten.<\/li>\n\n\n\n<li>Legen Sie den LED-Streifen dort hinein, wo er hingeh\u00f6rt: Legen Sie Ihren 10 mm LED-Streifen in den Profilkanal.<\/li>\n\n\n\n<li>F\u00fcgen Sie Endkappen hinzu und klicken Sie den schwarzen Diffusor-Abdeckung auf, um abzuschlie\u00dfen.<\/li>\n<\/ul>\n<\/div><figure class=\"wp-block-media-text__media\"><img loading=\"lazy\" decoding=\"async\" width=\"500\" height=\"500\" src=\"https:\/\/tangooled.com\/wp-content\/uploads\/2023\/10\/fp01-ins.webp\" alt=\"Schwarzes LED-Profil mit schwarzem Diffusor f\u00fcr 10mm LED-Band\" class=\"wp-image-36167 size-full\" srcset=\"https:\/\/tangooled.com\/wp-content\/uploads\/2023\/10\/fp01-ins.webp 500w, https:\/\/tangooled.com\/wp-content\/uploads\/2023\/10\/fp01-ins-300x300.webp 300w, https:\/\/tangooled.com\/wp-content\/uploads\/2023\/10\/fp01-ins-150x150.webp 150w\" sizes=\"auto, (max-width: 500px) 100vw, 500px\" \/><\/figure><\/div>\n<\/div><\/div>\n\n\n\n<div class=\"wp-block-group has-background\" style=\"background-color:#f2f2f2;padding-top:var(--wp--preset--spacing--80);padding-bottom:var(--wp--preset--spacing--80)\"><div class=\"wp-block-group__inner-container is-layout-constrained wp-block-group-is-layout-constrained\">\n<h2 class=\"wp-block-heading\" style=\"padding-top:var(--wp--preset--spacing--40);padding-bottom:var(--wp--preset--spacing--40);font-size:25px;font-style:normal;font-weight:600;text-transform:capitalize\">Wo sollten Sie dieses schwarze LED-Profil mit schwarzem Diffusor verwenden?<\/h2>\n\n\n\n<ul class=\"wp-block-list\">\n<li>Beleuchtung f\u00fcr unter Schr\u00e4nken und in der K\u00fcche: Funktioniert hervorragend unter schwarzen Schr\u00e4nken oder Arbeitsplatten.<\/li>\n\n\n\n<li>Stimmungsbeleuchtung f\u00fcr das Heimkino: F\u00fcgt sanfte, eindrucksvolle Beleuchtung hinzu, ohne abzulenken.<\/li>\n\n\n\n<li>Stellenregale und Schr\u00e4nke: Versteckt die Lichtquelle, w\u00e4hrend sie die Dinge zur Schau stellt.<\/li>\n\n\n\n<li>Beleuchtung f\u00fcr M\u00f6bel: Leicht auf Betten, Tischen und Schr\u00e4nken anzubringen.<\/li>\n<\/ul>\n<\/div><\/div>\n\n\n\n<div class=\"wp-block-group\" style=\"padding-top:var(--wp--preset--spacing--80);padding-bottom:var(--wp--preset--spacing--80)\"><div class=\"wp-block-group__inner-container is-layout-constrained wp-block-group-is-layout-constrained\">\n<h2 class=\"wp-block-heading\" style=\"padding-top:var(--wp--preset--spacing--40);padding-bottom:var(--wp--preset--spacing--40);font-size:25px;font-style:normal;font-weight:600;text-transform:capitalize\">Verwandte Produkte, die Ihnen gefallen k\u00f6nnten<\/h2>\n\n\n\n<ul class=\"wp-block-list\">\n<li><a href=\"https:\/\/tangooled.com\/de\/product\/black-aluminum-u-channel-profile-for-10mm-led-strips\/\"><mark style=\"background-color:rgba(0, 0, 0, 0)\" class=\"has-inline-color has-vivid-red-color\">Schwarzes Aluminium-U-Profil f\u00fcr 10-mm-LED-Streifen <\/mark><\/a>\u2014 Sleek black led channel profile designed for durable, clean installations. <\/li>\n\n\n\n<li><a href=\"https:\/\/tangooled.com\/de\/product\/led-light-diffuser-channel-aluminum-15x12mm-for-10mm-led-strips\/\"><mark style=\"background-color:rgba(0, 0, 0, 0)\" class=\"has-inline-color has-vivid-red-color\">U-f\u00f6rmiges Oberfl\u00e4chenmontage-LED-Profil mit satiniertem Diffusor<\/mark><\/a> \u2014 Ideal for soft light effects with easy surface mount design. <\/li>\n\n\n\n<li><a href=\"https:\/\/tangooled.com\/de\/product\/25x6mm-low-profile-led-strip-channel-for-10mm-led-strip-light\/\"><mark style=\"background-color:rgba(0, 0, 0, 0)\" class=\"has-inline-color has-vivid-red-color\">Niedrigprofil LED-Streifenkanal f\u00fcr 10 mm LED-Streifenlicht<\/mark><\/a> \u2014 Perfect for narrow spaces, offering a slim and elegant solution.<\/li>\n<\/ul>\n<\/div><\/div>\n\n\n\n<div class=\"wp-block-group has-background\" style=\"background-color:#f2f2f2f2;padding-top:var(--wp--preset--spacing--80);padding-bottom:var(--wp--preset--spacing--80)\"><div class=\"wp-block-group__inner-container is-layout-constrained wp-block-group-is-layout-constrained\">\n<h2 class=\"wp-block-heading\" style=\"padding-top:var(--wp--preset--spacing--40);padding-bottom:var(--wp--preset--spacing--40);font-size:25px;font-style:normal;font-weight:600\">Warum ein schwarzes LED-Profil mit schwarzem Diffusor verwenden?<\/h2>\n\n\n\n<p style=\"padding-right:var(--wp--preset--spacing--50);padding-left:var(--wp--preset--spacing--50)\">Mit einem schwarzen LED-Profil mit schwarzem Diffusor k\u00f6nnen Sie aussehen wie Architektenbeleuchtung, ohne helle LED-Punkte. Die schwarze Oberfl\u00e4che harmoniert gut mit dunklen Interieurs und verdeckt effektiv die Lichtquelle, wodurch ein sauberes Erscheinungsbild entsteht. Der Aluminiumkanal sch\u00fctzt auch Ihren LED-Streifen und h\u00e4lt ihn k\u00fchl, sodass er lange h\u00e4lt. Dieses schwarze LED-Profil ist eine ideale L\u00f6sung, wenn Sie ein professionelles, hochwertiges Finish und eine einfache Installation Ihrer 10 mm flexiblen Streifenlichter w\u00fcnschen.<\/p>\n<\/div><\/div>\n\n\n\n<p><\/p>","protected":false},"featured_media":40748,"template":"","meta":{"_acf_changed":true,"_seopress_robots_primary_cat":"none","_seopress_titles_title":"Black LED Profile with Black Diffuser | 10mm LED Strip Channel | TANGOOLED","_seopress_titles_desc":"High-quality FP01 black LED profile with black diffuser. Designed for 10mm LED strip lights, this aluminum channel provides a seamless, modern \"dark light\" effect for architectural lighting.","_seopress_robots_index":""},"pcb-width":[228],"product-cat":[192],"class_list":{"0":"post-13209","1":"product","2":"type-product","3":"status-publish","4":"has-post-thumbnail","6":"pcb-width-6-12mm","7":"product-cat-surface-led-profile"},"acf":[],"_links":{"self":[{"href":"https:\/\/tangooled.com\/de\/wp-json\/wp\/v2\/product\/13209","targetHints":{"allow":["GET"]}}],"collection":[{"href":"https:\/\/tangooled.com\/de\/wp-json\/wp\/v2\/product"}],"about":[{"href":"https:\/\/tangooled.com\/de\/wp-json\/wp\/v2\/types\/product"}],"wp:featuredmedia":[{"embeddable":true,"href":"https:\/\/tangooled.com\/de\/wp-json\/wp\/v2\/media\/40748"}],"wp:attachment":[{"href":"https:\/\/tangooled.com\/de\/wp-json\/wp\/v2\/media?parent=13209"}],"wp:term":[{"taxonomy":"pcb-width","embeddable":true,"href":"https:\/\/tangooled.com\/de\/wp-json\/wp\/v2\/pcb-width?post=13209"},{"taxonomy":"product-cat","embeddable":true,"href":"https:\/\/tangooled.com\/de\/wp-json\/wp\/v2\/product-cat?post=13209"}],"curies":[{"name":"wp","href":"https:\/\/api.w.org\/{rel}","templated":true}]}}